{"id":991470,"date":"2022-10-26T09:32:55","date_gmt":"2022-10-26T06:32:55","guid":{"rendered":"https:\/\/wp.adisoft.lt\/vtdko\/?page_id=991470"},"modified":"2022-12-16T20:56:53","modified_gmt":"2022-12-16T17:56:53","slug":"leidinio-uzsakymas","status":"publish","type":"page","link":"https:\/\/wp.adisoft.lt\/vtdko\/biblioteka\/leidinio-uzsakymas\/","title":{"rendered":"Leidinio u\u017esakymas"},"content":{"rendered":"\t\t<div data-elementor-type=\"wp-page\" data-elementor-id=\"991470\" class=\"elementor elementor-991470\">\n\t\t\t\t\t\t\t\t\t<section class=\"elementor-section elementor-top-section elementor-element elementor-element-7b74937 elementor-section-height-min-height elementor-section-boxed elementor-section-height-default elementor-section-items-middle\" data-id=\"7b74937\" data-element_type=\"section\" data-settings=\"{&quot;background_background&quot;:&quot;classic&quot;,&quot;animation&quot;:&quot;none&quot;}\">\n\t\t\t\t\t\t<div class=\"elementor-container elementor-column-gap-default\">\n\t\t\t\t\t<div class=\"elementor-column elementor-col-100 elementor-top-column elementor-element elementor-element-2b389f5\" data-id=\"2b389f5\" data-element_type=\"column\" data-settings=\"{&quot;background_background&quot;:&quot;classic&quot;}\">\n\t\t\t<div class=\"elementor-widget-wrap\">\n\t\t\t\t\t\t\t\t\t<\/div>\n\t\t<\/div>\n\t\t\t\t\t\t\t<\/div>\n\t\t<\/section>\n\t\t\t\t<section class=\"elementor-section elementor-top-section elementor-element elementor-element-5533ad6 elementor-section-boxed elementor-section-height-default elementor-section-height-default\" data-id=\"5533ad6\" data-element_type=\"section\" data-settings=\"{&quot;animation&quot;:&quot;none&quot;,&quot;animation_tablet&quot;:&quot;none&quot;,&quot;animation_mobile&quot;:&quot;none&quot;}\">\n\t\t\t\t\t\t<div class=\"elementor-container elementor-column-gap-no\">\n\t\t\t\t\t<div class=\"elementor-column elementor-col-50 elementor-top-column elementor-element elementor-element-0341bd3 animated-fast elementor-invisible\" data-id=\"0341bd3\" data-element_type=\"column\" data-settings=\"{&quot;background_background&quot;:&quot;classic&quot;,&quot;animation&quot;:&quot;fadeIn&quot;,&quot;animation_delay&quot;:100}\">\n\t\t\t<div class=\"elementor-widget-wrap elementor-element-populated\">\n\t\t\t\t\t\t\t\t<div class=\"elementor-element elementor-element-b1d4cbc elementor-widget__width-auto elementor-widget-tablet__width-auto elementor-widget-mobile__width-inherit elementor-widget elementor-widget-heading\" data-id=\"b1d4cbc\" data-element_type=\"widget\" data-settings=\"{&quot;_animation&quot;:&quot;none&quot;,&quot;_animation_delay&quot;:200}\" data-widget_type=\"heading.heading_charityfy\">\n\t\t\t\t<div class=\"elementor-widget-container\">\n\t\t\t<h1 class=\"elementor-heading-title elementor-size-default\">Leidinio u\u017esakymas<\/h1>\t\t<\/div>\n\t\t\t\t<\/div>\n\t\t\t\t<div class=\"elementor-element elementor-element-c8e26ef elementor-widget elementor-widget-text-editor\" data-id=\"c8e26ef\" data-element_type=\"widget\" data-settings=\"{&quot;_animation&quot;:&quot;none&quot;,&quot;_animation_delay&quot;:300}\" data-widget_type=\"text-editor.default\">\n\t\t\t\t<div class=\"elementor-widget-container\">\n\t\t\t\t\t\t\t<p>Vilniaus technologij\u0173 ir dizaino kolegija \u2013 \u010dia hobis virsta profesija!<\/p>\t\t\t\t\t\t<\/div>\n\t\t\t\t<\/div>\n\t\t\t\t\t<\/div>\n\t\t<\/div>\n\t\t\t\t<div class=\"elementor-column elementor-col-50 elementor-top-column elementor-element elementor-element-e540c13 elementor-hidden-desktop elementor-hidden-tablet elementor-hidden-phone\" data-id=\"e540c13\" data-element_type=\"column\">\n\t\t\t<div class=\"elementor-widget-wrap\">\n\t\t\t\t\t\t\t\t\t<\/div>\n\t\t<\/div>\n\t\t\t\t\t\t\t<\/div>\n\t\t<\/section>\n\t\t\t\t<section class=\"elementor-section elementor-top-section elementor-element elementor-element-8f37da3 elementor-section-boxed elementor-section-height-default elementor-section-height-default\" data-id=\"8f37da3\" data-element_type=\"section\">\n\t\t\t\t\t\t<div class=\"elementor-container elementor-column-gap-default\">\n\t\t\t\t\t<div class=\"elementor-column elementor-col-100 elementor-top-column elementor-element elementor-element-076b17f\" data-id=\"076b17f\" data-element_type=\"column\">\n\t\t\t<div class=\"elementor-widget-wrap elementor-element-populated\">\n\t\t\t\t\t\t\t\t<div class=\"elementor-element elementor-element-5b3039b elementor-widget elementor-widget-spacer\" data-id=\"5b3039b\" data-element_type=\"widget\" data-widget_type=\"spacer.default\">\n\t\t\t\t<div class=\"elementor-widget-container\">\n\t\t\t\t\t<div class=\"elementor-spacer\">\n\t\t\t<div class=\"elementor-spacer-inner\"><\/div>\n\t\t<\/div>\n\t\t\t\t<\/div>\n\t\t\t\t<\/div>\n\t\t\t\t\t<\/div>\n\t\t<\/div>\n\t\t\t\t\t\t\t<\/div>\n\t\t<\/section>\n\t\t\t\t<section class=\"elementor-section elementor-top-section elementor-element elementor-element-1cdc7c0 elementor-section-boxed elementor-section-height-default elementor-section-height-default\" data-id=\"1cdc7c0\" data-element_type=\"section\">\n\t\t\t\t\t\t<div class=\"elementor-container elementor-column-gap-default\">\n\t\t\t\t\t<div class=\"elementor-column elementor-col-100 elementor-top-column elementor-element elementor-element-b07dd2d\" data-id=\"b07dd2d\" data-element_type=\"column\">\n\t\t\t<div class=\"elementor-widget-wrap elementor-element-populated\">\n\t\t\t\t\t\t\t\t<div class=\"elementor-element elementor-element-1cdc161 elementor-widget elementor-widget-text-editor\" data-id=\"1cdc161\" data-element_type=\"widget\" data-widget_type=\"text-editor.default\">\n\t\t\t\t<div class=\"elementor-widget-container\">\n\t\t\t\t\t\t\t<p>Naudingos nuorodos leidini\u0173 paie\u0161kai:<\/p><ul><li>Naujai Lietuvoje i\u0161leist\u0173 leidini\u0173 s\u0105ra\u0161ai (Ekspresinformacija):\u00a0<a href=\"https:\/\/bit.ly\/3tlW6UO\">https:\/\/bit.ly\/2UO9aSG<\/a><\/li><li>Lietuvi\u0161k\u0173 leidini\u0173 knygynas \u201ePatogu pirkti\u201c:\u00a0<a href=\"https:\/\/www.patogupirkti.lt\/\">https:\/\/www.patogupirkti.lt\/<\/a><\/li><li>Lietuvi\u0161k\u0173 ledini\u0173 knygynas \u201eKnygos\u201c:\u00a0<a href=\"https:\/\/www.knygos.lt\/\">https:\/\/www.knygos.lt\/<\/a><\/li><li>U\u017esienio leidiniai \u012fvairiomis temomis \u201eKrisostomus\u201c:\u00a0<a href=\"https:\/\/bit.ly\/3dL4wgZ\">https:\/\/bit.ly\/3dL4wgZ<\/a><\/li><li>U\u017esienio leidiniai meno temomis \u201eHumanitas\u201c:\u00a0<a href=\"https:\/\/humanitas.lt\/\">https:\/\/humanitas.lt\/<\/a><\/li><\/ul><p>Kvie\u010diame d\u0117stytojus pasi\u016blyti bibliotekai \u012fsigyti nauj\u0105 leidin\u012f. Prie\u0161 tai pra\u0161ome patikrinti\u00a0<a href=\"https:\/\/www.lvb.lt\/primo_library\/libweb\/action\/search.do?vid=VTDK\">Bibliotekos kataloge<\/a>, ar jo bibliotekoje dar n\u0117ra.<\/p>\t\t\t\t\t\t<\/div>\n\t\t\t\t<\/div>\n\t\t\t\t<div class=\"elementor-element elementor-element-36671cd elementor-button-align-start elementor-widget elementor-widget-form\" data-id=\"36671cd\" data-element_type=\"widget\" data-settings=\"{&quot;step_next_label&quot;:&quot;Next&quot;,&quot;step_previous_label&quot;:&quot;Previous&quot;,&quot;button_width&quot;:&quot;100&quot;,&quot;step_type&quot;:&quot;number_text&quot;,&quot;step_icon_shape&quot;:&quot;circle&quot;}\" data-widget_type=\"form.default\">\n\t\t\t\t<div class=\"elementor-widget-container\">\n\t\t\t\t\t<form class=\"elementor-form\" method=\"post\" name=\"Leidinio forma\">\n\t\t\t<input type=\"hidden\" name=\"post_id\" value=\"991470\"\/>\n\t\t\t<input type=\"hidden\" name=\"form_id\" value=\"36671cd\"\/>\n\t\t\t<input type=\"hidden\" name=\"referer_title\" value=\"vtdko\" \/>\n\n\t\t\t\n\t\t\t<div class=\"elementor-form-fields-wrapper elementor-labels-above\">\n\t\t\t\t\t\t\t\t<div class=\"elementor-field-type-text elementor-field-group elementor-column elementor-field-group-name elementor-col-100\">\n\t\t\t\t\t\t\t\t\t\t\t\t<label for=\"form-field-name\" class=\"elementor-field-label\">\n\t\t\t\t\t\t\t\tLeidinio autorius\t\t\t\t\t\t\t<\/label>\n\t\t\t\t\t\t\t\t\t\t\t\t\t\t<input size=\"1\" type=\"text\" name=\"form_fields[name]\" id=\"form-field-name\" class=\"elementor-field elementor-size-sm  elementor-field-textual\" placeholder=\"Autorius\">\n\t\t\t\t\t\t\t\t\t\t\t<\/div>\n\t\t\t\t\t\t\t\t<div class=\"elementor-field-type-text elementor-field-group elementor-column elementor-field-group-field_719fb31 elementor-col-100\">\n\t\t\t\t\t\t\t\t\t\t\t\t<label for=\"form-field-field_719fb31\" class=\"elementor-field-label\">\n\t\t\t\t\t\t\t\tLeidinio pavadinimas\t\t\t\t\t\t\t<\/label>\n\t\t\t\t\t\t\t\t\t\t\t\t\t\t<input size=\"1\" type=\"text\" name=\"form_fields[field_719fb31]\" id=\"form-field-field_719fb31\" class=\"elementor-field elementor-size-sm  elementor-field-textual\" placeholder=\"Pavadinimas\">\n\t\t\t\t\t\t\t\t\t\t\t<\/div>\n\t\t\t\t\t\t\t\t<div class=\"elementor-field-type-text elementor-field-group elementor-column elementor-field-group-field_c455396 elementor-col-100\">\n\t\t\t\t\t\t\t\t\t\t\t\t<label for=\"form-field-field_c455396\" class=\"elementor-field-label\">\n\t\t\t\t\t\t\t\tLeidinio metai\t\t\t\t\t\t\t<\/label>\n\t\t\t\t\t\t\t\t\t\t\t\t\t\t<input size=\"1\" type=\"text\" name=\"form_fields[field_c455396]\" id=\"form-field-field_c455396\" class=\"elementor-field elementor-size-sm  elementor-field-textual\" placeholder=\"Metai\">\n\t\t\t\t\t\t\t\t\t\t\t<\/div>\n\t\t\t\t\t\t\t\t<div class=\"elementor-field-type-text elementor-field-group elementor-column elementor-field-group-field_5a0d4e7 elementor-col-100 elementor-field-required elementor-mark-required\">\n\t\t\t\t\t\t\t\t\t\t\t\t<label for=\"form-field-field_5a0d4e7\" class=\"elementor-field-label\">\n\t\t\t\t\t\t\t\tISBN\t\t\t\t\t\t\t<\/label>\n\t\t\t\t\t\t\t\t\t\t\t\t\t\t<input size=\"1\" type=\"text\" name=\"form_fields[field_5a0d4e7]\" id=\"form-field-field_5a0d4e7\" class=\"elementor-field elementor-size-sm  elementor-field-textual\" placeholder=\"ISBN\" required=\"required\" aria-required=\"true\">\n\t\t\t\t\t\t\t\t\t\t\t<\/div>\n\t\t\t\t\t\t\t\t<div class=\"elementor-field-type-text elementor-field-group elementor-column elementor-field-group-message elementor-col-100\">\n\t\t\t\t\t\t\t\t\t\t\t\t<label for=\"form-field-message\" class=\"elementor-field-label\">\n\t\t\t\t\t\t\t\tKiek egzempliori\u0173 rekomenduojate \u012fsigyti?\t\t\t\t\t\t\t<\/label>\n\t\t\t\t\t\t\t\t\t\t\t\t\t\t<input size=\"1\" type=\"text\" name=\"form_fields[message]\" id=\"form-field-message\" class=\"elementor-field elementor-size-sm  elementor-field-textual\">\n\t\t\t\t\t\t\t\t\t\t\t<\/div>\n\t\t\t\t\t\t\t\t<div class=\"elementor-field-type-checkbox elementor-field-group elementor-column elementor-field-group-field_03b3ce0 elementor-col-100\">\n\t\t\t\t\t\t\t\t\t\t\t\t<label for=\"form-field-field_03b3ce0\" class=\"elementor-field-label\">\n\t\t\t\t\t\t\t\tKurio fakulteto bibliotekoje rekomenduojate saugoti\t\t\t\t\t\t\t<\/label>\n\t\t\t\t\t\t<div class=\"elementor-field-subgroup  elementor-subgroup-inline\"><span class=\"elementor-field-option\"><input type=\"checkbox\" value=\"Antakalnio g. 54 mokymo r\u016bm\u0173 biblioteka\" id=\"form-field-field_03b3ce0-0\" name=\"form_fields[field_03b3ce0][]\"> <label for=\"form-field-field_03b3ce0-0\">Antakalnio g. 54 mokymo r\u016bm\u0173 biblioteka<\/label><\/span><span class=\"elementor-field-option\"><input type=\"checkbox\" value=\"Oland\u0173 g. 16 mokymo r\u016bm\u0173 biblioteka\" id=\"form-field-field_03b3ce0-1\" name=\"form_fields[field_03b3ce0][]\"> <label for=\"form-field-field_03b3ce0-1\">Oland\u0173 g. 16 mokymo r\u016bm\u0173 biblioteka<\/label><\/span><span class=\"elementor-field-option\"><input type=\"checkbox\" value=\"Profesinio mokymo skyriaus biblioteka\" id=\"form-field-field_03b3ce0-2\" name=\"form_fields[field_03b3ce0][]\"> <label for=\"form-field-field_03b3ce0-2\">Profesinio mokymo skyriaus biblioteka<\/label><\/span><\/div>\t\t\t\t<\/div>\n\t\t\t\t\t\t\t\t<div class=\"elementor-field-type-text elementor-field-group elementor-column elementor-field-group-field_0d9991f elementor-col-100\">\n\t\t\t\t\t\t\t\t\t\t\t\t<label for=\"form-field-field_0d9991f\" class=\"elementor-field-label\">\n\t\t\t\t\t\t\t\tJ\u016bs\u0173 vardas, pavard\u0117\t\t\t\t\t\t\t<\/label>\n\t\t\t\t\t\t\t\t\t\t\t\t\t\t<input size=\"1\" type=\"text\" name=\"form_fields[field_0d9991f]\" id=\"form-field-field_0d9991f\" class=\"elementor-field elementor-size-sm  elementor-field-textual\" placeholder=\"J\u016bs\u0173 vardas, pavard\u0117\">\n\t\t\t\t\t\t\t\t\t\t\t<\/div>\n\t\t\t\t\t\t\t\t<div class=\"elementor-field-type-text elementor-field-group elementor-column elementor-field-group-field_01b0fc1 elementor-col-100\">\n\t\t\t\t\t\t\t\t\t\t\t\t<label for=\"form-field-field_01b0fc1\" class=\"elementor-field-label\">\n\t\t\t\t\t\t\t\tDalykas\/-ai, kuriam\/-iems bus naudojama knyga\t\t\t\t\t\t\t<\/label>\n\t\t\t\t\t\t\t\t\t\t\t\t\t\t<input size=\"1\" type=\"text\" name=\"form_fields[field_01b0fc1]\" id=\"form-field-field_01b0fc1\" class=\"elementor-field elementor-size-sm  elementor-field-textual\" placeholder=\"Dalykas\/-ai, kuriam\/-iems bus naudojama knyga\">\n\t\t\t\t\t\t\t\t\t\t\t<\/div>\n\t\t\t\t\t\t\t\t<div class=\"elementor-field-group elementor-column elementor-field-type-submit elementor-col-100 e-form__buttons\">\n\t\t\t\t\t<button type=\"submit\" class=\"elementor-button elementor-size-sm\">\n\t\t\t\t\t\t<span >\n\t\t\t\t\t\t\t\t\t\t\t\t\t\t\t<span class=\" elementor-button-icon\">\n\t\t\t\t\t\t\t\t\t\t\t\t\t\t\t\t\t\t\t\t\t\t\t\t\t\t<\/span>\n\t\t\t\t\t\t\t\t\t\t\t\t\t\t\t\t\t\t\t\t\t\t<span class=\"elementor-button-text\">U\u017esakyti<\/span>\n\t\t\t\t\t\t\t\t\t\t\t\t\t<\/span>\n\t\t\t\t\t<\/button>\n\t\t\t\t<\/div>\n\t\t\t<\/div>\n\t\t<\/form>\n\t\t\t\t<\/div>\n\t\t\t\t<\/div>\n\t\t\t\t\t<\/div>\n\t\t<\/div>\n\t\t\t\t\t\t\t<\/div>\n\t\t<\/section>\n\t\t\t\t<section class=\"elementor-section elementor-top-section elementor-element elementor-element-d025f87 elementor-section-boxed elementor-section-height-default elementor-section-height-default\" data-id=\"d025f87\" data-element_type=\"section\">\n\t\t\t\t\t\t<div class=\"elementor-container elementor-column-gap-default\">\n\t\t\t\t\t<div class=\"elementor-column elementor-col-100 elementor-top-column elementor-element elementor-element-825b3d4\" data-id=\"825b3d4\" data-element_type=\"column\">\n\t\t\t<div class=\"elementor-widget-wrap elementor-element-populated\">\n\t\t\t\t\t\t\t\t<div class=\"elementor-element elementor-element-51f6531 elementor-widget elementor-widget-spacer\" data-id=\"51f6531\" data-element_type=\"widget\" data-widget_type=\"spacer.default\">\n\t\t\t\t<div class=\"elementor-widget-container\">\n\t\t\t\t\t<div class=\"elementor-spacer\">\n\t\t\t<div class=\"elementor-spacer-inner\"><\/div>\n\t\t<\/div>\n\t\t\t\t<\/div>\n\t\t\t\t<\/div>\n\t\t\t\t\t<\/div>\n\t\t<\/div>\n\t\t\t\t\t\t\t<\/div>\n\t\t<\/section>\n\t\t\t\t\t\t\t<\/div>\n\t\t","protected":false},"excerpt":{"rendered":"<p>Leidinio u\u017esakymas Vilniaus technologij\u0173 ir dizaino kolegija \u2013 \u010dia hobis virsta profesija! Naudingos nuorodos leidini\u0173 paie\u0161kai: Naujai Lietuvoje i\u0161leist\u0173 leidini\u0173 s\u0105ra\u0161ai (Ekspresinformacija):\u00a0https:\/\/bit.ly\/2UO9aSG Lietuvi\u0161k\u0173 leidini\u0173 knygynas \u201ePatogu pirkti\u201c:\u00a0https:\/\/www.patogupirkti.lt\/ Lietuvi\u0161k\u0173 ledini\u0173 knygynas \u201eKnygos\u201c:\u00a0https:\/\/www.knygos.lt\/ U\u017esienio leidiniai \u012fvairiomis temomis \u201eKrisostomus\u201c:\u00a0https:\/\/bit.ly\/3dL4wgZ U\u017esienio leidiniai meno temomis \u201eHumanitas\u201c:\u00a0https:\/\/humanitas.lt\/ Kvie\u010diame d\u0117stytojus pasi\u016blyti bibliotekai \u012fsigyti nauj\u0105 leidin\u012f. Prie\u0161 tai pra\u0161ome patikrinti\u00a0Bibliotekos kataloge, ar jo&#8230;<\/p>\n","protected":false},"author":1,"featured_media":0,"parent":990791,"menu_order":0,"comment_status":"closed","ping_status":"closed","template":"","meta":{"inline_featured_image":false,"footnotes":""},"class_list":["post-991470","page","type-page","status-publish","hentry"],"yoast_head":"<!-- This site is optimized with the Yoast SEO plugin v19.12 - https:\/\/yoast.com\/wordpress\/plugins\/seo\/ -->\n<title>Leidinio u\u017esakymas - vtdko<\/title>\n<meta name=\"robots\" content=\"noindex, follow, max-snippet:-1, max-image-preview:large, max-video-preview:-1\" \/>\n<meta property=\"og:locale\" content=\"lt_LT\" \/>\n<meta property=\"og:type\" content=\"article\" \/>\n<meta property=\"og:title\" content=\"Leidinio u\u017esakymas - vtdko\" \/>\n<meta property=\"og:description\" content=\"Leidinio u\u017esakymas Vilniaus technologij\u0173 ir dizaino kolegija \u2013 \u010dia hobis virsta profesija! Naudingos nuorodos leidini\u0173 paie\u0161kai: Naujai Lietuvoje i\u0161leist\u0173 leidini\u0173 s\u0105ra\u0161ai (Ekspresinformacija):\u00a0https:\/\/bit.ly\/2UO9aSG Lietuvi\u0161k\u0173 leidini\u0173 knygynas \u201ePatogu pirkti\u201c:\u00a0https:\/\/www.patogupirkti.lt\/ Lietuvi\u0161k\u0173 ledini\u0173 knygynas \u201eKnygos\u201c:\u00a0https:\/\/www.knygos.lt\/ U\u017esienio leidiniai \u012fvairiomis temomis \u201eKrisostomus\u201c:\u00a0https:\/\/bit.ly\/3dL4wgZ U\u017esienio leidiniai meno temomis \u201eHumanitas\u201c:\u00a0https:\/\/humanitas.lt\/ Kvie\u010diame d\u0117stytojus pasi\u016blyti bibliotekai \u012fsigyti nauj\u0105 leidin\u012f. Prie\u0161 tai pra\u0161ome patikrinti\u00a0Bibliotekos kataloge, ar jo...\" \/>\n<meta property=\"og:url\" content=\"https:\/\/wp.adisoft.lt\/vtdko\/biblioteka\/leidinio-uzsakymas\/\" \/>\n<meta property=\"og:site_name\" content=\"vtdko\" \/>\n<meta property=\"article:modified_time\" content=\"2022-12-16T17:56:53+00:00\" \/>\n<meta name=\"twitter:card\" content=\"summary_large_image\" \/>\n<script type=\"application\/ld+json\" class=\"yoast-schema-graph\">{\"@context\":\"https:\/\/schema.org\",\"@graph\":[{\"@type\":\"WebPage\",\"@id\":\"https:\/\/wp.adisoft.lt\/vtdko\/biblioteka\/leidinio-uzsakymas\/\",\"url\":\"https:\/\/wp.adisoft.lt\/vtdko\/biblioteka\/leidinio-uzsakymas\/\",\"name\":\"Leidinio u\u017esakymas - vtdko\",\"isPartOf\":{\"@id\":\"https:\/\/wp.adisoft.lt\/vtdko\/#website\"},\"datePublished\":\"2022-10-26T06:32:55+00:00\",\"dateModified\":\"2022-12-16T17:56:53+00:00\",\"breadcrumb\":{\"@id\":\"https:\/\/wp.adisoft.lt\/vtdko\/biblioteka\/leidinio-uzsakymas\/#breadcrumb\"},\"inLanguage\":\"lt-LT\",\"potentialAction\":[{\"@type\":\"ReadAction\",\"target\":[\"https:\/\/wp.adisoft.lt\/vtdko\/biblioteka\/leidinio-uzsakymas\/\"]}]},{\"@type\":\"BreadcrumbList\",\"@id\":\"https:\/\/wp.adisoft.lt\/vtdko\/biblioteka\/leidinio-uzsakymas\/#breadcrumb\",\"itemListElement\":[{\"@type\":\"ListItem\",\"position\":1,\"name\":\"Pagrindinis\",\"item\":\"https:\/\/wp.adisoft.lt\/vtdko\/\"},{\"@type\":\"ListItem\",\"position\":2,\"name\":\"Biblioteka\",\"item\":\"https:\/\/wp.adisoft.lt\/vtdko\/biblioteka\/\"},{\"@type\":\"ListItem\",\"position\":3,\"name\":\"Leidinio u\u017esakymas\"}]},{\"@type\":\"WebSite\",\"@id\":\"https:\/\/wp.adisoft.lt\/vtdko\/#website\",\"url\":\"https:\/\/wp.adisoft.lt\/vtdko\/\",\"name\":\"vtdko\",\"description\":\"Vilniaus technologij\u0173 ir dizaino kolegija\",\"publisher\":{\"@id\":\"https:\/\/wp.adisoft.lt\/vtdko\/#organization\"},\"potentialAction\":[{\"@type\":\"SearchAction\",\"target\":{\"@type\":\"EntryPoint\",\"urlTemplate\":\"https:\/\/wp.adisoft.lt\/vtdko\/?s={search_term_string}\"},\"query-input\":\"required name=search_term_string\"}],\"inLanguage\":\"lt-LT\"},{\"@type\":\"Organization\",\"@id\":\"https:\/\/wp.adisoft.lt\/vtdko\/#organization\",\"name\":\"vtdko\",\"url\":\"https:\/\/wp.adisoft.lt\/vtdko\/\",\"logo\":{\"@type\":\"ImageObject\",\"inLanguage\":\"lt-LT\",\"@id\":\"https:\/\/wp.adisoft.lt\/vtdko\/#\/schema\/logo\/image\/\",\"url\":\"https:\/\/wp.adisoft.lt\/vtdko\/wp-content\/uploads\/2020\/02\/Logo-su-tekstu-01.svg\",\"contentUrl\":\"https:\/\/wp.adisoft.lt\/vtdko\/wp-content\/uploads\/2020\/02\/Logo-su-tekstu-01.svg\",\"width\":151,\"height\":74,\"caption\":\"vtdko\"},\"image\":{\"@id\":\"https:\/\/wp.adisoft.lt\/vtdko\/#\/schema\/logo\/image\/\"}}]}<\/script>\n<!-- \/ Yoast SEO plugin. -->","yoast_head_json":{"title":"Leidinio u\u017esakymas - vtdko","robots":{"index":"noindex","follow":"follow","max-snippet":"max-snippet:-1","max-image-preview":"max-image-preview:large","max-video-preview":"max-video-preview:-1"},"og_locale":"lt_LT","og_type":"article","og_title":"Leidinio u\u017esakymas - vtdko","og_description":"Leidinio u\u017esakymas Vilniaus technologij\u0173 ir dizaino kolegija \u2013 \u010dia hobis virsta profesija! Naudingos nuorodos leidini\u0173 paie\u0161kai: Naujai Lietuvoje i\u0161leist\u0173 leidini\u0173 s\u0105ra\u0161ai (Ekspresinformacija):\u00a0https:\/\/bit.ly\/2UO9aSG Lietuvi\u0161k\u0173 leidini\u0173 knygynas \u201ePatogu pirkti\u201c:\u00a0https:\/\/www.patogupirkti.lt\/ Lietuvi\u0161k\u0173 ledini\u0173 knygynas \u201eKnygos\u201c:\u00a0https:\/\/www.knygos.lt\/ U\u017esienio leidiniai \u012fvairiomis temomis \u201eKrisostomus\u201c:\u00a0https:\/\/bit.ly\/3dL4wgZ U\u017esienio leidiniai meno temomis \u201eHumanitas\u201c:\u00a0https:\/\/humanitas.lt\/ Kvie\u010diame d\u0117stytojus pasi\u016blyti bibliotekai \u012fsigyti nauj\u0105 leidin\u012f. Prie\u0161 tai pra\u0161ome patikrinti\u00a0Bibliotekos kataloge, ar jo...","og_url":"https:\/\/wp.adisoft.lt\/vtdko\/biblioteka\/leidinio-uzsakymas\/","og_site_name":"vtdko","article_modified_time":"2022-12-16T17:56:53+00:00","twitter_card":"summary_large_image","schema":{"@context":"https:\/\/schema.org","@graph":[{"@type":"WebPage","@id":"https:\/\/wp.adisoft.lt\/vtdko\/biblioteka\/leidinio-uzsakymas\/","url":"https:\/\/wp.adisoft.lt\/vtdko\/biblioteka\/leidinio-uzsakymas\/","name":"Leidinio u\u017esakymas - vtdko","isPartOf":{"@id":"https:\/\/wp.adisoft.lt\/vtdko\/#website"},"datePublished":"2022-10-26T06:32:55+00:00","dateModified":"2022-12-16T17:56:53+00:00","breadcrumb":{"@id":"https:\/\/wp.adisoft.lt\/vtdko\/biblioteka\/leidinio-uzsakymas\/#breadcrumb"},"inLanguage":"lt-LT","potentialAction":[{"@type":"ReadAction","target":["https:\/\/wp.adisoft.lt\/vtdko\/biblioteka\/leidinio-uzsakymas\/"]}]},{"@type":"BreadcrumbList","@id":"https:\/\/wp.adisoft.lt\/vtdko\/biblioteka\/leidinio-uzsakymas\/#breadcrumb","itemListElement":[{"@type":"ListItem","position":1,"name":"Pagrindinis","item":"https:\/\/wp.adisoft.lt\/vtdko\/"},{"@type":"ListItem","position":2,"name":"Biblioteka","item":"https:\/\/wp.adisoft.lt\/vtdko\/biblioteka\/"},{"@type":"ListItem","position":3,"name":"Leidinio u\u017esakymas"}]},{"@type":"WebSite","@id":"https:\/\/wp.adisoft.lt\/vtdko\/#website","url":"https:\/\/wp.adisoft.lt\/vtdko\/","name":"vtdko","description":"Vilniaus technologij\u0173 ir dizaino kolegija","publisher":{"@id":"https:\/\/wp.adisoft.lt\/vtdko\/#organization"},"potentialAction":[{"@type":"SearchAction","target":{"@type":"EntryPoint","urlTemplate":"https:\/\/wp.adisoft.lt\/vtdko\/?s={search_term_string}"},"query-input":"required name=search_term_string"}],"inLanguage":"lt-LT"},{"@type":"Organization","@id":"https:\/\/wp.adisoft.lt\/vtdko\/#organization","name":"vtdko","url":"https:\/\/wp.adisoft.lt\/vtdko\/","logo":{"@type":"ImageObject","inLanguage":"lt-LT","@id":"https:\/\/wp.adisoft.lt\/vtdko\/#\/schema\/logo\/image\/","url":"https:\/\/wp.adisoft.lt\/vtdko\/wp-content\/uploads\/2020\/02\/Logo-su-tekstu-01.svg","contentUrl":"https:\/\/wp.adisoft.lt\/vtdko\/wp-content\/uploads\/2020\/02\/Logo-su-tekstu-01.svg","width":151,"height":74,"caption":"vtdko"},"image":{"@id":"https:\/\/wp.adisoft.lt\/vtdko\/#\/schema\/logo\/image\/"}}]}},"_links":{"self":[{"href":"https:\/\/wp.adisoft.lt\/vtdko\/wp-json\/wp\/v2\/pages\/991470","targetHints":{"allow":["GET"]}}],"collection":[{"href":"https:\/\/wp.adisoft.lt\/vtdko\/wp-json\/wp\/v2\/pages"}],"about":[{"href":"https:\/\/wp.adisoft.lt\/vtdko\/wp-json\/wp\/v2\/types\/page"}],"author":[{"embeddable":true,"href":"https:\/\/wp.adisoft.lt\/vtdko\/wp-json\/wp\/v2\/users\/1"}],"replies":[{"embeddable":true,"href":"https:\/\/wp.adisoft.lt\/vtdko\/wp-json\/wp\/v2\/comments?post=991470"}],"version-history":[{"count":13,"href":"https:\/\/wp.adisoft.lt\/vtdko\/wp-json\/wp\/v2\/pages\/991470\/revisions"}],"predecessor-version":[{"id":993169,"href":"https:\/\/wp.adisoft.lt\/vtdko\/wp-json\/wp\/v2\/pages\/991470\/revisions\/993169"}],"up":[{"embeddable":true,"href":"https:\/\/wp.adisoft.lt\/vtdko\/wp-json\/wp\/v2\/pages\/990791"}],"wp:attachment":[{"href":"https:\/\/wp.adisoft.lt\/vtdko\/wp-json\/wp\/v2\/media?parent=991470"}],"curies":[{"name":"wp","href":"https:\/\/api.w.org\/{rel}","templated":true}]}}