{"id":991517,"date":"2022-10-26T10:21:54","date_gmt":"2022-10-26T07:21:54","guid":{"rendered":"https:\/\/wp.adisoft.lt\/vtdko\/?page_id=991517"},"modified":"2022-12-16T22:39:43","modified_gmt":"2022-12-16T19:39:43","slug":"dizaino-dienos","status":"publish","type":"page","link":"https:\/\/wp.adisoft.lt\/vtdko\/visuomenei\/menine-veikla\/dizaino-dienos\/","title":{"rendered":"Dizaino dienos"},"content":{"rendered":"\t\t<div data-elementor-type=\"wp-page\" data-elementor-id=\"991517\" class=\"elementor elementor-991517\">\n\t\t\t\t\t\t\t\t\t<section class=\"elementor-section elementor-top-section elementor-element elementor-element-c7aff67 elementor-section-height-min-height elementor-section-boxed elementor-section-height-default elementor-section-items-middle\" data-id=\"c7aff67\" data-element_type=\"section\" data-settings=\"{&quot;background_background&quot;:&quot;classic&quot;,&quot;animation&quot;:&quot;none&quot;}\">\n\t\t\t\t\t\t<div class=\"elementor-container elementor-column-gap-default\">\n\t\t\t\t\t<div class=\"elementor-column elementor-col-100 elementor-top-column elementor-element elementor-element-0e2e0a5\" data-id=\"0e2e0a5\" data-element_type=\"column\" data-settings=\"{&quot;background_background&quot;:&quot;classic&quot;}\">\n\t\t\t<div class=\"elementor-widget-wrap\">\n\t\t\t\t\t\t\t\t\t<\/div>\n\t\t<\/div>\n\t\t\t\t\t\t\t<\/div>\n\t\t<\/section>\n\t\t\t\t<section class=\"elementor-section elementor-top-section elementor-element elementor-element-5c7f377 elementor-section-boxed elementor-section-height-default elementor-section-height-default\" data-id=\"5c7f377\" data-element_type=\"section\" data-settings=\"{&quot;animation&quot;:&quot;none&quot;,&quot;animation_tablet&quot;:&quot;none&quot;,&quot;animation_mobile&quot;:&quot;none&quot;}\">\n\t\t\t\t\t\t<div class=\"elementor-container elementor-column-gap-no\">\n\t\t\t\t\t<div class=\"elementor-column elementor-col-50 elementor-top-column elementor-element elementor-element-9062064 animated-fast elementor-invisible\" data-id=\"9062064\" data-element_type=\"column\" data-settings=\"{&quot;background_background&quot;:&quot;classic&quot;,&quot;animation&quot;:&quot;fadeIn&quot;,&quot;animation_delay&quot;:100}\">\n\t\t\t<div class=\"elementor-widget-wrap elementor-element-populated\">\n\t\t\t\t\t\t\t\t<div class=\"elementor-element elementor-element-7d5e030 elementor-widget elementor-widget-text-editor\" data-id=\"7d5e030\" data-element_type=\"widget\" data-settings=\"{&quot;_animation&quot;:&quot;none&quot;,&quot;_animation_delay&quot;:300}\" data-widget_type=\"text-editor.default\">\n\t\t\t\t<div class=\"elementor-widget-container\">\n\t\t\t\t\t\t\t<p>Vilniaus technologij\u0173 ir dizaino kolegija \u2013 \u010dia hobis virsta profesija!<\/p>\t\t\t\t\t\t<\/div>\n\t\t\t\t<\/div>\n\t\t\t\t\t<\/div>\n\t\t<\/div>\n\t\t\t\t<div class=\"elementor-column elementor-col-50 elementor-top-column elementor-element elementor-element-865f7f2 elementor-hidden-desktop elementor-hidden-tablet elementor-hidden-phone\" data-id=\"865f7f2\" data-element_type=\"column\">\n\t\t\t<div class=\"elementor-widget-wrap\">\n\t\t\t\t\t\t\t\t\t<\/div>\n\t\t<\/div>\n\t\t\t\t\t\t\t<\/div>\n\t\t<\/section>\n\t\t\t\t<section class=\"elementor-section elementor-top-section elementor-element elementor-element-8f37da3 elementor-section-boxed elementor-section-height-default elementor-section-height-default\" data-id=\"8f37da3\" data-element_type=\"section\">\n\t\t\t\t\t\t<div class=\"elementor-container elementor-column-gap-default\">\n\t\t\t\t\t<div class=\"elementor-column elementor-col-100 elementor-top-column elementor-element elementor-element-076b17f\" data-id=\"076b17f\" data-element_type=\"column\">\n\t\t\t<div class=\"elementor-widget-wrap elementor-element-populated\">\n\t\t\t\t\t\t\t\t<div class=\"elementor-element elementor-element-78dc5e0 elementor-widget elementor-widget-spacer\" data-id=\"78dc5e0\" data-element_type=\"widget\" data-widget_type=\"spacer.default\">\n\t\t\t\t<div class=\"elementor-widget-container\">\n\t\t\t\t\t<div class=\"elementor-spacer\">\n\t\t\t<div class=\"elementor-spacer-inner\"><\/div>\n\t\t<\/div>\n\t\t\t\t<\/div>\n\t\t\t\t<\/div>\n\t\t\t\t\t<\/div>\n\t\t<\/div>\n\t\t\t\t\t\t\t<\/div>\n\t\t<\/section>\n\t\t\t\t<section class=\"elementor-section elementor-top-section elementor-element elementor-element-64e2867 elementor-section-boxed elementor-section-height-default elementor-section-height-default\" data-id=\"64e2867\" data-element_type=\"section\">\n\t\t\t\t\t\t<div class=\"elementor-container elementor-column-gap-default\">\n\t\t\t\t\t<div class=\"elementor-column elementor-col-100 elementor-top-column elementor-element elementor-element-8032361\" data-id=\"8032361\" data-element_type=\"column\">\n\t\t\t<div class=\"elementor-widget-wrap elementor-element-populated\">\n\t\t\t\t\t\t\t\t<div class=\"elementor-element elementor-element-77b5c7b elementor-widget elementor-widget-text-editor\" data-id=\"77b5c7b\" data-element_type=\"widget\" data-widget_type=\"text-editor.default\">\n\t\t\t\t<div class=\"elementor-widget-container\">\n\t\t\t\t\t\t\t<p><strong>VTDK Dizaino dienos<\/strong><br \/>Dizaino dienos \u2013 kasmet pavasar\u012f (paskutin\u0119 kovo savait\u0119) Dizaino fakultete vykdomas renginys, kuriame dalyvauja studentai, d\u0117stytojai ir kviestiniai sve\u010diai. Jo metu rengiamos k\u016brybini\u0173 darb\u0173 ekspozicijos, k\u016brybin\u0117s dirbtuv\u0117s, praktin\u0117s konferencijos, skirtos \u012fvairiems dizaino aspektams. DD rengimo laikas sutampa su Kolegijos tarptautine savaite, kurios sve\u010diai turi galimyb\u0119 sudalyvauti Dien\u0173 renginiuose. \u0160io renginio firminio stiliaus projekt\u0105 kasmet ruo\u0161ia Grafinio dizaino katedros studentai.<br \/>Rengiant VTDK Dizaino dienas siekiama:<\/p><ul><li>Paskatinti student\u0173 k\u016brybin\u012f aktyvum\u0105, atliekant ne\u012fprastas k\u016brybines u\u017eduotis.<\/li><li>Pavie\u0161inti VTDK Dizaino fakulteto k\u016brybin\u012f potencial\u0105 ir parodyti jo katedr\u0173 veiklos kryp\u010di\u0173 \u012fvairov\u0119.<\/li><li>\u012etvirtinti Dizaino fakulteto r\u016bmus kaip reik\u0161ming\u0105 viet\u0105 Vilniaus kult\u016bros \u017eem\u0117lapyje, atskleisti j\u0173 pritaikymo meno krypties renginiams galimybes.<\/li><\/ul><p><strong>2014 &#8211; 2015 studij\u0173 metai<\/strong><\/p><p>Septintosios Dizaino dienos<\/p><p><img loading=\"lazy\" decoding=\"async\" class=\"aligncenter\" src=\"https:\/\/vtdko.lt\/images\/DF\/Naujienos\/2014-2015\/2015-06-04\/1.jpg\" alt=\"1\" width=\"595\" height=\"95\" \/><\/p><p>Kaip ir kiekvien\u0105 pavasar\u012f, m\u016bs\u0173 Kolegijos Dizaino fakulteto studentai ir d\u0117stytojai jau nuo kovo prad\u017eios prad\u0117jo ruo\u0161tis Dizaino dienoms, kurios \u0161iemet vyko jau septint\u0105 kart\u0105. Skirtingai nuo ankstesni\u0173 met\u0173, renginys vyko gerokai v\u0117liau, antr\u0105j\u0105 gegu\u017e\u0117s savait\u0119 ir tapo Vilniaus dizaino savait\u0117s dalimi. Pirm\u0105 kart\u0105 Dizaino dienose dalyvavo d\u0117stytojai i\u0161 Balstog\u0117s technikos universiteto, pristatydami du k\u016brybinius projektus.<\/p><p>Pagrindin\u0117 renginio tema &#8211; \u201eMiesto sodai\u201c, renginio \u0161\u016bkis &#8211; \u201eVieta, kur dygsta k\u016brybin\u0117s id\u0117jos\u201c. Miesto aplinkos harmonizavimui buvo skirti 22 projektiniai pasi\u016blymai, kuriuos pareng\u0117 Interjero ir Grafinio dizaino katedr\u0173 studentai, naudodami augalus, antrines \u017ealiavas ir med\u017eiagas. Originalios kompozicijos buvo skirtos ne tik papuo\u0161ti netik\u0117tas miesto vietas (terasas, tvoras, balkonus), bet ir suteikti miestel\u0117nams praktin\u0117s naudos \u2013 u\u017eauginti \u017eied\u0173 bei vaisi\u0173. Veik\u0117 vaista\u017eoli\u0173 arbatos pavilionas.<\/p><p>Multimedij\u0173 katedros studentai pareng\u0117 interaktyvias instaliacijas, sukurtas vadovaujant d\u0117stytojui dr. Christopher Hales (Anglija), kolegijos kino sal\u0117je rod\u0117 studenti\u0161kus filmus, kursinius bei baigiamuosius darbus. Fotografijos technologijos studij\u0173 programos studentai ir d\u0117stytojai sureng\u0117 k\u016brybines dirbtuves, jungian\u010dias fotografij\u0105 ir pie\u0161im\u0105, eksponavo makro fotografijos darbus gamtos ir ekologijos tema. Laisvalaikio zona virto student\u0173, absolvent\u0173 k\u016brybini\u0173 darb\u0173 paroda. Sve\u010dius sudomino moliotipijos, tapybos moliu k\u016brybini\u0173 darb\u0173 paroda.<\/p><p>Gegu\u017e\u0117s 7 d. (ketvirtadien\u012f) vyko konferencija ,,Miesto kodai\u201c, kurios metu praktikuojantys dizaineriai, re\u017eisieriai, d\u0117stytojai ir studentai papasakojo apie savo k\u016brybinius projektus.<\/p><p><br \/><strong>2013 &#8211; 2014 studij\u0173 metai<\/strong>\u00a0\u00a0<br \/>Dizaino dienos v\u0117l sugr\u012f\u017eo \u012f r\u016bmus Oland\u0173 gatv\u0117je. \u0160\u012f kart\u0105 d\u0117mesys buvo skirtas \u0161riftui ir kaligrafijai. Student\u0173 komandos realizavo \u0161e\u0161is III kurso student\u0173 autorinius projektus; taip pat buvo realizuoti d\u0117stytoj\u0173 parengti projektai \u201e\u0160\u0117\u0161\u0117liai ir raid\u0117s\u201c bei \u201eGrafika erdv\u0117je\u201c, o taip pat \u012fvyko kviestin\u0117s specialist\u0117s G. Pranck\u016bnait\u0117s kaligrafijos seminaras, skirtas \u201eErasmus\u201c programos studentams. Multimedijos katedros studentai sureng\u0117 speciali\u0105 interaktyvi\u0173 technologij\u0173 bei \u012frangos ekspozicij\u0105.<br \/>Praktin\u0117 konferencija \u201eD \u2013 tai dizainas\u201c buvo skirta k\u016brybini\u0173 iniciatyv\u0173 vystymui. Prane\u0161imus joje skait\u0117 kviestiniai specialistai i\u0161 Lietuvos komercini\u0173 \u012fmoni\u0173 bei reklamos agent\u016br\u0173.<br \/>Vakarin\u0119 programos dal\u012f sudar\u0117 VDA Kostiumo dizaino katedros student\u0173 kursini\u0173 darb\u0173 \u0161ou ir Vilniaus kolegijos Atliekam\u0173j\u0173 men\u0173 fakulteto student\u0173 ansamblio koncertas.<\/p><p><strong>2012 &#8211; 2013 studij\u0173 metai\u00a0<\/strong><\/p><p>\u0160i\u0173 met\u0173 Dizaino dienos vyko Antakalnio r\u016bmuose. Pasirinkta nauja k\u016brybini\u0173 dirbtuvi\u0173 forma: III kurso studentai suformulavo 3 projekt\u0173 id\u0117jas ir, sub\u016br\u0119 komandas i\u0161 \u017eemesni\u0173 kurs\u0173 student\u0173, jas realizavo. \u012evyko specializuotos k\u016brybin\u0117s dirbtuv\u0117s \u201eKnyga ir \u0161viesa\u201c bei \u201eGrafika erdv\u0117je\u201c, jas sureng\u0117 fakulteto d\u0117stytojai. Specialiai moksleiviams buvo pasi\u016blytos dirbtuv\u0117s \u201eMeil\u0117 grafikai\u201c.<br \/>Pirm\u0105 kart\u0105 dirbtuves reng\u0117 ir u\u017esienio d\u0117stytojai: iliustracijos k\u016brybines dirbtuves sureng\u0117 Saint-Lucas dail\u0117s mokyklos (Belgija) d\u0117stytojai M. Deseijn ir P. Samyn, interaktyvias video instaliacijas pristat\u0117 d\u0117stytojas Ch. Hales (Anglija).<br \/>Praktin\u0117je konferencijoje \u201eDizainas \u2013 naujoji komunikacija\u201c fakulteto d\u0117stytojai ir kviestiniai sve\u010diai nagrin\u0117jo \u012fvairius grafin\u0117s komunikacijos aspektus.<\/p><p><strong>2011 &#8211; 2012 studij\u0173 metai<\/strong><\/p><p>Prad\u0117jus Oland\u0173 g. korpuso interjero rekonstrukcijos darbus, Dizaino dien\u0173 rengimas buvo perkeltas \u012f Antakalnio g. r\u016bmus. D\u0117l vietos stokos teko apriboti k\u016brybini\u0173 dirbtuvi\u0173 apimt\u012f.<\/p><p>Pagrindin\u0117s k\u016brybin\u0117s dirbtuv\u0117s, pavadintos \u201eNiam niam \u0161viesa\u201c, sutelk\u0117 d\u0117mes\u012f \u012f ne\u012fprast\u0173 (maisto) med\u017eiag\u0173 panaudojim\u0105 ap\u0161vietimui ir \u0161viesos instaliacijoms. Taip pat buvo \u012fgyvendintas bendras Grafinio ir Interaktyvaus dizaino student\u0173 projektas \u201eKino p\u0117dsakas\u201c, skirtas kino motyv\u0173 taikymui grafin\u0117je komunikacijoje. Vakarin\u0117je programos dalyje Vilniaus kolegijos studentai pristat\u0117 naujas drabu\u017ei\u0173 ir \u0161ukuosen\u0173 kolekcijas.<\/p><p>Praktin\u0117je konferencijoje \u201eDizainas ir ekologija\u201c dalyvavo studentai, pristat\u0119 kursinius darbus, d\u0117stytojai bei Erasmus programos dalyviai.<\/p><p><strong>2010 &#8211; 2011 studij\u0173 metai<\/strong><\/p><p>Tre\u010di\u0173j\u0173 Dizaino dien\u0173 reng\u0117jams ir dalyviams pavyko visapusi\u0161kai i\u0161naudoti Oland\u0173 g. r\u016bm\u0173 apleist\u0173 patalp\u0173 galimybes. B\u016btent ten buvo surengtas k\u016brybinis seminaras \u201eEcoBOX\u201c, kuriame dalyvavo komandomis suskirstyti vis\u0173 Dizaino fakulteto katedr\u0173 studentai, o taip pat sve\u010diai i\u0161 kit\u0173 kolegij\u0173. Seminaro dalyviai paruo\u0161\u0117 12 ma\u017eagabarit\u0117s gyvenamosios erdv\u0117s koncepcij\u0173, kurias v\u0117liau realizavo mastelyje 1:1 i\u0161 s\u0105lygini\u0173 med\u017eiag\u0173. Interjero dizaino studentai sureng\u0117 lauko bald\u0173 konkurs\u0105, kurio darbai taip pat buvo \u012fgyvendinti. Vienas projekt\u0173, pavadintas \u201e13 k\u0117d\u017ei\u0173\u201c, buvo apra\u0161ytas spaudoje, eksponuojamas respublikin\u0117je parodoje \u201eBaldai\u201c ir Vilniaus dizaino savait\u0117s ekspozicijoje. Taip pat buvo realizuota keletas speciali\u0173 projekt\u0173 ekologine tematika (\u201eEko baras\u201c, \u201eVi\u0161ta\u201c, \u201eAuto karv\u0117\u201c, \u201eU-238\u201c ir kiti).<\/p><p>Praktin\u0117s konferencijos \u201eDizaino \u012fvairenyb\u0117s\u201c metu fakulteto absolventai papasakojo studentams ir d\u0117stytojams apie tai, kaip jiems pavyko \u012fsitvirtinti profesin\u0117s veiklos srityje, pl\u0117tojant k\u016brybin\u0119 patirt\u012f ir praktinius \u012fg\u016bd\u017eius.<\/p><p><strong>2009 &#8211; 2010 studij\u0173 metai<\/strong><\/p><p>Antrosios VTDK Dizaino dienos vyko DF ir TF r\u016bmuose Oland\u0173 g. 16. Rengin\u012f sudar\u0117 tos pa\u010dios 3 pagrindin\u0117s dalys, bet j\u0173 programa gerokai skyr\u0117si. Pirm\u0105 kart\u0105 buvo surengtos student\u0173 k\u016brybin\u0117s dirbtuv\u0117s, kuriose dalyvavo 4 mokymo \u012fstaig\u0173 (Vilniaus technologij\u0173 ir dizaino kolegijos, Vilniaus dizaino kolegijos, Vilniaus kolegijos ir Kauno kolegijos) atstovai. Pasirinktas darbo objektas (\u0161irma) ir darbo tema \u2013 \u201eKita dizaino pus\u0117\u201c leido pasireik\u0161ti interjero, drabu\u017ei\u0173, \u0161ukuosen\u0173 bei grafinio dizaino student\u0173 k\u016brybi\u0161kumui. Sve\u010di\u0173 teis\u0117mis seminare taip pat dalyvavo trij\u0173 sostin\u0117s mokykl\u0173 bei Vilniaus technologij\u0173 ir verslo profesinio mokymo centro moksleiviai.<\/p><p>\u0160\u012f kart\u0105 Interjero dizaino studentai sureng\u0117 speciali\u0105 parod\u0105 \u201eRe-Trash\u201c: apleistose auditorijose per kelet\u0105 dien\u0173 jaunuoliai suk\u016br\u0117 stiling\u0105 ekspozicij\u0105, parodan\u010di\u0105 daikt\u0173 ir med\u017eiag\u0173 antrinio taikymo galimybes. Pana\u0161i tema buvo nagrin\u0117jama ir praktin\u0117je konferencijoje \u201eEkologinis dizainas \u0161iandien ir rytoj\u201c, kurioje kartu su VTDK d\u0117stytojais ir studentais dalyvavo Bulgarijos, Vengrijos ir Suomijos studentai, besimokantys Kolegijoje pagal \u201eErasmus\u201c program\u0105.<\/p><p>Vakaro \u201evinimi\u201c tapo renginio sve\u010di\u0173 \u2013 Vilniaus kolegijos Dizaino ir technologijos fakulteto student\u0173 mad\u0173 \u0161ou.<\/p><p><strong>2008 &#8211; 2009 studij\u0173 metai<\/strong><\/p><p>Pirmosios VTDK Dizaino dienos vyko DF ir TF r\u016bmuose (Oland\u0173 g. 16) 2009 m. kovo 26-27 dienomis. Jose buvo i\u0161bandytas renginio formatas, jo apimtis, programa. Rengin\u012f sudar\u0117 3 pagrindin\u0117s dalys \u2013 k\u016brybini\u0173 darb\u0173 parodos (Grafinio dizaino katedros student\u0173 plakat\u0173 ekspozicija, Fotografijos katedros student\u0173 k\u016brybini\u0173 darb\u0173 paroda), k\u016brybin\u0117s dirbtuv\u0117s ir praktin\u0117 konferencija \u201eDizainas rytoj: naujieji i\u0161\u0161\u016bkiai\u201c. Speciali\u0105 ekspozicij\u0105 \u201eAtstumt\u0173j\u0173 salonas\u201c organizavo Interjero dizaino katedros studentai. Buvo surengta ir pramogin\u0117 dalis \u2013 video diskoteka, kurios metu buvo rodomi Multimedijos katedros student\u0173 darbai.<br \/>Konferencijoje dalyvavo prane\u0161\u0117jai i\u0161 kit\u0173 Lietuvos mokykl\u0173 ir u\u017esienio, buvo organizuotas tiesioginis online prane\u0161imas i\u0161 ESAD auk\u0161tosios dail\u0117s mokyklos (Porto, Protugalija). Plakat\u0173 ekspozicijos darbai v\u0117liau buvo eksponuojami temin\u0117je parodoje Palerme (Italija).<\/p>\t\t\t\t\t\t<\/div>\n\t\t\t\t<\/div>\n\t\t\t\t\t<\/div>\n\t\t<\/div>\n\t\t\t\t\t\t\t<\/div>\n\t\t<\/section>\n\t\t\t\t<section class=\"elementor-section elementor-top-section elementor-element elementor-element-3d2d2a9 elementor-section-boxed elementor-section-height-default elementor-section-height-default\" data-id=\"3d2d2a9\" data-element_type=\"section\">\n\t\t\t\t\t\t<div class=\"elementor-container elementor-column-gap-default\">\n\t\t\t\t\t<div class=\"elementor-column elementor-col-100 elementor-top-column elementor-element elementor-element-a33d0f3\" data-id=\"a33d0f3\" data-element_type=\"column\">\n\t\t\t<div class=\"elementor-widget-wrap elementor-element-populated\">\n\t\t\t\t\t\t\t\t<div class=\"elementor-element elementor-element-dcedab1 elementor-widget elementor-widget-spacer\" data-id=\"dcedab1\" data-element_type=\"widget\" data-widget_type=\"spacer.default\">\n\t\t\t\t<div class=\"elementor-widget-container\">\n\t\t\t\t\t<div class=\"elementor-spacer\">\n\t\t\t<div class=\"elementor-spacer-inner\"><\/div>\n\t\t<\/div>\n\t\t\t\t<\/div>\n\t\t\t\t<\/div>\n\t\t\t\t\t<\/div>\n\t\t<\/div>\n\t\t\t\t\t\t\t<\/div>\n\t\t<\/section>\n\t\t\t\t\t\t\t<\/div>\n\t\t","protected":false},"excerpt":{"rendered":"<p>Vilniaus technologij\u0173 ir dizaino kolegija \u2013 \u010dia hobis virsta profesija! VTDK Dizaino dienosDizaino dienos \u2013 kasmet pavasar\u012f (paskutin\u0119 kovo savait\u0119) Dizaino fakultete vykdomas renginys, kuriame dalyvauja studentai, d\u0117stytojai ir kviestiniai sve\u010diai. Jo metu rengiamos k\u016brybini\u0173 darb\u0173 ekspozicijos, k\u016brybin\u0117s dirbtuv\u0117s, praktin\u0117s konferencijos, skirtos \u012fvairiems dizaino aspektams. DD rengimo laikas sutampa su Kolegijos tarptautine savaite, kurios sve\u010diai&#8230;<\/p>\n","protected":false},"author":1,"featured_media":0,"parent":991495,"menu_order":0,"comment_status":"closed","ping_status":"closed","template":"","meta":{"inline_featured_image":false,"footnotes":""},"class_list":["post-991517","page","type-page","status-publish","hentry"],"yoast_head":"<!-- This site is optimized with the Yoast SEO plugin v19.12 - https:\/\/yoast.com\/wordpress\/plugins\/seo\/ -->\n<title>Dizaino dienos - vtdko<\/title>\n<meta name=\"robots\" content=\"noindex, follow, max-snippet:-1, max-image-preview:large, max-video-preview:-1\" \/>\n<meta property=\"og:locale\" content=\"lt_LT\" \/>\n<meta property=\"og:type\" content=\"article\" \/>\n<meta property=\"og:title\" content=\"Dizaino dienos - vtdko\" \/>\n<meta property=\"og:description\" content=\"Vilniaus technologij\u0173 ir dizaino kolegija \u2013 \u010dia hobis virsta profesija! VTDK Dizaino dienosDizaino dienos \u2013 kasmet pavasar\u012f (paskutin\u0119 kovo savait\u0119) Dizaino fakultete vykdomas renginys, kuriame dalyvauja studentai, d\u0117stytojai ir kviestiniai sve\u010diai. Jo metu rengiamos k\u016brybini\u0173 darb\u0173 ekspozicijos, k\u016brybin\u0117s dirbtuv\u0117s, praktin\u0117s konferencijos, skirtos \u012fvairiems dizaino aspektams. DD rengimo laikas sutampa su Kolegijos tarptautine savaite, kurios sve\u010diai...\" \/>\n<meta property=\"og:url\" content=\"https:\/\/wp.adisoft.lt\/vtdko\/visuomenei\/menine-veikla\/dizaino-dienos\/\" \/>\n<meta property=\"og:site_name\" content=\"vtdko\" \/>\n<meta property=\"article:modified_time\" content=\"2022-12-16T19:39:43+00:00\" \/>\n<meta property=\"og:image\" content=\"https:\/\/vtdko.lt\/images\/DF\/Naujienos\/2014-2015\/2015-06-04\/1.jpg\" \/>\n<meta name=\"twitter:card\" content=\"summary_large_image\" \/>\n<meta name=\"twitter:label1\" content=\"Est. reading time\" \/>\n\t<meta name=\"twitter:data1\" content=\"6 minut\u0117s\" \/>\n<script type=\"application\/ld+json\" class=\"yoast-schema-graph\">{\"@context\":\"https:\/\/schema.org\",\"@graph\":[{\"@type\":\"WebPage\",\"@id\":\"https:\/\/wp.adisoft.lt\/vtdko\/visuomenei\/menine-veikla\/dizaino-dienos\/\",\"url\":\"https:\/\/wp.adisoft.lt\/vtdko\/visuomenei\/menine-veikla\/dizaino-dienos\/\",\"name\":\"Dizaino dienos - vtdko\",\"isPartOf\":{\"@id\":\"https:\/\/wp.adisoft.lt\/vtdko\/#website\"},\"datePublished\":\"2022-10-26T07:21:54+00:00\",\"dateModified\":\"2022-12-16T19:39:43+00:00\",\"breadcrumb\":{\"@id\":\"https:\/\/wp.adisoft.lt\/vtdko\/visuomenei\/menine-veikla\/dizaino-dienos\/#breadcrumb\"},\"inLanguage\":\"lt-LT\",\"potentialAction\":[{\"@type\":\"ReadAction\",\"target\":[\"https:\/\/wp.adisoft.lt\/vtdko\/visuomenei\/menine-veikla\/dizaino-dienos\/\"]}]},{\"@type\":\"BreadcrumbList\",\"@id\":\"https:\/\/wp.adisoft.lt\/vtdko\/visuomenei\/menine-veikla\/dizaino-dienos\/#breadcrumb\",\"itemListElement\":[{\"@type\":\"ListItem\",\"position\":1,\"name\":\"Pagrindinis\",\"item\":\"https:\/\/wp.adisoft.lt\/vtdko\/\"},{\"@type\":\"ListItem\",\"position\":2,\"name\":\"Visuomenei\",\"item\":\"https:\/\/wp.adisoft.lt\/vtdko\/visuomenei\/\"},{\"@type\":\"ListItem\",\"position\":3,\"name\":\"Menin\u0117 veikla\",\"item\":\"https:\/\/wp.adisoft.lt\/vtdko\/visuomenei\/menine-veikla\/\"},{\"@type\":\"ListItem\",\"position\":4,\"name\":\"Dizaino dienos\"}]},{\"@type\":\"WebSite\",\"@id\":\"https:\/\/wp.adisoft.lt\/vtdko\/#website\",\"url\":\"https:\/\/wp.adisoft.lt\/vtdko\/\",\"name\":\"vtdko\",\"description\":\"Vilniaus technologij\u0173 ir dizaino kolegija\",\"publisher\":{\"@id\":\"https:\/\/wp.adisoft.lt\/vtdko\/#organization\"},\"potentialAction\":[{\"@type\":\"SearchAction\",\"target\":{\"@type\":\"EntryPoint\",\"urlTemplate\":\"https:\/\/wp.adisoft.lt\/vtdko\/?s={search_term_string}\"},\"query-input\":\"required name=search_term_string\"}],\"inLanguage\":\"lt-LT\"},{\"@type\":\"Organization\",\"@id\":\"https:\/\/wp.adisoft.lt\/vtdko\/#organization\",\"name\":\"vtdko\",\"url\":\"https:\/\/wp.adisoft.lt\/vtdko\/\",\"logo\":{\"@type\":\"ImageObject\",\"inLanguage\":\"lt-LT\",\"@id\":\"https:\/\/wp.adisoft.lt\/vtdko\/#\/schema\/logo\/image\/\",\"url\":\"https:\/\/wp.adisoft.lt\/vtdko\/wp-content\/uploads\/2020\/02\/Logo-su-tekstu-01.svg\",\"contentUrl\":\"https:\/\/wp.adisoft.lt\/vtdko\/wp-content\/uploads\/2020\/02\/Logo-su-tekstu-01.svg\",\"width\":151,\"height\":74,\"caption\":\"vtdko\"},\"image\":{\"@id\":\"https:\/\/wp.adisoft.lt\/vtdko\/#\/schema\/logo\/image\/\"}}]}<\/script>\n<!-- \/ Yoast SEO plugin. -->","yoast_head_json":{"title":"Dizaino dienos - vtdko","robots":{"index":"noindex","follow":"follow","max-snippet":"max-snippet:-1","max-image-preview":"max-image-preview:large","max-video-preview":"max-video-preview:-1"},"og_locale":"lt_LT","og_type":"article","og_title":"Dizaino dienos - vtdko","og_description":"Vilniaus technologij\u0173 ir dizaino kolegija \u2013 \u010dia hobis virsta profesija! VTDK Dizaino dienosDizaino dienos \u2013 kasmet pavasar\u012f (paskutin\u0119 kovo savait\u0119) Dizaino fakultete vykdomas renginys, kuriame dalyvauja studentai, d\u0117stytojai ir kviestiniai sve\u010diai. Jo metu rengiamos k\u016brybini\u0173 darb\u0173 ekspozicijos, k\u016brybin\u0117s dirbtuv\u0117s, praktin\u0117s konferencijos, skirtos \u012fvairiems dizaino aspektams. DD rengimo laikas sutampa su Kolegijos tarptautine savaite, kurios sve\u010diai...","og_url":"https:\/\/wp.adisoft.lt\/vtdko\/visuomenei\/menine-veikla\/dizaino-dienos\/","og_site_name":"vtdko","article_modified_time":"2022-12-16T19:39:43+00:00","og_image":[{"url":"https:\/\/vtdko.lt\/images\/DF\/Naujienos\/2014-2015\/2015-06-04\/1.jpg"}],"twitter_card":"summary_large_image","twitter_misc":{"Est. reading time":"6 minut\u0117s"},"schema":{"@context":"https:\/\/schema.org","@graph":[{"@type":"WebPage","@id":"https:\/\/wp.adisoft.lt\/vtdko\/visuomenei\/menine-veikla\/dizaino-dienos\/","url":"https:\/\/wp.adisoft.lt\/vtdko\/visuomenei\/menine-veikla\/dizaino-dienos\/","name":"Dizaino dienos - vtdko","isPartOf":{"@id":"https:\/\/wp.adisoft.lt\/vtdko\/#website"},"datePublished":"2022-10-26T07:21:54+00:00","dateModified":"2022-12-16T19:39:43+00:00","breadcrumb":{"@id":"https:\/\/wp.adisoft.lt\/vtdko\/visuomenei\/menine-veikla\/dizaino-dienos\/#breadcrumb"},"inLanguage":"lt-LT","potentialAction":[{"@type":"ReadAction","target":["https:\/\/wp.adisoft.lt\/vtdko\/visuomenei\/menine-veikla\/dizaino-dienos\/"]}]},{"@type":"BreadcrumbList","@id":"https:\/\/wp.adisoft.lt\/vtdko\/visuomenei\/menine-veikla\/dizaino-dienos\/#breadcrumb","itemListElement":[{"@type":"ListItem","position":1,"name":"Pagrindinis","item":"https:\/\/wp.adisoft.lt\/vtdko\/"},{"@type":"ListItem","position":2,"name":"Visuomenei","item":"https:\/\/wp.adisoft.lt\/vtdko\/visuomenei\/"},{"@type":"ListItem","position":3,"name":"Menin\u0117 veikla","item":"https:\/\/wp.adisoft.lt\/vtdko\/visuomenei\/menine-veikla\/"},{"@type":"ListItem","position":4,"name":"Dizaino dienos"}]},{"@type":"WebSite","@id":"https:\/\/wp.adisoft.lt\/vtdko\/#website","url":"https:\/\/wp.adisoft.lt\/vtdko\/","name":"vtdko","description":"Vilniaus technologij\u0173 ir dizaino kolegija","publisher":{"@id":"https:\/\/wp.adisoft.lt\/vtdko\/#organization"},"potentialAction":[{"@type":"SearchAction","target":{"@type":"EntryPoint","urlTemplate":"https:\/\/wp.adisoft.lt\/vtdko\/?s={search_term_string}"},"query-input":"required name=search_term_string"}],"inLanguage":"lt-LT"},{"@type":"Organization","@id":"https:\/\/wp.adisoft.lt\/vtdko\/#organization","name":"vtdko","url":"https:\/\/wp.adisoft.lt\/vtdko\/","logo":{"@type":"ImageObject","inLanguage":"lt-LT","@id":"https:\/\/wp.adisoft.lt\/vtdko\/#\/schema\/logo\/image\/","url":"https:\/\/wp.adisoft.lt\/vtdko\/wp-content\/uploads\/2020\/02\/Logo-su-tekstu-01.svg","contentUrl":"https:\/\/wp.adisoft.lt\/vtdko\/wp-content\/uploads\/2020\/02\/Logo-su-tekstu-01.svg","width":151,"height":74,"caption":"vtdko"},"image":{"@id":"https:\/\/wp.adisoft.lt\/vtdko\/#\/schema\/logo\/image\/"}}]}},"_links":{"self":[{"href":"https:\/\/wp.adisoft.lt\/vtdko\/wp-json\/wp\/v2\/pages\/991517","targetHints":{"allow":["GET"]}}],"collection":[{"href":"https:\/\/wp.adisoft.lt\/vtdko\/wp-json\/wp\/v2\/pages"}],"about":[{"href":"https:\/\/wp.adisoft.lt\/vtdko\/wp-json\/wp\/v2\/types\/page"}],"author":[{"embeddable":true,"href":"https:\/\/wp.adisoft.lt\/vtdko\/wp-json\/wp\/v2\/users\/1"}],"replies":[{"embeddable":true,"href":"https:\/\/wp.adisoft.lt\/vtdko\/wp-json\/wp\/v2\/comments?post=991517"}],"version-history":[{"count":10,"href":"https:\/\/wp.adisoft.lt\/vtdko\/wp-json\/wp\/v2\/pages\/991517\/revisions"}],"predecessor-version":[{"id":993395,"href":"https:\/\/wp.adisoft.lt\/vtdko\/wp-json\/wp\/v2\/pages\/991517\/revisions\/993395"}],"up":[{"embeddable":true,"href":"https:\/\/wp.adisoft.lt\/vtdko\/wp-json\/wp\/v2\/pages\/991495"}],"wp:attachment":[{"href":"https:\/\/wp.adisoft.lt\/vtdko\/wp-json\/wp\/v2\/media?parent=991517"}],"curies":[{"name":"wp","href":"https:\/\/api.w.org\/{rel}","templated":true}]}}