{"id":991521,"date":"2022-10-26T10:22:02","date_gmt":"2022-10-26T07:22:02","guid":{"rendered":"https:\/\/wp.adisoft.lt\/vtdko\/?page_id=991521"},"modified":"2022-12-16T22:39:03","modified_gmt":"2022-12-16T19:39:03","slug":"parodos","status":"publish","type":"page","link":"https:\/\/wp.adisoft.lt\/vtdko\/visuomenei\/menine-veikla\/parodos\/","title":{"rendered":"Parodos"},"content":{"rendered":"\t\t<div data-elementor-type=\"wp-page\" data-elementor-id=\"991521\" class=\"elementor elementor-991521\">\n\t\t\t\t\t\t\t\t\t<section class=\"elementor-section elementor-top-section elementor-element elementor-element-3589e9b elementor-section-height-min-height elementor-section-boxed elementor-section-height-default elementor-section-items-middle\" data-id=\"3589e9b\" data-element_type=\"section\" data-settings=\"{&quot;background_background&quot;:&quot;classic&quot;,&quot;animation&quot;:&quot;none&quot;}\">\n\t\t\t\t\t\t<div class=\"elementor-container elementor-column-gap-default\">\n\t\t\t\t\t<div class=\"elementor-column elementor-col-100 elementor-top-column elementor-element elementor-element-5cda678\" data-id=\"5cda678\" data-element_type=\"column\" data-settings=\"{&quot;background_background&quot;:&quot;classic&quot;}\">\n\t\t\t<div class=\"elementor-widget-wrap\">\n\t\t\t\t\t\t\t\t\t<\/div>\n\t\t<\/div>\n\t\t\t\t\t\t\t<\/div>\n\t\t<\/section>\n\t\t\t\t<section class=\"elementor-section elementor-top-section elementor-element elementor-element-0c58800 elementor-section-boxed elementor-section-height-default elementor-section-height-default\" data-id=\"0c58800\" data-element_type=\"section\" data-settings=\"{&quot;animation&quot;:&quot;none&quot;,&quot;animation_tablet&quot;:&quot;none&quot;,&quot;animation_mobile&quot;:&quot;none&quot;}\">\n\t\t\t\t\t\t<div class=\"elementor-container elementor-column-gap-no\">\n\t\t\t\t\t<div class=\"elementor-column elementor-col-50 elementor-top-column elementor-element elementor-element-3c340ec animated-fast elementor-invisible\" data-id=\"3c340ec\" data-element_type=\"column\" data-settings=\"{&quot;background_background&quot;:&quot;classic&quot;,&quot;animation&quot;:&quot;fadeIn&quot;,&quot;animation_delay&quot;:100}\">\n\t\t\t<div class=\"elementor-widget-wrap elementor-element-populated\">\n\t\t\t\t\t\t\t\t<div class=\"elementor-element elementor-element-29ef4a5 elementor-widget elementor-widget-text-editor\" data-id=\"29ef4a5\" data-element_type=\"widget\" data-settings=\"{&quot;_animation&quot;:&quot;none&quot;,&quot;_animation_delay&quot;:300}\" data-widget_type=\"text-editor.default\">\n\t\t\t\t<div class=\"elementor-widget-container\">\n\t\t\t\t\t\t\t<p>Vilniaus technologij\u0173 ir dizaino kolegija \u2013 \u010dia hobis virsta profesija!<\/p>\t\t\t\t\t\t<\/div>\n\t\t\t\t<\/div>\n\t\t\t\t\t<\/div>\n\t\t<\/div>\n\t\t\t\t<div class=\"elementor-column elementor-col-50 elementor-top-column elementor-element elementor-element-4e9dd8b elementor-hidden-desktop elementor-hidden-tablet elementor-hidden-phone\" data-id=\"4e9dd8b\" data-element_type=\"column\">\n\t\t\t<div class=\"elementor-widget-wrap\">\n\t\t\t\t\t\t\t\t\t<\/div>\n\t\t<\/div>\n\t\t\t\t\t\t\t<\/div>\n\t\t<\/section>\n\t\t\t\t<section class=\"elementor-section elementor-top-section elementor-element elementor-element-8f37da3 elementor-section-boxed elementor-section-height-default elementor-section-height-default\" data-id=\"8f37da3\" data-element_type=\"section\">\n\t\t\t\t\t\t<div class=\"elementor-container elementor-column-gap-default\">\n\t\t\t\t\t<div class=\"elementor-column elementor-col-100 elementor-top-column elementor-element elementor-element-076b17f\" data-id=\"076b17f\" data-element_type=\"column\">\n\t\t\t<div class=\"elementor-widget-wrap elementor-element-populated\">\n\t\t\t\t\t\t\t\t<div class=\"elementor-element elementor-element-b884acb elementor-widget elementor-widget-spacer\" data-id=\"b884acb\" data-element_type=\"widget\" data-widget_type=\"spacer.default\">\n\t\t\t\t<div class=\"elementor-widget-container\">\n\t\t\t\t\t<div class=\"elementor-spacer\">\n\t\t\t<div class=\"elementor-spacer-inner\"><\/div>\n\t\t<\/div>\n\t\t\t\t<\/div>\n\t\t\t\t<\/div>\n\t\t\t\t\t<\/div>\n\t\t<\/div>\n\t\t\t\t\t\t\t<\/div>\n\t\t<\/section>\n\t\t\t\t<section class=\"elementor-section elementor-top-section elementor-element elementor-element-64e2867 elementor-section-boxed elementor-section-height-default elementor-section-height-default\" data-id=\"64e2867\" data-element_type=\"section\">\n\t\t\t\t\t\t<div class=\"elementor-container elementor-column-gap-default\">\n\t\t\t\t\t<div class=\"elementor-column elementor-col-100 elementor-top-column elementor-element elementor-element-8032361\" data-id=\"8032361\" data-element_type=\"column\">\n\t\t\t<div class=\"elementor-widget-wrap elementor-element-populated\">\n\t\t\t\t\t\t\t\t<div class=\"elementor-element elementor-element-77b5c7b elementor-widget elementor-widget-text-editor\" data-id=\"77b5c7b\" data-element_type=\"widget\" data-widget_type=\"text-editor.default\">\n\t\t\t\t<div class=\"elementor-widget-container\">\n\t\t\t\t\t\t\t<p><strong>2012-2013 studij\u0173 metai<\/strong><br \/><em>Parodos\/pristatymo pavadinimas; Parodos\/pristatymo autorius(iai)<\/em><\/p><ul><li>Personalin\u0117 tapybos darb\u0173 paroda Duset\u0173 dail\u0117s galerijoje; L. \u017dutautien\u0117.<\/li><li>Tapybos darb\u0173 ciklo \u201eArnotai\u201c paroda Labanoro \u201e \u0160v. Mergel\u0117s Marijos gimimo ba\u017eny\u010dioje\u201c; L. \u017dutautien\u0117.<\/li><li>Tarptautinis pleneras ir paroda Palemuso muziejuje Estijoje , Luua 2012. 06. 29 \u2013 2012. 07. 07; L.Tamo\u0161evi\u010dien\u0117.<\/li><li>Personalin\u0117 k\u016brybini\u0173 darb\u0173 paroda Utenos Kra\u0161totyros muziejuje.; V. Adamonis.<\/li><li>Fotografijos technologijos specialyb\u0117s student\u0173 diplomini\u0173 darb\u0173 paroda miesto gimnazijose: Karolini\u0161ki\u0173 gimnazija, Minties gimnazija, \u017dv\u0117ryno; R.Dauk\u0161a.<\/li><li>Dail\u0117s ugdytoj\u0173 paroda Kauno kolegijoje; J.Kanapickait\u0117.<\/li><li>Vilniaus technologij\u0173 ir dizaino kolegijos d\u0117stytoj\u0173 darb\u0173 paroda Lietuvos Respublikos seime; J.Kanapickait\u0117.<\/li><li>VTDK Fotografijos technologij\u0173 studij\u0173 programos d\u0117stytoj\u0173 paroda \u201eMes fotografuojame; V.Antanavi\u010di\u016bt\u0117, R.Valujavi\u010dien\u0117, A.Valiauga, A,Ru\u017e\u0117, R.Dauk\u0161a, E.Ja\u0161k\u016bnien\u0117.<\/li><li>Fotomeninink\u0173 s\u0105jungos paroda Vilniaus Rotu\u0161\u0117je.; V.Antanavi\u010di\u016bt\u0117-Me\u0161kauskien\u0117.<\/li><li>Personalin\u0117 paroda Kinijoje; V.Antanavi\u010di\u016bt\u0117-Me\u0161kauskien\u0117.<\/li><li>Facebook grupi\u0173 VTDK grafinio dizaino katedra ir VTDK grafinis dizainas administravimas ir informacin\u0117s med\u017eiagos teikimas; L. Butrimien\u0117, J. Malinauskas.<\/li><\/ul><p>\u00a0<\/p><p><strong>2011-2012 studij\u0173 metai<\/strong><br \/><em>Parodos\/pristatymo pavadinimas; Parodos\/pristatymo autorius(iai)<\/em><\/p><ul><li>Personalin\u0117 tapybos darb\u0173 paroda Lietuvos Respublikos Seime; L.\u017dutautien\u0117.<\/li><li>Personalin\u0117 keramikos paroda Anyk\u0161\u010diuose, R.Pranckevi\u010di\u016bt\u0117.<\/li><li>Facebook grupi\u0173 VTDK grafinio dizaino katedra ir VTDK grafinis dizainas administravimas ir informacin\u0117s med\u017eiagos teikimas; L. Butrimien\u0117, J. Malinauskas.<\/li><li>LR Seimas, d\u0117stytoj\u0173 paroda; J.Kanapickait\u0117.<\/li><\/ul><p>\u00a0<\/p><p><strong>2010-2011 studij\u0173 metai<\/strong><br \/><em>Parodos\/pristatymo pavadinimas; Parodos\/pristatymo autorius(iai)<\/em><\/p><ul><li>Tarptautinis animacini\u0173 film\u0173 festivalis \u201eTindirindis -2010\u201c; V. A\u0161kinis, J. Leikait\u0117.<\/li><li>K\u016brybos vakaras Jurbarko kult\u016bros centre; S. Ber\u017einis.<\/li><li>Laida, skirta S. Ber\u017einio k\u016brybai \u2013 TV1; S. Ber\u017einis.<\/li><li>Spring, Icograda dizaino savait\u0117; A.Gai\u017eauskas, organizacinio komiteto narys.<\/li><li>BeePilait\u0117 (beepart) Pilait\u0117. Pilait\u0117s mikrorajono \u0161vent\u0117. Kult\u016brin\u0117s erdv\u0117s pristatymas gyventojams. Lauko ekpozicija \u2013performansas (su studentais D19); J. Kanapickait\u0117.<\/li><li>WRO bienal\u0117; D.Gai\u017eauskien\u0117, A.Gai\u017eauskas.<\/li><li>Zannota: Transforma; D.Gai\u017eauskien\u0117, A.Gai\u017eauskas.<\/li><li>Facebook grupi\u0173 VTDK grafinio dizaino katedra ir VTDK grafinis dizainas suk\u016brimas, pristatymas ir administravimas; L. Butrimien\u0117, J. Malinauskas.<\/li><\/ul><p>\u00a0<\/p><p><strong>2009-2010 studij\u0173 metai<\/strong><br \/><em>Parodos\/pristatymo pavadinimas; Parodos\/pristatymo autorius(iai)<\/em><\/p><ul><li>Tarptautinis animacini\u0173 film\u0173 festivalis \u201eTindirindis -2010\u201c; V.A\u0161kinis.<\/li><li>Vilniaus technologij\u0173 ir dizaino kolegijos d\u0117stytoj\u0173 k\u016brybini\u0173 darb\u0173 paroda Lietuvos Respublikos seime. (dalyv\u0117) A.Gai\u017eauskas, J.Kanapickait\u0117.<\/li><li>Projekto \u201eTarptautin\u0117s animacijos meistr\u0173 k\u016brybin\u0117s dirbtuv\u0117s \u201eMaster Class 2010\u201c autor\u0117; J.Leikait\u0117 &#8211; A\u0161kinien\u0117.<\/li><li>Projekto \u201eLietuvi\u0173 kalbos pamok\u0173 audiovizualin\u0117s med\u017eiagos parengimas\u201c bendraautor\u0117; J.Leikait\u0117 &#8211; A\u0161kinien\u0117.<\/li><li>Edukacinio projekto knyga \u201eKaip kuriamas animacinis filmas\u201c autor\u0117; J.Leikait\u0117 &#8211; A\u0161kinien\u0117.<\/li><li>Edukacin\u0117 paroda \u201eKaip kuriama animacija\u201c. Kino teatras \u201eCoca Cola Plaza Forum Cinemas Vingis\u201c Vilniuje; J.Leikait\u0117 &#8211; A\u0161kinien\u0117.<\/li><li>Dalyvavimas lietuvi\u0161k\u0173 animacini\u0173 film\u0173 retrospektyviniame pristatyme terptautiniame animacini\u0173 film\u0173 festivalyje \u201eAnifest 10\u201c. Teplica, \u010cekija; J.Leikait\u0117 &#8211; A\u0161kinien\u0117.<\/li><li>Mini Print International of KIEV 2010 (dalyv\u0117). National Ukrainian Academy of Fine Arts and Architecture; J.Kanapickait\u0117.<\/li><li>Antrasis tarptautinis fotografijos meno festivalis Vilniuje IN FOCUS 2010, \u201eFotosofija\u201c; J.Kanapickait\u0117.<\/li><li>\u017demes ir aplinkos meno paroda \u201eutopija\u201d. Vilniaus universiteto Botanikos sode (Kairen\u0173 g. 43); J.Kanapickait\u0117.<\/li><li>Keturi\u0173 kolegij\u0173 plenero paroda &#8220;KOPOS 2009&#8221; Vilniaus kolegijoje. Parodos kurator\u0117.; J.Kanapickait\u0117.<\/li><li>Parodos \u201eNida, kopos ir a\u0161\u201c 2009 11-12 VTDK Technikos bibliotekoje kurator\u0117 ; J.Kanapickait\u0117.<\/li><li>Vilniaus technologij\u0173 ir dizaino kolegijos kal\u0117dini\u0173 atviruk\u0173 paroda 2009-2010 ; J.Kanapickait\u0117.<\/li><li>\u201eNamie vieni\u201c. Tarptautinis film\u0173 festivalis \u201eThis human World\u201c (Viena, Austrija); S.Ber\u017einis.<\/li><li>Vaizdo filmo \u201c\u2026jie mane paliko\u201d pristatymas. Jurbarko liaudies teatras, minint Konstanto Glinskio teatro 50-ties met\u0173 jubiliejiniuose renginiuose; S.Ber\u017einis.<\/li><li>TV transliacija: \u201eNamie vieni\u201c. TV 3; S.Ber\u017einis.<\/li><li>\u201e\u2026 Ir \u0161irdis i\u0161keliauja\u201c. TV 3; S.Ber\u017einis.<\/li><li>TV transliacija; J.Leikait\u0117 &#8211; A\u0161kinien\u0117.<\/li><li>DVD disko \u201eMa\u017eosios pasak\u0117l\u0117s. Lietuvi\u0173 animacija vaikams\u201c pristatymas. Kino teatras \u201eCoca Cola Plaza Forum Cinemas Vingis\u201c Vilniuje; .<\/li><\/ul><p>\u00a0<\/p><p><strong>2008-2009 studij\u0173 metai<br \/><\/strong><em>Parodos\/pristatymo pavadinimas; Parodos\/pristatymo autorius(iai)<\/em><\/p><ul><li>Filmo \u201e&#8230;ir \u0161irdis i\u0161keliauja \u201efragment\u0173 pristatymas ; S. Ber\u017einis.<\/li><li>Gamtos meno projektas \u201eGAMTA ir MES\u201c \/\/ Vilnius Europos kult\u016bros sostin\u0117 2009 projektas \u201eMenas netik\u0117tose erdv\u0117se. \u017dem\u0117s meno ir objekt\u0173 paroda\u201c ; J. Kanapickait\u0117 (parodos dalyv\u0117).<\/li><li>Personalin\u0117 k\u016brybos paroda ir film\u0173 pristatymas \u201ePaveikslai i\u0161 animacini\u0173 film\u0173\u201c. Parodos metu pristatytas DVD diskas \u201eLietuvi\u0173 animacija. \u0160vent\u0117s ir sakm\u0117s\u201c; J. Leikait\u0117-A\u0161kinien\u0117.<\/li><li>Organizuota paroda \u201eKadrai i\u0161 Lietuvoje sukurt\u0173 animacini\u0173 film\u0173\u201c; J. Leikait\u0117-A\u0161kinien\u0117.<\/li><li>VTDK interaktyvaus dizaino student\u0173 film\u0173 per\u017ei\u016bra \u201eIntervana 2008\u201c; J. Leikait\u0117-A\u0161kinien\u0117 (per\u017ei\u016bros organizator\u0117).<\/li><li>Filmo \u201e&#8230; Namie vieni\u201c pristatymas ; S. Ber\u017einis.<\/li><li>The 1 st International Competition Exhibition Mini Print and Ex libris. Art and the Mountain 2008. ; J. Kanapickait\u0117 (parodos dalyv\u0117).<\/li><li>Filmo \u201e&#8230;ir \u0161irdis i\u0161keliauja \u201efragment\u0173 pristatymas Lietuvos reanimatolog\u0173 konferencijoje ; S. Ber\u017einis.<\/li><li>Vilniaus universiteto Kult\u016bros centro projektas \u201eInteraktyvusis teatras \u201ePenktadieninis menas\u201c ; J. Kanapickait\u0117 (parodos dalyv\u0117).<\/li><li>Personalin\u0117 edukacin\u0117 paroda \u201eKaip buvo kuriamas A\/f \u201eU\u017egav\u0117n\u0117s\u201c; J. Leikait\u0117-A\u0161kinien\u0117.<\/li><li>Vilniaus universiteto Kult\u016bros centro Tarptautinis keliaujantis netradicin\u0117s men\u0173 sintez\u0117s festivalis \u201eATVIRA-4\u201c ; J. Kanapickait\u0117 (parodos dalyv\u0117).<\/li><li>Paroda ,,Link\u0117jimai i\u0161 Provanso\u201c; D. Poci\u016bt\u0117, R. Rimkien\u0117, B. Dmitrijevas.<\/li><li>Plenero Provanse darb\u0173 paroda: tapyba, grafika, fotografija ; D. Poci\u016bt\u0117, R. Rimkien\u0117, .<\/li><li>Tyrimo, atlikto pagal tarptautin\u012f projekt\u0105 \u201cParents school\u201d, pristatymas; A. Montrimien\u0117. B. Dmitrijevas.<\/li><li>Pleneras \u201eKopos 2009\u201c: keturi\u0173 Lietuvos kolegij\u0173 student\u0173 ir d\u0117stytoj\u0173 k\u016brybin\u0117s dirbtuv\u0117s Nidoje, Smiltel\u0117je; J. Kanapickait\u0117 (parodos dalyv\u0117).<\/li><li>MIFA tarptautin\u0117je animacini\u0173 film\u0173 mug\u0117je A\/f \u201eAukso \u017eirgas\u201c pristatymas; J. Leikait\u0117-A\u0161kinien\u0117.<\/li><\/ul>\t\t\t\t\t\t<\/div>\n\t\t\t\t<\/div>\n\t\t\t\t\t<\/div>\n\t\t<\/div>\n\t\t\t\t\t\t\t<\/div>\n\t\t<\/section>\n\t\t\t\t<section class=\"elementor-section elementor-top-section elementor-element elementor-element-3d2d2a9 elementor-section-boxed elementor-section-height-default elementor-section-height-default\" data-id=\"3d2d2a9\" data-element_type=\"section\">\n\t\t\t\t\t\t<div class=\"elementor-container elementor-column-gap-default\">\n\t\t\t\t\t<div class=\"elementor-column elementor-col-100 elementor-top-column elementor-element elementor-element-a33d0f3\" data-id=\"a33d0f3\" data-element_type=\"column\">\n\t\t\t<div class=\"elementor-widget-wrap elementor-element-populated\">\n\t\t\t\t\t\t\t\t<div class=\"elementor-element elementor-element-dcedab1 elementor-widget elementor-widget-spacer\" data-id=\"dcedab1\" data-element_type=\"widget\" data-widget_type=\"spacer.default\">\n\t\t\t\t<div class=\"elementor-widget-container\">\n\t\t\t\t\t<div class=\"elementor-spacer\">\n\t\t\t<div class=\"elementor-spacer-inner\"><\/div>\n\t\t<\/div>\n\t\t\t\t<\/div>\n\t\t\t\t<\/div>\n\t\t\t\t\t<\/div>\n\t\t<\/div>\n\t\t\t\t\t\t\t<\/div>\n\t\t<\/section>\n\t\t\t\t\t\t\t<\/div>\n\t\t","protected":false},"excerpt":{"rendered":"<p>Vilniaus technologij\u0173 ir dizaino kolegija \u2013 \u010dia hobis virsta profesija! 2012-2013 studij\u0173 metaiParodos\/pristatymo pavadinimas; Parodos\/pristatymo autorius(iai) Personalin\u0117 tapybos darb\u0173 paroda Duset\u0173 dail\u0117s galerijoje; L. \u017dutautien\u0117. Tapybos darb\u0173 ciklo \u201eArnotai\u201c paroda Labanoro \u201e \u0160v. Mergel\u0117s Marijos gimimo ba\u017eny\u010dioje\u201c; L. \u017dutautien\u0117. Tarptautinis pleneras ir paroda Palemuso muziejuje Estijoje , Luua 2012. 06. 29 \u2013 2012. 07. 07;&#8230;<\/p>\n","protected":false},"author":1,"featured_media":0,"parent":991495,"menu_order":0,"comment_status":"closed","ping_status":"closed","template":"","meta":{"inline_featured_image":false,"footnotes":""},"class_list":["post-991521","page","type-page","status-publish","hentry"],"yoast_head":"<!-- This site is optimized with the Yoast SEO plugin v19.12 - https:\/\/yoast.com\/wordpress\/plugins\/seo\/ -->\n<title>Parodos - vtdko<\/title>\n<meta name=\"robots\" content=\"noindex, follow, max-snippet:-1, max-image-preview:large, max-video-preview:-1\" \/>\n<meta property=\"og:locale\" content=\"lt_LT\" \/>\n<meta property=\"og:type\" content=\"article\" \/>\n<meta property=\"og:title\" content=\"Parodos - vtdko\" \/>\n<meta property=\"og:description\" content=\"Vilniaus technologij\u0173 ir dizaino kolegija \u2013 \u010dia hobis virsta profesija! 2012-2013 studij\u0173 metaiParodos\/pristatymo pavadinimas; Parodos\/pristatymo autorius(iai) Personalin\u0117 tapybos darb\u0173 paroda Duset\u0173 dail\u0117s galerijoje; L. \u017dutautien\u0117. Tapybos darb\u0173 ciklo \u201eArnotai\u201c paroda Labanoro \u201e \u0160v. Mergel\u0117s Marijos gimimo ba\u017eny\u010dioje\u201c; L. \u017dutautien\u0117. Tarptautinis pleneras ir paroda Palemuso muziejuje Estijoje , Luua 2012. 06. 29 \u2013 2012. 07. 07;...\" \/>\n<meta property=\"og:url\" content=\"https:\/\/wp.adisoft.lt\/vtdko\/visuomenei\/menine-veikla\/parodos\/\" \/>\n<meta property=\"og:site_name\" content=\"vtdko\" \/>\n<meta property=\"article:modified_time\" content=\"2022-12-16T19:39:03+00:00\" \/>\n<meta name=\"twitter:card\" content=\"summary_large_image\" \/>\n<meta name=\"twitter:label1\" content=\"Est. reading time\" \/>\n\t<meta name=\"twitter:data1\" content=\"4 minut\u0117s\" \/>\n<script type=\"application\/ld+json\" class=\"yoast-schema-graph\">{\"@context\":\"https:\/\/schema.org\",\"@graph\":[{\"@type\":\"WebPage\",\"@id\":\"https:\/\/wp.adisoft.lt\/vtdko\/visuomenei\/menine-veikla\/parodos\/\",\"url\":\"https:\/\/wp.adisoft.lt\/vtdko\/visuomenei\/menine-veikla\/parodos\/\",\"name\":\"Parodos - vtdko\",\"isPartOf\":{\"@id\":\"https:\/\/wp.adisoft.lt\/vtdko\/#website\"},\"datePublished\":\"2022-10-26T07:22:02+00:00\",\"dateModified\":\"2022-12-16T19:39:03+00:00\",\"breadcrumb\":{\"@id\":\"https:\/\/wp.adisoft.lt\/vtdko\/visuomenei\/menine-veikla\/parodos\/#breadcrumb\"},\"inLanguage\":\"lt-LT\",\"potentialAction\":[{\"@type\":\"ReadAction\",\"target\":[\"https:\/\/wp.adisoft.lt\/vtdko\/visuomenei\/menine-veikla\/parodos\/\"]}]},{\"@type\":\"BreadcrumbList\",\"@id\":\"https:\/\/wp.adisoft.lt\/vtdko\/visuomenei\/menine-veikla\/parodos\/#breadcrumb\",\"itemListElement\":[{\"@type\":\"ListItem\",\"position\":1,\"name\":\"Pagrindinis\",\"item\":\"https:\/\/wp.adisoft.lt\/vtdko\/\"},{\"@type\":\"ListItem\",\"position\":2,\"name\":\"Visuomenei\",\"item\":\"https:\/\/wp.adisoft.lt\/vtdko\/visuomenei\/\"},{\"@type\":\"ListItem\",\"position\":3,\"name\":\"Menin\u0117 veikla\",\"item\":\"https:\/\/wp.adisoft.lt\/vtdko\/visuomenei\/menine-veikla\/\"},{\"@type\":\"ListItem\",\"position\":4,\"name\":\"Parodos\"}]},{\"@type\":\"WebSite\",\"@id\":\"https:\/\/wp.adisoft.lt\/vtdko\/#website\",\"url\":\"https:\/\/wp.adisoft.lt\/vtdko\/\",\"name\":\"vtdko\",\"description\":\"Vilniaus technologij\u0173 ir dizaino kolegija\",\"publisher\":{\"@id\":\"https:\/\/wp.adisoft.lt\/vtdko\/#organization\"},\"potentialAction\":[{\"@type\":\"SearchAction\",\"target\":{\"@type\":\"EntryPoint\",\"urlTemplate\":\"https:\/\/wp.adisoft.lt\/vtdko\/?s={search_term_string}\"},\"query-input\":\"required name=search_term_string\"}],\"inLanguage\":\"lt-LT\"},{\"@type\":\"Organization\",\"@id\":\"https:\/\/wp.adisoft.lt\/vtdko\/#organization\",\"name\":\"vtdko\",\"url\":\"https:\/\/wp.adisoft.lt\/vtdko\/\",\"logo\":{\"@type\":\"ImageObject\",\"inLanguage\":\"lt-LT\",\"@id\":\"https:\/\/wp.adisoft.lt\/vtdko\/#\/schema\/logo\/image\/\",\"url\":\"https:\/\/wp.adisoft.lt\/vtdko\/wp-content\/uploads\/2020\/02\/Logo-su-tekstu-01.svg\",\"contentUrl\":\"https:\/\/wp.adisoft.lt\/vtdko\/wp-content\/uploads\/2020\/02\/Logo-su-tekstu-01.svg\",\"width\":151,\"height\":74,\"caption\":\"vtdko\"},\"image\":{\"@id\":\"https:\/\/wp.adisoft.lt\/vtdko\/#\/schema\/logo\/image\/\"}}]}<\/script>\n<!-- \/ Yoast SEO plugin. -->","yoast_head_json":{"title":"Parodos - vtdko","robots":{"index":"noindex","follow":"follow","max-snippet":"max-snippet:-1","max-image-preview":"max-image-preview:large","max-video-preview":"max-video-preview:-1"},"og_locale":"lt_LT","og_type":"article","og_title":"Parodos - vtdko","og_description":"Vilniaus technologij\u0173 ir dizaino kolegija \u2013 \u010dia hobis virsta profesija! 2012-2013 studij\u0173 metaiParodos\/pristatymo pavadinimas; Parodos\/pristatymo autorius(iai) Personalin\u0117 tapybos darb\u0173 paroda Duset\u0173 dail\u0117s galerijoje; L. \u017dutautien\u0117. Tapybos darb\u0173 ciklo \u201eArnotai\u201c paroda Labanoro \u201e \u0160v. Mergel\u0117s Marijos gimimo ba\u017eny\u010dioje\u201c; L. \u017dutautien\u0117. Tarptautinis pleneras ir paroda Palemuso muziejuje Estijoje , Luua 2012. 06. 29 \u2013 2012. 07. 07;...","og_url":"https:\/\/wp.adisoft.lt\/vtdko\/visuomenei\/menine-veikla\/parodos\/","og_site_name":"vtdko","article_modified_time":"2022-12-16T19:39:03+00:00","twitter_card":"summary_large_image","twitter_misc":{"Est. reading time":"4 minut\u0117s"},"schema":{"@context":"https:\/\/schema.org","@graph":[{"@type":"WebPage","@id":"https:\/\/wp.adisoft.lt\/vtdko\/visuomenei\/menine-veikla\/parodos\/","url":"https:\/\/wp.adisoft.lt\/vtdko\/visuomenei\/menine-veikla\/parodos\/","name":"Parodos - vtdko","isPartOf":{"@id":"https:\/\/wp.adisoft.lt\/vtdko\/#website"},"datePublished":"2022-10-26T07:22:02+00:00","dateModified":"2022-12-16T19:39:03+00:00","breadcrumb":{"@id":"https:\/\/wp.adisoft.lt\/vtdko\/visuomenei\/menine-veikla\/parodos\/#breadcrumb"},"inLanguage":"lt-LT","potentialAction":[{"@type":"ReadAction","target":["https:\/\/wp.adisoft.lt\/vtdko\/visuomenei\/menine-veikla\/parodos\/"]}]},{"@type":"BreadcrumbList","@id":"https:\/\/wp.adisoft.lt\/vtdko\/visuomenei\/menine-veikla\/parodos\/#breadcrumb","itemListElement":[{"@type":"ListItem","position":1,"name":"Pagrindinis","item":"https:\/\/wp.adisoft.lt\/vtdko\/"},{"@type":"ListItem","position":2,"name":"Visuomenei","item":"https:\/\/wp.adisoft.lt\/vtdko\/visuomenei\/"},{"@type":"ListItem","position":3,"name":"Menin\u0117 veikla","item":"https:\/\/wp.adisoft.lt\/vtdko\/visuomenei\/menine-veikla\/"},{"@type":"ListItem","position":4,"name":"Parodos"}]},{"@type":"WebSite","@id":"https:\/\/wp.adisoft.lt\/vtdko\/#website","url":"https:\/\/wp.adisoft.lt\/vtdko\/","name":"vtdko","description":"Vilniaus technologij\u0173 ir dizaino kolegija","publisher":{"@id":"https:\/\/wp.adisoft.lt\/vtdko\/#organization"},"potentialAction":[{"@type":"SearchAction","target":{"@type":"EntryPoint","urlTemplate":"https:\/\/wp.adisoft.lt\/vtdko\/?s={search_term_string}"},"query-input":"required name=search_term_string"}],"inLanguage":"lt-LT"},{"@type":"Organization","@id":"https:\/\/wp.adisoft.lt\/vtdko\/#organization","name":"vtdko","url":"https:\/\/wp.adisoft.lt\/vtdko\/","logo":{"@type":"ImageObject","inLanguage":"lt-LT","@id":"https:\/\/wp.adisoft.lt\/vtdko\/#\/schema\/logo\/image\/","url":"https:\/\/wp.adisoft.lt\/vtdko\/wp-content\/uploads\/2020\/02\/Logo-su-tekstu-01.svg","contentUrl":"https:\/\/wp.adisoft.lt\/vtdko\/wp-content\/uploads\/2020\/02\/Logo-su-tekstu-01.svg","width":151,"height":74,"caption":"vtdko"},"image":{"@id":"https:\/\/wp.adisoft.lt\/vtdko\/#\/schema\/logo\/image\/"}}]}},"_links":{"self":[{"href":"https:\/\/wp.adisoft.lt\/vtdko\/wp-json\/wp\/v2\/pages\/991521","targetHints":{"allow":["GET"]}}],"collection":[{"href":"https:\/\/wp.adisoft.lt\/vtdko\/wp-json\/wp\/v2\/pages"}],"about":[{"href":"https:\/\/wp.adisoft.lt\/vtdko\/wp-json\/wp\/v2\/types\/page"}],"author":[{"embeddable":true,"href":"https:\/\/wp.adisoft.lt\/vtdko\/wp-json\/wp\/v2\/users\/1"}],"replies":[{"embeddable":true,"href":"https:\/\/wp.adisoft.lt\/vtdko\/wp-json\/wp\/v2\/comments?post=991521"}],"version-history":[{"count":10,"href":"https:\/\/wp.adisoft.lt\/vtdko\/wp-json\/wp\/v2\/pages\/991521\/revisions"}],"predecessor-version":[{"id":993383,"href":"https:\/\/wp.adisoft.lt\/vtdko\/wp-json\/wp\/v2\/pages\/991521\/revisions\/993383"}],"up":[{"embeddable":true,"href":"https:\/\/wp.adisoft.lt\/vtdko\/wp-json\/wp\/v2\/pages\/991495"}],"wp:attachment":[{"href":"https:\/\/wp.adisoft.lt\/vtdko\/wp-json\/wp\/v2\/media?parent=991521"}],"curies":[{"name":"wp","href":"https:\/\/api.w.org\/{rel}","templated":true}]}}