{"id":991566,"date":"2022-10-26T10:39:53","date_gmt":"2022-10-26T07:39:53","guid":{"rendered":"https:\/\/wp.adisoft.lt\/vtdko\/?page_id=991566"},"modified":"2022-12-16T22:43:32","modified_gmt":"2022-12-16T19:43:32","slug":"mokesciai-autoriams","status":"publish","type":"page","link":"https:\/\/wp.adisoft.lt\/vtdko\/visuomenei\/zurnalas-technologijos-ir-menas\/mokesciai-autoriams\/","title":{"rendered":"Mokes\u010diai autoriams"},"content":{"rendered":"\t\t<div data-elementor-type=\"wp-page\" data-elementor-id=\"991566\" class=\"elementor elementor-991566\">\n\t\t\t\t\t\t\t\t\t<section class=\"elementor-section elementor-top-section elementor-element elementor-element-069da6b elementor-section-height-min-height elementor-section-boxed elementor-section-height-default elementor-section-items-middle\" data-id=\"069da6b\" data-element_type=\"section\" data-settings=\"{&quot;background_background&quot;:&quot;classic&quot;,&quot;animation&quot;:&quot;none&quot;}\">\n\t\t\t\t\t\t<div class=\"elementor-container elementor-column-gap-default\">\n\t\t\t\t\t<div class=\"elementor-column elementor-col-100 elementor-top-column elementor-element elementor-element-823b931\" data-id=\"823b931\" data-element_type=\"column\" data-settings=\"{&quot;background_background&quot;:&quot;classic&quot;}\">\n\t\t\t<div class=\"elementor-widget-wrap\">\n\t\t\t\t\t\t\t\t\t<\/div>\n\t\t<\/div>\n\t\t\t\t\t\t\t<\/div>\n\t\t<\/section>\n\t\t\t\t<section class=\"elementor-section elementor-top-section elementor-element elementor-element-484fbc1 elementor-section-boxed elementor-section-height-default elementor-section-height-default\" data-id=\"484fbc1\" data-element_type=\"section\" data-settings=\"{&quot;animation&quot;:&quot;none&quot;,&quot;animation_tablet&quot;:&quot;none&quot;,&quot;animation_mobile&quot;:&quot;none&quot;}\">\n\t\t\t\t\t\t<div class=\"elementor-container elementor-column-gap-no\">\n\t\t\t\t\t<div class=\"elementor-column elementor-col-50 elementor-top-column elementor-element elementor-element-4115bf9 animated-fast elementor-invisible\" data-id=\"4115bf9\" data-element_type=\"column\" data-settings=\"{&quot;background_background&quot;:&quot;classic&quot;,&quot;animation&quot;:&quot;fadeIn&quot;,&quot;animation_delay&quot;:100}\">\n\t\t\t<div class=\"elementor-widget-wrap elementor-element-populated\">\n\t\t\t\t\t\t\t\t<div class=\"elementor-element elementor-element-459f078 elementor-widget elementor-widget-text-editor\" data-id=\"459f078\" data-element_type=\"widget\" data-settings=\"{&quot;_animation&quot;:&quot;none&quot;,&quot;_animation_delay&quot;:300}\" data-widget_type=\"text-editor.default\">\n\t\t\t\t<div class=\"elementor-widget-container\">\n\t\t\t\t\t\t\t<p>Vilniaus technologij\u0173 ir dizaino kolegija \u2013 \u010dia hobis virsta profesija!<\/p>\t\t\t\t\t\t<\/div>\n\t\t\t\t<\/div>\n\t\t\t\t\t<\/div>\n\t\t<\/div>\n\t\t\t\t<div class=\"elementor-column elementor-col-50 elementor-top-column elementor-element elementor-element-97b1242 elementor-hidden-desktop elementor-hidden-tablet elementor-hidden-phone\" data-id=\"97b1242\" data-element_type=\"column\">\n\t\t\t<div class=\"elementor-widget-wrap\">\n\t\t\t\t\t\t\t\t\t<\/div>\n\t\t<\/div>\n\t\t\t\t\t\t\t<\/div>\n\t\t<\/section>\n\t\t\t\t<section class=\"elementor-section elementor-top-section elementor-element elementor-element-8f37da3 elementor-section-boxed elementor-section-height-default elementor-section-height-default\" data-id=\"8f37da3\" data-element_type=\"section\">\n\t\t\t\t\t\t<div class=\"elementor-container elementor-column-gap-default\">\n\t\t\t\t\t<div class=\"elementor-column elementor-col-100 elementor-top-column elementor-element elementor-element-076b17f\" data-id=\"076b17f\" data-element_type=\"column\">\n\t\t\t<div class=\"elementor-widget-wrap elementor-element-populated\">\n\t\t\t\t\t\t\t\t<div class=\"elementor-element elementor-element-d0810fa elementor-widget elementor-widget-spacer\" data-id=\"d0810fa\" data-element_type=\"widget\" data-widget_type=\"spacer.default\">\n\t\t\t\t<div class=\"elementor-widget-container\">\n\t\t\t\t\t<div class=\"elementor-spacer\">\n\t\t\t<div class=\"elementor-spacer-inner\"><\/div>\n\t\t<\/div>\n\t\t\t\t<\/div>\n\t\t\t\t<\/div>\n\t\t\t\t\t<\/div>\n\t\t<\/div>\n\t\t\t\t\t\t\t<\/div>\n\t\t<\/section>\n\t\t\t\t<section class=\"elementor-section elementor-top-section elementor-element elementor-element-64e2867 elementor-section-boxed elementor-section-height-default elementor-section-height-default\" data-id=\"64e2867\" data-element_type=\"section\">\n\t\t\t\t\t\t<div class=\"elementor-container elementor-column-gap-default\">\n\t\t\t\t\t<div class=\"elementor-column elementor-col-100 elementor-top-column elementor-element elementor-element-8032361\" data-id=\"8032361\" data-element_type=\"column\">\n\t\t\t<div class=\"elementor-widget-wrap elementor-element-populated\">\n\t\t\t\t\t\t\t\t<div class=\"elementor-element elementor-element-77b5c7b elementor-widget elementor-widget-text-editor\" data-id=\"77b5c7b\" data-element_type=\"widget\" data-widget_type=\"text-editor.default\">\n\t\t\t\t<div class=\"elementor-widget-container\">\n\t\t\t\t\t\t\t<p>Mokestis u\u017e publikavim\u0105 \u2013 20 Eur u\u017e vien\u0105 straipsn\u012f, nepriklausomai nuo autori\u0173 skai\u010diaus. \u0160is mokestis padengia dal\u012f leidybos i\u0161laid\u0173. Mokest\u012f u\u017e straipsnio publikavim\u0105 mok\u0117ti pavedimu \u012f VTDK Swedbank banko s\u0105skait\u0105.<\/p><table class=\"table\"><tbody><tr><td><strong>VTDK rekvizitai<\/strong><\/td><\/tr><tr><td>Vilniaus technologij\u0173 ir dizaino kolegija;<br \/>a\/s LT497300010084403918;<br \/>AB Swedbank, banko kodas 73000;<br \/>\u012emon\u0117s kodas: 111967673;<br \/>Ne PVM mok\u0117toja.<\/td><\/tr><\/tbody><\/table><p>PVM s\u0105skaitai \u2013 fakt\u016brai gauti b\u016btina nurodyti tiksl\u0173 organizacijos pavadinim\u0105, adres\u0105, \u012fmon\u0117s kod\u0105, PVM mok\u0117tojo kod\u0105 ir pateikti VTDK buhalterijos skyriui.<\/p><p>Mokestis u\u017e straipsn\u012f mokamas tik gavus \u017eurnalo \u201e<strong>Technologija ir menas. Tyrimai ir aktualijos<\/strong>\u201c redakcin\u0117s kolegijos patvirtinim\u0105 apie straipsnio tinkamum\u0105 publikuoti. Mokestis turi b\u016bti sumok\u0117tas per 10 darbo dien\u0173 nuo \u017einut\u0117s i\u0161 redakcin\u0117s kolegijos gavimo.<\/p>\t\t\t\t\t\t<\/div>\n\t\t\t\t<\/div>\n\t\t\t\t\t<\/div>\n\t\t<\/div>\n\t\t\t\t\t\t\t<\/div>\n\t\t<\/section>\n\t\t\t\t<section class=\"elementor-section elementor-top-section elementor-element elementor-element-3d2d2a9 elementor-section-boxed elementor-section-height-default elementor-section-height-default\" data-id=\"3d2d2a9\" data-element_type=\"section\">\n\t\t\t\t\t\t<div class=\"elementor-container elementor-column-gap-default\">\n\t\t\t\t\t<div class=\"elementor-column elementor-col-100 elementor-top-column elementor-element elementor-element-a33d0f3\" data-id=\"a33d0f3\" data-element_type=\"column\">\n\t\t\t<div class=\"elementor-widget-wrap elementor-element-populated\">\n\t\t\t\t\t\t\t\t<div class=\"elementor-element elementor-element-dcedab1 elementor-widget elementor-widget-spacer\" data-id=\"dcedab1\" data-element_type=\"widget\" data-widget_type=\"spacer.default\">\n\t\t\t\t<div class=\"elementor-widget-container\">\n\t\t\t\t\t<div class=\"elementor-spacer\">\n\t\t\t<div class=\"elementor-spacer-inner\"><\/div>\n\t\t<\/div>\n\t\t\t\t<\/div>\n\t\t\t\t<\/div>\n\t\t\t\t\t<\/div>\n\t\t<\/div>\n\t\t\t\t\t\t\t<\/div>\n\t\t<\/section>\n\t\t\t\t\t\t\t<\/div>\n\t\t","protected":false},"excerpt":{"rendered":"<p>Vilniaus technologij\u0173 ir dizaino kolegija \u2013 \u010dia hobis virsta profesija! Mokestis u\u017e publikavim\u0105 \u2013 20 Eur u\u017e vien\u0105 straipsn\u012f, nepriklausomai nuo autori\u0173 skai\u010diaus. \u0160is mokestis padengia dal\u012f leidybos i\u0161laid\u0173. Mokest\u012f u\u017e straipsnio publikavim\u0105 mok\u0117ti pavedimu \u012f VTDK Swedbank banko s\u0105skait\u0105. VTDK rekvizitai Vilniaus technologij\u0173 ir dizaino kolegija;a\/s LT497300010084403918;AB Swedbank, banko kodas 73000;\u012emon\u0117s kodas: 111967673;Ne PVM&#8230;<\/p>\n","protected":false},"author":1,"featured_media":0,"parent":991563,"menu_order":0,"comment_status":"closed","ping_status":"closed","template":"","meta":{"inline_featured_image":false,"footnotes":""},"class_list":["post-991566","page","type-page","status-publish","hentry"],"yoast_head":"<!-- This site is optimized with the Yoast SEO plugin v19.12 - https:\/\/yoast.com\/wordpress\/plugins\/seo\/ -->\n<title>Mokes\u010diai autoriams - vtdko<\/title>\n<meta name=\"robots\" content=\"noindex, follow, max-snippet:-1, max-image-preview:large, max-video-preview:-1\" \/>\n<meta property=\"og:locale\" content=\"lt_LT\" \/>\n<meta property=\"og:type\" content=\"article\" \/>\n<meta property=\"og:title\" content=\"Mokes\u010diai autoriams - vtdko\" \/>\n<meta property=\"og:description\" content=\"Vilniaus technologij\u0173 ir dizaino kolegija \u2013 \u010dia hobis virsta profesija! Mokestis u\u017e publikavim\u0105 \u2013 20 Eur u\u017e vien\u0105 straipsn\u012f, nepriklausomai nuo autori\u0173 skai\u010diaus. \u0160is mokestis padengia dal\u012f leidybos i\u0161laid\u0173. Mokest\u012f u\u017e straipsnio publikavim\u0105 mok\u0117ti pavedimu \u012f VTDK Swedbank banko s\u0105skait\u0105. VTDK rekvizitai Vilniaus technologij\u0173 ir dizaino kolegija;a\/s LT497300010084403918;AB Swedbank, banko kodas 73000;\u012emon\u0117s kodas: 111967673;Ne PVM...\" \/>\n<meta property=\"og:url\" content=\"https:\/\/wp.adisoft.lt\/vtdko\/visuomenei\/zurnalas-technologijos-ir-menas\/mokesciai-autoriams\/\" \/>\n<meta property=\"og:site_name\" content=\"vtdko\" \/>\n<meta property=\"article:modified_time\" content=\"2022-12-16T19:43:32+00:00\" \/>\n<meta name=\"twitter:card\" content=\"summary_large_image\" \/>\n<meta name=\"twitter:label1\" content=\"Est. reading time\" \/>\n\t<meta name=\"twitter:data1\" content=\"1 minut\u0117\" \/>\n<script type=\"application\/ld+json\" class=\"yoast-schema-graph\">{\"@context\":\"https:\/\/schema.org\",\"@graph\":[{\"@type\":\"WebPage\",\"@id\":\"https:\/\/wp.adisoft.lt\/vtdko\/visuomenei\/zurnalas-technologijos-ir-menas\/mokesciai-autoriams\/\",\"url\":\"https:\/\/wp.adisoft.lt\/vtdko\/visuomenei\/zurnalas-technologijos-ir-menas\/mokesciai-autoriams\/\",\"name\":\"Mokes\u010diai autoriams - vtdko\",\"isPartOf\":{\"@id\":\"https:\/\/wp.adisoft.lt\/vtdko\/#website\"},\"datePublished\":\"2022-10-26T07:39:53+00:00\",\"dateModified\":\"2022-12-16T19:43:32+00:00\",\"breadcrumb\":{\"@id\":\"https:\/\/wp.adisoft.lt\/vtdko\/visuomenei\/zurnalas-technologijos-ir-menas\/mokesciai-autoriams\/#breadcrumb\"},\"inLanguage\":\"lt-LT\",\"potentialAction\":[{\"@type\":\"ReadAction\",\"target\":[\"https:\/\/wp.adisoft.lt\/vtdko\/visuomenei\/zurnalas-technologijos-ir-menas\/mokesciai-autoriams\/\"]}]},{\"@type\":\"BreadcrumbList\",\"@id\":\"https:\/\/wp.adisoft.lt\/vtdko\/visuomenei\/zurnalas-technologijos-ir-menas\/mokesciai-autoriams\/#breadcrumb\",\"itemListElement\":[{\"@type\":\"ListItem\",\"position\":1,\"name\":\"Pagrindinis\",\"item\":\"https:\/\/wp.adisoft.lt\/vtdko\/\"},{\"@type\":\"ListItem\",\"position\":2,\"name\":\"Visuomenei\",\"item\":\"https:\/\/wp.adisoft.lt\/vtdko\/visuomenei\/\"},{\"@type\":\"ListItem\",\"position\":3,\"name\":\"\u017durnalas \u201eTECHNOLOGIJOS IR MENAS.\",\"item\":\"https:\/\/wp.adisoft.lt\/vtdko\/visuomenei\/zurnalas-technologijos-ir-menas\/\"},{\"@type\":\"ListItem\",\"position\":4,\"name\":\"Mokes\u010diai autoriams\"}]},{\"@type\":\"WebSite\",\"@id\":\"https:\/\/wp.adisoft.lt\/vtdko\/#website\",\"url\":\"https:\/\/wp.adisoft.lt\/vtdko\/\",\"name\":\"vtdko\",\"description\":\"Vilniaus technologij\u0173 ir dizaino kolegija\",\"publisher\":{\"@id\":\"https:\/\/wp.adisoft.lt\/vtdko\/#organization\"},\"potentialAction\":[{\"@type\":\"SearchAction\",\"target\":{\"@type\":\"EntryPoint\",\"urlTemplate\":\"https:\/\/wp.adisoft.lt\/vtdko\/?s={search_term_string}\"},\"query-input\":\"required name=search_term_string\"}],\"inLanguage\":\"lt-LT\"},{\"@type\":\"Organization\",\"@id\":\"https:\/\/wp.adisoft.lt\/vtdko\/#organization\",\"name\":\"vtdko\",\"url\":\"https:\/\/wp.adisoft.lt\/vtdko\/\",\"logo\":{\"@type\":\"ImageObject\",\"inLanguage\":\"lt-LT\",\"@id\":\"https:\/\/wp.adisoft.lt\/vtdko\/#\/schema\/logo\/image\/\",\"url\":\"https:\/\/wp.adisoft.lt\/vtdko\/wp-content\/uploads\/2020\/02\/Logo-su-tekstu-01.svg\",\"contentUrl\":\"https:\/\/wp.adisoft.lt\/vtdko\/wp-content\/uploads\/2020\/02\/Logo-su-tekstu-01.svg\",\"width\":151,\"height\":74,\"caption\":\"vtdko\"},\"image\":{\"@id\":\"https:\/\/wp.adisoft.lt\/vtdko\/#\/schema\/logo\/image\/\"}}]}<\/script>\n<!-- \/ Yoast SEO plugin. -->","yoast_head_json":{"title":"Mokes\u010diai autoriams - vtdko","robots":{"index":"noindex","follow":"follow","max-snippet":"max-snippet:-1","max-image-preview":"max-image-preview:large","max-video-preview":"max-video-preview:-1"},"og_locale":"lt_LT","og_type":"article","og_title":"Mokes\u010diai autoriams - vtdko","og_description":"Vilniaus technologij\u0173 ir dizaino kolegija \u2013 \u010dia hobis virsta profesija! Mokestis u\u017e publikavim\u0105 \u2013 20 Eur u\u017e vien\u0105 straipsn\u012f, nepriklausomai nuo autori\u0173 skai\u010diaus. \u0160is mokestis padengia dal\u012f leidybos i\u0161laid\u0173. Mokest\u012f u\u017e straipsnio publikavim\u0105 mok\u0117ti pavedimu \u012f VTDK Swedbank banko s\u0105skait\u0105. VTDK rekvizitai Vilniaus technologij\u0173 ir dizaino kolegija;a\/s LT497300010084403918;AB Swedbank, banko kodas 73000;\u012emon\u0117s kodas: 111967673;Ne PVM...","og_url":"https:\/\/wp.adisoft.lt\/vtdko\/visuomenei\/zurnalas-technologijos-ir-menas\/mokesciai-autoriams\/","og_site_name":"vtdko","article_modified_time":"2022-12-16T19:43:32+00:00","twitter_card":"summary_large_image","twitter_misc":{"Est. reading time":"1 minut\u0117"},"schema":{"@context":"https:\/\/schema.org","@graph":[{"@type":"WebPage","@id":"https:\/\/wp.adisoft.lt\/vtdko\/visuomenei\/zurnalas-technologijos-ir-menas\/mokesciai-autoriams\/","url":"https:\/\/wp.adisoft.lt\/vtdko\/visuomenei\/zurnalas-technologijos-ir-menas\/mokesciai-autoriams\/","name":"Mokes\u010diai autoriams - vtdko","isPartOf":{"@id":"https:\/\/wp.adisoft.lt\/vtdko\/#website"},"datePublished":"2022-10-26T07:39:53+00:00","dateModified":"2022-12-16T19:43:32+00:00","breadcrumb":{"@id":"https:\/\/wp.adisoft.lt\/vtdko\/visuomenei\/zurnalas-technologijos-ir-menas\/mokesciai-autoriams\/#breadcrumb"},"inLanguage":"lt-LT","potentialAction":[{"@type":"ReadAction","target":["https:\/\/wp.adisoft.lt\/vtdko\/visuomenei\/zurnalas-technologijos-ir-menas\/mokesciai-autoriams\/"]}]},{"@type":"BreadcrumbList","@id":"https:\/\/wp.adisoft.lt\/vtdko\/visuomenei\/zurnalas-technologijos-ir-menas\/mokesciai-autoriams\/#breadcrumb","itemListElement":[{"@type":"ListItem","position":1,"name":"Pagrindinis","item":"https:\/\/wp.adisoft.lt\/vtdko\/"},{"@type":"ListItem","position":2,"name":"Visuomenei","item":"https:\/\/wp.adisoft.lt\/vtdko\/visuomenei\/"},{"@type":"ListItem","position":3,"name":"\u017durnalas \u201eTECHNOLOGIJOS IR MENAS.","item":"https:\/\/wp.adisoft.lt\/vtdko\/visuomenei\/zurnalas-technologijos-ir-menas\/"},{"@type":"ListItem","position":4,"name":"Mokes\u010diai autoriams"}]},{"@type":"WebSite","@id":"https:\/\/wp.adisoft.lt\/vtdko\/#website","url":"https:\/\/wp.adisoft.lt\/vtdko\/","name":"vtdko","description":"Vilniaus technologij\u0173 ir dizaino kolegija","publisher":{"@id":"https:\/\/wp.adisoft.lt\/vtdko\/#organization"},"potentialAction":[{"@type":"SearchAction","target":{"@type":"EntryPoint","urlTemplate":"https:\/\/wp.adisoft.lt\/vtdko\/?s={search_term_string}"},"query-input":"required name=search_term_string"}],"inLanguage":"lt-LT"},{"@type":"Organization","@id":"https:\/\/wp.adisoft.lt\/vtdko\/#organization","name":"vtdko","url":"https:\/\/wp.adisoft.lt\/vtdko\/","logo":{"@type":"ImageObject","inLanguage":"lt-LT","@id":"https:\/\/wp.adisoft.lt\/vtdko\/#\/schema\/logo\/image\/","url":"https:\/\/wp.adisoft.lt\/vtdko\/wp-content\/uploads\/2020\/02\/Logo-su-tekstu-01.svg","contentUrl":"https:\/\/wp.adisoft.lt\/vtdko\/wp-content\/uploads\/2020\/02\/Logo-su-tekstu-01.svg","width":151,"height":74,"caption":"vtdko"},"image":{"@id":"https:\/\/wp.adisoft.lt\/vtdko\/#\/schema\/logo\/image\/"}}]}},"_links":{"self":[{"href":"https:\/\/wp.adisoft.lt\/vtdko\/wp-json\/wp\/v2\/pages\/991566","targetHints":{"allow":["GET"]}}],"collection":[{"href":"https:\/\/wp.adisoft.lt\/vtdko\/wp-json\/wp\/v2\/pages"}],"about":[{"href":"https:\/\/wp.adisoft.lt\/vtdko\/wp-json\/wp\/v2\/types\/page"}],"author":[{"embeddable":true,"href":"https:\/\/wp.adisoft.lt\/vtdko\/wp-json\/wp\/v2\/users\/1"}],"replies":[{"embeddable":true,"href":"https:\/\/wp.adisoft.lt\/vtdko\/wp-json\/wp\/v2\/comments?post=991566"}],"version-history":[{"count":10,"href":"https:\/\/wp.adisoft.lt\/vtdko\/wp-json\/wp\/v2\/pages\/991566\/revisions"}],"predecessor-version":[{"id":993420,"href":"https:\/\/wp.adisoft.lt\/vtdko\/wp-json\/wp\/v2\/pages\/991566\/revisions\/993420"}],"up":[{"embeddable":true,"href":"https:\/\/wp.adisoft.lt\/vtdko\/wp-json\/wp\/v2\/pages\/991563"}],"wp:attachment":[{"href":"https:\/\/wp.adisoft.lt\/vtdko\/wp-json\/wp\/v2\/media?parent=991566"}],"curies":[{"name":"wp","href":"https:\/\/api.w.org\/{rel}","templated":true}]}}