{"id":991569,"date":"2022-10-26T10:39:58","date_gmt":"2022-10-26T07:39:58","guid":{"rendered":"https:\/\/wp.adisoft.lt\/vtdko\/?page_id=991569"},"modified":"2022-12-16T22:41:06","modified_gmt":"2022-12-16T19:41:06","slug":"publikavimo-etikos-principai","status":"publish","type":"page","link":"https:\/\/wp.adisoft.lt\/vtdko\/visuomenei\/zurnalas-technologijos-ir-menas\/publikavimo-etikos-principai\/","title":{"rendered":"Publikavimo etikos principai"},"content":{"rendered":"\t\t<div data-elementor-type=\"wp-page\" data-elementor-id=\"991569\" class=\"elementor elementor-991569\">\n\t\t\t\t\t\t\t\t\t<section class=\"elementor-section elementor-top-section elementor-element elementor-element-1c9c56e elementor-section-height-min-height elementor-section-boxed elementor-section-height-default elementor-section-items-middle\" data-id=\"1c9c56e\" data-element_type=\"section\" data-settings=\"{&quot;background_background&quot;:&quot;classic&quot;,&quot;animation&quot;:&quot;none&quot;}\">\n\t\t\t\t\t\t<div class=\"elementor-container elementor-column-gap-default\">\n\t\t\t\t\t<div class=\"elementor-column elementor-col-100 elementor-top-column elementor-element elementor-element-cea7641\" data-id=\"cea7641\" data-element_type=\"column\" data-settings=\"{&quot;background_background&quot;:&quot;classic&quot;}\">\n\t\t\t<div class=\"elementor-widget-wrap\">\n\t\t\t\t\t\t\t\t\t<\/div>\n\t\t<\/div>\n\t\t\t\t\t\t\t<\/div>\n\t\t<\/section>\n\t\t\t\t<section class=\"elementor-section elementor-top-section elementor-element elementor-element-c286dde elementor-section-boxed elementor-section-height-default elementor-section-height-default\" data-id=\"c286dde\" data-element_type=\"section\" data-settings=\"{&quot;animation&quot;:&quot;none&quot;,&quot;animation_tablet&quot;:&quot;none&quot;,&quot;animation_mobile&quot;:&quot;none&quot;}\">\n\t\t\t\t\t\t<div class=\"elementor-container elementor-column-gap-no\">\n\t\t\t\t\t<div class=\"elementor-column elementor-col-50 elementor-top-column elementor-element elementor-element-87ac7d7 animated-fast elementor-invisible\" data-id=\"87ac7d7\" data-element_type=\"column\" data-settings=\"{&quot;background_background&quot;:&quot;classic&quot;,&quot;animation&quot;:&quot;fadeIn&quot;,&quot;animation_delay&quot;:100}\">\n\t\t\t<div class=\"elementor-widget-wrap elementor-element-populated\">\n\t\t\t\t\t\t\t\t<div class=\"elementor-element elementor-element-fbc5332 elementor-widget elementor-widget-text-editor\" data-id=\"fbc5332\" data-element_type=\"widget\" data-settings=\"{&quot;_animation&quot;:&quot;none&quot;,&quot;_animation_delay&quot;:300}\" data-widget_type=\"text-editor.default\">\n\t\t\t\t<div class=\"elementor-widget-container\">\n\t\t\t\t\t\t\t<p>Vilniaus technologij\u0173 ir dizaino kolegija \u2013 \u010dia hobis virsta profesija!<\/p>\t\t\t\t\t\t<\/div>\n\t\t\t\t<\/div>\n\t\t\t\t\t<\/div>\n\t\t<\/div>\n\t\t\t\t<div class=\"elementor-column elementor-col-50 elementor-top-column elementor-element elementor-element-cd5529b elementor-hidden-desktop elementor-hidden-tablet elementor-hidden-phone\" data-id=\"cd5529b\" data-element_type=\"column\">\n\t\t\t<div class=\"elementor-widget-wrap\">\n\t\t\t\t\t\t\t\t\t<\/div>\n\t\t<\/div>\n\t\t\t\t\t\t\t<\/div>\n\t\t<\/section>\n\t\t\t\t<section class=\"elementor-section elementor-top-section elementor-element elementor-element-8f37da3 elementor-section-boxed elementor-section-height-default elementor-section-height-default\" data-id=\"8f37da3\" data-element_type=\"section\">\n\t\t\t\t\t\t<div class=\"elementor-container elementor-column-gap-default\">\n\t\t\t\t\t<div class=\"elementor-column elementor-col-100 elementor-top-column elementor-element elementor-element-076b17f\" data-id=\"076b17f\" data-element_type=\"column\">\n\t\t\t<div class=\"elementor-widget-wrap elementor-element-populated\">\n\t\t\t\t\t\t\t\t<div class=\"elementor-element elementor-element-f0b7919 elementor-widget elementor-widget-spacer\" data-id=\"f0b7919\" data-element_type=\"widget\" data-widget_type=\"spacer.default\">\n\t\t\t\t<div class=\"elementor-widget-container\">\n\t\t\t\t\t<div class=\"elementor-spacer\">\n\t\t\t<div class=\"elementor-spacer-inner\"><\/div>\n\t\t<\/div>\n\t\t\t\t<\/div>\n\t\t\t\t<\/div>\n\t\t\t\t\t<\/div>\n\t\t<\/div>\n\t\t\t\t\t\t\t<\/div>\n\t\t<\/section>\n\t\t\t\t<section class=\"elementor-section elementor-top-section elementor-element elementor-element-64e2867 elementor-section-boxed elementor-section-height-default elementor-section-height-default\" data-id=\"64e2867\" data-element_type=\"section\">\n\t\t\t\t\t\t<div class=\"elementor-container elementor-column-gap-default\">\n\t\t\t\t\t<div class=\"elementor-column elementor-col-100 elementor-top-column elementor-element elementor-element-8032361\" data-id=\"8032361\" data-element_type=\"column\">\n\t\t\t<div class=\"elementor-widget-wrap elementor-element-populated\">\n\t\t\t\t\t\t\t\t<div class=\"elementor-element elementor-element-77b5c7b elementor-widget elementor-widget-text-editor\" data-id=\"77b5c7b\" data-element_type=\"widget\" data-widget_type=\"text-editor.default\">\n\t\t\t\t<div class=\"elementor-widget-container\">\n\t\t\t\t\t\t\t<p><strong>Autorius (-iai) \u012fsipareigoja:<\/strong><\/p><ol><li>U\u017etikrinti, kad pateikti straipsnio rankra\u0161\u010diai yra original\u016bs, atitinka \u017eurnalo straipsnio reikalavimus.<\/li><li>U\u017etikrinti, kad straipsnyje pateikiami mokslinink\u0173 darbai yra tinkamai cituojami.<\/li><li>U\u017etikrinti, kad pateikiamuose rankra\u0161\u010diuose n\u0117ra plagijuotos ir etikos reikalavim\u0173 neatitinkan\u010dios med\u017eiagos.<\/li><li>U\u017etikrinti, kad rengiant straipsn\u012f buvo i\u0161vengta interes\u0173 konflikto.<\/li><\/ol><p><strong>Recenzentas (ai) \u012fsipareigoja:<\/strong><\/p><ol><li>Recenzuoti straipsnius objektyviai, profesionaliai, s\u0105\u017einingai, ne\u0161ali\u0161kai.<\/li><li>U\u017etikrinti konfidencialum\u0105, be leid\u0117jo sutikimo neaptarin\u0117ti straipsnyje pateiktos informacijos.<\/li><li>Deklaruoti galimus arba tariamus interes\u0173 konfliktus.<\/li><li>Teikti recenzij\u0105 su ai\u0161kia rekomendacija skelbti ar neskelbti straipsn\u012f, \u012fvardinant tr\u016bkumus, kuriuos galima pa\u0161alinti, kai straipsn\u012f si\u016bloma publikuoti, ir labai ai\u0161kius sprendimo motyvus, kai straipsnio si\u016bloma nepublikuoti.<\/li><\/ol><p><strong>Redakcin\u0117 kolegija \u012fsipareigoja:<\/strong><\/p><ol><li>Savo veikloje vadovautis teisingumo, protingumo, s\u0105\u017einingumo, garbingumo ir ne\u0161ali\u0161kumo principais.<\/li><li>U\u017etikrinti autori\u0173 ir recenzent\u0173 konfidencialum\u0105.<\/li><li>Objektyviai vertinti publikavimui pateiktus straipsnius.<\/li><li>Priimti sprendimus d\u0117l straipsnio publikavimo remiantis straipsnio verte, originalumu, tyrim\u0173 aktualumu.<\/li><\/ol>\t\t\t\t\t\t<\/div>\n\t\t\t\t<\/div>\n\t\t\t\t\t<\/div>\n\t\t<\/div>\n\t\t\t\t\t\t\t<\/div>\n\t\t<\/section>\n\t\t\t\t<section class=\"elementor-section elementor-top-section elementor-element elementor-element-3d2d2a9 elementor-section-boxed elementor-section-height-default elementor-section-height-default\" data-id=\"3d2d2a9\" data-element_type=\"section\">\n\t\t\t\t\t\t<div class=\"elementor-container elementor-column-gap-default\">\n\t\t\t\t\t<div class=\"elementor-column elementor-col-100 elementor-top-column elementor-element elementor-element-a33d0f3\" data-id=\"a33d0f3\" data-element_type=\"column\">\n\t\t\t<div class=\"elementor-widget-wrap elementor-element-populated\">\n\t\t\t\t\t\t\t\t<div class=\"elementor-element elementor-element-dcedab1 elementor-widget elementor-widget-spacer\" data-id=\"dcedab1\" data-element_type=\"widget\" data-widget_type=\"spacer.default\">\n\t\t\t\t<div class=\"elementor-widget-container\">\n\t\t\t\t\t<div class=\"elementor-spacer\">\n\t\t\t<div class=\"elementor-spacer-inner\"><\/div>\n\t\t<\/div>\n\t\t\t\t<\/div>\n\t\t\t\t<\/div>\n\t\t\t\t\t<\/div>\n\t\t<\/div>\n\t\t\t\t\t\t\t<\/div>\n\t\t<\/section>\n\t\t\t\t\t\t\t<\/div>\n\t\t","protected":false},"excerpt":{"rendered":"<p>Vilniaus technologij\u0173 ir dizaino kolegija \u2013 \u010dia hobis virsta profesija! Autorius (-iai) \u012fsipareigoja: U\u017etikrinti, kad pateikti straipsnio rankra\u0161\u010diai yra original\u016bs, atitinka \u017eurnalo straipsnio reikalavimus. U\u017etikrinti, kad straipsnyje pateikiami mokslinink\u0173 darbai yra tinkamai cituojami. U\u017etikrinti, kad pateikiamuose rankra\u0161\u010diuose n\u0117ra plagijuotos ir etikos reikalavim\u0173 neatitinkan\u010dios med\u017eiagos. U\u017etikrinti, kad rengiant straipsn\u012f buvo i\u0161vengta interes\u0173 konflikto. Recenzentas (ai) \u012fsipareigoja:&#8230;<\/p>\n","protected":false},"author":1,"featured_media":0,"parent":991563,"menu_order":0,"comment_status":"closed","ping_status":"closed","template":"","meta":{"inline_featured_image":false,"footnotes":""},"class_list":["post-991569","page","type-page","status-publish","hentry"],"yoast_head":"<!-- This site is optimized with the Yoast SEO plugin v19.12 - https:\/\/yoast.com\/wordpress\/plugins\/seo\/ -->\n<title>Publikavimo etikos principai - vtdko<\/title>\n<meta name=\"robots\" content=\"noindex, follow, max-snippet:-1, max-image-preview:large, max-video-preview:-1\" \/>\n<meta property=\"og:locale\" content=\"lt_LT\" \/>\n<meta property=\"og:type\" content=\"article\" \/>\n<meta property=\"og:title\" content=\"Publikavimo etikos principai - vtdko\" \/>\n<meta property=\"og:description\" content=\"Vilniaus technologij\u0173 ir dizaino kolegija \u2013 \u010dia hobis virsta profesija! Autorius (-iai) \u012fsipareigoja: U\u017etikrinti, kad pateikti straipsnio rankra\u0161\u010diai yra original\u016bs, atitinka \u017eurnalo straipsnio reikalavimus. U\u017etikrinti, kad straipsnyje pateikiami mokslinink\u0173 darbai yra tinkamai cituojami. U\u017etikrinti, kad pateikiamuose rankra\u0161\u010diuose n\u0117ra plagijuotos ir etikos reikalavim\u0173 neatitinkan\u010dios med\u017eiagos. U\u017etikrinti, kad rengiant straipsn\u012f buvo i\u0161vengta interes\u0173 konflikto. Recenzentas (ai) \u012fsipareigoja:...\" \/>\n<meta property=\"og:url\" content=\"https:\/\/wp.adisoft.lt\/vtdko\/visuomenei\/zurnalas-technologijos-ir-menas\/publikavimo-etikos-principai\/\" \/>\n<meta property=\"og:site_name\" content=\"vtdko\" \/>\n<meta property=\"article:modified_time\" content=\"2022-12-16T19:41:06+00:00\" \/>\n<meta name=\"twitter:card\" content=\"summary_large_image\" \/>\n<meta name=\"twitter:label1\" content=\"Est. reading time\" \/>\n\t<meta name=\"twitter:data1\" content=\"1 minut\u0117\" \/>\n<script type=\"application\/ld+json\" class=\"yoast-schema-graph\">{\"@context\":\"https:\/\/schema.org\",\"@graph\":[{\"@type\":\"WebPage\",\"@id\":\"https:\/\/wp.adisoft.lt\/vtdko\/visuomenei\/zurnalas-technologijos-ir-menas\/publikavimo-etikos-principai\/\",\"url\":\"https:\/\/wp.adisoft.lt\/vtdko\/visuomenei\/zurnalas-technologijos-ir-menas\/publikavimo-etikos-principai\/\",\"name\":\"Publikavimo etikos principai - vtdko\",\"isPartOf\":{\"@id\":\"https:\/\/wp.adisoft.lt\/vtdko\/#website\"},\"datePublished\":\"2022-10-26T07:39:58+00:00\",\"dateModified\":\"2022-12-16T19:41:06+00:00\",\"breadcrumb\":{\"@id\":\"https:\/\/wp.adisoft.lt\/vtdko\/visuomenei\/zurnalas-technologijos-ir-menas\/publikavimo-etikos-principai\/#breadcrumb\"},\"inLanguage\":\"lt-LT\",\"potentialAction\":[{\"@type\":\"ReadAction\",\"target\":[\"https:\/\/wp.adisoft.lt\/vtdko\/visuomenei\/zurnalas-technologijos-ir-menas\/publikavimo-etikos-principai\/\"]}]},{\"@type\":\"BreadcrumbList\",\"@id\":\"https:\/\/wp.adisoft.lt\/vtdko\/visuomenei\/zurnalas-technologijos-ir-menas\/publikavimo-etikos-principai\/#breadcrumb\",\"itemListElement\":[{\"@type\":\"ListItem\",\"position\":1,\"name\":\"Pagrindinis\",\"item\":\"https:\/\/wp.adisoft.lt\/vtdko\/\"},{\"@type\":\"ListItem\",\"position\":2,\"name\":\"Visuomenei\",\"item\":\"https:\/\/wp.adisoft.lt\/vtdko\/visuomenei\/\"},{\"@type\":\"ListItem\",\"position\":3,\"name\":\"\u017durnalas \u201eTECHNOLOGIJOS IR MENAS.\",\"item\":\"https:\/\/wp.adisoft.lt\/vtdko\/visuomenei\/zurnalas-technologijos-ir-menas\/\"},{\"@type\":\"ListItem\",\"position\":4,\"name\":\"Publikavimo etikos principai\"}]},{\"@type\":\"WebSite\",\"@id\":\"https:\/\/wp.adisoft.lt\/vtdko\/#website\",\"url\":\"https:\/\/wp.adisoft.lt\/vtdko\/\",\"name\":\"vtdko\",\"description\":\"Vilniaus technologij\u0173 ir dizaino kolegija\",\"publisher\":{\"@id\":\"https:\/\/wp.adisoft.lt\/vtdko\/#organization\"},\"potentialAction\":[{\"@type\":\"SearchAction\",\"target\":{\"@type\":\"EntryPoint\",\"urlTemplate\":\"https:\/\/wp.adisoft.lt\/vtdko\/?s={search_term_string}\"},\"query-input\":\"required name=search_term_string\"}],\"inLanguage\":\"lt-LT\"},{\"@type\":\"Organization\",\"@id\":\"https:\/\/wp.adisoft.lt\/vtdko\/#organization\",\"name\":\"vtdko\",\"url\":\"https:\/\/wp.adisoft.lt\/vtdko\/\",\"logo\":{\"@type\":\"ImageObject\",\"inLanguage\":\"lt-LT\",\"@id\":\"https:\/\/wp.adisoft.lt\/vtdko\/#\/schema\/logo\/image\/\",\"url\":\"https:\/\/wp.adisoft.lt\/vtdko\/wp-content\/uploads\/2020\/02\/Logo-su-tekstu-01.svg\",\"contentUrl\":\"https:\/\/wp.adisoft.lt\/vtdko\/wp-content\/uploads\/2020\/02\/Logo-su-tekstu-01.svg\",\"width\":151,\"height\":74,\"caption\":\"vtdko\"},\"image\":{\"@id\":\"https:\/\/wp.adisoft.lt\/vtdko\/#\/schema\/logo\/image\/\"}}]}<\/script>\n<!-- \/ Yoast SEO plugin. -->","yoast_head_json":{"title":"Publikavimo etikos principai - vtdko","robots":{"index":"noindex","follow":"follow","max-snippet":"max-snippet:-1","max-image-preview":"max-image-preview:large","max-video-preview":"max-video-preview:-1"},"og_locale":"lt_LT","og_type":"article","og_title":"Publikavimo etikos principai - vtdko","og_description":"Vilniaus technologij\u0173 ir dizaino kolegija \u2013 \u010dia hobis virsta profesija! Autorius (-iai) \u012fsipareigoja: U\u017etikrinti, kad pateikti straipsnio rankra\u0161\u010diai yra original\u016bs, atitinka \u017eurnalo straipsnio reikalavimus. U\u017etikrinti, kad straipsnyje pateikiami mokslinink\u0173 darbai yra tinkamai cituojami. U\u017etikrinti, kad pateikiamuose rankra\u0161\u010diuose n\u0117ra plagijuotos ir etikos reikalavim\u0173 neatitinkan\u010dios med\u017eiagos. U\u017etikrinti, kad rengiant straipsn\u012f buvo i\u0161vengta interes\u0173 konflikto. Recenzentas (ai) \u012fsipareigoja:...","og_url":"https:\/\/wp.adisoft.lt\/vtdko\/visuomenei\/zurnalas-technologijos-ir-menas\/publikavimo-etikos-principai\/","og_site_name":"vtdko","article_modified_time":"2022-12-16T19:41:06+00:00","twitter_card":"summary_large_image","twitter_misc":{"Est. reading time":"1 minut\u0117"},"schema":{"@context":"https:\/\/schema.org","@graph":[{"@type":"WebPage","@id":"https:\/\/wp.adisoft.lt\/vtdko\/visuomenei\/zurnalas-technologijos-ir-menas\/publikavimo-etikos-principai\/","url":"https:\/\/wp.adisoft.lt\/vtdko\/visuomenei\/zurnalas-technologijos-ir-menas\/publikavimo-etikos-principai\/","name":"Publikavimo etikos principai - vtdko","isPartOf":{"@id":"https:\/\/wp.adisoft.lt\/vtdko\/#website"},"datePublished":"2022-10-26T07:39:58+00:00","dateModified":"2022-12-16T19:41:06+00:00","breadcrumb":{"@id":"https:\/\/wp.adisoft.lt\/vtdko\/visuomenei\/zurnalas-technologijos-ir-menas\/publikavimo-etikos-principai\/#breadcrumb"},"inLanguage":"lt-LT","potentialAction":[{"@type":"ReadAction","target":["https:\/\/wp.adisoft.lt\/vtdko\/visuomenei\/zurnalas-technologijos-ir-menas\/publikavimo-etikos-principai\/"]}]},{"@type":"BreadcrumbList","@id":"https:\/\/wp.adisoft.lt\/vtdko\/visuomenei\/zurnalas-technologijos-ir-menas\/publikavimo-etikos-principai\/#breadcrumb","itemListElement":[{"@type":"ListItem","position":1,"name":"Pagrindinis","item":"https:\/\/wp.adisoft.lt\/vtdko\/"},{"@type":"ListItem","position":2,"name":"Visuomenei","item":"https:\/\/wp.adisoft.lt\/vtdko\/visuomenei\/"},{"@type":"ListItem","position":3,"name":"\u017durnalas \u201eTECHNOLOGIJOS IR MENAS.","item":"https:\/\/wp.adisoft.lt\/vtdko\/visuomenei\/zurnalas-technologijos-ir-menas\/"},{"@type":"ListItem","position":4,"name":"Publikavimo etikos principai"}]},{"@type":"WebSite","@id":"https:\/\/wp.adisoft.lt\/vtdko\/#website","url":"https:\/\/wp.adisoft.lt\/vtdko\/","name":"vtdko","description":"Vilniaus technologij\u0173 ir dizaino kolegija","publisher":{"@id":"https:\/\/wp.adisoft.lt\/vtdko\/#organization"},"potentialAction":[{"@type":"SearchAction","target":{"@type":"EntryPoint","urlTemplate":"https:\/\/wp.adisoft.lt\/vtdko\/?s={search_term_string}"},"query-input":"required name=search_term_string"}],"inLanguage":"lt-LT"},{"@type":"Organization","@id":"https:\/\/wp.adisoft.lt\/vtdko\/#organization","name":"vtdko","url":"https:\/\/wp.adisoft.lt\/vtdko\/","logo":{"@type":"ImageObject","inLanguage":"lt-LT","@id":"https:\/\/wp.adisoft.lt\/vtdko\/#\/schema\/logo\/image\/","url":"https:\/\/wp.adisoft.lt\/vtdko\/wp-content\/uploads\/2020\/02\/Logo-su-tekstu-01.svg","contentUrl":"https:\/\/wp.adisoft.lt\/vtdko\/wp-content\/uploads\/2020\/02\/Logo-su-tekstu-01.svg","width":151,"height":74,"caption":"vtdko"},"image":{"@id":"https:\/\/wp.adisoft.lt\/vtdko\/#\/schema\/logo\/image\/"}}]}},"_links":{"self":[{"href":"https:\/\/wp.adisoft.lt\/vtdko\/wp-json\/wp\/v2\/pages\/991569","targetHints":{"allow":["GET"]}}],"collection":[{"href":"https:\/\/wp.adisoft.lt\/vtdko\/wp-json\/wp\/v2\/pages"}],"about":[{"href":"https:\/\/wp.adisoft.lt\/vtdko\/wp-json\/wp\/v2\/types\/page"}],"author":[{"embeddable":true,"href":"https:\/\/wp.adisoft.lt\/vtdko\/wp-json\/wp\/v2\/users\/1"}],"replies":[{"embeddable":true,"href":"https:\/\/wp.adisoft.lt\/vtdko\/wp-json\/wp\/v2\/comments?post=991569"}],"version-history":[{"count":10,"href":"https:\/\/wp.adisoft.lt\/vtdko\/wp-json\/wp\/v2\/pages\/991569\/revisions"}],"predecessor-version":[{"id":993410,"href":"https:\/\/wp.adisoft.lt\/vtdko\/wp-json\/wp\/v2\/pages\/991569\/revisions\/993410"}],"up":[{"embeddable":true,"href":"https:\/\/wp.adisoft.lt\/vtdko\/wp-json\/wp\/v2\/pages\/991563"}],"wp:attachment":[{"href":"https:\/\/wp.adisoft.lt\/vtdko\/wp-json\/wp\/v2\/media?parent=991569"}],"curies":[{"name":"wp","href":"https:\/\/api.w.org\/{rel}","templated":true}]}}