{"id":991570,"date":"2022-10-26T10:40:00","date_gmt":"2022-10-26T07:40:00","guid":{"rendered":"https:\/\/wp.adisoft.lt\/vtdko\/?page_id=991570"},"modified":"2022-12-16T22:40:58","modified_gmt":"2022-12-16T19:40:58","slug":"straipsnio-pateikimo-reikalavimai","status":"publish","type":"page","link":"https:\/\/wp.adisoft.lt\/vtdko\/visuomenei\/zurnalas-technologijos-ir-menas\/straipsnio-pateikimo-reikalavimai\/","title":{"rendered":"Straipsnio pateikimo reikalavimai"},"content":{"rendered":"\t\t<div data-elementor-type=\"wp-page\" data-elementor-id=\"991570\" class=\"elementor elementor-991570\">\n\t\t\t\t\t\t\t\t\t<section class=\"elementor-section elementor-top-section elementor-element elementor-element-a31e7f9 elementor-section-height-min-height elementor-section-boxed elementor-section-height-default elementor-section-items-middle\" data-id=\"a31e7f9\" data-element_type=\"section\" data-settings=\"{&quot;background_background&quot;:&quot;classic&quot;,&quot;animation&quot;:&quot;none&quot;}\">\n\t\t\t\t\t\t<div class=\"elementor-container elementor-column-gap-default\">\n\t\t\t\t\t<div class=\"elementor-column elementor-col-100 elementor-top-column elementor-element elementor-element-f4dc839\" data-id=\"f4dc839\" data-element_type=\"column\" data-settings=\"{&quot;background_background&quot;:&quot;classic&quot;}\">\n\t\t\t<div class=\"elementor-widget-wrap\">\n\t\t\t\t\t\t\t\t\t<\/div>\n\t\t<\/div>\n\t\t\t\t\t\t\t<\/div>\n\t\t<\/section>\n\t\t\t\t<section class=\"elementor-section elementor-top-section elementor-element elementor-element-ba84765 elementor-section-boxed elementor-section-height-default elementor-section-height-default\" data-id=\"ba84765\" data-element_type=\"section\" data-settings=\"{&quot;animation&quot;:&quot;none&quot;,&quot;animation_tablet&quot;:&quot;none&quot;,&quot;animation_mobile&quot;:&quot;none&quot;}\">\n\t\t\t\t\t\t<div class=\"elementor-container elementor-column-gap-no\">\n\t\t\t\t\t<div class=\"elementor-column elementor-col-50 elementor-top-column elementor-element elementor-element-2814efe animated-fast elementor-invisible\" data-id=\"2814efe\" data-element_type=\"column\" data-settings=\"{&quot;background_background&quot;:&quot;classic&quot;,&quot;animation&quot;:&quot;fadeIn&quot;,&quot;animation_delay&quot;:100}\">\n\t\t\t<div class=\"elementor-widget-wrap elementor-element-populated\">\n\t\t\t\t\t\t\t\t<div class=\"elementor-element elementor-element-48157f7 elementor-widget elementor-widget-text-editor\" data-id=\"48157f7\" data-element_type=\"widget\" data-settings=\"{&quot;_animation&quot;:&quot;none&quot;,&quot;_animation_delay&quot;:300}\" data-widget_type=\"text-editor.default\">\n\t\t\t\t<div class=\"elementor-widget-container\">\n\t\t\t\t\t\t\t<p>Vilniaus technologij\u0173 ir dizaino kolegija \u2013 \u010dia hobis virsta profesija!<\/p>\t\t\t\t\t\t<\/div>\n\t\t\t\t<\/div>\n\t\t\t\t\t<\/div>\n\t\t<\/div>\n\t\t\t\t<div class=\"elementor-column elementor-col-50 elementor-top-column elementor-element elementor-element-6dbc05f elementor-hidden-desktop elementor-hidden-tablet elementor-hidden-phone\" data-id=\"6dbc05f\" data-element_type=\"column\">\n\t\t\t<div class=\"elementor-widget-wrap\">\n\t\t\t\t\t\t\t\t\t<\/div>\n\t\t<\/div>\n\t\t\t\t\t\t\t<\/div>\n\t\t<\/section>\n\t\t\t\t<section class=\"elementor-section elementor-top-section elementor-element elementor-element-8f37da3 elementor-section-boxed elementor-section-height-default elementor-section-height-default\" data-id=\"8f37da3\" data-element_type=\"section\">\n\t\t\t\t\t\t<div class=\"elementor-container elementor-column-gap-default\">\n\t\t\t\t\t<div class=\"elementor-column elementor-col-100 elementor-top-column elementor-element elementor-element-076b17f\" data-id=\"076b17f\" data-element_type=\"column\">\n\t\t\t<div class=\"elementor-widget-wrap\">\n\t\t\t\t\t\t\t\t\t<\/div>\n\t\t<\/div>\n\t\t\t\t\t\t\t<\/div>\n\t\t<\/section>\n\t\t\t\t<section class=\"elementor-section elementor-top-section elementor-element elementor-element-64e2867 elementor-section-boxed elementor-section-height-default elementor-section-height-default\" data-id=\"64e2867\" data-element_type=\"section\">\n\t\t\t\t\t\t<div class=\"elementor-container elementor-column-gap-default\">\n\t\t\t\t\t<div class=\"elementor-column elementor-col-100 elementor-top-column elementor-element elementor-element-8032361\" data-id=\"8032361\" data-element_type=\"column\">\n\t\t\t<div class=\"elementor-widget-wrap elementor-element-populated\">\n\t\t\t\t\t\t\t\t<div class=\"elementor-element elementor-element-77b5c7b elementor-widget elementor-widget-text-editor\" data-id=\"77b5c7b\" data-element_type=\"widget\" data-widget_type=\"text-editor.default\">\n\t\t\t\t<div class=\"elementor-widget-container\">\n\t\t\t\t\t\t\t<p><strong>STRAIPSNIO PATEIKIMO TVARKA<\/strong><\/p><ul><li>Mokslinis straipsnis pateikiamas iki gegu\u017e\u0117s 31 d. el. pa\u0161tu\u00a0<a href=\"mailto:journal@vtdko.lt.\">journal@vtdko.lt.<\/a><\/li><li>Pateikiant mokslin\u012f straipsn\u012f autorius (-iai) turi prid\u0117ti:<ul><li dir=\"ltr\">Autoriaus (-i\u0173) deklaracij\u0105;<\/li><li dir=\"ltr\">Autoriaus (-i\u0173) lydra\u0161t\u012f.<\/li><\/ul><\/li><li>\u0160iuos dokumentus leid\u0117jas saugo pagal dokumentacijos plane numatyt\u0105 termin\u0105.<\/li><\/ul><p><a href=\"https:\/\/wp.adisoft.lt\/vtdko\/wp-content\/uploads\/2022\/10\/Straipsnio_sablonas_LT.docx\" target=\"_blank\" rel=\"noopener\">STRAIPSNIO \u0160ABLONAS (docx)<\/a><\/p><p><a href=\"https:\/\/wp.adisoft.lt\/vtdko\/wp-content\/uploads\/2022\/10\/Straipsniu_rengimo_reikalavimai_2021.pdf\" target=\"_blank\" rel=\"noopener\">STRAIPSNIO RENGIMO REIKALAVIMAI (pdf)<\/a><\/p><p><a href=\"https:\/\/wp.adisoft.lt\/vtdko\/wp-content\/uploads\/2022\/10\/Autoriu_deklaracija.docx\" target=\"_blank\" rel=\"noopener\">AUTORIAUS DEKLARACIJA (docx)<\/a><\/p><p><a href=\"https:\/\/wp.adisoft.lt\/vtdko\/wp-content\/uploads\/2022\/10\/Autoriu_lydrastis.docx\" target=\"_blank\" rel=\"noopener\">AUTORIAUS LYDRA\u0160TIS (docx)<\/a><\/p>\t\t\t\t\t\t<\/div>\n\t\t\t\t<\/div>\n\t\t\t\t\t<\/div>\n\t\t<\/div>\n\t\t\t\t\t\t\t<\/div>\n\t\t<\/section>\n\t\t\t\t<section class=\"elementor-section elementor-top-section elementor-element elementor-element-3d2d2a9 elementor-section-boxed elementor-section-height-default elementor-section-height-default\" data-id=\"3d2d2a9\" data-element_type=\"section\">\n\t\t\t\t\t\t<div class=\"elementor-container elementor-column-gap-default\">\n\t\t\t\t\t<div class=\"elementor-column elementor-col-100 elementor-top-column elementor-element elementor-element-a33d0f3\" data-id=\"a33d0f3\" data-element_type=\"column\">\n\t\t\t<div class=\"elementor-widget-wrap elementor-element-populated\">\n\t\t\t\t\t\t\t\t<div class=\"elementor-element elementor-element-dcedab1 elementor-widget elementor-widget-spacer\" data-id=\"dcedab1\" data-element_type=\"widget\" data-widget_type=\"spacer.default\">\n\t\t\t\t<div class=\"elementor-widget-container\">\n\t\t\t\t\t<div class=\"elementor-spacer\">\n\t\t\t<div class=\"elementor-spacer-inner\"><\/div>\n\t\t<\/div>\n\t\t\t\t<\/div>\n\t\t\t\t<\/div>\n\t\t\t\t\t<\/div>\n\t\t<\/div>\n\t\t\t\t\t\t\t<\/div>\n\t\t<\/section>\n\t\t\t\t\t\t\t<\/div>\n\t\t","protected":false},"excerpt":{"rendered":"<p>Vilniaus technologij\u0173 ir dizaino kolegija \u2013 \u010dia hobis virsta profesija! STRAIPSNIO PATEIKIMO TVARKA Mokslinis straipsnis pateikiamas iki gegu\u017e\u0117s 31 d. el. pa\u0161tu\u00a0journal@vtdko.lt. Pateikiant mokslin\u012f straipsn\u012f autorius (-iai) turi prid\u0117ti: Autoriaus (-i\u0173) deklaracij\u0105; Autoriaus (-i\u0173) lydra\u0161t\u012f. \u0160iuos dokumentus leid\u0117jas saugo pagal dokumentacijos plane numatyt\u0105 termin\u0105. STRAIPSNIO \u0160ABLONAS (docx) STRAIPSNIO RENGIMO REIKALAVIMAI (pdf) AUTORIAUS DEKLARACIJA (docx) AUTORIAUS&#8230;<\/p>\n","protected":false},"author":1,"featured_media":0,"parent":991563,"menu_order":0,"comment_status":"closed","ping_status":"closed","template":"","meta":{"inline_featured_image":false,"footnotes":""},"class_list":["post-991570","page","type-page","status-publish","hentry"],"yoast_head":"<!-- This site is optimized with the Yoast SEO plugin v19.12 - https:\/\/yoast.com\/wordpress\/plugins\/seo\/ -->\n<title>Straipsnio pateikimo reikalavimai - vtdko<\/title>\n<meta name=\"robots\" content=\"noindex, follow, max-snippet:-1, max-image-preview:large, max-video-preview:-1\" \/>\n<meta property=\"og:locale\" content=\"lt_LT\" \/>\n<meta property=\"og:type\" content=\"article\" \/>\n<meta property=\"og:title\" content=\"Straipsnio pateikimo reikalavimai - vtdko\" \/>\n<meta property=\"og:description\" content=\"Vilniaus technologij\u0173 ir dizaino kolegija \u2013 \u010dia hobis virsta profesija! STRAIPSNIO PATEIKIMO TVARKA Mokslinis straipsnis pateikiamas iki gegu\u017e\u0117s 31 d. el. pa\u0161tu\u00a0journal@vtdko.lt. Pateikiant mokslin\u012f straipsn\u012f autorius (-iai) turi prid\u0117ti: Autoriaus (-i\u0173) deklaracij\u0105; Autoriaus (-i\u0173) lydra\u0161t\u012f. \u0160iuos dokumentus leid\u0117jas saugo pagal dokumentacijos plane numatyt\u0105 termin\u0105. STRAIPSNIO \u0160ABLONAS (docx) STRAIPSNIO RENGIMO REIKALAVIMAI (pdf) AUTORIAUS DEKLARACIJA (docx) AUTORIAUS...\" \/>\n<meta property=\"og:url\" content=\"https:\/\/wp.adisoft.lt\/vtdko\/visuomenei\/zurnalas-technologijos-ir-menas\/straipsnio-pateikimo-reikalavimai\/\" \/>\n<meta property=\"og:site_name\" content=\"vtdko\" \/>\n<meta property=\"article:modified_time\" content=\"2022-12-16T19:40:58+00:00\" \/>\n<meta name=\"twitter:card\" content=\"summary_large_image\" \/>\n<script type=\"application\/ld+json\" class=\"yoast-schema-graph\">{\"@context\":\"https:\/\/schema.org\",\"@graph\":[{\"@type\":\"WebPage\",\"@id\":\"https:\/\/wp.adisoft.lt\/vtdko\/visuomenei\/zurnalas-technologijos-ir-menas\/straipsnio-pateikimo-reikalavimai\/\",\"url\":\"https:\/\/wp.adisoft.lt\/vtdko\/visuomenei\/zurnalas-technologijos-ir-menas\/straipsnio-pateikimo-reikalavimai\/\",\"name\":\"Straipsnio pateikimo reikalavimai - vtdko\",\"isPartOf\":{\"@id\":\"https:\/\/wp.adisoft.lt\/vtdko\/#website\"},\"datePublished\":\"2022-10-26T07:40:00+00:00\",\"dateModified\":\"2022-12-16T19:40:58+00:00\",\"breadcrumb\":{\"@id\":\"https:\/\/wp.adisoft.lt\/vtdko\/visuomenei\/zurnalas-technologijos-ir-menas\/straipsnio-pateikimo-reikalavimai\/#breadcrumb\"},\"inLanguage\":\"lt-LT\",\"potentialAction\":[{\"@type\":\"ReadAction\",\"target\":[\"https:\/\/wp.adisoft.lt\/vtdko\/visuomenei\/zurnalas-technologijos-ir-menas\/straipsnio-pateikimo-reikalavimai\/\"]}]},{\"@type\":\"BreadcrumbList\",\"@id\":\"https:\/\/wp.adisoft.lt\/vtdko\/visuomenei\/zurnalas-technologijos-ir-menas\/straipsnio-pateikimo-reikalavimai\/#breadcrumb\",\"itemListElement\":[{\"@type\":\"ListItem\",\"position\":1,\"name\":\"Pagrindinis\",\"item\":\"https:\/\/wp.adisoft.lt\/vtdko\/\"},{\"@type\":\"ListItem\",\"position\":2,\"name\":\"Visuomenei\",\"item\":\"https:\/\/wp.adisoft.lt\/vtdko\/visuomenei\/\"},{\"@type\":\"ListItem\",\"position\":3,\"name\":\"\u017durnalas \u201eTECHNOLOGIJOS IR MENAS.\",\"item\":\"https:\/\/wp.adisoft.lt\/vtdko\/visuomenei\/zurnalas-technologijos-ir-menas\/\"},{\"@type\":\"ListItem\",\"position\":4,\"name\":\"Straipsnio pateikimo reikalavimai\"}]},{\"@type\":\"WebSite\",\"@id\":\"https:\/\/wp.adisoft.lt\/vtdko\/#website\",\"url\":\"https:\/\/wp.adisoft.lt\/vtdko\/\",\"name\":\"vtdko\",\"description\":\"Vilniaus technologij\u0173 ir dizaino kolegija\",\"publisher\":{\"@id\":\"https:\/\/wp.adisoft.lt\/vtdko\/#organization\"},\"potentialAction\":[{\"@type\":\"SearchAction\",\"target\":{\"@type\":\"EntryPoint\",\"urlTemplate\":\"https:\/\/wp.adisoft.lt\/vtdko\/?s={search_term_string}\"},\"query-input\":\"required name=search_term_string\"}],\"inLanguage\":\"lt-LT\"},{\"@type\":\"Organization\",\"@id\":\"https:\/\/wp.adisoft.lt\/vtdko\/#organization\",\"name\":\"vtdko\",\"url\":\"https:\/\/wp.adisoft.lt\/vtdko\/\",\"logo\":{\"@type\":\"ImageObject\",\"inLanguage\":\"lt-LT\",\"@id\":\"https:\/\/wp.adisoft.lt\/vtdko\/#\/schema\/logo\/image\/\",\"url\":\"https:\/\/wp.adisoft.lt\/vtdko\/wp-content\/uploads\/2020\/02\/Logo-su-tekstu-01.svg\",\"contentUrl\":\"https:\/\/wp.adisoft.lt\/vtdko\/wp-content\/uploads\/2020\/02\/Logo-su-tekstu-01.svg\",\"width\":151,\"height\":74,\"caption\":\"vtdko\"},\"image\":{\"@id\":\"https:\/\/wp.adisoft.lt\/vtdko\/#\/schema\/logo\/image\/\"}}]}<\/script>\n<!-- \/ Yoast SEO plugin. -->","yoast_head_json":{"title":"Straipsnio pateikimo reikalavimai - vtdko","robots":{"index":"noindex","follow":"follow","max-snippet":"max-snippet:-1","max-image-preview":"max-image-preview:large","max-video-preview":"max-video-preview:-1"},"og_locale":"lt_LT","og_type":"article","og_title":"Straipsnio pateikimo reikalavimai - vtdko","og_description":"Vilniaus technologij\u0173 ir dizaino kolegija \u2013 \u010dia hobis virsta profesija! STRAIPSNIO PATEIKIMO TVARKA Mokslinis straipsnis pateikiamas iki gegu\u017e\u0117s 31 d. el. pa\u0161tu\u00a0journal@vtdko.lt. Pateikiant mokslin\u012f straipsn\u012f autorius (-iai) turi prid\u0117ti: Autoriaus (-i\u0173) deklaracij\u0105; Autoriaus (-i\u0173) lydra\u0161t\u012f. \u0160iuos dokumentus leid\u0117jas saugo pagal dokumentacijos plane numatyt\u0105 termin\u0105. STRAIPSNIO \u0160ABLONAS (docx) STRAIPSNIO RENGIMO REIKALAVIMAI (pdf) AUTORIAUS DEKLARACIJA (docx) AUTORIAUS...","og_url":"https:\/\/wp.adisoft.lt\/vtdko\/visuomenei\/zurnalas-technologijos-ir-menas\/straipsnio-pateikimo-reikalavimai\/","og_site_name":"vtdko","article_modified_time":"2022-12-16T19:40:58+00:00","twitter_card":"summary_large_image","schema":{"@context":"https:\/\/schema.org","@graph":[{"@type":"WebPage","@id":"https:\/\/wp.adisoft.lt\/vtdko\/visuomenei\/zurnalas-technologijos-ir-menas\/straipsnio-pateikimo-reikalavimai\/","url":"https:\/\/wp.adisoft.lt\/vtdko\/visuomenei\/zurnalas-technologijos-ir-menas\/straipsnio-pateikimo-reikalavimai\/","name":"Straipsnio pateikimo reikalavimai - vtdko","isPartOf":{"@id":"https:\/\/wp.adisoft.lt\/vtdko\/#website"},"datePublished":"2022-10-26T07:40:00+00:00","dateModified":"2022-12-16T19:40:58+00:00","breadcrumb":{"@id":"https:\/\/wp.adisoft.lt\/vtdko\/visuomenei\/zurnalas-technologijos-ir-menas\/straipsnio-pateikimo-reikalavimai\/#breadcrumb"},"inLanguage":"lt-LT","potentialAction":[{"@type":"ReadAction","target":["https:\/\/wp.adisoft.lt\/vtdko\/visuomenei\/zurnalas-technologijos-ir-menas\/straipsnio-pateikimo-reikalavimai\/"]}]},{"@type":"BreadcrumbList","@id":"https:\/\/wp.adisoft.lt\/vtdko\/visuomenei\/zurnalas-technologijos-ir-menas\/straipsnio-pateikimo-reikalavimai\/#breadcrumb","itemListElement":[{"@type":"ListItem","position":1,"name":"Pagrindinis","item":"https:\/\/wp.adisoft.lt\/vtdko\/"},{"@type":"ListItem","position":2,"name":"Visuomenei","item":"https:\/\/wp.adisoft.lt\/vtdko\/visuomenei\/"},{"@type":"ListItem","position":3,"name":"\u017durnalas \u201eTECHNOLOGIJOS IR MENAS.","item":"https:\/\/wp.adisoft.lt\/vtdko\/visuomenei\/zurnalas-technologijos-ir-menas\/"},{"@type":"ListItem","position":4,"name":"Straipsnio pateikimo reikalavimai"}]},{"@type":"WebSite","@id":"https:\/\/wp.adisoft.lt\/vtdko\/#website","url":"https:\/\/wp.adisoft.lt\/vtdko\/","name":"vtdko","description":"Vilniaus technologij\u0173 ir dizaino kolegija","publisher":{"@id":"https:\/\/wp.adisoft.lt\/vtdko\/#organization"},"potentialAction":[{"@type":"SearchAction","target":{"@type":"EntryPoint","urlTemplate":"https:\/\/wp.adisoft.lt\/vtdko\/?s={search_term_string}"},"query-input":"required name=search_term_string"}],"inLanguage":"lt-LT"},{"@type":"Organization","@id":"https:\/\/wp.adisoft.lt\/vtdko\/#organization","name":"vtdko","url":"https:\/\/wp.adisoft.lt\/vtdko\/","logo":{"@type":"ImageObject","inLanguage":"lt-LT","@id":"https:\/\/wp.adisoft.lt\/vtdko\/#\/schema\/logo\/image\/","url":"https:\/\/wp.adisoft.lt\/vtdko\/wp-content\/uploads\/2020\/02\/Logo-su-tekstu-01.svg","contentUrl":"https:\/\/wp.adisoft.lt\/vtdko\/wp-content\/uploads\/2020\/02\/Logo-su-tekstu-01.svg","width":151,"height":74,"caption":"vtdko"},"image":{"@id":"https:\/\/wp.adisoft.lt\/vtdko\/#\/schema\/logo\/image\/"}}]}},"_links":{"self":[{"href":"https:\/\/wp.adisoft.lt\/vtdko\/wp-json\/wp\/v2\/pages\/991570","targetHints":{"allow":["GET"]}}],"collection":[{"href":"https:\/\/wp.adisoft.lt\/vtdko\/wp-json\/wp\/v2\/pages"}],"about":[{"href":"https:\/\/wp.adisoft.lt\/vtdko\/wp-json\/wp\/v2\/types\/page"}],"author":[{"embeddable":true,"href":"https:\/\/wp.adisoft.lt\/vtdko\/wp-json\/wp\/v2\/users\/1"}],"replies":[{"embeddable":true,"href":"https:\/\/wp.adisoft.lt\/vtdko\/wp-json\/wp\/v2\/comments?post=991570"}],"version-history":[{"count":10,"href":"https:\/\/wp.adisoft.lt\/vtdko\/wp-json\/wp\/v2\/pages\/991570\/revisions"}],"predecessor-version":[{"id":993407,"href":"https:\/\/wp.adisoft.lt\/vtdko\/wp-json\/wp\/v2\/pages\/991570\/revisions\/993407"}],"up":[{"embeddable":true,"href":"https:\/\/wp.adisoft.lt\/vtdko\/wp-json\/wp\/v2\/pages\/991563"}],"wp:attachment":[{"href":"https:\/\/wp.adisoft.lt\/vtdko\/wp-json\/wp\/v2\/media?parent=991570"}],"curies":[{"name":"wp","href":"https:\/\/api.w.org\/{rel}","templated":true}]}}