{"id":991571,"date":"2022-10-26T10:40:02","date_gmt":"2022-10-26T07:40:02","guid":{"rendered":"https:\/\/wp.adisoft.lt\/vtdko\/?page_id=991571"},"modified":"2022-12-16T22:40:45","modified_gmt":"2022-12-16T19:40:45","slug":"zurnalo-redakcija","status":"publish","type":"page","link":"https:\/\/wp.adisoft.lt\/vtdko\/visuomenei\/zurnalas-technologijos-ir-menas\/zurnalo-redakcija\/","title":{"rendered":"\u017durnalo redakcija"},"content":{"rendered":"\t\t<div data-elementor-type=\"wp-page\" data-elementor-id=\"991571\" class=\"elementor elementor-991571\">\n\t\t\t\t\t\t\t\t\t<section class=\"elementor-section elementor-top-section elementor-element elementor-element-bf996ed elementor-section-height-min-height elementor-section-boxed elementor-section-height-default elementor-section-items-middle\" data-id=\"bf996ed\" data-element_type=\"section\" data-settings=\"{&quot;background_background&quot;:&quot;classic&quot;,&quot;animation&quot;:&quot;none&quot;}\">\n\t\t\t\t\t\t<div class=\"elementor-container elementor-column-gap-default\">\n\t\t\t\t\t<div class=\"elementor-column elementor-col-100 elementor-top-column elementor-element elementor-element-b57d843\" data-id=\"b57d843\" data-element_type=\"column\" data-settings=\"{&quot;background_background&quot;:&quot;classic&quot;}\">\n\t\t\t<div class=\"elementor-widget-wrap\">\n\t\t\t\t\t\t\t\t\t<\/div>\n\t\t<\/div>\n\t\t\t\t\t\t\t<\/div>\n\t\t<\/section>\n\t\t\t\t<section class=\"elementor-section elementor-top-section elementor-element elementor-element-4688e0d elementor-section-boxed elementor-section-height-default elementor-section-height-default\" data-id=\"4688e0d\" data-element_type=\"section\" data-settings=\"{&quot;animation&quot;:&quot;none&quot;,&quot;animation_tablet&quot;:&quot;none&quot;,&quot;animation_mobile&quot;:&quot;none&quot;}\">\n\t\t\t\t\t\t<div class=\"elementor-container elementor-column-gap-no\">\n\t\t\t\t\t<div class=\"elementor-column elementor-col-50 elementor-top-column elementor-element elementor-element-6998736 animated-fast elementor-invisible\" data-id=\"6998736\" data-element_type=\"column\" data-settings=\"{&quot;background_background&quot;:&quot;classic&quot;,&quot;animation&quot;:&quot;fadeIn&quot;,&quot;animation_delay&quot;:100}\">\n\t\t\t<div class=\"elementor-widget-wrap elementor-element-populated\">\n\t\t\t\t\t\t\t\t<div class=\"elementor-element elementor-element-8c8927b elementor-widget elementor-widget-text-editor\" data-id=\"8c8927b\" data-element_type=\"widget\" data-settings=\"{&quot;_animation&quot;:&quot;none&quot;,&quot;_animation_delay&quot;:300}\" data-widget_type=\"text-editor.default\">\n\t\t\t\t<div class=\"elementor-widget-container\">\n\t\t\t\t\t\t\t<p>Vilniaus technologij\u0173 ir dizaino kolegija \u2013 \u010dia hobis virsta profesija!<\/p>\t\t\t\t\t\t<\/div>\n\t\t\t\t<\/div>\n\t\t\t\t\t<\/div>\n\t\t<\/div>\n\t\t\t\t<div class=\"elementor-column elementor-col-50 elementor-top-column elementor-element elementor-element-08dbf17 elementor-hidden-desktop elementor-hidden-tablet elementor-hidden-phone\" data-id=\"08dbf17\" data-element_type=\"column\">\n\t\t\t<div class=\"elementor-widget-wrap\">\n\t\t\t\t\t\t\t\t\t<\/div>\n\t\t<\/div>\n\t\t\t\t\t\t\t<\/div>\n\t\t<\/section>\n\t\t\t\t<section class=\"elementor-section elementor-top-section elementor-element elementor-element-8f37da3 elementor-section-boxed elementor-section-height-default elementor-section-height-default\" data-id=\"8f37da3\" data-element_type=\"section\">\n\t\t\t\t\t\t<div class=\"elementor-container elementor-column-gap-default\">\n\t\t\t\t\t<div class=\"elementor-column elementor-col-100 elementor-top-column elementor-element elementor-element-076b17f\" data-id=\"076b17f\" data-element_type=\"column\">\n\t\t\t<div class=\"elementor-widget-wrap elementor-element-populated\">\n\t\t\t\t\t\t\t\t<div class=\"elementor-element elementor-element-8bbdec6 elementor-widget elementor-widget-spacer\" data-id=\"8bbdec6\" data-element_type=\"widget\" data-widget_type=\"spacer.default\">\n\t\t\t\t<div class=\"elementor-widget-container\">\n\t\t\t\t\t<div class=\"elementor-spacer\">\n\t\t\t<div class=\"elementor-spacer-inner\"><\/div>\n\t\t<\/div>\n\t\t\t\t<\/div>\n\t\t\t\t<\/div>\n\t\t\t\t\t<\/div>\n\t\t<\/div>\n\t\t\t\t\t\t\t<\/div>\n\t\t<\/section>\n\t\t\t\t<section class=\"elementor-section elementor-top-section elementor-element elementor-element-64e2867 elementor-section-boxed elementor-section-height-default elementor-section-height-default\" data-id=\"64e2867\" data-element_type=\"section\">\n\t\t\t\t\t\t<div class=\"elementor-container elementor-column-gap-default\">\n\t\t\t\t\t<div class=\"elementor-column elementor-col-100 elementor-top-column elementor-element elementor-element-8032361\" data-id=\"8032361\" data-element_type=\"column\">\n\t\t\t<div class=\"elementor-widget-wrap elementor-element-populated\">\n\t\t\t\t\t\t\t\t<div class=\"elementor-element elementor-element-77b5c7b elementor-widget elementor-widget-text-editor\" data-id=\"77b5c7b\" data-element_type=\"widget\" data-widget_type=\"text-editor.default\">\n\t\t\t\t<div class=\"elementor-widget-container\">\n\t\t\t\t\t\t\t<table class=\"table\"><tbody><tr><td colspan=\"3\"><strong>Adresas<\/strong><\/td><\/tr><tr><td colspan=\"3\"><strong>Vilniaus technologij\u0173 ir dizaino kolegija<\/strong><br \/>Antakalnio g. 54<br \/>LT- 10303, Vilnius<br \/>Lietuva\u00a0<\/td><\/tr><\/tbody><\/table><table class=\"table\"><tbody><tr><td><strong>Vyriausiasis redaktorius<\/strong><\/td><td><strong>Lietuvi\u0173 kalbos redaktor\u0117<\/strong><\/td><td><strong>Angl\u0173 kalbos redaktor\u0117<\/strong><\/td><\/tr><tr><td><strong>Dr. Vytenis Surblys<\/strong><br \/>Vilniaus technologij\u0173 ir dizaino kolegija<br \/>Oland\u0173 g. 16<br \/>LT- 01100, Vilnius<br \/>Lietuva<br \/>El. pa\u0161tas:\u00a0<a href=\"mailto:journal@vtdko.lt\">journal@vtdko.lt<\/a><\/td><td><strong>Jolita Gra\u0161ien\u0117<\/strong><br \/>Vilniaus technologij\u0173 ir dizaino kolegija<br \/>Oland\u0173 g. 16<br \/>LT- 01100, Vilnius<br \/>Lietuva<br \/>El. pa\u0161tas:\u00a0<a href=\"mailto:j.grasiene@vtdko.lt\">j.grasiene@vtdko.lt<\/a><\/td><td><strong>Svetlana Toropovien\u0117<\/strong><br \/>Vilniaus technologij\u0173 ir dizaino kolegija<br \/>Oland\u0173 g. 16<br \/>LT-01100, Vilnius<br \/>Lietuva<br \/>El. pa\u0161tas:\u00a0<a href=\"mailto:s.toropoviene@vtdko.lt\">s.toropoviene@vtdko.lt<\/a><\/td><\/tr><\/tbody><\/table><p><a href=\"https:\/\/wp.adisoft.lt\/vtdko\/wp-content\/uploads\/2022\/10\/Redkolegijos_nariu_sarasas_2022_09_05.pdf\" target=\"_blank\" rel=\"noopener\">REDAKCIN\u0116 KOLEGIJA (pdf)<\/a>\u00a0<\/p>\t\t\t\t\t\t<\/div>\n\t\t\t\t<\/div>\n\t\t\t\t\t<\/div>\n\t\t<\/div>\n\t\t\t\t\t\t\t<\/div>\n\t\t<\/section>\n\t\t\t\t<section class=\"elementor-section elementor-top-section elementor-element elementor-element-3d2d2a9 elementor-section-boxed elementor-section-height-default elementor-section-height-default\" data-id=\"3d2d2a9\" data-element_type=\"section\">\n\t\t\t\t\t\t<div class=\"elementor-container elementor-column-gap-default\">\n\t\t\t\t\t<div class=\"elementor-column elementor-col-100 elementor-top-column elementor-element elementor-element-a33d0f3\" data-id=\"a33d0f3\" data-element_type=\"column\">\n\t\t\t<div class=\"elementor-widget-wrap elementor-element-populated\">\n\t\t\t\t\t\t\t\t<div class=\"elementor-element elementor-element-dcedab1 elementor-widget elementor-widget-spacer\" data-id=\"dcedab1\" data-element_type=\"widget\" data-widget_type=\"spacer.default\">\n\t\t\t\t<div class=\"elementor-widget-container\">\n\t\t\t\t\t<div class=\"elementor-spacer\">\n\t\t\t<div class=\"elementor-spacer-inner\"><\/div>\n\t\t<\/div>\n\t\t\t\t<\/div>\n\t\t\t\t<\/div>\n\t\t\t\t\t<\/div>\n\t\t<\/div>\n\t\t\t\t\t\t\t<\/div>\n\t\t<\/section>\n\t\t\t\t\t\t\t<\/div>\n\t\t","protected":false},"excerpt":{"rendered":"<p>Vilniaus technologij\u0173 ir dizaino kolegija \u2013 \u010dia hobis virsta profesija! Adresas Vilniaus technologij\u0173 ir dizaino kolegijaAntakalnio g. 54LT- 10303, VilniusLietuva\u00a0 Vyriausiasis redaktorius Lietuvi\u0173 kalbos redaktor\u0117 Angl\u0173 kalbos redaktor\u0117 Dr. Vytenis SurblysVilniaus technologij\u0173 ir dizaino kolegijaOland\u0173 g. 16LT- 01100, VilniusLietuvaEl. pa\u0161tas:\u00a0journal@vtdko.lt Jolita Gra\u0161ien\u0117Vilniaus technologij\u0173 ir dizaino kolegijaOland\u0173 g. 16LT- 01100, VilniusLietuvaEl. pa\u0161tas:\u00a0j.grasiene@vtdko.lt Svetlana Toropovien\u0117Vilniaus technologij\u0173 ir&#8230;<\/p>\n","protected":false},"author":1,"featured_media":0,"parent":991563,"menu_order":0,"comment_status":"closed","ping_status":"closed","template":"","meta":{"inline_featured_image":false,"footnotes":""},"class_list":["post-991571","page","type-page","status-publish","hentry"],"yoast_head":"<!-- This site is optimized with the Yoast SEO plugin v19.12 - https:\/\/yoast.com\/wordpress\/plugins\/seo\/ -->\n<title>\u017durnalo redakcija - vtdko<\/title>\n<meta name=\"robots\" content=\"noindex, follow, max-snippet:-1, max-image-preview:large, max-video-preview:-1\" \/>\n<meta property=\"og:locale\" content=\"lt_LT\" \/>\n<meta property=\"og:type\" content=\"article\" \/>\n<meta property=\"og:title\" content=\"\u017durnalo redakcija - vtdko\" \/>\n<meta property=\"og:description\" content=\"Vilniaus technologij\u0173 ir dizaino kolegija \u2013 \u010dia hobis virsta profesija! Adresas Vilniaus technologij\u0173 ir dizaino kolegijaAntakalnio g. 54LT- 10303, VilniusLietuva\u00a0 Vyriausiasis redaktorius Lietuvi\u0173 kalbos redaktor\u0117 Angl\u0173 kalbos redaktor\u0117 Dr. Vytenis SurblysVilniaus technologij\u0173 ir dizaino kolegijaOland\u0173 g. 16LT- 01100, VilniusLietuvaEl. pa\u0161tas:\u00a0journal@vtdko.lt Jolita Gra\u0161ien\u0117Vilniaus technologij\u0173 ir dizaino kolegijaOland\u0173 g. 16LT- 01100, VilniusLietuvaEl. pa\u0161tas:\u00a0j.grasiene@vtdko.lt Svetlana Toropovien\u0117Vilniaus technologij\u0173 ir...\" \/>\n<meta property=\"og:url\" content=\"https:\/\/wp.adisoft.lt\/vtdko\/visuomenei\/zurnalas-technologijos-ir-menas\/zurnalo-redakcija\/\" \/>\n<meta property=\"og:site_name\" content=\"vtdko\" \/>\n<meta property=\"article:modified_time\" content=\"2022-12-16T19:40:45+00:00\" \/>\n<meta name=\"twitter:card\" content=\"summary_large_image\" \/>\n<script type=\"application\/ld+json\" class=\"yoast-schema-graph\">{\"@context\":\"https:\/\/schema.org\",\"@graph\":[{\"@type\":\"WebPage\",\"@id\":\"https:\/\/wp.adisoft.lt\/vtdko\/visuomenei\/zurnalas-technologijos-ir-menas\/zurnalo-redakcija\/\",\"url\":\"https:\/\/wp.adisoft.lt\/vtdko\/visuomenei\/zurnalas-technologijos-ir-menas\/zurnalo-redakcija\/\",\"name\":\"\u017durnalo redakcija - vtdko\",\"isPartOf\":{\"@id\":\"https:\/\/wp.adisoft.lt\/vtdko\/#website\"},\"datePublished\":\"2022-10-26T07:40:02+00:00\",\"dateModified\":\"2022-12-16T19:40:45+00:00\",\"breadcrumb\":{\"@id\":\"https:\/\/wp.adisoft.lt\/vtdko\/visuomenei\/zurnalas-technologijos-ir-menas\/zurnalo-redakcija\/#breadcrumb\"},\"inLanguage\":\"lt-LT\",\"potentialAction\":[{\"@type\":\"ReadAction\",\"target\":[\"https:\/\/wp.adisoft.lt\/vtdko\/visuomenei\/zurnalas-technologijos-ir-menas\/zurnalo-redakcija\/\"]}]},{\"@type\":\"BreadcrumbList\",\"@id\":\"https:\/\/wp.adisoft.lt\/vtdko\/visuomenei\/zurnalas-technologijos-ir-menas\/zurnalo-redakcija\/#breadcrumb\",\"itemListElement\":[{\"@type\":\"ListItem\",\"position\":1,\"name\":\"Pagrindinis\",\"item\":\"https:\/\/wp.adisoft.lt\/vtdko\/\"},{\"@type\":\"ListItem\",\"position\":2,\"name\":\"Visuomenei\",\"item\":\"https:\/\/wp.adisoft.lt\/vtdko\/visuomenei\/\"},{\"@type\":\"ListItem\",\"position\":3,\"name\":\"\u017durnalas \u201eTECHNOLOGIJOS IR MENAS.\",\"item\":\"https:\/\/wp.adisoft.lt\/vtdko\/visuomenei\/zurnalas-technologijos-ir-menas\/\"},{\"@type\":\"ListItem\",\"position\":4,\"name\":\"\u017durnalo redakcija\"}]},{\"@type\":\"WebSite\",\"@id\":\"https:\/\/wp.adisoft.lt\/vtdko\/#website\",\"url\":\"https:\/\/wp.adisoft.lt\/vtdko\/\",\"name\":\"vtdko\",\"description\":\"Vilniaus technologij\u0173 ir dizaino kolegija\",\"publisher\":{\"@id\":\"https:\/\/wp.adisoft.lt\/vtdko\/#organization\"},\"potentialAction\":[{\"@type\":\"SearchAction\",\"target\":{\"@type\":\"EntryPoint\",\"urlTemplate\":\"https:\/\/wp.adisoft.lt\/vtdko\/?s={search_term_string}\"},\"query-input\":\"required name=search_term_string\"}],\"inLanguage\":\"lt-LT\"},{\"@type\":\"Organization\",\"@id\":\"https:\/\/wp.adisoft.lt\/vtdko\/#organization\",\"name\":\"vtdko\",\"url\":\"https:\/\/wp.adisoft.lt\/vtdko\/\",\"logo\":{\"@type\":\"ImageObject\",\"inLanguage\":\"lt-LT\",\"@id\":\"https:\/\/wp.adisoft.lt\/vtdko\/#\/schema\/logo\/image\/\",\"url\":\"https:\/\/wp.adisoft.lt\/vtdko\/wp-content\/uploads\/2020\/02\/Logo-su-tekstu-01.svg\",\"contentUrl\":\"https:\/\/wp.adisoft.lt\/vtdko\/wp-content\/uploads\/2020\/02\/Logo-su-tekstu-01.svg\",\"width\":151,\"height\":74,\"caption\":\"vtdko\"},\"image\":{\"@id\":\"https:\/\/wp.adisoft.lt\/vtdko\/#\/schema\/logo\/image\/\"}}]}<\/script>\n<!-- \/ Yoast SEO plugin. -->","yoast_head_json":{"title":"\u017durnalo redakcija - vtdko","robots":{"index":"noindex","follow":"follow","max-snippet":"max-snippet:-1","max-image-preview":"max-image-preview:large","max-video-preview":"max-video-preview:-1"},"og_locale":"lt_LT","og_type":"article","og_title":"\u017durnalo redakcija - vtdko","og_description":"Vilniaus technologij\u0173 ir dizaino kolegija \u2013 \u010dia hobis virsta profesija! Adresas Vilniaus technologij\u0173 ir dizaino kolegijaAntakalnio g. 54LT- 10303, VilniusLietuva\u00a0 Vyriausiasis redaktorius Lietuvi\u0173 kalbos redaktor\u0117 Angl\u0173 kalbos redaktor\u0117 Dr. Vytenis SurblysVilniaus technologij\u0173 ir dizaino kolegijaOland\u0173 g. 16LT- 01100, VilniusLietuvaEl. pa\u0161tas:\u00a0journal@vtdko.lt Jolita Gra\u0161ien\u0117Vilniaus technologij\u0173 ir dizaino kolegijaOland\u0173 g. 16LT- 01100, VilniusLietuvaEl. pa\u0161tas:\u00a0j.grasiene@vtdko.lt Svetlana Toropovien\u0117Vilniaus technologij\u0173 ir...","og_url":"https:\/\/wp.adisoft.lt\/vtdko\/visuomenei\/zurnalas-technologijos-ir-menas\/zurnalo-redakcija\/","og_site_name":"vtdko","article_modified_time":"2022-12-16T19:40:45+00:00","twitter_card":"summary_large_image","schema":{"@context":"https:\/\/schema.org","@graph":[{"@type":"WebPage","@id":"https:\/\/wp.adisoft.lt\/vtdko\/visuomenei\/zurnalas-technologijos-ir-menas\/zurnalo-redakcija\/","url":"https:\/\/wp.adisoft.lt\/vtdko\/visuomenei\/zurnalas-technologijos-ir-menas\/zurnalo-redakcija\/","name":"\u017durnalo redakcija - vtdko","isPartOf":{"@id":"https:\/\/wp.adisoft.lt\/vtdko\/#website"},"datePublished":"2022-10-26T07:40:02+00:00","dateModified":"2022-12-16T19:40:45+00:00","breadcrumb":{"@id":"https:\/\/wp.adisoft.lt\/vtdko\/visuomenei\/zurnalas-technologijos-ir-menas\/zurnalo-redakcija\/#breadcrumb"},"inLanguage":"lt-LT","potentialAction":[{"@type":"ReadAction","target":["https:\/\/wp.adisoft.lt\/vtdko\/visuomenei\/zurnalas-technologijos-ir-menas\/zurnalo-redakcija\/"]}]},{"@type":"BreadcrumbList","@id":"https:\/\/wp.adisoft.lt\/vtdko\/visuomenei\/zurnalas-technologijos-ir-menas\/zurnalo-redakcija\/#breadcrumb","itemListElement":[{"@type":"ListItem","position":1,"name":"Pagrindinis","item":"https:\/\/wp.adisoft.lt\/vtdko\/"},{"@type":"ListItem","position":2,"name":"Visuomenei","item":"https:\/\/wp.adisoft.lt\/vtdko\/visuomenei\/"},{"@type":"ListItem","position":3,"name":"\u017durnalas \u201eTECHNOLOGIJOS IR MENAS.","item":"https:\/\/wp.adisoft.lt\/vtdko\/visuomenei\/zurnalas-technologijos-ir-menas\/"},{"@type":"ListItem","position":4,"name":"\u017durnalo redakcija"}]},{"@type":"WebSite","@id":"https:\/\/wp.adisoft.lt\/vtdko\/#website","url":"https:\/\/wp.adisoft.lt\/vtdko\/","name":"vtdko","description":"Vilniaus technologij\u0173 ir dizaino kolegija","publisher":{"@id":"https:\/\/wp.adisoft.lt\/vtdko\/#organization"},"potentialAction":[{"@type":"SearchAction","target":{"@type":"EntryPoint","urlTemplate":"https:\/\/wp.adisoft.lt\/vtdko\/?s={search_term_string}"},"query-input":"required name=search_term_string"}],"inLanguage":"lt-LT"},{"@type":"Organization","@id":"https:\/\/wp.adisoft.lt\/vtdko\/#organization","name":"vtdko","url":"https:\/\/wp.adisoft.lt\/vtdko\/","logo":{"@type":"ImageObject","inLanguage":"lt-LT","@id":"https:\/\/wp.adisoft.lt\/vtdko\/#\/schema\/logo\/image\/","url":"https:\/\/wp.adisoft.lt\/vtdko\/wp-content\/uploads\/2020\/02\/Logo-su-tekstu-01.svg","contentUrl":"https:\/\/wp.adisoft.lt\/vtdko\/wp-content\/uploads\/2020\/02\/Logo-su-tekstu-01.svg","width":151,"height":74,"caption":"vtdko"},"image":{"@id":"https:\/\/wp.adisoft.lt\/vtdko\/#\/schema\/logo\/image\/"}}]}},"_links":{"self":[{"href":"https:\/\/wp.adisoft.lt\/vtdko\/wp-json\/wp\/v2\/pages\/991571","targetHints":{"allow":["GET"]}}],"collection":[{"href":"https:\/\/wp.adisoft.lt\/vtdko\/wp-json\/wp\/v2\/pages"}],"about":[{"href":"https:\/\/wp.adisoft.lt\/vtdko\/wp-json\/wp\/v2\/types\/page"}],"author":[{"embeddable":true,"href":"https:\/\/wp.adisoft.lt\/vtdko\/wp-json\/wp\/v2\/users\/1"}],"replies":[{"embeddable":true,"href":"https:\/\/wp.adisoft.lt\/vtdko\/wp-json\/wp\/v2\/comments?post=991571"}],"version-history":[{"count":16,"href":"https:\/\/wp.adisoft.lt\/vtdko\/wp-json\/wp\/v2\/pages\/991571\/revisions"}],"predecessor-version":[{"id":993404,"href":"https:\/\/wp.adisoft.lt\/vtdko\/wp-json\/wp\/v2\/pages\/991571\/revisions\/993404"}],"up":[{"embeddable":true,"href":"https:\/\/wp.adisoft.lt\/vtdko\/wp-json\/wp\/v2\/pages\/991563"}],"wp:attachment":[{"href":"https:\/\/wp.adisoft.lt\/vtdko\/wp-json\/wp\/v2\/media?parent=991571"}],"curies":[{"name":"wp","href":"https:\/\/api.w.org\/{rel}","templated":true}]}}