{"id":991572,"date":"2022-10-26T10:40:04","date_gmt":"2022-10-26T07:40:04","guid":{"rendered":"https:\/\/wp.adisoft.lt\/vtdko\/?page_id=991572"},"modified":"2022-12-16T22:40:33","modified_gmt":"2022-12-16T19:40:33","slug":"pagrindinis","status":"publish","type":"page","link":"https:\/\/wp.adisoft.lt\/vtdko\/visuomenei\/zurnalas-technologijos-ir-menas\/pagrindinis\/","title":{"rendered":"\u017durnalas \u201eTECHNOLOGIJOS IR MENAS. TYRIMAI IR AKTUALIJOS\u201c"},"content":{"rendered":"\t\t<div data-elementor-type=\"wp-page\" data-elementor-id=\"991572\" class=\"elementor elementor-991572\">\n\t\t\t\t\t\t\t\t\t<section class=\"elementor-section elementor-top-section elementor-element elementor-element-374f5e6 elementor-section-height-min-height elementor-section-boxed elementor-section-height-default elementor-section-items-middle\" data-id=\"374f5e6\" data-element_type=\"section\" data-settings=\"{&quot;background_background&quot;:&quot;classic&quot;,&quot;animation&quot;:&quot;none&quot;}\">\n\t\t\t\t\t\t<div class=\"elementor-container elementor-column-gap-default\">\n\t\t\t\t\t<div class=\"elementor-column elementor-col-100 elementor-top-column elementor-element elementor-element-85bf476\" data-id=\"85bf476\" data-element_type=\"column\" data-settings=\"{&quot;background_background&quot;:&quot;classic&quot;}\">\n\t\t\t<div class=\"elementor-widget-wrap\">\n\t\t\t\t\t\t\t\t\t<\/div>\n\t\t<\/div>\n\t\t\t\t\t\t\t<\/div>\n\t\t<\/section>\n\t\t\t\t<section class=\"elementor-section elementor-top-section elementor-element elementor-element-9d2ce9a elementor-section-boxed elementor-section-height-default elementor-section-height-default\" data-id=\"9d2ce9a\" data-element_type=\"section\" data-settings=\"{&quot;animation&quot;:&quot;none&quot;,&quot;animation_tablet&quot;:&quot;none&quot;,&quot;animation_mobile&quot;:&quot;none&quot;}\">\n\t\t\t\t\t\t<div class=\"elementor-container elementor-column-gap-no\">\n\t\t\t\t\t<div class=\"elementor-column elementor-col-50 elementor-top-column elementor-element elementor-element-f1c3174 animated-fast elementor-invisible\" data-id=\"f1c3174\" data-element_type=\"column\" data-settings=\"{&quot;background_background&quot;:&quot;classic&quot;,&quot;animation&quot;:&quot;fadeIn&quot;,&quot;animation_delay&quot;:100}\">\n\t\t\t<div class=\"elementor-widget-wrap elementor-element-populated\">\n\t\t\t\t\t\t\t\t<div class=\"elementor-element elementor-element-c2128a5 elementor-widget elementor-widget-text-editor\" data-id=\"c2128a5\" data-element_type=\"widget\" data-settings=\"{&quot;_animation&quot;:&quot;none&quot;,&quot;_animation_delay&quot;:300}\" data-widget_type=\"text-editor.default\">\n\t\t\t\t<div class=\"elementor-widget-container\">\n\t\t\t\t\t\t\t<p>Vilniaus technologij\u0173 ir dizaino kolegija \u2013 \u010dia hobis virsta profesija!<\/p>\t\t\t\t\t\t<\/div>\n\t\t\t\t<\/div>\n\t\t\t\t\t<\/div>\n\t\t<\/div>\n\t\t\t\t<div class=\"elementor-column elementor-col-50 elementor-top-column elementor-element elementor-element-0ab2d7a elementor-hidden-desktop elementor-hidden-tablet elementor-hidden-phone\" data-id=\"0ab2d7a\" data-element_type=\"column\">\n\t\t\t<div class=\"elementor-widget-wrap\">\n\t\t\t\t\t\t\t\t\t<\/div>\n\t\t<\/div>\n\t\t\t\t\t\t\t<\/div>\n\t\t<\/section>\n\t\t\t\t<section class=\"elementor-section elementor-top-section elementor-element elementor-element-8f37da3 elementor-section-boxed elementor-section-height-default elementor-section-height-default\" data-id=\"8f37da3\" data-element_type=\"section\">\n\t\t\t\t\t\t<div class=\"elementor-container elementor-column-gap-default\">\n\t\t\t\t\t<div class=\"elementor-column elementor-col-100 elementor-top-column elementor-element elementor-element-076b17f\" data-id=\"076b17f\" data-element_type=\"column\">\n\t\t\t<div class=\"elementor-widget-wrap elementor-element-populated\">\n\t\t\t\t\t\t\t\t<div class=\"elementor-element elementor-element-52bc404 elementor-widget elementor-widget-spacer\" data-id=\"52bc404\" data-element_type=\"widget\" data-widget_type=\"spacer.default\">\n\t\t\t\t<div class=\"elementor-widget-container\">\n\t\t\t\t\t<div class=\"elementor-spacer\">\n\t\t\t<div class=\"elementor-spacer-inner\"><\/div>\n\t\t<\/div>\n\t\t\t\t<\/div>\n\t\t\t\t<\/div>\n\t\t\t\t\t<\/div>\n\t\t<\/div>\n\t\t\t\t\t\t\t<\/div>\n\t\t<\/section>\n\t\t\t\t<section class=\"elementor-section elementor-top-section elementor-element elementor-element-64e2867 elementor-section-boxed elementor-section-height-default elementor-section-height-default\" data-id=\"64e2867\" data-element_type=\"section\">\n\t\t\t\t\t\t<div class=\"elementor-container elementor-column-gap-default\">\n\t\t\t\t\t<div class=\"elementor-column elementor-col-100 elementor-top-column elementor-element elementor-element-8032361\" data-id=\"8032361\" data-element_type=\"column\">\n\t\t\t<div class=\"elementor-widget-wrap elementor-element-populated\">\n\t\t\t\t\t\t\t\t<div class=\"elementor-element elementor-element-0bcc87a elementor-widget elementor-widget-image\" data-id=\"0bcc87a\" data-element_type=\"widget\" data-widget_type=\"image.default\">\n\t\t\t\t<div class=\"elementor-widget-container\">\n\t\t\t\t\t\t\t<div class=\"elementor-image\">\n\t\t\t\t\t\t\t\t\t\t\t\t\t\t\t\t<figure class=\"wp-caption\">\n\t\t\t\t\t\t\t\t\t\t\t\t\t\t\t\t<img loading=\"lazy\" decoding=\"async\" width=\"768\" height=\"544\" src=\"https:\/\/wp.adisoft.lt\/vtdko\/wp-content\/uploads\/2022\/10\/virselis_2021-768x544.jpeg\" class=\"attachment-medium_large size-medium_large\" alt=\"TECHNOLOGIJOS IR MENAS. TYRIMAI IR AKTUALIJOS ISSN 2029-400X\" srcset=\"https:\/\/wp.adisoft.lt\/vtdko\/wp-content\/uploads\/2022\/10\/virselis_2021-768x544.jpeg 768w, https:\/\/wp.adisoft.lt\/vtdko\/wp-content\/uploads\/2022\/10\/virselis_2021-300x213.jpeg 300w, https:\/\/wp.adisoft.lt\/vtdko\/wp-content\/uploads\/2022\/10\/virselis_2021-1024x726.jpeg 1024w, https:\/\/wp.adisoft.lt\/vtdko\/wp-content\/uploads\/2022\/10\/virselis_2021-1536x1089.jpeg 1536w, https:\/\/wp.adisoft.lt\/vtdko\/wp-content\/uploads\/2022\/10\/virselis_2021-2048x1452.jpeg 2048w\" sizes=\"auto, (max-width: 768px) 100vw, 768px\" \/>\t\t\t\t\t\t\t\t\t\t\t\t\t\t\t\t\t<figcaption class=\"widget-image-caption wp-caption-text\">TECHNOLOGIJOS IR MENAS. TYRIMAI IR AKTUALIJOS ISSN 2029-400X<\/figcaption>\n\t\t\t\t\t\t\t\t\t\t\t\t\t\t\t\t<\/figure>\n\t\t\t\t\t\t\t\t\t\t\t\t\t\t<\/div>\n\t\t\t\t\t\t<\/div>\n\t\t\t\t<\/div>\n\t\t\t\t<div class=\"elementor-element elementor-element-77b5c7b elementor-widget elementor-widget-text-editor\" data-id=\"77b5c7b\" data-element_type=\"widget\" data-widget_type=\"text-editor.default\">\n\t\t\t\t<div class=\"elementor-widget-container\">\n\t\t\t\t\t\t\t<p>Vilniaus technologij\u0173 ir dizaino kolegija (VTDK) \u2013 did\u017eiausia technologin\u0117s ir menin\u0117s pakraipos kolegija Lietuvoje \u2013 siekdama u\u017etikrinti studij\u0173 kokyb\u0119 ir \u012fgyvendinti Lietuvos Respublikos mokslo ir studij\u0173 \u012fstatyme numatytus prioritetus, nuo 2010 met\u0173 leid\u017eia periodin\u012f mokslin\u012f \u017eurnal\u0105 \u201eTechnologijos ir menas. Tyrimai ir aktualijos\u201c. Leidinys patalpintas \u012f\u00a0<a href=\"https:\/\/journals.indexcopernicus.com\/search\/details?id=32322\">Index Copernicus Journals Master List<\/a>\u00a0duomen\u0173 baz\u0119.<\/p><p>Leidinys padeda \u012fgyvendinti Mokslo ir studij\u0173 \u012fstatyme akcentuojam\u0105 nuostat\u0105, jog \u201ekolegijose mokslo (meno) ir studij\u0173 vienov\u0117 u\u017etikrinama per glaud\u0173 ry\u0161\u012f su praktika \u2013 d\u0117stytoj\u0173 ir student\u0173 dalyvavim\u0105 taikomuosiuose tyrimuose ir eksperimentin\u0117s (socialin\u0117s, kult\u016brin\u0117s) pl\u0117tros darbuose pagal verslo, pramon\u0117s ir kit\u0173 organizacij\u0173 u\u017esakymus, region\u0173 pl\u0117tros projektuose, konsultacin\u0117je veikloje\u201c.<\/p><p>\u017durnalas skatina d\u0117stytojus dalytis sukaupta patirtimi ir \u017einiomis, dalykine bei pedagogine kompetencija taip aktyvindamas k\u016brybinio bei mokslinio potencialo pl\u0117tr\u0105. \u0160iame kolegijos periodiniame leidinyje aptariamos mokslo, meno ir studij\u0173 aktualijos, nagrin\u0117jami studij\u0173 kokyb\u0117s prioritetai, pristatomi technologijos, meno ir socialini\u0173 moksl\u0173 srityse atliekami tyrimai.<\/p><p><strong>\u017dURNALO TEMATIKA<\/strong><\/p><ul><li>Transporto in\u017einerija;<\/li><li>Logistika, transporto ekonomika ir vadyba;<\/li><li>Mechanikos in\u017einerija;<\/li><li>Elektros ir elektronikos in\u017einerija;<\/li><li>Energetika ir termoin\u017einerija, ekonomika ir vadyba;<\/li><li>Statybos in\u017einerija;<\/li><li>Matavim\u0173 in\u017einerija;<\/li><li>Informatikos in\u017einerija;<\/li><li>Menotyra.<\/li><\/ul>\t\t\t\t\t\t<\/div>\n\t\t\t\t<\/div>\n\t\t\t\t\t<\/div>\n\t\t<\/div>\n\t\t\t\t\t\t\t<\/div>\n\t\t<\/section>\n\t\t\t\t<section class=\"elementor-section elementor-top-section elementor-element elementor-element-3d2d2a9 elementor-section-boxed elementor-section-height-default elementor-section-height-default\" data-id=\"3d2d2a9\" data-element_type=\"section\">\n\t\t\t\t\t\t<div class=\"elementor-container elementor-column-gap-default\">\n\t\t\t\t\t<div class=\"elementor-column elementor-col-100 elementor-top-column elementor-element elementor-element-a33d0f3\" data-id=\"a33d0f3\" data-element_type=\"column\">\n\t\t\t<div class=\"elementor-widget-wrap elementor-element-populated\">\n\t\t\t\t\t\t\t\t<div class=\"elementor-element elementor-element-dcedab1 elementor-widget elementor-widget-spacer\" data-id=\"dcedab1\" data-element_type=\"widget\" data-widget_type=\"spacer.default\">\n\t\t\t\t<div class=\"elementor-widget-container\">\n\t\t\t\t\t<div class=\"elementor-spacer\">\n\t\t\t<div class=\"elementor-spacer-inner\"><\/div>\n\t\t<\/div>\n\t\t\t\t<\/div>\n\t\t\t\t<\/div>\n\t\t\t\t\t<\/div>\n\t\t<\/div>\n\t\t\t\t\t\t\t<\/div>\n\t\t<\/section>\n\t\t\t\t\t\t\t<\/div>\n\t\t","protected":false},"excerpt":{"rendered":"<p>Vilniaus technologij\u0173 ir dizaino kolegija \u2013 \u010dia hobis virsta profesija! TECHNOLOGIJOS IR MENAS. TYRIMAI IR AKTUALIJOS ISSN 2029-400X Vilniaus technologij\u0173 ir dizaino kolegija (VTDK) \u2013 did\u017eiausia technologin\u0117s ir menin\u0117s pakraipos kolegija Lietuvoje \u2013 siekdama u\u017etikrinti studij\u0173 kokyb\u0119 ir \u012fgyvendinti Lietuvos Respublikos mokslo ir studij\u0173 \u012fstatyme numatytus prioritetus, nuo 2010 met\u0173 leid\u017eia periodin\u012f mokslin\u012f \u017eurnal\u0105 \u201eTechnologijos&#8230;<\/p>\n","protected":false},"author":1,"featured_media":0,"parent":991563,"menu_order":0,"comment_status":"closed","ping_status":"closed","template":"","meta":{"inline_featured_image":false,"footnotes":""},"class_list":["post-991572","page","type-page","status-publish","hentry"],"yoast_head":"<!-- This site is optimized with the Yoast SEO plugin v19.12 - https:\/\/yoast.com\/wordpress\/plugins\/seo\/ -->\n<title>\u017durnalas \u201eTECHNOLOGIJOS IR MENAS. TYRIMAI IR AKTUALIJOS\u201c - vtdko<\/title>\n<meta name=\"robots\" content=\"noindex, follow, max-snippet:-1, max-image-preview:large, max-video-preview:-1\" \/>\n<meta property=\"og:locale\" content=\"lt_LT\" \/>\n<meta property=\"og:type\" content=\"article\" \/>\n<meta property=\"og:title\" content=\"\u017durnalas \u201eTECHNOLOGIJOS IR MENAS. TYRIMAI IR AKTUALIJOS\u201c - vtdko\" \/>\n<meta property=\"og:description\" content=\"Vilniaus technologij\u0173 ir dizaino kolegija \u2013 \u010dia hobis virsta profesija! TECHNOLOGIJOS IR MENAS. TYRIMAI IR AKTUALIJOS ISSN 2029-400X Vilniaus technologij\u0173 ir dizaino kolegija (VTDK) \u2013 did\u017eiausia technologin\u0117s ir menin\u0117s pakraipos kolegija Lietuvoje \u2013 siekdama u\u017etikrinti studij\u0173 kokyb\u0119 ir \u012fgyvendinti Lietuvos Respublikos mokslo ir studij\u0173 \u012fstatyme numatytus prioritetus, nuo 2010 met\u0173 leid\u017eia periodin\u012f mokslin\u012f \u017eurnal\u0105 \u201eTechnologijos...\" \/>\n<meta property=\"og:url\" content=\"https:\/\/wp.adisoft.lt\/vtdko\/visuomenei\/zurnalas-technologijos-ir-menas\/pagrindinis\/\" \/>\n<meta property=\"og:site_name\" content=\"vtdko\" \/>\n<meta property=\"article:modified_time\" content=\"2022-12-16T19:40:33+00:00\" \/>\n<meta property=\"og:image\" content=\"https:\/\/wp.adisoft.lt\/vtdko\/wp-content\/uploads\/2022\/10\/virselis_2021-768x544.jpeg\" \/>\n<meta name=\"twitter:card\" content=\"summary_large_image\" \/>\n<meta name=\"twitter:label1\" content=\"Est. reading time\" \/>\n\t<meta name=\"twitter:data1\" content=\"1 minut\u0117\" \/>\n<script type=\"application\/ld+json\" class=\"yoast-schema-graph\">{\"@context\":\"https:\/\/schema.org\",\"@graph\":[{\"@type\":\"WebPage\",\"@id\":\"https:\/\/wp.adisoft.lt\/vtdko\/visuomenei\/zurnalas-technologijos-ir-menas\/pagrindinis\/\",\"url\":\"https:\/\/wp.adisoft.lt\/vtdko\/visuomenei\/zurnalas-technologijos-ir-menas\/pagrindinis\/\",\"name\":\"\u017durnalas \u201eTECHNOLOGIJOS IR MENAS. TYRIMAI IR AKTUALIJOS\u201c - vtdko\",\"isPartOf\":{\"@id\":\"https:\/\/wp.adisoft.lt\/vtdko\/#website\"},\"datePublished\":\"2022-10-26T07:40:04+00:00\",\"dateModified\":\"2022-12-16T19:40:33+00:00\",\"breadcrumb\":{\"@id\":\"https:\/\/wp.adisoft.lt\/vtdko\/visuomenei\/zurnalas-technologijos-ir-menas\/pagrindinis\/#breadcrumb\"},\"inLanguage\":\"lt-LT\",\"potentialAction\":[{\"@type\":\"ReadAction\",\"target\":[\"https:\/\/wp.adisoft.lt\/vtdko\/visuomenei\/zurnalas-technologijos-ir-menas\/pagrindinis\/\"]}]},{\"@type\":\"BreadcrumbList\",\"@id\":\"https:\/\/wp.adisoft.lt\/vtdko\/visuomenei\/zurnalas-technologijos-ir-menas\/pagrindinis\/#breadcrumb\",\"itemListElement\":[{\"@type\":\"ListItem\",\"position\":1,\"name\":\"Pagrindinis\",\"item\":\"https:\/\/wp.adisoft.lt\/vtdko\/\"},{\"@type\":\"ListItem\",\"position\":2,\"name\":\"Visuomenei\",\"item\":\"https:\/\/wp.adisoft.lt\/vtdko\/visuomenei\/\"},{\"@type\":\"ListItem\",\"position\":3,\"name\":\"\u017durnalas \u201eTECHNOLOGIJOS IR MENAS.\",\"item\":\"https:\/\/wp.adisoft.lt\/vtdko\/visuomenei\/zurnalas-technologijos-ir-menas\/\"},{\"@type\":\"ListItem\",\"position\":4,\"name\":\"\u017durnalas \u201eTECHNOLOGIJOS IR MENAS. TYRIMAI IR AKTUALIJOS\u201c\"}]},{\"@type\":\"WebSite\",\"@id\":\"https:\/\/wp.adisoft.lt\/vtdko\/#website\",\"url\":\"https:\/\/wp.adisoft.lt\/vtdko\/\",\"name\":\"vtdko\",\"description\":\"Vilniaus technologij\u0173 ir dizaino kolegija\",\"publisher\":{\"@id\":\"https:\/\/wp.adisoft.lt\/vtdko\/#organization\"},\"potentialAction\":[{\"@type\":\"SearchAction\",\"target\":{\"@type\":\"EntryPoint\",\"urlTemplate\":\"https:\/\/wp.adisoft.lt\/vtdko\/?s={search_term_string}\"},\"query-input\":\"required name=search_term_string\"}],\"inLanguage\":\"lt-LT\"},{\"@type\":\"Organization\",\"@id\":\"https:\/\/wp.adisoft.lt\/vtdko\/#organization\",\"name\":\"vtdko\",\"url\":\"https:\/\/wp.adisoft.lt\/vtdko\/\",\"logo\":{\"@type\":\"ImageObject\",\"inLanguage\":\"lt-LT\",\"@id\":\"https:\/\/wp.adisoft.lt\/vtdko\/#\/schema\/logo\/image\/\",\"url\":\"https:\/\/wp.adisoft.lt\/vtdko\/wp-content\/uploads\/2020\/02\/Logo-su-tekstu-01.svg\",\"contentUrl\":\"https:\/\/wp.adisoft.lt\/vtdko\/wp-content\/uploads\/2020\/02\/Logo-su-tekstu-01.svg\",\"width\":151,\"height\":74,\"caption\":\"vtdko\"},\"image\":{\"@id\":\"https:\/\/wp.adisoft.lt\/vtdko\/#\/schema\/logo\/image\/\"}}]}<\/script>\n<!-- \/ Yoast SEO plugin. -->","yoast_head_json":{"title":"\u017durnalas \u201eTECHNOLOGIJOS IR MENAS. TYRIMAI IR AKTUALIJOS\u201c - vtdko","robots":{"index":"noindex","follow":"follow","max-snippet":"max-snippet:-1","max-image-preview":"max-image-preview:large","max-video-preview":"max-video-preview:-1"},"og_locale":"lt_LT","og_type":"article","og_title":"\u017durnalas \u201eTECHNOLOGIJOS IR MENAS. TYRIMAI IR AKTUALIJOS\u201c - vtdko","og_description":"Vilniaus technologij\u0173 ir dizaino kolegija \u2013 \u010dia hobis virsta profesija! TECHNOLOGIJOS IR MENAS. TYRIMAI IR AKTUALIJOS ISSN 2029-400X Vilniaus technologij\u0173 ir dizaino kolegija (VTDK) \u2013 did\u017eiausia technologin\u0117s ir menin\u0117s pakraipos kolegija Lietuvoje \u2013 siekdama u\u017etikrinti studij\u0173 kokyb\u0119 ir \u012fgyvendinti Lietuvos Respublikos mokslo ir studij\u0173 \u012fstatyme numatytus prioritetus, nuo 2010 met\u0173 leid\u017eia periodin\u012f mokslin\u012f \u017eurnal\u0105 \u201eTechnologijos...","og_url":"https:\/\/wp.adisoft.lt\/vtdko\/visuomenei\/zurnalas-technologijos-ir-menas\/pagrindinis\/","og_site_name":"vtdko","article_modified_time":"2022-12-16T19:40:33+00:00","og_image":[{"url":"https:\/\/wp.adisoft.lt\/vtdko\/wp-content\/uploads\/2022\/10\/virselis_2021-768x544.jpeg"}],"twitter_card":"summary_large_image","twitter_misc":{"Est. reading time":"1 minut\u0117"},"schema":{"@context":"https:\/\/schema.org","@graph":[{"@type":"WebPage","@id":"https:\/\/wp.adisoft.lt\/vtdko\/visuomenei\/zurnalas-technologijos-ir-menas\/pagrindinis\/","url":"https:\/\/wp.adisoft.lt\/vtdko\/visuomenei\/zurnalas-technologijos-ir-menas\/pagrindinis\/","name":"\u017durnalas \u201eTECHNOLOGIJOS IR MENAS. TYRIMAI IR AKTUALIJOS\u201c - vtdko","isPartOf":{"@id":"https:\/\/wp.adisoft.lt\/vtdko\/#website"},"datePublished":"2022-10-26T07:40:04+00:00","dateModified":"2022-12-16T19:40:33+00:00","breadcrumb":{"@id":"https:\/\/wp.adisoft.lt\/vtdko\/visuomenei\/zurnalas-technologijos-ir-menas\/pagrindinis\/#breadcrumb"},"inLanguage":"lt-LT","potentialAction":[{"@type":"ReadAction","target":["https:\/\/wp.adisoft.lt\/vtdko\/visuomenei\/zurnalas-technologijos-ir-menas\/pagrindinis\/"]}]},{"@type":"BreadcrumbList","@id":"https:\/\/wp.adisoft.lt\/vtdko\/visuomenei\/zurnalas-technologijos-ir-menas\/pagrindinis\/#breadcrumb","itemListElement":[{"@type":"ListItem","position":1,"name":"Pagrindinis","item":"https:\/\/wp.adisoft.lt\/vtdko\/"},{"@type":"ListItem","position":2,"name":"Visuomenei","item":"https:\/\/wp.adisoft.lt\/vtdko\/visuomenei\/"},{"@type":"ListItem","position":3,"name":"\u017durnalas \u201eTECHNOLOGIJOS IR MENAS.","item":"https:\/\/wp.adisoft.lt\/vtdko\/visuomenei\/zurnalas-technologijos-ir-menas\/"},{"@type":"ListItem","position":4,"name":"\u017durnalas \u201eTECHNOLOGIJOS IR MENAS. TYRIMAI IR AKTUALIJOS\u201c"}]},{"@type":"WebSite","@id":"https:\/\/wp.adisoft.lt\/vtdko\/#website","url":"https:\/\/wp.adisoft.lt\/vtdko\/","name":"vtdko","description":"Vilniaus technologij\u0173 ir dizaino kolegija","publisher":{"@id":"https:\/\/wp.adisoft.lt\/vtdko\/#organization"},"potentialAction":[{"@type":"SearchAction","target":{"@type":"EntryPoint","urlTemplate":"https:\/\/wp.adisoft.lt\/vtdko\/?s={search_term_string}"},"query-input":"required name=search_term_string"}],"inLanguage":"lt-LT"},{"@type":"Organization","@id":"https:\/\/wp.adisoft.lt\/vtdko\/#organization","name":"vtdko","url":"https:\/\/wp.adisoft.lt\/vtdko\/","logo":{"@type":"ImageObject","inLanguage":"lt-LT","@id":"https:\/\/wp.adisoft.lt\/vtdko\/#\/schema\/logo\/image\/","url":"https:\/\/wp.adisoft.lt\/vtdko\/wp-content\/uploads\/2020\/02\/Logo-su-tekstu-01.svg","contentUrl":"https:\/\/wp.adisoft.lt\/vtdko\/wp-content\/uploads\/2020\/02\/Logo-su-tekstu-01.svg","width":151,"height":74,"caption":"vtdko"},"image":{"@id":"https:\/\/wp.adisoft.lt\/vtdko\/#\/schema\/logo\/image\/"}}]}},"_links":{"self":[{"href":"https:\/\/wp.adisoft.lt\/vtdko\/wp-json\/wp\/v2\/pages\/991572","targetHints":{"allow":["GET"]}}],"collection":[{"href":"https:\/\/wp.adisoft.lt\/vtdko\/wp-json\/wp\/v2\/pages"}],"about":[{"href":"https:\/\/wp.adisoft.lt\/vtdko\/wp-json\/wp\/v2\/types\/page"}],"author":[{"embeddable":true,"href":"https:\/\/wp.adisoft.lt\/vtdko\/wp-json\/wp\/v2\/users\/1"}],"replies":[{"embeddable":true,"href":"https:\/\/wp.adisoft.lt\/vtdko\/wp-json\/wp\/v2\/comments?post=991572"}],"version-history":[{"count":10,"href":"https:\/\/wp.adisoft.lt\/vtdko\/wp-json\/wp\/v2\/pages\/991572\/revisions"}],"predecessor-version":[{"id":993401,"href":"https:\/\/wp.adisoft.lt\/vtdko\/wp-json\/wp\/v2\/pages\/991572\/revisions\/993401"}],"up":[{"embeddable":true,"href":"https:\/\/wp.adisoft.lt\/vtdko\/wp-json\/wp\/v2\/pages\/991563"}],"wp:attachment":[{"href":"https:\/\/wp.adisoft.lt\/vtdko\/wp-json\/wp\/v2\/media?parent=991572"}],"curies":[{"name":"wp","href":"https:\/\/api.w.org\/{rel}","templated":true}]}}