{"id":991695,"date":"2022-10-26T11:42:49","date_gmt":"2022-10-26T08:42:49","guid":{"rendered":"https:\/\/wp.adisoft.lt\/vtdko\/?page_id=991695"},"modified":"2023-02-04T13:41:06","modified_gmt":"2023-02-04T10:41:06","slug":"neformaliuoju-budu-igytu-kompetenciju-pripazinimas","status":"publish","type":"page","link":"https:\/\/wp.adisoft.lt\/vtdko\/visuomenei\/neformaliuoju-budu-igytu-kompetenciju-pripazinimas\/","title":{"rendered":"Neformaliuoju b\u016bdu \u012fgyt\u0173 kompetencij\u0173 vertinimas ir pripa\u017einimas"},"content":{"rendered":"\t\t<div data-elementor-type=\"wp-page\" data-elementor-id=\"991695\" class=\"elementor elementor-991695\">\n\t\t\t\t\t\t\t\t\t<section class=\"elementor-section elementor-top-section elementor-element elementor-element-eb97854 elementor-section-height-min-height elementor-section-boxed elementor-section-height-default elementor-section-items-middle\" data-id=\"eb97854\" data-element_type=\"section\" data-settings=\"{&quot;background_background&quot;:&quot;classic&quot;,&quot;animation&quot;:&quot;none&quot;}\">\n\t\t\t\t\t\t<div class=\"elementor-container elementor-column-gap-default\">\n\t\t\t\t\t<div class=\"elementor-column elementor-col-100 elementor-top-column elementor-element elementor-element-9a0584d\" data-id=\"9a0584d\" data-element_type=\"column\" data-settings=\"{&quot;background_background&quot;:&quot;classic&quot;}\">\n\t\t\t<div class=\"elementor-widget-wrap\">\n\t\t\t\t\t\t\t\t\t<\/div>\n\t\t<\/div>\n\t\t\t\t\t\t\t<\/div>\n\t\t<\/section>\n\t\t\t\t<section class=\"elementor-section elementor-top-section elementor-element elementor-element-6adf2b8 elementor-section-boxed elementor-section-height-default elementor-section-height-default\" data-id=\"6adf2b8\" data-element_type=\"section\" data-settings=\"{&quot;animation&quot;:&quot;none&quot;,&quot;animation_tablet&quot;:&quot;none&quot;,&quot;animation_mobile&quot;:&quot;none&quot;}\">\n\t\t\t\t\t\t<div class=\"elementor-container elementor-column-gap-no\">\n\t\t\t\t\t<div class=\"elementor-column elementor-col-50 elementor-top-column elementor-element elementor-element-f63bb95 animated-fast elementor-invisible\" data-id=\"f63bb95\" data-element_type=\"column\" data-settings=\"{&quot;background_background&quot;:&quot;classic&quot;,&quot;animation&quot;:&quot;fadeIn&quot;,&quot;animation_delay&quot;:100}\">\n\t\t\t<div class=\"elementor-widget-wrap elementor-element-populated\">\n\t\t\t\t\t\t\t\t<div class=\"elementor-element elementor-element-141f255 elementor-widget elementor-widget-text-editor\" data-id=\"141f255\" data-element_type=\"widget\" data-settings=\"{&quot;_animation&quot;:&quot;none&quot;,&quot;_animation_delay&quot;:300}\" data-widget_type=\"text-editor.default\">\n\t\t\t\t<div class=\"elementor-widget-container\">\n\t\t\t\t\t\t\t<p>Vilniaus technologij\u0173 ir dizaino kolegija \u2013 \u010dia hobis virsta profesija!<\/p>\t\t\t\t\t\t<\/div>\n\t\t\t\t<\/div>\n\t\t\t\t\t<\/div>\n\t\t<\/div>\n\t\t\t\t<div class=\"elementor-column elementor-col-50 elementor-top-column elementor-element elementor-element-650dd27 elementor-hidden-desktop elementor-hidden-tablet elementor-hidden-phone\" data-id=\"650dd27\" data-element_type=\"column\">\n\t\t\t<div class=\"elementor-widget-wrap\">\n\t\t\t\t\t\t\t\t\t<\/div>\n\t\t<\/div>\n\t\t\t\t\t\t\t<\/div>\n\t\t<\/section>\n\t\t\t\t<section class=\"elementor-section elementor-top-section elementor-element elementor-element-a81c99b elementor-section-boxed elementor-section-height-default elementor-section-height-default\" data-id=\"a81c99b\" data-element_type=\"section\">\n\t\t\t\t\t\t<div class=\"elementor-container elementor-column-gap-default\">\n\t\t\t\t\t<div class=\"elementor-column elementor-col-100 elementor-top-column elementor-element elementor-element-7effcf1\" data-id=\"7effcf1\" data-element_type=\"column\">\n\t\t\t<div class=\"elementor-widget-wrap elementor-element-populated\">\n\t\t\t\t\t\t\t\t<div class=\"elementor-element elementor-element-75501b4 elementor-widget elementor-widget-spacer\" data-id=\"75501b4\" data-element_type=\"widget\" data-widget_type=\"spacer.default\">\n\t\t\t\t<div class=\"elementor-widget-container\">\n\t\t\t\t\t<div class=\"elementor-spacer\">\n\t\t\t<div class=\"elementor-spacer-inner\"><\/div>\n\t\t<\/div>\n\t\t\t\t<\/div>\n\t\t\t\t<\/div>\n\t\t\t\t<div class=\"elementor-element elementor-element-9b4e992 elementor-widget elementor-widget-text-editor\" data-id=\"9b4e992\" data-element_type=\"widget\" data-widget_type=\"text-editor.default\">\n\t\t\t\t<div class=\"elementor-widget-container\">\n\t\t\t\t\t\t\t<p>Vilniaus technologij\u0173 ir dizaino kolegija suk\u016br\u0117 neformalaus mokymosi pripa\u017einimo sistem\u0105 dalyvaudama projektuose: \u201eNeformaliuoju b\u016bdu \u012fgyt\u0173 kompetencij\u0173 vertinimo ir pripa\u017einimo sistemos k\u016brimas ir diegimas auk\u0161tosiose mokyklose\u201c (Nr. VP1-2.1-\u0160MM-04-K-03-001) ir \u201eNeformaliu b\u016bdu \u012fgyt\u0173 kompetencij\u0173 formalizavimo sistemos parengimas ir \u012fgyvendinimas auk\u0161t\u0173j\u0173 mokykl\u0173 bendradarbiavimo tinkle\u201c (Nr. VP1-2.1-\u0160MM-04-K-03-005).<\/p>\t\t\t\t\t\t<\/div>\n\t\t\t\t<\/div>\n\t\t\t\t\t<\/div>\n\t\t<\/div>\n\t\t\t\t\t\t\t<\/div>\n\t\t<\/section>\n\t\t\t\t<section class=\"elementor-section elementor-top-section elementor-element elementor-element-ea97791 elementor-section-boxed elementor-section-height-default elementor-section-height-default\" data-id=\"ea97791\" data-element_type=\"section\" data-settings=\"{&quot;background_background&quot;:&quot;classic&quot;}\">\n\t\t\t\t\t\t<div class=\"elementor-container elementor-column-gap-default\">\n\t\t\t\t\t<div class=\"elementor-column elementor-col-100 elementor-top-column elementor-element elementor-element-e917052\" data-id=\"e917052\" data-element_type=\"column\">\n\t\t\t<div class=\"elementor-widget-wrap elementor-element-populated\">\n\t\t\t\t\t\t\t\t<div class=\"elementor-element elementor-element-95bd18d elementor-widget elementor-widget-spacer\" data-id=\"95bd18d\" data-element_type=\"widget\" data-widget_type=\"spacer.default\">\n\t\t\t\t<div class=\"elementor-widget-container\">\n\t\t\t\t\t<div class=\"elementor-spacer\">\n\t\t\t<div class=\"elementor-spacer-inner\"><\/div>\n\t\t<\/div>\n\t\t\t\t<\/div>\n\t\t\t\t<\/div>\n\t\t\t\t<div class=\"elementor-element elementor-element-9d9f1c8 elementor-widget elementor-widget-text-editor\" data-id=\"9d9f1c8\" data-element_type=\"widget\" data-widget_type=\"text-editor.default\">\n\t\t\t\t<div class=\"elementor-widget-container\">\n\t\t\t\t\t\t\t<p>Vilniaus technologij\u0173 ir dizaino kolegijoje sukurtos 5 neformaliu ir savaiminio mokymosi b\u016bdu \u012fgyt\u0173 kompetencij\u0173 vertinimo ir pripa\u017einimo metodikos <b>\u0161ioms studij\u0173 programoms<\/b>:<\/p>\t\t\t\t\t\t<\/div>\n\t\t\t\t<\/div>\n\t\t\t\t<div class=\"elementor-element elementor-element-e286128 elementor-widget elementor-widget-text-editor\" data-id=\"e286128\" data-element_type=\"widget\" data-widget_type=\"text-editor.default\">\n\t\t\t\t<div class=\"elementor-widget-container\">\n\t\t\t\t\t\t\t<ul><li>Elektros ir automatikos in\u017einerija;<\/li><li>Fotografijos technologija;<\/li><li>Gele\u017einkelio transporto in\u017einerija;<\/li><li>Mechanini\u0173 technologij\u0173 in\u017einerija;<\/li><li>Statyba.<\/li><\/ul><p>\u00a0<\/p>\t\t\t\t\t\t<\/div>\n\t\t\t\t<\/div>\n\t\t\t\t<div class=\"elementor-element elementor-element-6dc1616 elementor-widget elementor-widget-text-editor\" data-id=\"6dc1616\" data-element_type=\"widget\" data-widget_type=\"text-editor.default\">\n\t\t\t\t<div class=\"elementor-widget-container\">\n\t\t\t\t\t\t\t<p>Vertinant neformaliu ir savaiminio mokymosi b\u016bdu \u012fgytas kompetencijas, <b>pripa\u017e\u012fstamas<\/b>:<\/p>\t\t\t\t\t\t<\/div>\n\t\t\t\t<\/div>\n\t\t\t\t<div class=\"elementor-element elementor-element-bc3b1e1 elementor-widget elementor-widget-text-editor\" data-id=\"bc3b1e1\" data-element_type=\"widget\" data-widget_type=\"text-editor.default\">\n\t\t\t\t<div class=\"elementor-widget-container\">\n\t\t\t\t\t\t\t<ul><li>patirtinis mokymasis, \u012fgytas darbin\u0117je veikloje;<\/li><li>patirtinis mokymasis, \u012fgytas nemokamame ar savanori\u0161kame darbe;<\/li><li>patirtinis mokymasis, \u012fgytas laisvalaikio metu;<\/li><li>nesertifikuotas mokymasis, \u012fgytas mokantis savaranki\u0161kai;<\/li><li>sertifikuotas mokymasis u\u017esienyje (sta\u017euot\u0117s, kursai);<\/li><li>sertifikuotas mokymasis darbe.<\/li><\/ul><p>\u00a0<\/p>\t\t\t\t\t\t<\/div>\n\t\t\t\t<\/div>\n\t\t\t\t<div class=\"elementor-element elementor-element-db8945a elementor-widget elementor-widget-text-editor\" data-id=\"db8945a\" data-element_type=\"widget\" data-widget_type=\"text-editor.default\">\n\t\t\t\t<div class=\"elementor-widget-container\">\n\t\t\t\t\t\t\t<p>Galimi du neformaliu b\u016bdu \u012fgyt\u0173 <b>kompetencij\u0173 pripa\u017einimo b\u016bdai<\/b>:<\/p>\t\t\t\t\t\t<\/div>\n\t\t\t\t<\/div>\n\t\t\t\t<div class=\"elementor-element elementor-element-4546403 elementor-widget elementor-widget-text-editor\" data-id=\"4546403\" data-element_type=\"widget\" data-widget_type=\"text-editor.default\">\n\t\t\t\t<div class=\"elementor-widget-container\">\n\t\t\t\t\t\t\t<ol><li>Jei studentas jau mokosi auk\u0161tojoje mokykloje, tokiu b\u016bdu jam galima u\u017eskaityti atskirus studij\u0173 programos dalykus, arba kuri\u0105 nors studij\u0173 programos dalyko dal\u012f. Taip sutrump\u0117ja studij\u0173 laikas bei studij\u0173 kr\u016bvis;<\/li><li>Jei asmuo n\u0117ra studentas, jis gali gauti formal\u0173 pa\u017eym\u0117jim\u0105 apie jo turimas kompetencijas ir\/arba pasitvirtinti savo turim\u0105 profesin\u0119 kvalifikacij\u0105.<\/li><\/ol><p>\u00a0<\/p>\t\t\t\t\t\t<\/div>\n\t\t\t\t<\/div>\n\t\t\t\t<div class=\"elementor-element elementor-element-5fc3ec3 elementor-widget elementor-widget-text-editor\" data-id=\"5fc3ec3\" data-element_type=\"widget\" data-widget_type=\"text-editor.default\">\n\t\t\t\t<div class=\"elementor-widget-container\">\n\t\t\t\t\t\t\t<p>Kandidatas, norintis \u012fsivertinti neformaliojo ir savaiminio mokymosi b\u016bdu \u012fgytas kompetencijas, <b>turi pateikti<\/b>:<\/p>\t\t\t\t\t\t<\/div>\n\t\t\t\t<\/div>\n\t\t\t\t<div class=\"elementor-element elementor-element-0f7328b elementor-widget elementor-widget-text-editor\" data-id=\"0f7328b\" data-element_type=\"widget\" data-widget_type=\"text-editor.default\">\n\t\t\t\t<div class=\"elementor-widget-container\">\n\t\t\t\t\t\t\t<ul><li>pra\u0161ym\u0105 \u012fvertinti ir pripa\u017einti kompetencijas pagal pasirinkt\u0105 studij\u0173 program\u0105;<\/li><li>asmens dokumento kopij\u0105 (paso ar tapatyb\u0117s kortel\u0117s);<\/li><li>santuokos liudijim\u0105 (asmenims keitusiems pavard\u0119 ar vard\u0105);<\/li><li>gyvenimo apra\u0161ym\u0105 (CV);<\/li><li>vidurin\u012f ir kit\u0105 i\u0161silavinim\u0105 patvirtinan\u010dius dokumentus (brandos atestatas, diplomas);<\/li><li>kompetencij\u0173 aplank\u0105 arba neformaliojo ir savaiminio mokymosi b\u016bdu \u012fgytas kompetencijas \u012frodan\u010dius dokumentus (jeigu kandidatas nerengia kompetencij\u0173 aplanko): pa\u017eym\u0117jimus, pa\u017eymas, darbdavio, klient\u0173, koleg\u0173 atsiliepimus, rekomendacijas, veiklos \u012frodymus ir kt.;<\/li><li>dokument\u0173 registracijos \u012fmokos kvit\u0105 (\u0161iuo metu \u0161i \u012fmoka yra 1 bazin\u0117s socialin\u0117s i\u0161mokos dydis &#8211; 38.00 Eur).<\/li><\/ul><p>\u00a0<\/p>\t\t\t\t\t\t<\/div>\n\t\t\t\t<\/div>\n\t\t\t\t<div class=\"elementor-element elementor-element-85041fb elementor-widget elementor-widget-text-editor\" data-id=\"85041fb\" data-element_type=\"widget\" data-widget_type=\"text-editor.default\">\n\t\t\t\t<div class=\"elementor-widget-container\">\n\t\t\t\t\t\t\t<p>\u012evertinamos turimos kompetencijos ir pripa\u017e\u012fstama tam tikra kredit\u0173 dalis ( ne daugiau nei 75 proc. studij\u0173 programos apimties).<\/p><p>\u00a0<\/p>\t\t\t\t\t\t<\/div>\n\t\t\t\t<\/div>\n\t\t\t\t\t<\/div>\n\t\t<\/div>\n\t\t\t\t\t\t\t<\/div>\n\t\t<\/section>\n\t\t\t\t<section class=\"elementor-section elementor-top-section elementor-element elementor-element-39c2721 elementor-section-boxed elementor-section-height-default elementor-section-height-default\" data-id=\"39c2721\" data-element_type=\"section\" data-settings=\"{&quot;background_background&quot;:&quot;classic&quot;}\">\n\t\t\t\t\t\t<div class=\"elementor-container elementor-column-gap-default\">\n\t\t\t\t\t<div class=\"elementor-column elementor-col-100 elementor-top-column elementor-element elementor-element-1733eb3\" data-id=\"1733eb3\" data-element_type=\"column\">\n\t\t\t<div class=\"elementor-widget-wrap elementor-element-populated\">\n\t\t\t\t\t\t\t\t<div class=\"elementor-element elementor-element-00f857b elementor-widget elementor-widget-spacer\" data-id=\"00f857b\" data-element_type=\"widget\" data-widget_type=\"spacer.default\">\n\t\t\t\t<div class=\"elementor-widget-container\">\n\t\t\t\t\t<div class=\"elementor-spacer\">\n\t\t\t<div class=\"elementor-spacer-inner\"><\/div>\n\t\t<\/div>\n\t\t\t\t<\/div>\n\t\t\t\t<\/div>\n\t\t\t\t<div class=\"elementor-element elementor-element-4b8b9fa elementor-widget elementor-widget-heading\" data-id=\"4b8b9fa\" data-element_type=\"widget\" data-widget_type=\"heading.default\">\n\t\t\t\t<div class=\"elementor-widget-container\">\n\t\t\t<h2 class=\"elementor-heading-title elementor-size-default\">Norite su\u017einoti pla\u010diau?<\/h2>\t\t<\/div>\n\t\t\t\t<\/div>\n\t\t\t\t<div class=\"elementor-element elementor-element-27b1e53 elementor-widget elementor-widget-text-editor\" data-id=\"27b1e53\" data-element_type=\"widget\" data-widget_type=\"text-editor.default\">\n\t\t\t\t<div class=\"elementor-widget-container\">\n\t\t\t\t\t\t\t<p><a href=\"https:\/\/wp.adisoft.lt\/vtdko\/wp-content\/uploads\/2022\/10\/neformaliojo-1-1.pdf\"><b>Detalesn\u0117 informacija<\/b><\/a><\/p>\t\t\t\t\t\t<\/div>\n\t\t\t\t<\/div>\n\t\t\t\t<div class=\"elementor-element elementor-element-23c6ea0 elementor-widget elementor-widget-text-editor\" data-id=\"23c6ea0\" data-element_type=\"widget\" data-widget_type=\"text-editor.default\">\n\t\t\t\t<div class=\"elementor-widget-container\">\n\t\t\t\t\t\t\t<p>D\u0117l neformalaus ir savaiminio mokymosi pasiekim\u0173 vertinimo <b>susisiekite el.pa\u0161tu<\/b> <a href=\"mailto:mailito:info@vtdko.lt\"><b>info@vtdko.lt<\/b><\/a><\/p>\t\t\t\t\t\t<\/div>\n\t\t\t\t<\/div>\n\t\t\t\t<div class=\"elementor-element elementor-element-027b549 elementor-widget elementor-widget-spacer\" data-id=\"027b549\" data-element_type=\"widget\" data-widget_type=\"spacer.default\">\n\t\t\t\t<div class=\"elementor-widget-container\">\n\t\t\t\t\t<div class=\"elementor-spacer\">\n\t\t\t<div class=\"elementor-spacer-inner\"><\/div>\n\t\t<\/div>\n\t\t\t\t<\/div>\n\t\t\t\t<\/div>\n\t\t\t\t\t<\/div>\n\t\t<\/div>\n\t\t\t\t\t\t\t<\/div>\n\t\t<\/section>\n\t\t\t\t\t\t\t<\/div>\n\t\t","protected":false},"excerpt":{"rendered":"<p>Vilniaus technologij\u0173 ir dizaino kolegija \u2013 \u010dia hobis virsta profesija! Vilniaus technologij\u0173 ir dizaino kolegija suk\u016br\u0117 neformalaus mokymosi pripa\u017einimo sistem\u0105 dalyvaudama projektuose: \u201eNeformaliuoju b\u016bdu \u012fgyt\u0173 kompetencij\u0173 vertinimo ir pripa\u017einimo sistemos k\u016brimas ir diegimas auk\u0161tosiose mokyklose\u201c (Nr. VP1-2.1-\u0160MM-04-K-03-001) ir \u201eNeformaliu b\u016bdu \u012fgyt\u0173 kompetencij\u0173 formalizavimo sistemos parengimas ir \u012fgyvendinimas auk\u0161t\u0173j\u0173 mokykl\u0173 bendradarbiavimo tinkle\u201c (Nr. VP1-2.1-\u0160MM-04-K-03-005). Vilniaus technologij\u0173&#8230;<\/p>\n","protected":false},"author":1,"featured_media":0,"parent":990518,"menu_order":0,"comment_status":"closed","ping_status":"closed","template":"","meta":{"inline_featured_image":false,"footnotes":""},"class_list":["post-991695","page","type-page","status-publish","hentry"],"yoast_head":"<!-- This site is optimized with the Yoast SEO plugin v19.12 - https:\/\/yoast.com\/wordpress\/plugins\/seo\/ -->\n<title>Neformaliuoju b\u016bdu \u012fgyt\u0173 kompetencij\u0173 vertinimas ir pripa\u017einimas - vtdko<\/title>\n<meta name=\"robots\" content=\"noindex, follow, max-snippet:-1, max-image-preview:large, max-video-preview:-1\" \/>\n<meta property=\"og:locale\" content=\"lt_LT\" \/>\n<meta property=\"og:type\" content=\"article\" \/>\n<meta property=\"og:title\" content=\"Neformaliuoju b\u016bdu \u012fgyt\u0173 kompetencij\u0173 vertinimas ir pripa\u017einimas - vtdko\" \/>\n<meta property=\"og:description\" content=\"Vilniaus technologij\u0173 ir dizaino kolegija \u2013 \u010dia hobis virsta profesija! Vilniaus technologij\u0173 ir dizaino kolegija suk\u016br\u0117 neformalaus mokymosi pripa\u017einimo sistem\u0105 dalyvaudama projektuose: \u201eNeformaliuoju b\u016bdu \u012fgyt\u0173 kompetencij\u0173 vertinimo ir pripa\u017einimo sistemos k\u016brimas ir diegimas auk\u0161tosiose mokyklose\u201c (Nr. VP1-2.1-\u0160MM-04-K-03-001) ir \u201eNeformaliu b\u016bdu \u012fgyt\u0173 kompetencij\u0173 formalizavimo sistemos parengimas ir \u012fgyvendinimas auk\u0161t\u0173j\u0173 mokykl\u0173 bendradarbiavimo tinkle\u201c (Nr. VP1-2.1-\u0160MM-04-K-03-005). Vilniaus technologij\u0173...\" \/>\n<meta property=\"og:url\" content=\"https:\/\/wp.adisoft.lt\/vtdko\/visuomenei\/neformaliuoju-budu-igytu-kompetenciju-pripazinimas\/\" \/>\n<meta property=\"og:site_name\" content=\"vtdko\" \/>\n<meta property=\"article:modified_time\" content=\"2023-02-04T10:41:06+00:00\" \/>\n<meta name=\"twitter:card\" content=\"summary_large_image\" \/>\n<meta name=\"twitter:label1\" content=\"Est. reading time\" \/>\n\t<meta name=\"twitter:data1\" content=\"2 minut\u0117s\" \/>\n<script type=\"application\/ld+json\" class=\"yoast-schema-graph\">{\"@context\":\"https:\/\/schema.org\",\"@graph\":[{\"@type\":\"WebPage\",\"@id\":\"https:\/\/wp.adisoft.lt\/vtdko\/visuomenei\/neformaliuoju-budu-igytu-kompetenciju-pripazinimas\/\",\"url\":\"https:\/\/wp.adisoft.lt\/vtdko\/visuomenei\/neformaliuoju-budu-igytu-kompetenciju-pripazinimas\/\",\"name\":\"Neformaliuoju b\u016bdu \u012fgyt\u0173 kompetencij\u0173 vertinimas ir pripa\u017einimas - vtdko\",\"isPartOf\":{\"@id\":\"https:\/\/wp.adisoft.lt\/vtdko\/#website\"},\"datePublished\":\"2022-10-26T08:42:49+00:00\",\"dateModified\":\"2023-02-04T10:41:06+00:00\",\"breadcrumb\":{\"@id\":\"https:\/\/wp.adisoft.lt\/vtdko\/visuomenei\/neformaliuoju-budu-igytu-kompetenciju-pripazinimas\/#breadcrumb\"},\"inLanguage\":\"lt-LT\",\"potentialAction\":[{\"@type\":\"ReadAction\",\"target\":[\"https:\/\/wp.adisoft.lt\/vtdko\/visuomenei\/neformaliuoju-budu-igytu-kompetenciju-pripazinimas\/\"]}]},{\"@type\":\"BreadcrumbList\",\"@id\":\"https:\/\/wp.adisoft.lt\/vtdko\/visuomenei\/neformaliuoju-budu-igytu-kompetenciju-pripazinimas\/#breadcrumb\",\"itemListElement\":[{\"@type\":\"ListItem\",\"position\":1,\"name\":\"Pagrindinis\",\"item\":\"https:\/\/wp.adisoft.lt\/vtdko\/\"},{\"@type\":\"ListItem\",\"position\":2,\"name\":\"Visuomenei\",\"item\":\"https:\/\/wp.adisoft.lt\/vtdko\/visuomenei\/\"},{\"@type\":\"ListItem\",\"position\":3,\"name\":\"Neformaliuoju b\u016bdu \u012fgyt\u0173 kompetencij\u0173 vertinimas ir pripa\u017einimas\"}]},{\"@type\":\"WebSite\",\"@id\":\"https:\/\/wp.adisoft.lt\/vtdko\/#website\",\"url\":\"https:\/\/wp.adisoft.lt\/vtdko\/\",\"name\":\"vtdko\",\"description\":\"Vilniaus technologij\u0173 ir dizaino kolegija\",\"publisher\":{\"@id\":\"https:\/\/wp.adisoft.lt\/vtdko\/#organization\"},\"potentialAction\":[{\"@type\":\"SearchAction\",\"target\":{\"@type\":\"EntryPoint\",\"urlTemplate\":\"https:\/\/wp.adisoft.lt\/vtdko\/?s={search_term_string}\"},\"query-input\":\"required name=search_term_string\"}],\"inLanguage\":\"lt-LT\"},{\"@type\":\"Organization\",\"@id\":\"https:\/\/wp.adisoft.lt\/vtdko\/#organization\",\"name\":\"vtdko\",\"url\":\"https:\/\/wp.adisoft.lt\/vtdko\/\",\"logo\":{\"@type\":\"ImageObject\",\"inLanguage\":\"lt-LT\",\"@id\":\"https:\/\/wp.adisoft.lt\/vtdko\/#\/schema\/logo\/image\/\",\"url\":\"https:\/\/wp.adisoft.lt\/vtdko\/wp-content\/uploads\/2020\/02\/Logo-su-tekstu-01.svg\",\"contentUrl\":\"https:\/\/wp.adisoft.lt\/vtdko\/wp-content\/uploads\/2020\/02\/Logo-su-tekstu-01.svg\",\"width\":151,\"height\":74,\"caption\":\"vtdko\"},\"image\":{\"@id\":\"https:\/\/wp.adisoft.lt\/vtdko\/#\/schema\/logo\/image\/\"}}]}<\/script>\n<!-- \/ Yoast SEO plugin. -->","yoast_head_json":{"title":"Neformaliuoju b\u016bdu \u012fgyt\u0173 kompetencij\u0173 vertinimas ir pripa\u017einimas - vtdko","robots":{"index":"noindex","follow":"follow","max-snippet":"max-snippet:-1","max-image-preview":"max-image-preview:large","max-video-preview":"max-video-preview:-1"},"og_locale":"lt_LT","og_type":"article","og_title":"Neformaliuoju b\u016bdu \u012fgyt\u0173 kompetencij\u0173 vertinimas ir pripa\u017einimas - vtdko","og_description":"Vilniaus technologij\u0173 ir dizaino kolegija \u2013 \u010dia hobis virsta profesija! Vilniaus technologij\u0173 ir dizaino kolegija suk\u016br\u0117 neformalaus mokymosi pripa\u017einimo sistem\u0105 dalyvaudama projektuose: \u201eNeformaliuoju b\u016bdu \u012fgyt\u0173 kompetencij\u0173 vertinimo ir pripa\u017einimo sistemos k\u016brimas ir diegimas auk\u0161tosiose mokyklose\u201c (Nr. VP1-2.1-\u0160MM-04-K-03-001) ir \u201eNeformaliu b\u016bdu \u012fgyt\u0173 kompetencij\u0173 formalizavimo sistemos parengimas ir \u012fgyvendinimas auk\u0161t\u0173j\u0173 mokykl\u0173 bendradarbiavimo tinkle\u201c (Nr. VP1-2.1-\u0160MM-04-K-03-005). Vilniaus technologij\u0173...","og_url":"https:\/\/wp.adisoft.lt\/vtdko\/visuomenei\/neformaliuoju-budu-igytu-kompetenciju-pripazinimas\/","og_site_name":"vtdko","article_modified_time":"2023-02-04T10:41:06+00:00","twitter_card":"summary_large_image","twitter_misc":{"Est. reading time":"2 minut\u0117s"},"schema":{"@context":"https:\/\/schema.org","@graph":[{"@type":"WebPage","@id":"https:\/\/wp.adisoft.lt\/vtdko\/visuomenei\/neformaliuoju-budu-igytu-kompetenciju-pripazinimas\/","url":"https:\/\/wp.adisoft.lt\/vtdko\/visuomenei\/neformaliuoju-budu-igytu-kompetenciju-pripazinimas\/","name":"Neformaliuoju b\u016bdu \u012fgyt\u0173 kompetencij\u0173 vertinimas ir pripa\u017einimas - vtdko","isPartOf":{"@id":"https:\/\/wp.adisoft.lt\/vtdko\/#website"},"datePublished":"2022-10-26T08:42:49+00:00","dateModified":"2023-02-04T10:41:06+00:00","breadcrumb":{"@id":"https:\/\/wp.adisoft.lt\/vtdko\/visuomenei\/neformaliuoju-budu-igytu-kompetenciju-pripazinimas\/#breadcrumb"},"inLanguage":"lt-LT","potentialAction":[{"@type":"ReadAction","target":["https:\/\/wp.adisoft.lt\/vtdko\/visuomenei\/neformaliuoju-budu-igytu-kompetenciju-pripazinimas\/"]}]},{"@type":"BreadcrumbList","@id":"https:\/\/wp.adisoft.lt\/vtdko\/visuomenei\/neformaliuoju-budu-igytu-kompetenciju-pripazinimas\/#breadcrumb","itemListElement":[{"@type":"ListItem","position":1,"name":"Pagrindinis","item":"https:\/\/wp.adisoft.lt\/vtdko\/"},{"@type":"ListItem","position":2,"name":"Visuomenei","item":"https:\/\/wp.adisoft.lt\/vtdko\/visuomenei\/"},{"@type":"ListItem","position":3,"name":"Neformaliuoju b\u016bdu \u012fgyt\u0173 kompetencij\u0173 vertinimas ir pripa\u017einimas"}]},{"@type":"WebSite","@id":"https:\/\/wp.adisoft.lt\/vtdko\/#website","url":"https:\/\/wp.adisoft.lt\/vtdko\/","name":"vtdko","description":"Vilniaus technologij\u0173 ir dizaino kolegija","publisher":{"@id":"https:\/\/wp.adisoft.lt\/vtdko\/#organization"},"potentialAction":[{"@type":"SearchAction","target":{"@type":"EntryPoint","urlTemplate":"https:\/\/wp.adisoft.lt\/vtdko\/?s={search_term_string}"},"query-input":"required name=search_term_string"}],"inLanguage":"lt-LT"},{"@type":"Organization","@id":"https:\/\/wp.adisoft.lt\/vtdko\/#organization","name":"vtdko","url":"https:\/\/wp.adisoft.lt\/vtdko\/","logo":{"@type":"ImageObject","inLanguage":"lt-LT","@id":"https:\/\/wp.adisoft.lt\/vtdko\/#\/schema\/logo\/image\/","url":"https:\/\/wp.adisoft.lt\/vtdko\/wp-content\/uploads\/2020\/02\/Logo-su-tekstu-01.svg","contentUrl":"https:\/\/wp.adisoft.lt\/vtdko\/wp-content\/uploads\/2020\/02\/Logo-su-tekstu-01.svg","width":151,"height":74,"caption":"vtdko"},"image":{"@id":"https:\/\/wp.adisoft.lt\/vtdko\/#\/schema\/logo\/image\/"}}]}},"_links":{"self":[{"href":"https:\/\/wp.adisoft.lt\/vtdko\/wp-json\/wp\/v2\/pages\/991695","targetHints":{"allow":["GET"]}}],"collection":[{"href":"https:\/\/wp.adisoft.lt\/vtdko\/wp-json\/wp\/v2\/pages"}],"about":[{"href":"https:\/\/wp.adisoft.lt\/vtdko\/wp-json\/wp\/v2\/types\/page"}],"author":[{"embeddable":true,"href":"https:\/\/wp.adisoft.lt\/vtdko\/wp-json\/wp\/v2\/users\/1"}],"replies":[{"embeddable":true,"href":"https:\/\/wp.adisoft.lt\/vtdko\/wp-json\/wp\/v2\/comments?post=991695"}],"version-history":[{"count":22,"href":"https:\/\/wp.adisoft.lt\/vtdko\/wp-json\/wp\/v2\/pages\/991695\/revisions"}],"predecessor-version":[{"id":999771,"href":"https:\/\/wp.adisoft.lt\/vtdko\/wp-json\/wp\/v2\/pages\/991695\/revisions\/999771"}],"up":[{"embeddable":true,"href":"https:\/\/wp.adisoft.lt\/vtdko\/wp-json\/wp\/v2\/pages\/990518"}],"wp:attachment":[{"href":"https:\/\/wp.adisoft.lt\/vtdko\/wp-json\/wp\/v2\/media?parent=991695"}],"curies":[{"name":"wp","href":"https:\/\/api.w.org\/{rel}","templated":true}]}}