{"id":991697,"date":"2022-10-26T11:43:08","date_gmt":"2022-10-26T08:43:08","guid":{"rendered":"https:\/\/wp.adisoft.lt\/vtdko\/?page_id=991697"},"modified":"2023-02-04T13:40:39","modified_gmt":"2023-02-04T10:40:39","slug":"mokymo-programos-pagal-priemone-kompetenciju-vauceris","status":"publish","type":"page","link":"https:\/\/wp.adisoft.lt\/vtdko\/visuomenei\/mokymo-programos-pagal-priemone-kompetenciju-vauceris\/","title":{"rendered":"Mokymo programos pagal priemon\u0119 \u201eKompetencij\u0173 vau\u010deris\u201c"},"content":{"rendered":"\t\t<div data-elementor-type=\"wp-page\" data-elementor-id=\"991697\" class=\"elementor elementor-991697\">\n\t\t\t\t\t\t\t\t\t<section class=\"elementor-section elementor-top-section elementor-element elementor-element-de90141 elementor-section-height-min-height elementor-section-boxed elementor-section-height-default elementor-section-items-middle\" data-id=\"de90141\" data-element_type=\"section\" data-settings=\"{&quot;background_background&quot;:&quot;classic&quot;,&quot;animation&quot;:&quot;none&quot;}\">\n\t\t\t\t\t\t<div class=\"elementor-container elementor-column-gap-default\">\n\t\t\t\t\t<div class=\"elementor-column elementor-col-100 elementor-top-column elementor-element elementor-element-0981854\" data-id=\"0981854\" data-element_type=\"column\" data-settings=\"{&quot;background_background&quot;:&quot;classic&quot;}\">\n\t\t\t<div class=\"elementor-widget-wrap\">\n\t\t\t\t\t\t\t\t\t<\/div>\n\t\t<\/div>\n\t\t\t\t\t\t\t<\/div>\n\t\t<\/section>\n\t\t\t\t<section class=\"elementor-section elementor-top-section elementor-element elementor-element-1beb2e3 elementor-section-boxed elementor-section-height-default elementor-section-height-default\" data-id=\"1beb2e3\" data-element_type=\"section\" data-settings=\"{&quot;animation&quot;:&quot;none&quot;,&quot;animation_tablet&quot;:&quot;none&quot;,&quot;animation_mobile&quot;:&quot;none&quot;}\">\n\t\t\t\t\t\t<div class=\"elementor-container elementor-column-gap-no\">\n\t\t\t\t\t<div class=\"elementor-column elementor-col-50 elementor-top-column elementor-element elementor-element-5e4d6a9 animated-fast elementor-invisible\" data-id=\"5e4d6a9\" data-element_type=\"column\" data-settings=\"{&quot;background_background&quot;:&quot;classic&quot;,&quot;animation&quot;:&quot;fadeIn&quot;,&quot;animation_delay&quot;:100}\">\n\t\t\t<div class=\"elementor-widget-wrap elementor-element-populated\">\n\t\t\t\t\t\t\t\t<div class=\"elementor-element elementor-element-6c529df elementor-widget elementor-widget-text-editor\" data-id=\"6c529df\" data-element_type=\"widget\" data-settings=\"{&quot;_animation&quot;:&quot;none&quot;,&quot;_animation_delay&quot;:300}\" data-widget_type=\"text-editor.default\">\n\t\t\t\t<div class=\"elementor-widget-container\">\n\t\t\t\t\t\t\t<p>Vilniaus technologij\u0173 ir dizaino kolegija \u2013 \u010dia hobis virsta profesija!<\/p>\t\t\t\t\t\t<\/div>\n\t\t\t\t<\/div>\n\t\t\t\t\t<\/div>\n\t\t<\/div>\n\t\t\t\t<div class=\"elementor-column elementor-col-50 elementor-top-column elementor-element elementor-element-0107534 elementor-hidden-desktop elementor-hidden-tablet elementor-hidden-phone\" data-id=\"0107534\" data-element_type=\"column\">\n\t\t\t<div class=\"elementor-widget-wrap\">\n\t\t\t\t\t\t\t\t\t<\/div>\n\t\t<\/div>\n\t\t\t\t\t\t\t<\/div>\n\t\t<\/section>\n\t\t\t\t<section class=\"elementor-section elementor-top-section elementor-element elementor-element-8f37da3 elementor-section-boxed elementor-section-height-default elementor-section-height-default\" data-id=\"8f37da3\" data-element_type=\"section\">\n\t\t\t\t\t\t<div class=\"elementor-container elementor-column-gap-default\">\n\t\t\t\t\t<div class=\"elementor-column elementor-col-100 elementor-top-column elementor-element elementor-element-076b17f\" data-id=\"076b17f\" data-element_type=\"column\">\n\t\t\t<div class=\"elementor-widget-wrap elementor-element-populated\">\n\t\t\t\t\t\t\t\t<div class=\"elementor-element elementor-element-c1a7b79 elementor-widget elementor-widget-spacer\" data-id=\"c1a7b79\" data-element_type=\"widget\" data-widget_type=\"spacer.default\">\n\t\t\t\t<div class=\"elementor-widget-container\">\n\t\t\t\t\t<div class=\"elementor-spacer\">\n\t\t\t<div class=\"elementor-spacer-inner\"><\/div>\n\t\t<\/div>\n\t\t\t\t<\/div>\n\t\t\t\t<\/div>\n\t\t\t\t<div class=\"elementor-element elementor-element-09a8790 elementor-widget elementor-widget-text-editor\" data-id=\"09a8790\" data-element_type=\"widget\" data-widget_type=\"text-editor.default\">\n\t\t\t\t<div class=\"elementor-widget-container\">\n\t\t\t\t\t\t\t<p>Vilniaus technologij\u0173 ir dizaino kolegija (toliau \u2013 VTDK) did\u017eiausia in\u017einerijos moksl\u0173 ir men\u0173 studij\u0173 kryp\u010di\u0173 kolegija Lietuvoje yra \u012ftraukta \u012f V\u0161\u012e \u201eVersli Lietuva\u201c administruojam\u0105 Mokymo teik\u0117j\u0173 ir mokym\u0173 program\u0173 s\u0105ra\u0161\u0105 skelbiam\u0105 V\u0161\u012e \u201eVersli Lietuva\u201c interneto\u00a0<a href=\"http:\/\/www.verslilietuva.lt\/lt\/verslo-pradzia\/verslo-pradzia\/mokymai\/mokymo-paslaugu-teikeju-ir-mokymo-programu-sarasas\" target=\"_blank\" rel=\"noopener\">svetain\u0117je<\/a>.\u00a0\u00a0VTDK aktyviai dalyvauja suaugusi\u0173j\u0173 neformaliojo \u0161vietimo veikloje ir \u0161iuo metu suaugusiems pagal 2014\u20132020 met\u0173 Europos S\u0105jungos fond\u0173 investicij\u0173 veiksm\u0173 programos 9 prioriteto \u201eVisuomen\u0117s \u0161vietimas ir \u017emogi\u0161k\u0173j\u0173 i\u0161tekli\u0173 potencialo didinimas\u201c priemon\u0119 Nr. 09.4.3-IVG-T-813 \u201eKompetencij\u0173 vau\u010deris\u201c si\u016blo a\u0161tuonias neformaliojo mokymo programas. Kompetentingi VTDK lektoriai perduos akademines \u017einias ir praktin\u0119 darbo patirt\u012f, visiems norintiems patobulinti turimas ar \u012fgyti naujas kompetencijas ir \u012fg\u016bd\u017eius. S\u0117kmingai baigus mokymus, bus i\u0161duodamas \u012fgytas kompetencijas patvirtinantis pa\u017eym\u0117jimas.<\/p>\t\t\t\t\t\t<\/div>\n\t\t\t\t<\/div>\n\t\t\t\t\t<\/div>\n\t\t<\/div>\n\t\t\t\t\t\t\t<\/div>\n\t\t<\/section>\n\t\t\t\t<section class=\"elementor-section elementor-top-section elementor-element elementor-element-00ce464 elementor-section-boxed elementor-section-height-default elementor-section-height-default\" data-id=\"00ce464\" data-element_type=\"section\" data-settings=\"{&quot;background_background&quot;:&quot;classic&quot;}\">\n\t\t\t\t\t\t<div class=\"elementor-container elementor-column-gap-default\">\n\t\t\t\t\t<div class=\"elementor-column elementor-col-100 elementor-top-column elementor-element elementor-element-53e7198\" data-id=\"53e7198\" data-element_type=\"column\">\n\t\t\t<div class=\"elementor-widget-wrap elementor-element-populated\">\n\t\t\t\t\t\t\t\t<div class=\"elementor-element elementor-element-11b2c08 elementor-widget elementor-widget-spacer\" data-id=\"11b2c08\" data-element_type=\"widget\" data-widget_type=\"spacer.default\">\n\t\t\t\t<div class=\"elementor-widget-container\">\n\t\t\t\t\t<div class=\"elementor-spacer\">\n\t\t\t<div class=\"elementor-spacer-inner\"><\/div>\n\t\t<\/div>\n\t\t\t\t<\/div>\n\t\t\t\t<\/div>\n\t\t\t\t<div class=\"elementor-element elementor-element-d238752 elementor-widget elementor-widget-text-editor\" data-id=\"d238752\" data-element_type=\"widget\" data-widget_type=\"text-editor.default\">\n\t\t\t\t<div class=\"elementor-widget-container\">\n\t\t\t\t\t\t\t<p>Mokym\u0173 programos kaina priklausys nuo susirinkusi\u0173 dalyvi\u0173 skai\u010diaus.<\/p><table class=\"table\"><tbody><tr><td><strong>Mokym\u0173 programos pavadinimas<\/strong><\/td><td><strong>Mokym\u0173 trukm\u0117 val.<\/strong><\/td><td><strong>Kontaktas pasiteiravimui<\/strong><\/td><\/tr><tr><td><a href=\"https:\/\/wp.adisoft.lt\/vtdko\/visuomenei\/mokymo-programos-pagal-priemone-kompetenciju-vauceris\/automobiliu-diagnostika\/\">Automobili\u0173 diagnostika<\/a><\/td><td>90<\/td><td>Kristina Vi\u0161nevskien\u0117<br \/><a href=\"mailto:k.visnevskiene@vtdko.lt\">k.visnevskiene@vtdko.lt<br \/><\/a>8 674 04941<\/td><\/tr><tr><td><a href=\"https:\/\/wp.adisoft.lt\/vtdko\/visuomenei\/mokymo-programos-pagal-priemone-kompetenciju-vauceris\/breziniu-rengimas-ir-skaitymas-detaliu-gamyboje\/\">Br\u0117\u017eini\u0173 rengimas ir skaitymas detali\u0173 gamyboje<\/a><\/td><td>80<\/td><td>Kristina Vi\u0161nevskien\u0117<br \/><a href=\"mailto:k.visnevskiene@vtdko.lt\">k.visnevskiene@vtdko.lt<br \/><\/a>8 674 04941<\/td><\/tr><tr><td><a href=\"https:\/\/wp.adisoft.lt\/vtdko\/visuomenei\/mokymo-programos-pagal-priemone-kompetenciju-vauceris\/elektroninis-statybos-darbu-zurnalas\/\">Elektroninis statybos darb\u0173 \u017eurnalas<\/a><\/td><td>8<\/td><td>Airida Tylien\u0117<br \/><a href=\"mailto:a.tyliene@vtdko.lt\">a.tyliene@vtdko.lt<br \/><\/a>(8 5) 234 1490<\/td><\/tr><tr><td><a href=\"https:\/\/wp.adisoft.lt\/vtdko\/visuomenei\/mokymo-programos-pagal-priemone-kompetenciju-vauceris\/programuojamos-metalo-apdirbimo-stakles\/\">Programuojamos metalo apdirbimo stakl\u0117s<\/a><\/td><td>100<\/td><td>Kristina Vi\u0161nevskien\u0117<br \/><a href=\"mailto:k.visnevskiene@vtdko.lt\">k.visnevskiene@vtdko.lt<br \/><\/a>8 674 04941<\/td><\/tr><tr><td><a href=\"https:\/\/wp.adisoft.lt\/vtdko\/visuomenei\/mokymo-programos-pagal-priemone-kompetenciju-vauceris\/statinio-informacinis-modeliavimas\/\">Statinio informacinis modeliavimas<\/a><\/td><td>40<\/td><td>Airida Tylien\u0117<br \/><a href=\"mailto:a.tyliene@vtdko.lt\">a.tyliene@vtdko.lt<br \/><\/a>(8 5) 234 1490<\/td><\/tr><tr><td><a href=\"https:\/\/wp.adisoft.lt\/vtdko\/visuomenei\/mokymo-programos-pagal-priemone-kompetenciju-vauceris\/sandeliu-ir-terminalu-paslaugu-pardavimo-organizavimas-ir-valdymas\/\">Sand\u0117li\u0173 ir terminal\u0173 paslaug\u0173 pardavimo organizavimas ir valdymas<\/a><\/td><td>40<\/td><td>Laimut\u0117 Sladkevi\u010dien\u0117<br \/><a href=\"mailto:l.sladkeviciene@vtdko.lt\">l.sladkeviciene@vtdko.lt<br \/><\/a>(8 5) 261 5748<\/td><\/tr><tr><td><a href=\"https:\/\/wp.adisoft.lt\/vtdko\/visuomenei\/mokymo-programos-pagal-priemone-kompetenciju-vauceris\/pasto-ir-siuntu-transportavimo-paslaugu-pardavimo-organizavimas-ir-valdymas\/\">Pa\u0161to ir siunt\u0173 transportavimo paslaug\u0173 pardavimo organizavimas ir valdymas<\/a><\/td><td>40<\/td><td>\u00a0Laimut\u0117 Sladkevi\u010dien\u0117<br \/><a href=\"mailto:l.sladkeviciene@vtdko.lt\">l.sladkeviciene@vtdko.lt<br \/><\/a>(8 5) 261 5748<\/td><\/tr><tr><td><a href=\"https:\/\/wp.adisoft.lt\/vtdko\/visuomenei\/mokymo-programos-pagal-priemone-kompetenciju-vauceris\/transportavimo-paslaugu-pardavimu-organizavimas-valdymas\/\">\u00a0Transportavimo paslaug\u0173 pardavim\u0173 organizavimas valdymas<\/a><\/td><td>40\u00a0<\/td><td>\u00a0Laimut\u0117 Sladkevi\u010dien\u0117<br \/><a href=\"mailto:l.sladkeviciene@vtdko.lt\">l.sladkeviciene@vtdko.lt<br \/><\/a>(8 5) 261 5748<\/td><\/tr><\/tbody><\/table>\t\t\t\t\t\t<\/div>\n\t\t\t\t<\/div>\n\t\t\t\t\t<\/div>\n\t\t<\/div>\n\t\t\t\t\t\t\t<\/div>\n\t\t<\/section>\n\t\t\t\t<section class=\"elementor-section elementor-top-section elementor-element elementor-element-7e53d17 elementor-section-boxed elementor-section-height-default elementor-section-height-default\" data-id=\"7e53d17\" data-element_type=\"section\">\n\t\t\t\t\t\t<div class=\"elementor-container elementor-column-gap-default\">\n\t\t\t\t\t<div class=\"elementor-column elementor-col-100 elementor-top-column elementor-element elementor-element-f37b937\" data-id=\"f37b937\" data-element_type=\"column\">\n\t\t\t<div class=\"elementor-widget-wrap elementor-element-populated\">\n\t\t\t\t\t\t\t\t<div class=\"elementor-element elementor-element-36c4515 elementor-widget elementor-widget-spacer\" data-id=\"36c4515\" data-element_type=\"widget\" data-widget_type=\"spacer.default\">\n\t\t\t\t<div class=\"elementor-widget-container\">\n\t\t\t\t\t<div class=\"elementor-spacer\">\n\t\t\t<div class=\"elementor-spacer-inner\"><\/div>\n\t\t<\/div>\n\t\t\t\t<\/div>\n\t\t\t\t<\/div>\n\t\t\t\t\t<\/div>\n\t\t<\/div>\n\t\t\t\t\t\t\t<\/div>\n\t\t<\/section>\n\t\t\t\t\t\t\t<\/div>\n\t\t","protected":false},"excerpt":{"rendered":"<p>Vilniaus technologij\u0173 ir dizaino kolegija \u2013 \u010dia hobis virsta profesija! Vilniaus technologij\u0173 ir dizaino kolegija (toliau \u2013 VTDK) did\u017eiausia in\u017einerijos moksl\u0173 ir men\u0173 studij\u0173 kryp\u010di\u0173 kolegija Lietuvoje yra \u012ftraukta \u012f V\u0161\u012e \u201eVersli Lietuva\u201c administruojam\u0105 Mokymo teik\u0117j\u0173 ir mokym\u0173 program\u0173 s\u0105ra\u0161\u0105 skelbiam\u0105 V\u0161\u012e \u201eVersli Lietuva\u201c interneto\u00a0svetain\u0117je.\u00a0\u00a0VTDK aktyviai dalyvauja suaugusi\u0173j\u0173 neformaliojo \u0161vietimo veikloje ir \u0161iuo metu suaugusiems&#8230;<\/p>\n","protected":false},"author":1,"featured_media":0,"parent":990518,"menu_order":0,"comment_status":"closed","ping_status":"closed","template":"","meta":{"inline_featured_image":false,"footnotes":""},"class_list":["post-991697","page","type-page","status-publish","hentry"],"yoast_head":"<!-- This site is optimized with the Yoast SEO plugin v19.12 - https:\/\/yoast.com\/wordpress\/plugins\/seo\/ -->\n<title>Mokymo programos pagal priemon\u0119 \u201eKompetencij\u0173 vau\u010deris\u201c - vtdko<\/title>\n<meta name=\"robots\" content=\"noindex, follow, max-snippet:-1, max-image-preview:large, max-video-preview:-1\" \/>\n<meta property=\"og:locale\" content=\"lt_LT\" \/>\n<meta property=\"og:type\" content=\"article\" \/>\n<meta property=\"og:title\" content=\"Mokymo programos pagal priemon\u0119 \u201eKompetencij\u0173 vau\u010deris\u201c - vtdko\" \/>\n<meta property=\"og:description\" content=\"Vilniaus technologij\u0173 ir dizaino kolegija \u2013 \u010dia hobis virsta profesija! Vilniaus technologij\u0173 ir dizaino kolegija (toliau \u2013 VTDK) did\u017eiausia in\u017einerijos moksl\u0173 ir men\u0173 studij\u0173 kryp\u010di\u0173 kolegija Lietuvoje yra \u012ftraukta \u012f V\u0161\u012e \u201eVersli Lietuva\u201c administruojam\u0105 Mokymo teik\u0117j\u0173 ir mokym\u0173 program\u0173 s\u0105ra\u0161\u0105 skelbiam\u0105 V\u0161\u012e \u201eVersli Lietuva\u201c interneto\u00a0svetain\u0117je.\u00a0\u00a0VTDK aktyviai dalyvauja suaugusi\u0173j\u0173 neformaliojo \u0161vietimo veikloje ir \u0161iuo metu suaugusiems...\" \/>\n<meta property=\"og:url\" content=\"https:\/\/wp.adisoft.lt\/vtdko\/visuomenei\/mokymo-programos-pagal-priemone-kompetenciju-vauceris\/\" \/>\n<meta property=\"og:site_name\" content=\"vtdko\" \/>\n<meta property=\"article:modified_time\" content=\"2023-02-04T10:40:39+00:00\" \/>\n<meta name=\"twitter:card\" content=\"summary_large_image\" \/>\n<meta name=\"twitter:label1\" content=\"Est. reading time\" \/>\n\t<meta name=\"twitter:data1\" content=\"2 minut\u0117s\" \/>\n<script type=\"application\/ld+json\" class=\"yoast-schema-graph\">{\"@context\":\"https:\/\/schema.org\",\"@graph\":[{\"@type\":\"WebPage\",\"@id\":\"https:\/\/wp.adisoft.lt\/vtdko\/visuomenei\/mokymo-programos-pagal-priemone-kompetenciju-vauceris\/\",\"url\":\"https:\/\/wp.adisoft.lt\/vtdko\/visuomenei\/mokymo-programos-pagal-priemone-kompetenciju-vauceris\/\",\"name\":\"Mokymo programos pagal priemon\u0119 \u201eKompetencij\u0173 vau\u010deris\u201c - vtdko\",\"isPartOf\":{\"@id\":\"https:\/\/wp.adisoft.lt\/vtdko\/#website\"},\"datePublished\":\"2022-10-26T08:43:08+00:00\",\"dateModified\":\"2023-02-04T10:40:39+00:00\",\"breadcrumb\":{\"@id\":\"https:\/\/wp.adisoft.lt\/vtdko\/visuomenei\/mokymo-programos-pagal-priemone-kompetenciju-vauceris\/#breadcrumb\"},\"inLanguage\":\"lt-LT\",\"potentialAction\":[{\"@type\":\"ReadAction\",\"target\":[\"https:\/\/wp.adisoft.lt\/vtdko\/visuomenei\/mokymo-programos-pagal-priemone-kompetenciju-vauceris\/\"]}]},{\"@type\":\"BreadcrumbList\",\"@id\":\"https:\/\/wp.adisoft.lt\/vtdko\/visuomenei\/mokymo-programos-pagal-priemone-kompetenciju-vauceris\/#breadcrumb\",\"itemListElement\":[{\"@type\":\"ListItem\",\"position\":1,\"name\":\"Pagrindinis\",\"item\":\"https:\/\/wp.adisoft.lt\/vtdko\/\"},{\"@type\":\"ListItem\",\"position\":2,\"name\":\"Visuomenei\",\"item\":\"https:\/\/wp.adisoft.lt\/vtdko\/visuomenei\/\"},{\"@type\":\"ListItem\",\"position\":3,\"name\":\"Mokymo programos pagal priemon\u0119 \u201eKompetencij\u0173 vau\u010deris\u201c\"}]},{\"@type\":\"WebSite\",\"@id\":\"https:\/\/wp.adisoft.lt\/vtdko\/#website\",\"url\":\"https:\/\/wp.adisoft.lt\/vtdko\/\",\"name\":\"vtdko\",\"description\":\"Vilniaus technologij\u0173 ir dizaino kolegija\",\"publisher\":{\"@id\":\"https:\/\/wp.adisoft.lt\/vtdko\/#organization\"},\"potentialAction\":[{\"@type\":\"SearchAction\",\"target\":{\"@type\":\"EntryPoint\",\"urlTemplate\":\"https:\/\/wp.adisoft.lt\/vtdko\/?s={search_term_string}\"},\"query-input\":\"required name=search_term_string\"}],\"inLanguage\":\"lt-LT\"},{\"@type\":\"Organization\",\"@id\":\"https:\/\/wp.adisoft.lt\/vtdko\/#organization\",\"name\":\"vtdko\",\"url\":\"https:\/\/wp.adisoft.lt\/vtdko\/\",\"logo\":{\"@type\":\"ImageObject\",\"inLanguage\":\"lt-LT\",\"@id\":\"https:\/\/wp.adisoft.lt\/vtdko\/#\/schema\/logo\/image\/\",\"url\":\"https:\/\/wp.adisoft.lt\/vtdko\/wp-content\/uploads\/2020\/02\/Logo-su-tekstu-01.svg\",\"contentUrl\":\"https:\/\/wp.adisoft.lt\/vtdko\/wp-content\/uploads\/2020\/02\/Logo-su-tekstu-01.svg\",\"width\":151,\"height\":74,\"caption\":\"vtdko\"},\"image\":{\"@id\":\"https:\/\/wp.adisoft.lt\/vtdko\/#\/schema\/logo\/image\/\"}}]}<\/script>\n<!-- \/ Yoast SEO plugin. -->","yoast_head_json":{"title":"Mokymo programos pagal priemon\u0119 \u201eKompetencij\u0173 vau\u010deris\u201c - vtdko","robots":{"index":"noindex","follow":"follow","max-snippet":"max-snippet:-1","max-image-preview":"max-image-preview:large","max-video-preview":"max-video-preview:-1"},"og_locale":"lt_LT","og_type":"article","og_title":"Mokymo programos pagal priemon\u0119 \u201eKompetencij\u0173 vau\u010deris\u201c - vtdko","og_description":"Vilniaus technologij\u0173 ir dizaino kolegija \u2013 \u010dia hobis virsta profesija! Vilniaus technologij\u0173 ir dizaino kolegija (toliau \u2013 VTDK) did\u017eiausia in\u017einerijos moksl\u0173 ir men\u0173 studij\u0173 kryp\u010di\u0173 kolegija Lietuvoje yra \u012ftraukta \u012f V\u0161\u012e \u201eVersli Lietuva\u201c administruojam\u0105 Mokymo teik\u0117j\u0173 ir mokym\u0173 program\u0173 s\u0105ra\u0161\u0105 skelbiam\u0105 V\u0161\u012e \u201eVersli Lietuva\u201c interneto\u00a0svetain\u0117je.\u00a0\u00a0VTDK aktyviai dalyvauja suaugusi\u0173j\u0173 neformaliojo \u0161vietimo veikloje ir \u0161iuo metu suaugusiems...","og_url":"https:\/\/wp.adisoft.lt\/vtdko\/visuomenei\/mokymo-programos-pagal-priemone-kompetenciju-vauceris\/","og_site_name":"vtdko","article_modified_time":"2023-02-04T10:40:39+00:00","twitter_card":"summary_large_image","twitter_misc":{"Est. reading time":"2 minut\u0117s"},"schema":{"@context":"https:\/\/schema.org","@graph":[{"@type":"WebPage","@id":"https:\/\/wp.adisoft.lt\/vtdko\/visuomenei\/mokymo-programos-pagal-priemone-kompetenciju-vauceris\/","url":"https:\/\/wp.adisoft.lt\/vtdko\/visuomenei\/mokymo-programos-pagal-priemone-kompetenciju-vauceris\/","name":"Mokymo programos pagal priemon\u0119 \u201eKompetencij\u0173 vau\u010deris\u201c - vtdko","isPartOf":{"@id":"https:\/\/wp.adisoft.lt\/vtdko\/#website"},"datePublished":"2022-10-26T08:43:08+00:00","dateModified":"2023-02-04T10:40:39+00:00","breadcrumb":{"@id":"https:\/\/wp.adisoft.lt\/vtdko\/visuomenei\/mokymo-programos-pagal-priemone-kompetenciju-vauceris\/#breadcrumb"},"inLanguage":"lt-LT","potentialAction":[{"@type":"ReadAction","target":["https:\/\/wp.adisoft.lt\/vtdko\/visuomenei\/mokymo-programos-pagal-priemone-kompetenciju-vauceris\/"]}]},{"@type":"BreadcrumbList","@id":"https:\/\/wp.adisoft.lt\/vtdko\/visuomenei\/mokymo-programos-pagal-priemone-kompetenciju-vauceris\/#breadcrumb","itemListElement":[{"@type":"ListItem","position":1,"name":"Pagrindinis","item":"https:\/\/wp.adisoft.lt\/vtdko\/"},{"@type":"ListItem","position":2,"name":"Visuomenei","item":"https:\/\/wp.adisoft.lt\/vtdko\/visuomenei\/"},{"@type":"ListItem","position":3,"name":"Mokymo programos pagal priemon\u0119 \u201eKompetencij\u0173 vau\u010deris\u201c"}]},{"@type":"WebSite","@id":"https:\/\/wp.adisoft.lt\/vtdko\/#website","url":"https:\/\/wp.adisoft.lt\/vtdko\/","name":"vtdko","description":"Vilniaus technologij\u0173 ir dizaino kolegija","publisher":{"@id":"https:\/\/wp.adisoft.lt\/vtdko\/#organization"},"potentialAction":[{"@type":"SearchAction","target":{"@type":"EntryPoint","urlTemplate":"https:\/\/wp.adisoft.lt\/vtdko\/?s={search_term_string}"},"query-input":"required name=search_term_string"}],"inLanguage":"lt-LT"},{"@type":"Organization","@id":"https:\/\/wp.adisoft.lt\/vtdko\/#organization","name":"vtdko","url":"https:\/\/wp.adisoft.lt\/vtdko\/","logo":{"@type":"ImageObject","inLanguage":"lt-LT","@id":"https:\/\/wp.adisoft.lt\/vtdko\/#\/schema\/logo\/image\/","url":"https:\/\/wp.adisoft.lt\/vtdko\/wp-content\/uploads\/2020\/02\/Logo-su-tekstu-01.svg","contentUrl":"https:\/\/wp.adisoft.lt\/vtdko\/wp-content\/uploads\/2020\/02\/Logo-su-tekstu-01.svg","width":151,"height":74,"caption":"vtdko"},"image":{"@id":"https:\/\/wp.adisoft.lt\/vtdko\/#\/schema\/logo\/image\/"}}]}},"_links":{"self":[{"href":"https:\/\/wp.adisoft.lt\/vtdko\/wp-json\/wp\/v2\/pages\/991697","targetHints":{"allow":["GET"]}}],"collection":[{"href":"https:\/\/wp.adisoft.lt\/vtdko\/wp-json\/wp\/v2\/pages"}],"about":[{"href":"https:\/\/wp.adisoft.lt\/vtdko\/wp-json\/wp\/v2\/types\/page"}],"author":[{"embeddable":true,"href":"https:\/\/wp.adisoft.lt\/vtdko\/wp-json\/wp\/v2\/users\/1"}],"replies":[{"embeddable":true,"href":"https:\/\/wp.adisoft.lt\/vtdko\/wp-json\/wp\/v2\/comments?post=991697"}],"version-history":[{"count":19,"href":"https:\/\/wp.adisoft.lt\/vtdko\/wp-json\/wp\/v2\/pages\/991697\/revisions"}],"predecessor-version":[{"id":999764,"href":"https:\/\/wp.adisoft.lt\/vtdko\/wp-json\/wp\/v2\/pages\/991697\/revisions\/999764"}],"up":[{"embeddable":true,"href":"https:\/\/wp.adisoft.lt\/vtdko\/wp-json\/wp\/v2\/pages\/990518"}],"wp:attachment":[{"href":"https:\/\/wp.adisoft.lt\/vtdko\/wp-json\/wp\/v2\/media?parent=991697"}],"curies":[{"name":"wp","href":"https:\/\/api.w.org\/{rel}","templated":true}]}}