{"id":991698,"date":"2022-10-26T11:43:11","date_gmt":"2022-10-26T08:43:11","guid":{"rendered":"https:\/\/wp.adisoft.lt\/vtdko\/?page_id=991698"},"modified":"2023-02-04T13:40:14","modified_gmt":"2023-02-04T10:40:14","slug":"neformaliojo-mokymo-programos","status":"publish","type":"page","link":"https:\/\/wp.adisoft.lt\/vtdko\/visuomenei\/neformaliojo-mokymo-programos\/","title":{"rendered":"Neformaliojo mokymo programos"},"content":{"rendered":"\t\t<div data-elementor-type=\"wp-page\" data-elementor-id=\"991698\" class=\"elementor elementor-991698\">\n\t\t\t\t\t\t\t\t\t<section class=\"elementor-section elementor-top-section elementor-element elementor-element-3dfd13d elementor-section-height-min-height elementor-section-boxed elementor-section-height-default elementor-section-items-middle\" data-id=\"3dfd13d\" data-element_type=\"section\" data-settings=\"{&quot;background_background&quot;:&quot;classic&quot;,&quot;animation&quot;:&quot;none&quot;}\">\n\t\t\t\t\t\t<div class=\"elementor-container elementor-column-gap-default\">\n\t\t\t\t\t<div class=\"elementor-column elementor-col-100 elementor-top-column elementor-element elementor-element-324a686\" data-id=\"324a686\" data-element_type=\"column\" data-settings=\"{&quot;background_background&quot;:&quot;classic&quot;}\">\n\t\t\t<div class=\"elementor-widget-wrap\">\n\t\t\t\t\t\t\t\t\t<\/div>\n\t\t<\/div>\n\t\t\t\t\t\t\t<\/div>\n\t\t<\/section>\n\t\t\t\t<section class=\"elementor-section elementor-top-section elementor-element elementor-element-d3e1715 elementor-section-boxed elementor-section-height-default elementor-section-height-default\" data-id=\"d3e1715\" data-element_type=\"section\" data-settings=\"{&quot;animation&quot;:&quot;none&quot;,&quot;animation_tablet&quot;:&quot;none&quot;,&quot;animation_mobile&quot;:&quot;none&quot;}\">\n\t\t\t\t\t\t<div class=\"elementor-container elementor-column-gap-no\">\n\t\t\t\t\t<div class=\"elementor-column elementor-col-50 elementor-top-column elementor-element elementor-element-085a392 animated-fast elementor-invisible\" data-id=\"085a392\" data-element_type=\"column\" data-settings=\"{&quot;background_background&quot;:&quot;classic&quot;,&quot;animation&quot;:&quot;fadeIn&quot;,&quot;animation_delay&quot;:100}\">\n\t\t\t<div class=\"elementor-widget-wrap elementor-element-populated\">\n\t\t\t\t\t\t\t\t<div class=\"elementor-element elementor-element-652c4cb elementor-widget elementor-widget-text-editor\" data-id=\"652c4cb\" data-element_type=\"widget\" data-settings=\"{&quot;_animation&quot;:&quot;none&quot;,&quot;_animation_delay&quot;:300}\" data-widget_type=\"text-editor.default\">\n\t\t\t\t<div class=\"elementor-widget-container\">\n\t\t\t\t\t\t\t<p>Vilniaus technologij\u0173 ir dizaino kolegija \u2013 \u010dia hobis virsta profesija!<\/p>\t\t\t\t\t\t<\/div>\n\t\t\t\t<\/div>\n\t\t\t\t\t<\/div>\n\t\t<\/div>\n\t\t\t\t<div class=\"elementor-column elementor-col-50 elementor-top-column elementor-element elementor-element-12a4a68 elementor-hidden-desktop elementor-hidden-tablet elementor-hidden-phone\" data-id=\"12a4a68\" data-element_type=\"column\">\n\t\t\t<div class=\"elementor-widget-wrap\">\n\t\t\t\t\t\t\t\t\t<\/div>\n\t\t<\/div>\n\t\t\t\t\t\t\t<\/div>\n\t\t<\/section>\n\t\t\t\t<section class=\"elementor-section elementor-top-section elementor-element elementor-element-8f37da3 elementor-section-boxed elementor-section-height-default elementor-section-height-default\" data-id=\"8f37da3\" data-element_type=\"section\">\n\t\t\t\t\t\t<div class=\"elementor-container elementor-column-gap-default\">\n\t\t\t\t\t<div class=\"elementor-column elementor-col-100 elementor-top-column elementor-element elementor-element-076b17f\" data-id=\"076b17f\" data-element_type=\"column\">\n\t\t\t<div class=\"elementor-widget-wrap elementor-element-populated\">\n\t\t\t\t\t\t\t\t<div class=\"elementor-element elementor-element-ac910cd elementor-widget elementor-widget-spacer\" data-id=\"ac910cd\" data-element_type=\"widget\" data-widget_type=\"spacer.default\">\n\t\t\t\t<div class=\"elementor-widget-container\">\n\t\t\t\t\t<div class=\"elementor-spacer\">\n\t\t\t<div class=\"elementor-spacer-inner\"><\/div>\n\t\t<\/div>\n\t\t\t\t<\/div>\n\t\t\t\t<\/div>\n\t\t\t\t<div class=\"elementor-element elementor-element-09a8790 elementor-widget elementor-widget-text-editor\" data-id=\"09a8790\" data-element_type=\"widget\" data-widget_type=\"text-editor.default\">\n\t\t\t\t<div class=\"elementor-widget-container\">\n\t\t\t\t\t\t\t<p>Vilniaus technologij\u0173 ir dizaino kolegija (toliau \u2013 VTDK) did\u017eiausia in\u017einerijos moksl\u0173 ir men\u0173 studij\u0173 kryp\u010di\u0173 kolegija Lietuvoje. VTDK aktyviai dalyvauja suaugusi\u0173j\u0173 neformaliojo \u0161vietimo veikloje ir \u0161iuo metu suaugusiems si\u016blo 14 neformaliojo mokymo program\u0173. Kompetentingi VTDK lektoriai perduos akademines \u017einias ir praktin\u0119 darbo patirt\u012f, visiems norintiems patobulinti turimas ar \u012fgyti naujas kompetencijas ir \u012fg\u016bd\u017eius.<\/p>\t\t\t\t\t\t<\/div>\n\t\t\t\t<\/div>\n\t\t\t\t\t<\/div>\n\t\t<\/div>\n\t\t\t\t\t\t\t<\/div>\n\t\t<\/section>\n\t\t\t\t<section class=\"elementor-section elementor-top-section elementor-element elementor-element-a461d19 elementor-section-boxed elementor-section-height-default elementor-section-height-default\" data-id=\"a461d19\" data-element_type=\"section\" data-settings=\"{&quot;background_background&quot;:&quot;classic&quot;}\">\n\t\t\t\t\t\t<div class=\"elementor-container elementor-column-gap-default\">\n\t\t\t\t\t<div class=\"elementor-column elementor-col-100 elementor-top-column elementor-element elementor-element-fd14cd9\" data-id=\"fd14cd9\" data-element_type=\"column\">\n\t\t\t<div class=\"elementor-widget-wrap elementor-element-populated\">\n\t\t\t\t\t\t\t\t<div class=\"elementor-element elementor-element-0fa534a elementor-widget elementor-widget-spacer\" data-id=\"0fa534a\" data-element_type=\"widget\" data-widget_type=\"spacer.default\">\n\t\t\t\t<div class=\"elementor-widget-container\">\n\t\t\t\t\t<div class=\"elementor-spacer\">\n\t\t\t<div class=\"elementor-spacer-inner\"><\/div>\n\t\t<\/div>\n\t\t\t\t<\/div>\n\t\t\t\t<\/div>\n\t\t\t\t<div class=\"elementor-element elementor-element-6b73193 elementor-widget elementor-widget-text-editor\" data-id=\"6b73193\" data-element_type=\"widget\" data-widget_type=\"text-editor.default\">\n\t\t\t\t<div class=\"elementor-widget-container\">\n\t\t\t\t\t\t\t<p><\/p>\n<p>S\u0117kmingai baigus mokymus, bus i\u0161duodamas&nbsp;<strong>pa\u017eym\u0117jimas<\/strong>.&nbsp;<\/p>\n<p>Mokymo programos vykdomos u\u017esiregistravus&nbsp;<strong>bent 5 asmenims<\/strong>.<\/p>\n<p>U\u017esiregistravus, registracijos patvirtinim\u0105 gausite per penkias darbo dienas.<\/p>\n<p>Gavus registracijos patvirtinim\u0105,&nbsp;pra\u0161ome pervesti nurodyt\u0105 asmens mokymo kain\u0105 \u012f Vilniaus technologij\u0173 ir dizaino kolegijos, \u012fmon\u0117s kodas 111967673, s\u0105skait\u0105.<\/p>\n<p>AB bankas Swedbank, kodas 73000 s\u0105skaitos Nr.: LT877300010074142865.&nbsp;\u012emokos kodas 103056.<\/p>\t\t\t\t\t\t<\/div>\n\t\t\t\t<\/div>\n\t\t\t\t<div class=\"elementor-element elementor-element-a257187 elementor-widget elementor-widget-spacer\" data-id=\"a257187\" data-element_type=\"widget\" data-widget_type=\"spacer.default\">\n\t\t\t\t<div class=\"elementor-widget-container\">\n\t\t\t\t\t<div class=\"elementor-spacer\">\n\t\t\t<div class=\"elementor-spacer-inner\"><\/div>\n\t\t<\/div>\n\t\t\t\t<\/div>\n\t\t\t\t<\/div>\n\t\t\t\t\t<\/div>\n\t\t<\/div>\n\t\t\t\t\t\t\t<\/div>\n\t\t<\/section>\n\t\t\t\t<section class=\"elementor-section elementor-top-section elementor-element elementor-element-0416701 elementor-section-boxed elementor-section-height-default elementor-section-height-default\" data-id=\"0416701\" data-element_type=\"section\" data-settings=\"{&quot;background_background&quot;:&quot;classic&quot;}\">\n\t\t\t\t\t\t<div class=\"elementor-container elementor-column-gap-default\">\n\t\t\t\t\t<div class=\"elementor-column elementor-col-100 elementor-top-column elementor-element elementor-element-b7fa9a7\" data-id=\"b7fa9a7\" data-element_type=\"column\">\n\t\t\t<div class=\"elementor-widget-wrap elementor-element-populated\">\n\t\t\t\t\t\t\t\t<div class=\"elementor-element elementor-element-28f6b3e elementor-widget elementor-widget-text-editor\" data-id=\"28f6b3e\" data-element_type=\"widget\" data-widget_type=\"text-editor.default\">\n\t\t\t\t<div class=\"elementor-widget-container\">\n\t\t\t\t\t\t\t<p>S\u0117kmingai baigus mokymus, bus i\u0161duodamas\u00a0<strong>pa\u017eym\u0117jimas<\/strong>.\u00a0<\/p><p>Mokymo programos vykdomos u\u017esiregistravus\u00a0<strong>bent 5 asmenims<\/strong>.<\/p><p>U\u017esiregistravus, registracijos patvirtinim\u0105 gausite per penkias darbo dienas.<\/p><p>Gavus registracijos patvirtinim\u0105,\u00a0pra\u0161ome pervesti nurodyt\u0105 asmens mokymo kain\u0105 \u012f Vilniaus technologij\u0173 ir dizaino kolegijos, \u012fmon\u0117s kodas 111967673, s\u0105skait\u0105.<\/p><p>AB bankas Swedbank, kodas 73000 s\u0105skaitos Nr.: LT877300010074142865.\u00a0\u012emokos kodas 103056.<\/p><table class=\"table\"><tbody><tr><td><strong>Mokym\u0173 programos pavadinimas<\/strong><\/td><td><strong>Mokym\u0173 kaina, Eur<\/strong><\/td><td><strong>Mokym\u0173 trukm\u0117, Val<\/strong><\/td><td><strong>Kontaktas pasiteirauti<\/strong><\/td><\/tr><tr><td><a href=\"https:\/\/wp.adisoft.lt\/vtdko\/visuomenei\/neformaliojo-mokymo-programos\/samatininko-mokymai\/\">S\u0105matininko mokymai<\/a><\/td><td>\u00a0480<\/td><td>56 ak.val.<\/td><td><p>Airida Tylien\u0117<br \/><a href=\"mailto:a.tyliene@vtdko.lt\">a.tyliene@vtdko.lt<br \/><\/a>(8 5) 234 1490<br \/>8 640 52923<\/p><\/td><\/tr><tr><td><a href=\"https:\/\/wp.adisoft.lt\/vtdko\/visuomenei\/neformaliojo-mokymo-programos\/skaitmeninio-programinio-valdymo-cnc-stakliu-operatoriaus-programuotojo-mokymai\/\">Skaitmeninio programinio valdymo (CNC) stakli\u0173 operatoriaus-programuotojo mokymai<\/a><\/td><td>800<\/td><td>160<\/td><td>Kristina Vi\u0161nevskien\u0117<br \/><a href=\"mailto:k.visnevskiene@vtdko.lt\">k.visnevskiene@vtdko.lt<br \/><\/a>8 674 04941<\/td><\/tr><tr><td><a href=\"https:\/\/wp.adisoft.lt\/vtdko\/visuomenei\/neformaliojo-mokymo-programos\/elektrosauga\/\">Elektrosaugos mokymai<\/a><\/td><td>447<\/td><td>72<\/td><td>Kristina Vi\u0161nevskien\u0117<br \/><a href=\"mailto:k.visnevskiene@vtdko.lt\">k.visnevskiene@vtdko.lt<br \/><\/a>8 674 04941<\/td><\/tr><tr><td><a href=\"https:\/\/wp.adisoft.lt\/vtdko\/visuomenei\/neformaliojo-mokymo-programos\/detaliu-gamybos-technines-dokumentacijos-rengimas\/\">Detali\u0173 gamybos technin\u0117s dokumentacijos rengimo mokymai<\/a><\/td><td>580<\/td><td>116<\/td><td>Kristina Vi\u0161nevskien\u0117<br \/><a href=\"mailto:k.visnevskiene@vtdko.lt\">k.visnevskiene@vtdko.lt<br \/><\/a>8 674 04941<\/td><\/tr><tr><td><a href=\"https:\/\/wp.adisoft.lt\/vtdko\/visuomenei\/neformaliojo-mokymo-programos\/detaliu-gamybos-technines-dokumentacijos-rengimas-pazengusiam-vartotojui\/\">Detali\u0173 gamybos technin\u0117s dokumentacijos rengimo pa\u017eengusiam vartotojui mokymai<\/a><\/td><td>400<\/td><td>80<\/td><td>Kristina Vi\u0161nevskien\u0117<br \/><a href=\"mailto:k.visnevskiene@vtdko.lt\">k.visnevskiene@vtdko.lt<br \/><\/a>8 674 04941<\/td><\/tr><tr><td><a href=\"https:\/\/wp.adisoft.lt\/vtdko\/visuomenei\/neformaliojo-mokymo-programos\/gyvenamuju-erdviu-interjero-dekoravimas\/\">Gyvenam\u0173j\u0173 erdvi\u0173 interjero dekoravimo mokymai<\/a><\/td><td>370<\/td><td>80<\/td><td>Rasa Valujavi\u010dien\u0117<br \/><a href=\"mailto:r.valujaviciene@vtdko.lt\">r.valujaviciene@vtdko.lt\u00a0<br \/><\/a>8 673 60180<\/td><\/tr><tr><td><a href=\"https:\/\/wp.adisoft.lt\/vtdko\/visuomenei\/neformaliojo-mokymo-programos\/grafinis-nuotrauku-redagavimas\/\">Grafinio nuotrauk\u0173 redagavimo mokymai<\/a><\/td><td>515<\/td><td>40<\/td><td>Rasa Valujavi\u010dien\u0117<br \/><a href=\"mailto:r.valujaviciene@vtdko.lt\">r.valujaviciene@vtdko.lt\u00a0<br \/><\/a>8 673 60180<\/td><\/tr><tr><td><a href=\"https:\/\/wp.adisoft.lt\/vtdko\/visuomenei\/neformaliojo-mokymo-programos\/kaligrafija\/\">Kaligrafijos mokymai<\/a><\/td><td>370<\/td><td>80<\/td><td>Rasa Valujavi\u010dien\u0117<br \/><a href=\"mailto:r.valujaviciene@vtdko.lt\">r.valujaviciene@vtdko.lt\u00a0<br \/><\/a>8 673 60180<\/td><\/tr><tr><td><a href=\"https:\/\/wp.adisoft.lt\/vtdko\/visuomenei\/neformaliojo-mokymo-programos\/automobiliu-technines-prieziuros-specialistas\/\">Mokymai tapti automobili\u0173 technin\u0117s prie\u017ei\u016bros specialistu<\/a><\/td><td>1088<\/td><td>178<\/td><td>Kristina Vi\u0161nevskien\u0117<br \/><a href=\"mailto:k.visnevskiene@vtdko.lt\">k.visnevskiene@vtdko.lt<br \/><\/a>8 674 04941<\/td><\/tr><tr><td><a href=\"https:\/\/wp.adisoft.lt\/vtdko\/visuomenei\/neformaliojo-mokymo-programos\/sandelininko-mokymo-programa\/\">Sand\u0117lininko mokymo programa<\/a><\/td><td>600<\/td><td>120<\/td><td>Jurgita Ginavi\u010dien\u0117<br \/><a href=\"mailto:j.ginaviciene@vtdko.lt\">j.ginaviciene@vtdko.lt<br \/><\/a>8 601 20626\u00a0<\/td><\/tr><tr><td><a href=\"https:\/\/wp.adisoft.lt\/vtdko\/visuomenei\/neformaliojo-mokymo-programos\/animacijos-mokykla-suaugusiems\/\">Animacijos mokykla suaugusiems<\/a><\/td><td>450<\/td><td>80<\/td><td>Rasa Valujavi\u010dien\u0117<br \/><a href=\"mailto:r.valujaviciene@vtdko.lt\">r.valujaviciene@vtdko.lt\u00a0<br \/><\/a>8 673 60180<\/td><\/tr><\/tbody><\/table>\t\t\t\t\t\t<\/div>\n\t\t\t\t<\/div>\n\t\t\t\t\t<\/div>\n\t\t<\/div>\n\t\t\t\t\t\t\t<\/div>\n\t\t<\/section>\n\t\t\t\t<section class=\"elementor-section elementor-top-section elementor-element elementor-element-7e53d17 elementor-section-boxed elementor-section-height-default elementor-section-height-default\" data-id=\"7e53d17\" data-element_type=\"section\">\n\t\t\t\t\t\t<div class=\"elementor-container elementor-column-gap-default\">\n\t\t\t\t\t<div class=\"elementor-column elementor-col-100 elementor-top-column elementor-element elementor-element-f37b937\" data-id=\"f37b937\" data-element_type=\"column\">\n\t\t\t<div class=\"elementor-widget-wrap elementor-element-populated\">\n\t\t\t\t\t\t\t\t<div class=\"elementor-element elementor-element-36c4515 elementor-widget elementor-widget-spacer\" data-id=\"36c4515\" data-element_type=\"widget\" data-widget_type=\"spacer.default\">\n\t\t\t\t<div class=\"elementor-widget-container\">\n\t\t\t\t\t<div class=\"elementor-spacer\">\n\t\t\t<div class=\"elementor-spacer-inner\"><\/div>\n\t\t<\/div>\n\t\t\t\t<\/div>\n\t\t\t\t<\/div>\n\t\t\t\t\t<\/div>\n\t\t<\/div>\n\t\t\t\t\t\t\t<\/div>\n\t\t<\/section>\n\t\t\t\t\t\t\t<\/div>\n\t\t","protected":false},"excerpt":{"rendered":"<p>Vilniaus technologij\u0173 ir dizaino kolegija \u2013 \u010dia hobis virsta profesija! Vilniaus technologij\u0173 ir dizaino kolegija (toliau \u2013 VTDK) did\u017eiausia in\u017einerijos moksl\u0173 ir men\u0173 studij\u0173 kryp\u010di\u0173 kolegija Lietuvoje. VTDK aktyviai dalyvauja suaugusi\u0173j\u0173 neformaliojo \u0161vietimo veikloje ir \u0161iuo metu suaugusiems si\u016blo 14 neformaliojo mokymo program\u0173. Kompetentingi VTDK lektoriai perduos akademines \u017einias ir praktin\u0119 darbo patirt\u012f, visiems norintiems&#8230;<\/p>\n","protected":false},"author":1,"featured_media":0,"parent":990518,"menu_order":0,"comment_status":"closed","ping_status":"closed","template":"","meta":{"inline_featured_image":false,"footnotes":""},"class_list":["post-991698","page","type-page","status-publish","hentry"],"yoast_head":"<!-- This site is optimized with the Yoast SEO plugin v19.12 - https:\/\/yoast.com\/wordpress\/plugins\/seo\/ -->\n<title>Neformaliojo mokymo programos - vtdko<\/title>\n<meta name=\"robots\" content=\"noindex, follow, max-snippet:-1, max-image-preview:large, max-video-preview:-1\" \/>\n<meta property=\"og:locale\" content=\"lt_LT\" \/>\n<meta property=\"og:type\" content=\"article\" \/>\n<meta property=\"og:title\" content=\"Neformaliojo mokymo programos - vtdko\" \/>\n<meta property=\"og:description\" content=\"Vilniaus technologij\u0173 ir dizaino kolegija \u2013 \u010dia hobis virsta profesija! Vilniaus technologij\u0173 ir dizaino kolegija (toliau \u2013 VTDK) did\u017eiausia in\u017einerijos moksl\u0173 ir men\u0173 studij\u0173 kryp\u010di\u0173 kolegija Lietuvoje. VTDK aktyviai dalyvauja suaugusi\u0173j\u0173 neformaliojo \u0161vietimo veikloje ir \u0161iuo metu suaugusiems si\u016blo 14 neformaliojo mokymo program\u0173. Kompetentingi VTDK lektoriai perduos akademines \u017einias ir praktin\u0119 darbo patirt\u012f, visiems norintiems...\" \/>\n<meta property=\"og:url\" content=\"https:\/\/wp.adisoft.lt\/vtdko\/visuomenei\/neformaliojo-mokymo-programos\/\" \/>\n<meta property=\"og:site_name\" content=\"vtdko\" \/>\n<meta property=\"article:modified_time\" content=\"2023-02-04T10:40:14+00:00\" \/>\n<meta name=\"twitter:card\" content=\"summary_large_image\" \/>\n<meta name=\"twitter:label1\" content=\"Est. reading time\" \/>\n\t<meta name=\"twitter:data1\" content=\"2 minut\u0117s\" \/>\n<script type=\"application\/ld+json\" class=\"yoast-schema-graph\">{\"@context\":\"https:\/\/schema.org\",\"@graph\":[{\"@type\":\"WebPage\",\"@id\":\"https:\/\/wp.adisoft.lt\/vtdko\/visuomenei\/neformaliojo-mokymo-programos\/\",\"url\":\"https:\/\/wp.adisoft.lt\/vtdko\/visuomenei\/neformaliojo-mokymo-programos\/\",\"name\":\"Neformaliojo mokymo programos - vtdko\",\"isPartOf\":{\"@id\":\"https:\/\/wp.adisoft.lt\/vtdko\/#website\"},\"datePublished\":\"2022-10-26T08:43:11+00:00\",\"dateModified\":\"2023-02-04T10:40:14+00:00\",\"breadcrumb\":{\"@id\":\"https:\/\/wp.adisoft.lt\/vtdko\/visuomenei\/neformaliojo-mokymo-programos\/#breadcrumb\"},\"inLanguage\":\"lt-LT\",\"potentialAction\":[{\"@type\":\"ReadAction\",\"target\":[\"https:\/\/wp.adisoft.lt\/vtdko\/visuomenei\/neformaliojo-mokymo-programos\/\"]}]},{\"@type\":\"BreadcrumbList\",\"@id\":\"https:\/\/wp.adisoft.lt\/vtdko\/visuomenei\/neformaliojo-mokymo-programos\/#breadcrumb\",\"itemListElement\":[{\"@type\":\"ListItem\",\"position\":1,\"name\":\"Pagrindinis\",\"item\":\"https:\/\/wp.adisoft.lt\/vtdko\/\"},{\"@type\":\"ListItem\",\"position\":2,\"name\":\"Visuomenei\",\"item\":\"https:\/\/wp.adisoft.lt\/vtdko\/visuomenei\/\"},{\"@type\":\"ListItem\",\"position\":3,\"name\":\"Neformaliojo mokymo programos\"}]},{\"@type\":\"WebSite\",\"@id\":\"https:\/\/wp.adisoft.lt\/vtdko\/#website\",\"url\":\"https:\/\/wp.adisoft.lt\/vtdko\/\",\"name\":\"vtdko\",\"description\":\"Vilniaus technologij\u0173 ir dizaino kolegija\",\"publisher\":{\"@id\":\"https:\/\/wp.adisoft.lt\/vtdko\/#organization\"},\"potentialAction\":[{\"@type\":\"SearchAction\",\"target\":{\"@type\":\"EntryPoint\",\"urlTemplate\":\"https:\/\/wp.adisoft.lt\/vtdko\/?s={search_term_string}\"},\"query-input\":\"required name=search_term_string\"}],\"inLanguage\":\"lt-LT\"},{\"@type\":\"Organization\",\"@id\":\"https:\/\/wp.adisoft.lt\/vtdko\/#organization\",\"name\":\"vtdko\",\"url\":\"https:\/\/wp.adisoft.lt\/vtdko\/\",\"logo\":{\"@type\":\"ImageObject\",\"inLanguage\":\"lt-LT\",\"@id\":\"https:\/\/wp.adisoft.lt\/vtdko\/#\/schema\/logo\/image\/\",\"url\":\"https:\/\/wp.adisoft.lt\/vtdko\/wp-content\/uploads\/2020\/02\/Logo-su-tekstu-01.svg\",\"contentUrl\":\"https:\/\/wp.adisoft.lt\/vtdko\/wp-content\/uploads\/2020\/02\/Logo-su-tekstu-01.svg\",\"width\":151,\"height\":74,\"caption\":\"vtdko\"},\"image\":{\"@id\":\"https:\/\/wp.adisoft.lt\/vtdko\/#\/schema\/logo\/image\/\"}}]}<\/script>\n<!-- \/ Yoast SEO plugin. -->","yoast_head_json":{"title":"Neformaliojo mokymo programos - vtdko","robots":{"index":"noindex","follow":"follow","max-snippet":"max-snippet:-1","max-image-preview":"max-image-preview:large","max-video-preview":"max-video-preview:-1"},"og_locale":"lt_LT","og_type":"article","og_title":"Neformaliojo mokymo programos - vtdko","og_description":"Vilniaus technologij\u0173 ir dizaino kolegija \u2013 \u010dia hobis virsta profesija! Vilniaus technologij\u0173 ir dizaino kolegija (toliau \u2013 VTDK) did\u017eiausia in\u017einerijos moksl\u0173 ir men\u0173 studij\u0173 kryp\u010di\u0173 kolegija Lietuvoje. VTDK aktyviai dalyvauja suaugusi\u0173j\u0173 neformaliojo \u0161vietimo veikloje ir \u0161iuo metu suaugusiems si\u016blo 14 neformaliojo mokymo program\u0173. Kompetentingi VTDK lektoriai perduos akademines \u017einias ir praktin\u0119 darbo patirt\u012f, visiems norintiems...","og_url":"https:\/\/wp.adisoft.lt\/vtdko\/visuomenei\/neformaliojo-mokymo-programos\/","og_site_name":"vtdko","article_modified_time":"2023-02-04T10:40:14+00:00","twitter_card":"summary_large_image","twitter_misc":{"Est. reading time":"2 minut\u0117s"},"schema":{"@context":"https:\/\/schema.org","@graph":[{"@type":"WebPage","@id":"https:\/\/wp.adisoft.lt\/vtdko\/visuomenei\/neformaliojo-mokymo-programos\/","url":"https:\/\/wp.adisoft.lt\/vtdko\/visuomenei\/neformaliojo-mokymo-programos\/","name":"Neformaliojo mokymo programos - vtdko","isPartOf":{"@id":"https:\/\/wp.adisoft.lt\/vtdko\/#website"},"datePublished":"2022-10-26T08:43:11+00:00","dateModified":"2023-02-04T10:40:14+00:00","breadcrumb":{"@id":"https:\/\/wp.adisoft.lt\/vtdko\/visuomenei\/neformaliojo-mokymo-programos\/#breadcrumb"},"inLanguage":"lt-LT","potentialAction":[{"@type":"ReadAction","target":["https:\/\/wp.adisoft.lt\/vtdko\/visuomenei\/neformaliojo-mokymo-programos\/"]}]},{"@type":"BreadcrumbList","@id":"https:\/\/wp.adisoft.lt\/vtdko\/visuomenei\/neformaliojo-mokymo-programos\/#breadcrumb","itemListElement":[{"@type":"ListItem","position":1,"name":"Pagrindinis","item":"https:\/\/wp.adisoft.lt\/vtdko\/"},{"@type":"ListItem","position":2,"name":"Visuomenei","item":"https:\/\/wp.adisoft.lt\/vtdko\/visuomenei\/"},{"@type":"ListItem","position":3,"name":"Neformaliojo mokymo programos"}]},{"@type":"WebSite","@id":"https:\/\/wp.adisoft.lt\/vtdko\/#website","url":"https:\/\/wp.adisoft.lt\/vtdko\/","name":"vtdko","description":"Vilniaus technologij\u0173 ir dizaino kolegija","publisher":{"@id":"https:\/\/wp.adisoft.lt\/vtdko\/#organization"},"potentialAction":[{"@type":"SearchAction","target":{"@type":"EntryPoint","urlTemplate":"https:\/\/wp.adisoft.lt\/vtdko\/?s={search_term_string}"},"query-input":"required name=search_term_string"}],"inLanguage":"lt-LT"},{"@type":"Organization","@id":"https:\/\/wp.adisoft.lt\/vtdko\/#organization","name":"vtdko","url":"https:\/\/wp.adisoft.lt\/vtdko\/","logo":{"@type":"ImageObject","inLanguage":"lt-LT","@id":"https:\/\/wp.adisoft.lt\/vtdko\/#\/schema\/logo\/image\/","url":"https:\/\/wp.adisoft.lt\/vtdko\/wp-content\/uploads\/2020\/02\/Logo-su-tekstu-01.svg","contentUrl":"https:\/\/wp.adisoft.lt\/vtdko\/wp-content\/uploads\/2020\/02\/Logo-su-tekstu-01.svg","width":151,"height":74,"caption":"vtdko"},"image":{"@id":"https:\/\/wp.adisoft.lt\/vtdko\/#\/schema\/logo\/image\/"}}]}},"_links":{"self":[{"href":"https:\/\/wp.adisoft.lt\/vtdko\/wp-json\/wp\/v2\/pages\/991698","targetHints":{"allow":["GET"]}}],"collection":[{"href":"https:\/\/wp.adisoft.lt\/vtdko\/wp-json\/wp\/v2\/pages"}],"about":[{"href":"https:\/\/wp.adisoft.lt\/vtdko\/wp-json\/wp\/v2\/types\/page"}],"author":[{"embeddable":true,"href":"https:\/\/wp.adisoft.lt\/vtdko\/wp-json\/wp\/v2\/users\/1"}],"replies":[{"embeddable":true,"href":"https:\/\/wp.adisoft.lt\/vtdko\/wp-json\/wp\/v2\/comments?post=991698"}],"version-history":[{"count":25,"href":"https:\/\/wp.adisoft.lt\/vtdko\/wp-json\/wp\/v2\/pages\/991698\/revisions"}],"predecessor-version":[{"id":999758,"href":"https:\/\/wp.adisoft.lt\/vtdko\/wp-json\/wp\/v2\/pages\/991698\/revisions\/999758"}],"up":[{"embeddable":true,"href":"https:\/\/wp.adisoft.lt\/vtdko\/wp-json\/wp\/v2\/pages\/990518"}],"wp:attachment":[{"href":"https:\/\/wp.adisoft.lt\/vtdko\/wp-json\/wp\/v2\/media?parent=991698"}],"curies":[{"name":"wp","href":"https:\/\/api.w.org\/{rel}","templated":true}]}}