{"id":991781,"date":"2022-10-26T13:17:13","date_gmt":"2022-10-26T10:17:13","guid":{"rendered":"https:\/\/wp.adisoft.lt\/vtdko\/?page_id=991781"},"modified":"2022-10-26T13:31:22","modified_gmt":"2022-10-26T10:31:22","slug":"programuojamos-metalo-apdirbimo-stakles","status":"publish","type":"page","link":"https:\/\/wp.adisoft.lt\/vtdko\/visuomenei\/mokymo-programos-pagal-priemone-kompetenciju-vauceris\/programuojamos-metalo-apdirbimo-stakles\/","title":{"rendered":"Mokymo programa &#8211; programuojamos metalo apdirbimo stakl\u0117s"},"content":{"rendered":"\t\t<div data-elementor-type=\"wp-page\" data-elementor-id=\"991781\" class=\"elementor elementor-991781\">\n\t\t\t\t\t\t\t\t\t<section class=\"elementor-section elementor-top-section elementor-element elementor-element-8f37da3 elementor-section-boxed elementor-section-height-default elementor-section-height-default\" data-id=\"8f37da3\" data-element_type=\"section\">\n\t\t\t\t\t\t<div class=\"elementor-container elementor-column-gap-default\">\n\t\t\t\t\t<div class=\"elementor-column elementor-col-100 elementor-top-column elementor-element elementor-element-076b17f\" data-id=\"076b17f\" data-element_type=\"column\">\n\t\t\t<div class=\"elementor-widget-wrap elementor-element-populated\">\n\t\t\t\t\t\t\t\t\t<\/div>\n\t\t<\/div>\n\t\t\t\t\t\t\t<\/div>\n\t\t<\/section>\n\t\t\t\t<section class=\"elementor-section elementor-top-section elementor-element elementor-element-64e2867 elementor-section-boxed elementor-section-height-default elementor-section-height-default\" data-id=\"64e2867\" data-element_type=\"section\">\n\t\t\t\t\t\t<div class=\"elementor-container elementor-column-gap-default\">\n\t\t\t\t\t<div class=\"elementor-column elementor-col-100 elementor-top-column elementor-element elementor-element-8032361\" data-id=\"8032361\" data-element_type=\"column\">\n\t\t\t<div class=\"elementor-widget-wrap elementor-element-populated\">\n\t\t\t\t\t\t\t\t<div class=\"elementor-element elementor-element-77b5c7b elementor-widget elementor-widget-text-editor\" data-id=\"77b5c7b\" data-element_type=\"widget\" data-widget_type=\"text-editor.default\">\n\t\t\t\t<div class=\"elementor-widget-container\">\n\t\t\t\t\t\t\t<p>Mokymo paslaugas gali gauti \u012fmon\u0117 (mokymo paslaug\u0173 gav\u0117ja), kuri yra pasira\u0161iusi dotacijos sutart\u012f su u\u017edar\u0105ja akcine bendrove \u201eInvesticij\u0173 ir verslo garantijos\u201c (toliau \u2013 \u201eInvega\u201c) pagal 2014\u20132020 m. Europos S\u0105jungos fond\u0173 investicij\u0173 veiksm\u0173 programos, patvirtintos Europos Komisijos 2014 m. rugs\u0117jo 8 d. sprendimu Nr. C(2014)6397, 9 prioriteto \u201eVisuomen\u0117s \u0161vietimas ir \u017emogi\u0161k\u0173j\u0173 i\u0161tekli\u0173 potencialo didinimas\u201c priemon\u0119 Nr. 09.4.3-IVG-T-813 \u201eKompetencij\u0173 vau\u010deris\u201c ir kuri kreip\u0117si \u012f Vilniaus technologij\u0173 ir dizaino kolegij\u0105 (mokymo paslaug\u0173 teik\u0117j\u0105) d\u0117l savo darbuotoj\u0173 mokymo. Galimos dotacijos dyd\u012f \u012fmon\u0117 (mokymo paslaug\u0173 gav\u0117ja) gali prognozuoti susipa\u017einusi su Lietuvos Respublikos \u016bkio ministro 2016 m. spalio 7 d. \u012fsakymu Nr. 4-611 \u201eD\u0117l 2014\u20132020 met\u0173 Europos S\u0105jungos fond\u0173 investicij\u0173 veiksm\u0173 programos 9 prioriteto \u201eVisuomen\u0117s \u0161vietimas ir \u017emogi\u0161k\u0173j\u0173 i\u0161tekli\u0173 potencialo didinimas\u201c priemon\u0117s Nr. 09.4.3-IVG-T-813 \u201eKompetencij\u0173 vau\u010deris\u201c projekt\u0173 finansavimo s\u0105lyg\u0173 apra\u0161o patvirtinimo\u201c. \u012esakymas paskelbtas: TAR 2016-10-07, i. k. 2016-24812<\/p><p><a href=\"http:\/\/www.verslilietuva.lt\/uploads\/media\/595a4abae0513\/patvirtintos_programos.zip\" target=\"_blank\" rel=\"noopener\">MOKYMO PROGRAMOS APRA\u0160YMAS<\/a><\/p><p><em>Duomen\u0173 valdytojas \u2013 Vilniaus technologij\u0173 ir dizaino kolegija (toliau \u2013 Kolegija), buvein\u0117s adresas \u2013 Antakalnio g. 54, 10303 Vilnius, juridinio asmens kodas \u2013 111967673, direktorius \u2013 dr. Rolandas Vitk\u016bnas. Kolegijos duomen\u0173 apsaugos pareig\u016bno kontaktai \u2013 el. pa\u0161tas\u00a0<a href=\"mailto:dap@vtdko.lt\">dap@vtdko.lt<\/a>, adresas Antakalnio g. 54, 10303 Vilnius.\u00a0<\/em><em>Registracijos metu J\u016bs\u0173 pateikti duomenys bus tvarkomi Studij\u0173 proceso administravimo tikslu (kvie\u010diam\u0173j\u0173 studijuoti pri\u0117mimo \u012f Kolegij\u0105 \u012fforminimas, studijuojan\u010di\u0173j\u0173 (\u012fskaitant klausytojus) studij\u0173 proceso organizavimas ir vykdymas, studij\u0173 baigimo dokument\u0173 i\u0161davimas, studijuojan\u010di\u0173j\u0173 apskaita ir kt.\u00a0<\/em><em>Duomen\u0173 tvarkymo tikslas &#8211; b\u016btina imtis veiksm\u0173 J\u016bs\u0173, kaip duomen\u0173 subjekto, pra\u0161ymu prie\u0161 sudarant sutart\u012f bei b\u016btina tvarkyti duomenis siekiant \u012fvykdyti sutart\u012f, kurios \u0161alimi b\u016bsite J\u016bs.\u00a0<\/em><em>J\u016bs\u0173 pateikti duomenys bus saugomi 10 met\u0173 po sutarties \u012fvykdymo, o po to, i\u0161trinami.\u00a0<\/em><em>Tuo atveju, jeigu nesudarysite klausytojo sutarties, duomenys bus i\u0161trinami per 15 dien\u0173 nuo kurs\u0173 prad\u017eios datos.\u00a0<\/em><em>Tre\u010diosioms valstyb\u0117ms ar tarptautin\u0117ms organizacijoms J\u016bs\u0173 pateikti asmens duomenys nebus perduodami.\u00a0<\/em><em>Detalesn\u0117 informacija apie asmens duomen\u0173 tvarkym\u0105 Kolegijoje pateikiama nuorodoje\u00a0<a href=\"https:\/\/wp.adisoft.lt\/vtdko\/privatumo-politika\/\" target=\"_blank\" rel=\"noopener\">https:\/\/vtdko.lt\/privatumo-politika<\/a><\/em><\/p>\t\t\t\t\t\t<\/div>\n\t\t\t\t<\/div>\n\t\t\t\t<div class=\"elementor-element elementor-element-57de1c0 elementor-button-align-start elementor-widget elementor-widget-form\" data-id=\"57de1c0\" data-element_type=\"widget\" data-settings=\"{&quot;step_next_label&quot;:&quot;Next&quot;,&quot;step_previous_label&quot;:&quot;Previous&quot;,&quot;button_width&quot;:&quot;100&quot;,&quot;step_type&quot;:&quot;number_text&quot;,&quot;step_icon_shape&quot;:&quot;circle&quot;}\" data-widget_type=\"form.default\">\n\t\t\t\t<div class=\"elementor-widget-container\">\n\t\t\t\t\t<form class=\"elementor-form\" method=\"post\" name=\"Vau\u010deris - programuojamos metalo apdirbimo stakl\u0117s\">\n\t\t\t<input type=\"hidden\" name=\"post_id\" value=\"991781\"\/>\n\t\t\t<input type=\"hidden\" name=\"form_id\" value=\"57de1c0\"\/>\n\t\t\t<input type=\"hidden\" name=\"referer_title\" value=\"vtdko\" \/>\n\n\t\t\t\n\t\t\t<div class=\"elementor-form-fields-wrapper elementor-labels-above\">\n\t\t\t\t\t\t\t\t<div class=\"elementor-field-type-text elementor-field-group elementor-column elementor-field-group-name elementor-col-50 elementor-field-required elementor-mark-required\">\n\t\t\t\t\t\t\t\t\t\t\t\t<label for=\"form-field-name\" class=\"elementor-field-label\">\n\t\t\t\t\t\t\t\tVardas\t\t\t\t\t\t\t<\/label>\n\t\t\t\t\t\t\t\t\t\t\t\t\t\t<input size=\"1\" type=\"text\" name=\"form_fields[name]\" id=\"form-field-name\" class=\"elementor-field elementor-size-sm  elementor-field-textual\" placeholder=\"Vardas\" required=\"required\" aria-required=\"true\">\n\t\t\t\t\t\t\t\t\t\t\t<\/div>\n\t\t\t\t\t\t\t\t<div class=\"elementor-field-type-text elementor-field-group elementor-column elementor-field-group-field_719fb31 elementor-col-50 elementor-field-required elementor-mark-required\">\n\t\t\t\t\t\t\t\t\t\t\t\t<label for=\"form-field-field_719fb31\" class=\"elementor-field-label\">\n\t\t\t\t\t\t\t\tPavard\u0117\t\t\t\t\t\t\t<\/label>\n\t\t\t\t\t\t\t\t\t\t\t\t\t\t<input size=\"1\" type=\"text\" name=\"form_fields[field_719fb31]\" id=\"form-field-field_719fb31\" class=\"elementor-field elementor-size-sm  elementor-field-textual\" placeholder=\"Pavard\u0117\" required=\"required\" aria-required=\"true\">\n\t\t\t\t\t\t\t\t\t\t\t<\/div>\n\t\t\t\t\t\t\t\t<div class=\"elementor-field-type-email elementor-field-group elementor-column elementor-field-group-email elementor-col-50 elementor-field-required elementor-mark-required\">\n\t\t\t\t\t\t\t\t\t\t\t\t<label for=\"form-field-email\" class=\"elementor-field-label\">\n\t\t\t\t\t\t\t\tEl. pa\u0161tas\t\t\t\t\t\t\t<\/label>\n\t\t\t\t\t\t\t\t\t\t\t\t\t\t<input size=\"1\" type=\"email\" name=\"form_fields[email]\" id=\"form-field-email\" class=\"elementor-field elementor-size-sm  elementor-field-textual\" placeholder=\"El. pa\u0161tas\" required=\"required\" aria-required=\"true\">\n\t\t\t\t\t\t\t\t\t\t\t<\/div>\n\t\t\t\t\t\t\t\t<div class=\"elementor-field-type-tel elementor-field-group elementor-column elementor-field-group-field_d90b8a8 elementor-col-50\">\n\t\t\t\t\t\t\t\t\t\t\t\t<label for=\"form-field-field_d90b8a8\" class=\"elementor-field-label\">\n\t\t\t\t\t\t\t\tTelefonas\t\t\t\t\t\t\t<\/label>\n\t\t\t\t\t\t\t\t<input size=\"1\" type=\"tel\" name=\"form_fields[field_d90b8a8]\" id=\"form-field-field_d90b8a8\" class=\"elementor-field elementor-size-sm  elementor-field-textual\" placeholder=\"Telefonas\" pattern=\"[0-9()#&amp;+*-=.]+\" title=\"Only numbers and phone characters (#, -, *, etc) are accepted.\">\n\n\t\t\t\t\t\t<\/div>\n\t\t\t\t\t\t\t\t<div class=\"elementor-field-group elementor-column elementor-field-type-submit elementor-col-100 e-form__buttons\">\n\t\t\t\t\t<button type=\"submit\" class=\"elementor-button elementor-size-sm\">\n\t\t\t\t\t\t<span >\n\t\t\t\t\t\t\t\t\t\t\t\t\t\t\t<span class=\" elementor-button-icon\">\n\t\t\t\t\t\t\t\t\t\t\t\t\t\t\t\t\t\t\t\t\t\t\t\t\t\t<\/span>\n\t\t\t\t\t\t\t\t\t\t\t\t\t\t\t\t\t\t\t\t\t\t<span class=\"elementor-button-text\">Registruotis<\/span>\n\t\t\t\t\t\t\t\t\t\t\t\t\t<\/span>\n\t\t\t\t\t<\/button>\n\t\t\t\t<\/div>\n\t\t\t<\/div>\n\t\t<\/form>\n\t\t\t\t<\/div>\n\t\t\t\t<\/div>\n\t\t\t\t\t<\/div>\n\t\t<\/div>\n\t\t\t\t\t\t\t<\/div>\n\t\t<\/section>\n\t\t\t\t<section class=\"elementor-section elementor-top-section elementor-element elementor-element-3d2d2a9 elementor-section-boxed elementor-section-height-default elementor-section-height-default\" data-id=\"3d2d2a9\" data-element_type=\"section\">\n\t\t\t\t\t\t<div class=\"elementor-container elementor-column-gap-default\">\n\t\t\t\t\t<div class=\"elementor-column elementor-col-100 elementor-top-column elementor-element elementor-element-a33d0f3\" data-id=\"a33d0f3\" data-element_type=\"column\">\n\t\t\t<div class=\"elementor-widget-wrap elementor-element-populated\">\n\t\t\t\t\t\t\t\t<div class=\"elementor-element elementor-element-dcedab1 elementor-widget elementor-widget-spacer\" data-id=\"dcedab1\" data-element_type=\"widget\" data-widget_type=\"spacer.default\">\n\t\t\t\t<div class=\"elementor-widget-container\">\n\t\t\t\t\t<div class=\"elementor-spacer\">\n\t\t\t<div class=\"elementor-spacer-inner\"><\/div>\n\t\t<\/div>\n\t\t\t\t<\/div>\n\t\t\t\t<\/div>\n\t\t\t\t\t<\/div>\n\t\t<\/div>\n\t\t\t\t\t\t\t<\/div>\n\t\t<\/section>\n\t\t\t\t\t\t\t<\/div>\n\t\t","protected":false},"excerpt":{"rendered":"<p>Mokymo paslaugas gali gauti \u012fmon\u0117 (mokymo paslaug\u0173 gav\u0117ja), kuri yra pasira\u0161iusi dotacijos sutart\u012f su u\u017edar\u0105ja akcine bendrove \u201eInvesticij\u0173 ir verslo garantijos\u201c (toliau \u2013 \u201eInvega\u201c) pagal 2014\u20132020 m. Europos S\u0105jungos fond\u0173 investicij\u0173 veiksm\u0173 programos, patvirtintos Europos Komisijos 2014 m. rugs\u0117jo 8 d. sprendimu Nr. C(2014)6397, 9 prioriteto \u201eVisuomen\u0117s \u0161vietimas ir \u017emogi\u0161k\u0173j\u0173 i\u0161tekli\u0173 potencialo didinimas\u201c priemon\u0119 Nr&#8230;.<\/p>\n","protected":false},"author":1,"featured_media":0,"parent":991697,"menu_order":0,"comment_status":"closed","ping_status":"closed","template":"","meta":{"inline_featured_image":false,"footnotes":""},"class_list":["post-991781","page","type-page","status-publish","hentry"],"yoast_head":"<!-- This site is optimized with the Yoast SEO plugin v19.12 - https:\/\/yoast.com\/wordpress\/plugins\/seo\/ -->\n<title>Mokymo programa - programuojamos metalo apdirbimo stakl\u0117s - vtdko<\/title>\n<meta name=\"robots\" content=\"noindex, follow, max-snippet:-1, max-image-preview:large, max-video-preview:-1\" \/>\n<meta property=\"og:locale\" content=\"lt_LT\" \/>\n<meta property=\"og:type\" content=\"article\" \/>\n<meta property=\"og:title\" content=\"Mokymo programa - programuojamos metalo apdirbimo stakl\u0117s - vtdko\" \/>\n<meta property=\"og:description\" content=\"Mokymo paslaugas gali gauti \u012fmon\u0117 (mokymo paslaug\u0173 gav\u0117ja), kuri yra pasira\u0161iusi dotacijos sutart\u012f su u\u017edar\u0105ja akcine bendrove \u201eInvesticij\u0173 ir verslo garantijos\u201c (toliau \u2013 \u201eInvega\u201c) pagal 2014\u20132020 m. Europos S\u0105jungos fond\u0173 investicij\u0173 veiksm\u0173 programos, patvirtintos Europos Komisijos 2014 m. rugs\u0117jo 8 d. sprendimu Nr. C(2014)6397, 9 prioriteto \u201eVisuomen\u0117s \u0161vietimas ir \u017emogi\u0161k\u0173j\u0173 i\u0161tekli\u0173 potencialo didinimas\u201c priemon\u0119 Nr....\" \/>\n<meta property=\"og:url\" content=\"https:\/\/wp.adisoft.lt\/vtdko\/visuomenei\/mokymo-programos-pagal-priemone-kompetenciju-vauceris\/programuojamos-metalo-apdirbimo-stakles\/\" \/>\n<meta property=\"og:site_name\" content=\"vtdko\" \/>\n<meta property=\"article:modified_time\" content=\"2022-10-26T10:31:22+00:00\" \/>\n<meta name=\"twitter:card\" content=\"summary_large_image\" \/>\n<meta name=\"twitter:label1\" content=\"Est. reading time\" \/>\n\t<meta name=\"twitter:data1\" content=\"2 minut\u0117s\" \/>\n<script type=\"application\/ld+json\" class=\"yoast-schema-graph\">{\"@context\":\"https:\/\/schema.org\",\"@graph\":[{\"@type\":\"WebPage\",\"@id\":\"https:\/\/wp.adisoft.lt\/vtdko\/visuomenei\/mokymo-programos-pagal-priemone-kompetenciju-vauceris\/programuojamos-metalo-apdirbimo-stakles\/\",\"url\":\"https:\/\/wp.adisoft.lt\/vtdko\/visuomenei\/mokymo-programos-pagal-priemone-kompetenciju-vauceris\/programuojamos-metalo-apdirbimo-stakles\/\",\"name\":\"Mokymo programa - programuojamos metalo apdirbimo stakl\u0117s - vtdko\",\"isPartOf\":{\"@id\":\"https:\/\/wp.adisoft.lt\/vtdko\/#website\"},\"datePublished\":\"2022-10-26T10:17:13+00:00\",\"dateModified\":\"2022-10-26T10:31:22+00:00\",\"breadcrumb\":{\"@id\":\"https:\/\/wp.adisoft.lt\/vtdko\/visuomenei\/mokymo-programos-pagal-priemone-kompetenciju-vauceris\/programuojamos-metalo-apdirbimo-stakles\/#breadcrumb\"},\"inLanguage\":\"lt-LT\",\"potentialAction\":[{\"@type\":\"ReadAction\",\"target\":[\"https:\/\/wp.adisoft.lt\/vtdko\/visuomenei\/mokymo-programos-pagal-priemone-kompetenciju-vauceris\/programuojamos-metalo-apdirbimo-stakles\/\"]}]},{\"@type\":\"BreadcrumbList\",\"@id\":\"https:\/\/wp.adisoft.lt\/vtdko\/visuomenei\/mokymo-programos-pagal-priemone-kompetenciju-vauceris\/programuojamos-metalo-apdirbimo-stakles\/#breadcrumb\",\"itemListElement\":[{\"@type\":\"ListItem\",\"position\":1,\"name\":\"Pagrindinis\",\"item\":\"https:\/\/wp.adisoft.lt\/vtdko\/\"},{\"@type\":\"ListItem\",\"position\":2,\"name\":\"Visuomenei\",\"item\":\"https:\/\/wp.adisoft.lt\/vtdko\/visuomenei\/\"},{\"@type\":\"ListItem\",\"position\":3,\"name\":\"Mokymo programos pagal priemon\u0119 \u201eKompetencij\u0173 vau\u010deris\u201c\",\"item\":\"https:\/\/wp.adisoft.lt\/vtdko\/visuomenei\/mokymo-programos-pagal-priemone-kompetenciju-vauceris\/\"},{\"@type\":\"ListItem\",\"position\":4,\"name\":\"Mokymo programa &#8211; programuojamos metalo apdirbimo stakl\u0117s\"}]},{\"@type\":\"WebSite\",\"@id\":\"https:\/\/wp.adisoft.lt\/vtdko\/#website\",\"url\":\"https:\/\/wp.adisoft.lt\/vtdko\/\",\"name\":\"vtdko\",\"description\":\"Vilniaus technologij\u0173 ir dizaino kolegija\",\"publisher\":{\"@id\":\"https:\/\/wp.adisoft.lt\/vtdko\/#organization\"},\"potentialAction\":[{\"@type\":\"SearchAction\",\"target\":{\"@type\":\"EntryPoint\",\"urlTemplate\":\"https:\/\/wp.adisoft.lt\/vtdko\/?s={search_term_string}\"},\"query-input\":\"required name=search_term_string\"}],\"inLanguage\":\"lt-LT\"},{\"@type\":\"Organization\",\"@id\":\"https:\/\/wp.adisoft.lt\/vtdko\/#organization\",\"name\":\"vtdko\",\"url\":\"https:\/\/wp.adisoft.lt\/vtdko\/\",\"logo\":{\"@type\":\"ImageObject\",\"inLanguage\":\"lt-LT\",\"@id\":\"https:\/\/wp.adisoft.lt\/vtdko\/#\/schema\/logo\/image\/\",\"url\":\"https:\/\/wp.adisoft.lt\/vtdko\/wp-content\/uploads\/2020\/02\/Logo-su-tekstu-01.svg\",\"contentUrl\":\"https:\/\/wp.adisoft.lt\/vtdko\/wp-content\/uploads\/2020\/02\/Logo-su-tekstu-01.svg\",\"width\":151,\"height\":74,\"caption\":\"vtdko\"},\"image\":{\"@id\":\"https:\/\/wp.adisoft.lt\/vtdko\/#\/schema\/logo\/image\/\"}}]}<\/script>\n<!-- \/ Yoast SEO plugin. -->","yoast_head_json":{"title":"Mokymo programa - programuojamos metalo apdirbimo stakl\u0117s - vtdko","robots":{"index":"noindex","follow":"follow","max-snippet":"max-snippet:-1","max-image-preview":"max-image-preview:large","max-video-preview":"max-video-preview:-1"},"og_locale":"lt_LT","og_type":"article","og_title":"Mokymo programa - programuojamos metalo apdirbimo stakl\u0117s - vtdko","og_description":"Mokymo paslaugas gali gauti \u012fmon\u0117 (mokymo paslaug\u0173 gav\u0117ja), kuri yra pasira\u0161iusi dotacijos sutart\u012f su u\u017edar\u0105ja akcine bendrove \u201eInvesticij\u0173 ir verslo garantijos\u201c (toliau \u2013 \u201eInvega\u201c) pagal 2014\u20132020 m. Europos S\u0105jungos fond\u0173 investicij\u0173 veiksm\u0173 programos, patvirtintos Europos Komisijos 2014 m. rugs\u0117jo 8 d. sprendimu Nr. C(2014)6397, 9 prioriteto \u201eVisuomen\u0117s \u0161vietimas ir \u017emogi\u0161k\u0173j\u0173 i\u0161tekli\u0173 potencialo didinimas\u201c priemon\u0119 Nr....","og_url":"https:\/\/wp.adisoft.lt\/vtdko\/visuomenei\/mokymo-programos-pagal-priemone-kompetenciju-vauceris\/programuojamos-metalo-apdirbimo-stakles\/","og_site_name":"vtdko","article_modified_time":"2022-10-26T10:31:22+00:00","twitter_card":"summary_large_image","twitter_misc":{"Est. reading time":"2 minut\u0117s"},"schema":{"@context":"https:\/\/schema.org","@graph":[{"@type":"WebPage","@id":"https:\/\/wp.adisoft.lt\/vtdko\/visuomenei\/mokymo-programos-pagal-priemone-kompetenciju-vauceris\/programuojamos-metalo-apdirbimo-stakles\/","url":"https:\/\/wp.adisoft.lt\/vtdko\/visuomenei\/mokymo-programos-pagal-priemone-kompetenciju-vauceris\/programuojamos-metalo-apdirbimo-stakles\/","name":"Mokymo programa - programuojamos metalo apdirbimo stakl\u0117s - vtdko","isPartOf":{"@id":"https:\/\/wp.adisoft.lt\/vtdko\/#website"},"datePublished":"2022-10-26T10:17:13+00:00","dateModified":"2022-10-26T10:31:22+00:00","breadcrumb":{"@id":"https:\/\/wp.adisoft.lt\/vtdko\/visuomenei\/mokymo-programos-pagal-priemone-kompetenciju-vauceris\/programuojamos-metalo-apdirbimo-stakles\/#breadcrumb"},"inLanguage":"lt-LT","potentialAction":[{"@type":"ReadAction","target":["https:\/\/wp.adisoft.lt\/vtdko\/visuomenei\/mokymo-programos-pagal-priemone-kompetenciju-vauceris\/programuojamos-metalo-apdirbimo-stakles\/"]}]},{"@type":"BreadcrumbList","@id":"https:\/\/wp.adisoft.lt\/vtdko\/visuomenei\/mokymo-programos-pagal-priemone-kompetenciju-vauceris\/programuojamos-metalo-apdirbimo-stakles\/#breadcrumb","itemListElement":[{"@type":"ListItem","position":1,"name":"Pagrindinis","item":"https:\/\/wp.adisoft.lt\/vtdko\/"},{"@type":"ListItem","position":2,"name":"Visuomenei","item":"https:\/\/wp.adisoft.lt\/vtdko\/visuomenei\/"},{"@type":"ListItem","position":3,"name":"Mokymo programos pagal priemon\u0119 \u201eKompetencij\u0173 vau\u010deris\u201c","item":"https:\/\/wp.adisoft.lt\/vtdko\/visuomenei\/mokymo-programos-pagal-priemone-kompetenciju-vauceris\/"},{"@type":"ListItem","position":4,"name":"Mokymo programa &#8211; programuojamos metalo apdirbimo stakl\u0117s"}]},{"@type":"WebSite","@id":"https:\/\/wp.adisoft.lt\/vtdko\/#website","url":"https:\/\/wp.adisoft.lt\/vtdko\/","name":"vtdko","description":"Vilniaus technologij\u0173 ir dizaino kolegija","publisher":{"@id":"https:\/\/wp.adisoft.lt\/vtdko\/#organization"},"potentialAction":[{"@type":"SearchAction","target":{"@type":"EntryPoint","urlTemplate":"https:\/\/wp.adisoft.lt\/vtdko\/?s={search_term_string}"},"query-input":"required name=search_term_string"}],"inLanguage":"lt-LT"},{"@type":"Organization","@id":"https:\/\/wp.adisoft.lt\/vtdko\/#organization","name":"vtdko","url":"https:\/\/wp.adisoft.lt\/vtdko\/","logo":{"@type":"ImageObject","inLanguage":"lt-LT","@id":"https:\/\/wp.adisoft.lt\/vtdko\/#\/schema\/logo\/image\/","url":"https:\/\/wp.adisoft.lt\/vtdko\/wp-content\/uploads\/2020\/02\/Logo-su-tekstu-01.svg","contentUrl":"https:\/\/wp.adisoft.lt\/vtdko\/wp-content\/uploads\/2020\/02\/Logo-su-tekstu-01.svg","width":151,"height":74,"caption":"vtdko"},"image":{"@id":"https:\/\/wp.adisoft.lt\/vtdko\/#\/schema\/logo\/image\/"}}]}},"_links":{"self":[{"href":"https:\/\/wp.adisoft.lt\/vtdko\/wp-json\/wp\/v2\/pages\/991781","targetHints":{"allow":["GET"]}}],"collection":[{"href":"https:\/\/wp.adisoft.lt\/vtdko\/wp-json\/wp\/v2\/pages"}],"about":[{"href":"https:\/\/wp.adisoft.lt\/vtdko\/wp-json\/wp\/v2\/types\/page"}],"author":[{"embeddable":true,"href":"https:\/\/wp.adisoft.lt\/vtdko\/wp-json\/wp\/v2\/users\/1"}],"replies":[{"embeddable":true,"href":"https:\/\/wp.adisoft.lt\/vtdko\/wp-json\/wp\/v2\/comments?post=991781"}],"version-history":[{"count":4,"href":"https:\/\/wp.adisoft.lt\/vtdko\/wp-json\/wp\/v2\/pages\/991781\/revisions"}],"predecessor-version":[{"id":991807,"href":"https:\/\/wp.adisoft.lt\/vtdko\/wp-json\/wp\/v2\/pages\/991781\/revisions\/991807"}],"up":[{"embeddable":true,"href":"https:\/\/wp.adisoft.lt\/vtdko\/wp-json\/wp\/v2\/pages\/991697"}],"wp:attachment":[{"href":"https:\/\/wp.adisoft.lt\/vtdko\/wp-json\/wp\/v2\/media?parent=991781"}],"curies":[{"name":"wp","href":"https:\/\/api.w.org\/{rel}","templated":true}]}}