{"id":995156,"date":"2022-12-19T11:43:10","date_gmt":"2022-12-19T08:43:10","guid":{"rendered":"https:\/\/wp.adisoft.lt\/vtdko\/?page_id=995156"},"modified":"2022-12-19T11:57:46","modified_gmt":"2022-12-19T08:57:46","slug":"traukinio-masinistu-mokymai","status":"publish","type":"page","link":"https:\/\/wp.adisoft.lt\/vtdko\/visuomenei\/vtdk-kursai\/traukinio-masinistu-mokymai\/","title":{"rendered":"Traukinio ma\u0161inist\u0173 mokymai"},"content":{"rendered":"\t\t<div data-elementor-type=\"wp-page\" data-elementor-id=\"995156\" class=\"elementor elementor-995156\">\n\t\t\t\t\t\t\t\t\t<section class=\"elementor-section elementor-top-section elementor-element elementor-element-5beef1e elementor-section-height-min-height elementor-section-boxed elementor-section-height-default elementor-section-items-middle\" data-id=\"5beef1e\" data-element_type=\"section\" data-settings=\"{&quot;background_background&quot;:&quot;classic&quot;,&quot;animation&quot;:&quot;none&quot;}\">\n\t\t\t\t\t\t<div class=\"elementor-container elementor-column-gap-default\">\n\t\t\t\t\t<div class=\"elementor-column elementor-col-100 elementor-top-column elementor-element elementor-element-6b3fa91\" data-id=\"6b3fa91\" data-element_type=\"column\" data-settings=\"{&quot;background_background&quot;:&quot;classic&quot;}\">\n\t\t\t<div class=\"elementor-widget-wrap\">\n\t\t\t\t\t\t\t\t\t<\/div>\n\t\t<\/div>\n\t\t\t\t\t\t\t<\/div>\n\t\t<\/section>\n\t\t\t\t<section class=\"elementor-section elementor-top-section elementor-element elementor-element-7e445f9 elementor-section-boxed elementor-section-height-default elementor-section-height-default\" data-id=\"7e445f9\" data-element_type=\"section\" data-settings=\"{&quot;animation&quot;:&quot;none&quot;,&quot;animation_tablet&quot;:&quot;none&quot;,&quot;animation_mobile&quot;:&quot;none&quot;}\">\n\t\t\t\t\t\t<div class=\"elementor-container elementor-column-gap-no\">\n\t\t\t\t\t<div class=\"elementor-column elementor-col-50 elementor-top-column elementor-element elementor-element-3168752 animated-fast elementor-invisible\" data-id=\"3168752\" data-element_type=\"column\" data-settings=\"{&quot;background_background&quot;:&quot;classic&quot;,&quot;animation&quot;:&quot;fadeIn&quot;,&quot;animation_delay&quot;:100}\">\n\t\t\t<div class=\"elementor-widget-wrap elementor-element-populated\">\n\t\t\t\t\t\t\t\t<div class=\"elementor-element elementor-element-01145e9 elementor-widget__width-auto elementor-widget-tablet__width-auto elementor-widget-mobile__width-inherit elementor-widget elementor-widget-heading\" data-id=\"01145e9\" data-element_type=\"widget\" data-settings=\"{&quot;_animation&quot;:&quot;none&quot;,&quot;_animation_delay&quot;:200}\" data-widget_type=\"heading.heading_charityfy\">\n\t\t\t\t<div class=\"elementor-widget-container\">\n\t\t\t<h1 class=\"elementor-heading-title elementor-size-default\">Studijuok VTDKO<\/h1>\t\t<\/div>\n\t\t\t\t<\/div>\n\t\t\t\t<div class=\"elementor-element elementor-element-641d40a elementor-widget elementor-widget-text-editor\" data-id=\"641d40a\" data-element_type=\"widget\" data-settings=\"{&quot;_animation&quot;:&quot;none&quot;,&quot;_animation_delay&quot;:300}\" data-widget_type=\"text-editor.default\">\n\t\t\t\t<div class=\"elementor-widget-container\">\n\t\t\t\t\t\t\t<p>\u010cia hobis virsta profesija!<\/p>\t\t\t\t\t\t<\/div>\n\t\t\t\t<\/div>\n\t\t\t\t\t<\/div>\n\t\t<\/div>\n\t\t\t\t<div class=\"elementor-column elementor-col-50 elementor-top-column elementor-element elementor-element-57eb0e6 elementor-hidden-desktop elementor-hidden-tablet elementor-hidden-phone\" data-id=\"57eb0e6\" data-element_type=\"column\">\n\t\t\t<div class=\"elementor-widget-wrap\">\n\t\t\t\t\t\t\t\t\t<\/div>\n\t\t<\/div>\n\t\t\t\t\t\t\t<\/div>\n\t\t<\/section>\n\t\t\t\t<section class=\"elementor-section elementor-top-section elementor-element elementor-element-8f37da3 elementor-section-boxed elementor-section-height-default elementor-section-height-default\" data-id=\"8f37da3\" data-element_type=\"section\">\n\t\t\t\t\t\t<div class=\"elementor-container elementor-column-gap-default\">\n\t\t\t\t\t<div class=\"elementor-column elementor-col-100 elementor-top-column elementor-element elementor-element-076b17f\" data-id=\"076b17f\" data-element_type=\"column\">\n\t\t\t<div class=\"elementor-widget-wrap elementor-element-populated\">\n\t\t\t\t\t\t\t\t\t<\/div>\n\t\t<\/div>\n\t\t\t\t\t\t\t<\/div>\n\t\t<\/section>\n\t\t\t\t<section class=\"elementor-section elementor-top-section elementor-element elementor-element-64e2867 elementor-section-boxed elementor-section-height-default elementor-section-height-default\" data-id=\"64e2867\" data-element_type=\"section\">\n\t\t\t\t\t\t<div class=\"elementor-container elementor-column-gap-default\">\n\t\t\t\t\t<div class=\"elementor-column elementor-col-100 elementor-top-column elementor-element elementor-element-8032361\" data-id=\"8032361\" data-element_type=\"column\">\n\t\t\t<div class=\"elementor-widget-wrap elementor-element-populated\">\n\t\t\t\t\t\t\t\t<div class=\"elementor-element elementor-element-77b5c7b elementor-widget elementor-widget-text-editor\" data-id=\"77b5c7b\" data-element_type=\"widget\" data-widget_type=\"text-editor.default\">\n\t\t\t\t<div class=\"elementor-widget-container\">\n\t\t\t\t\t\t\t<p>Mokymai vykdomi pagal 2021-02-17 Lietuvos transporto saugos administracijos direktoriaus \u012fsakymu Nr. 2BE-51 \u201eD\u0117l traukinio ma\u0161inist\u0173 neformaliojo mokymo program\u0173 patvirtinimo\u201c patvirtintas neformaliojo profesinio mokymo programas.<\/p><table class=\"table\"><tbody><tr><td><strong>EilNr.<\/strong><\/td><td><strong>Programos paskirtis<\/strong><\/td><td><strong>Programos pavadinimas<\/strong><\/td><td><strong>Valand\u0173 skai\u010dius<\/strong><\/td><td><strong>Data<\/strong><\/td><\/tr><tr><td>1.<\/td><td>Asmenims, turintiems bendr\u0105j\u012f vidurin\u012f i\u0161silavinim\u0105, ne jaunesniems kaip 20 met\u0173.<\/td><td>Traukinio ma\u0161inist\u0173 neformaliojo profesinio mokymo programa<\/td><td>640<\/td><td>Pagal \u012fmoni\u0173 ar asmen\u0173 pageidavimus kursai organizuojami pageidaujamu laiku<\/td><\/tr><tr><td>2.<\/td><td>Asmenims, turintiems darbuotojo, kurio darbas susij\u0119s su gele\u017einkeli\u0173 transporto eismu, pa\u017eym\u0117jim\u0105, bei bendr\u0105j\u012f vidurin\u012f i\u0161silavinim\u0105, ne jaunesniems kaip 20 met\u0173.<\/td><td>Traukinio ma\u0161inist\u0173 neformaliojo profesinio mokymo programa<\/td><td>360<\/td><td>Pagal \u012fmoni\u0173 ar asmen\u0173 pageidavimus kursai organizuojami pageidaujamu laiku<\/td><\/tr><\/tbody><\/table><p>I\u0161klausius neformalios traukinio ma\u0161inist\u0173 mokymo programos kurs\u0105, tikrinamos teorin\u0117s ir praktin\u0117s \u017einios ir i\u0161duodama pa\u017eym\u0117jimas.<\/p><p>Asmenys, turintys pa\u017eym\u0117jim\u0105, laiko egzamin\u0105 gele\u017einkeli\u0173 specialist\u0173 Egzaminavimo centre traukinio ma\u0161inisto pa\u017eym\u0117jimui gauti.<\/p><p>Kurs\u0173 kaina priklauso nuo tai datai u\u017esiregistravusi\u0173 klausytoj\u0173 skai\u010diaus:<\/p><p>360 val. kursai, esant ne ma\u017eesnei, kaip 15 asmen\u0173 grupei 800 EUR asmeniui;<br \/>640 val kursai, esant ne ma\u017eesnei, kaip 10 asmen\u0173 grupei 1400 EUR asmeniui;<\/p><p>Kurs\u0173 vykdymo vieta: Vilniaus technologij\u0173 ir dizaino kolegija<\/p><p><strong><br \/>Kontaktas pasiteirauti:<\/strong><\/p><p>Laimut\u0117 Sladkevi\u010dien\u0117,\u00a0<a href=\"mailto:l.sladkeviciene@vtdko.lt\">l.sladkeviciene@vtdko.lt<\/a><strong>\u00a0<\/strong><\/p><p><em>Duomen\u0173 valdytojas \u2013 Vilniaus technologij\u0173 ir dizaino kolegija (toliau \u2013 Kolegija), buvein\u0117s adresas \u2013 Antakalnio g. 54, 10303 Vilnius, juridinio asmens kodas \u2013 111967673, direktorius \u2013 dr. Rolandas Vitk\u016bnas. Kolegijos duomen\u0173 apsaugos pareig\u016bno kontaktai \u2013 el. pa\u0161tas\u00a0<a href=\"mailto:dap@vtdko.lt\">dap@vtdko.lt<\/a>, adresas Antakalnio g. 54, 10303 Vilnius.\u00a0<\/em><em>Registracijos metu J\u016bs\u0173 pateikti duomenys bus tvarkomi Studij\u0173 proceso administravimo tikslu (kvie\u010diam\u0173j\u0173 studijuoti pri\u0117mimo \u012f Kolegij\u0105 \u012fforminimas, studijuojan\u010di\u0173j\u0173 (\u012fskaitant klausytojus) studij\u0173 proceso organizavimas ir vykdymas, studij\u0173 baigimo dokument\u0173 i\u0161davimas, studijuojan\u010di\u0173j\u0173 apskaita ir kt.\u00a0<\/em><em>Duomen\u0173 tvarkymo tikslas &#8211; b\u016btina imtis veiksm\u0173 J\u016bs\u0173, kaip duomen\u0173 subjekto, pra\u0161ymu prie\u0161 sudarant sutart\u012f bei b\u016btina tvarkyti duomenis siekiant \u012fvykdyti sutart\u012f, kurios \u0161alimi b\u016bsite J\u016bs.\u00a0<\/em><em>J\u016bs\u0173 pateikti duomenys bus saugomi 10 met\u0173 po sutarties \u012fvykdymo, o po to, i\u0161trinami.\u00a0<\/em><em>Tuo atveju, jeigu nesudarysite klausytojo sutarties, duomenys bus i\u0161trinami per 15 dien\u0173 nuo kurs\u0173 prad\u017eios datos.\u00a0<\/em><em>Tre\u010diosioms valstyb\u0117ms ar tarptautin\u0117ms organizacijoms J\u016bs\u0173 pateikti asmens duomenys nebus perduodami.\u00a0<\/em><em>Detalesn\u0117 informacija apie asmens duomen\u0173 tvarkym\u0105 Kolegijoje pateikiama nuorodoje\u00a0<a href=\"https:\/\/wp.adisoft.lt\/vtdko\/privatumo-politika\/\" target=\"_blank\" rel=\"noopener\">https:\/\/vtdko.lt\/privatumo-politika<\/a><\/em><\/p>\t\t\t\t\t\t<\/div>\n\t\t\t\t<\/div>\n\t\t\t\t<div class=\"elementor-element elementor-element-ca620d7 elementor-button-align-start elementor-widget elementor-widget-form\" data-id=\"ca620d7\" data-element_type=\"widget\" data-settings=\"{&quot;step_next_label&quot;:&quot;Next&quot;,&quot;step_previous_label&quot;:&quot;Previous&quot;,&quot;button_width&quot;:&quot;100&quot;,&quot;step_type&quot;:&quot;number_text&quot;,&quot;step_icon_shape&quot;:&quot;circle&quot;}\" data-widget_type=\"form.default\">\n\t\t\t\t<div class=\"elementor-widget-container\">\n\t\t\t\t\t<form class=\"elementor-form\" method=\"post\" name=\"Kursai gele\u017einkelio transporto darbuotojams\">\n\t\t\t<input type=\"hidden\" name=\"post_id\" value=\"995156\"\/>\n\t\t\t<input type=\"hidden\" name=\"form_id\" value=\"ca620d7\"\/>\n\t\t\t<input type=\"hidden\" name=\"referer_title\" value=\"vtdko\" \/>\n\n\t\t\t\n\t\t\t<div class=\"elementor-form-fields-wrapper elementor-labels-above\">\n\t\t\t\t\t\t\t\t<div class=\"elementor-field-type-text elementor-field-group elementor-column elementor-field-group-name elementor-col-50 elementor-field-required elementor-mark-required\">\n\t\t\t\t\t\t\t\t\t\t\t\t<label for=\"form-field-name\" class=\"elementor-field-label\">\n\t\t\t\t\t\t\t\tVardas\t\t\t\t\t\t\t<\/label>\n\t\t\t\t\t\t\t\t\t\t\t\t\t\t<input size=\"1\" type=\"text\" name=\"form_fields[name]\" id=\"form-field-name\" class=\"elementor-field elementor-size-sm  elementor-field-textual\" placeholder=\"Vardas\" required=\"required\" aria-required=\"true\">\n\t\t\t\t\t\t\t\t\t\t\t<\/div>\n\t\t\t\t\t\t\t\t<div class=\"elementor-field-type-text elementor-field-group elementor-column elementor-field-group-field_719fb31 elementor-col-50 elementor-field-required elementor-mark-required\">\n\t\t\t\t\t\t\t\t\t\t\t\t<label for=\"form-field-field_719fb31\" class=\"elementor-field-label\">\n\t\t\t\t\t\t\t\tPavard\u0117\t\t\t\t\t\t\t<\/label>\n\t\t\t\t\t\t\t\t\t\t\t\t\t\t<input size=\"1\" type=\"text\" name=\"form_fields[field_719fb31]\" id=\"form-field-field_719fb31\" class=\"elementor-field elementor-size-sm  elementor-field-textual\" placeholder=\"Pavard\u0117\" required=\"required\" aria-required=\"true\">\n\t\t\t\t\t\t\t\t\t\t\t<\/div>\n\t\t\t\t\t\t\t\t<div class=\"elementor-field-type-email elementor-field-group elementor-column elementor-field-group-email elementor-col-50 elementor-field-required elementor-mark-required\">\n\t\t\t\t\t\t\t\t\t\t\t\t<label for=\"form-field-email\" class=\"elementor-field-label\">\n\t\t\t\t\t\t\t\tEl. pa\u0161tas\t\t\t\t\t\t\t<\/label>\n\t\t\t\t\t\t\t\t\t\t\t\t\t\t<input size=\"1\" type=\"email\" name=\"form_fields[email]\" id=\"form-field-email\" class=\"elementor-field elementor-size-sm  elementor-field-textual\" placeholder=\"El. pa\u0161tas\" required=\"required\" aria-required=\"true\">\n\t\t\t\t\t\t\t\t\t\t\t<\/div>\n\t\t\t\t\t\t\t\t<div class=\"elementor-field-type-tel elementor-field-group elementor-column elementor-field-group-field_d90b8a8 elementor-col-50\">\n\t\t\t\t\t\t\t\t\t\t\t\t<label for=\"form-field-field_d90b8a8\" class=\"elementor-field-label\">\n\t\t\t\t\t\t\t\tTelefonas\t\t\t\t\t\t\t<\/label>\n\t\t\t\t\t\t\t\t<input size=\"1\" type=\"tel\" name=\"form_fields[field_d90b8a8]\" id=\"form-field-field_d90b8a8\" class=\"elementor-field elementor-size-sm  elementor-field-textual\" placeholder=\"Telefonas\" pattern=\"[0-9()#&amp;+*-=.]+\" title=\"Only numbers and phone characters (#, -, *, etc) are accepted.\">\n\n\t\t\t\t\t\t<\/div>\n\t\t\t\t\t\t\t\t<div class=\"elementor-field-group elementor-column elementor-field-type-submit elementor-col-100 e-form__buttons\">\n\t\t\t\t\t<button type=\"submit\" class=\"elementor-button elementor-size-sm\">\n\t\t\t\t\t\t<span >\n\t\t\t\t\t\t\t\t\t\t\t\t\t\t\t<span class=\" elementor-button-icon\">\n\t\t\t\t\t\t\t\t\t\t\t\t\t\t\t\t\t\t\t\t\t\t\t\t\t\t<\/span>\n\t\t\t\t\t\t\t\t\t\t\t\t\t\t\t\t\t\t\t\t\t\t<span class=\"elementor-button-text\">Registruotis<\/span>\n\t\t\t\t\t\t\t\t\t\t\t\t\t<\/span>\n\t\t\t\t\t<\/button>\n\t\t\t\t<\/div>\n\t\t\t<\/div>\n\t\t<\/form>\n\t\t\t\t<\/div>\n\t\t\t\t<\/div>\n\t\t\t\t\t<\/div>\n\t\t<\/div>\n\t\t\t\t\t\t\t<\/div>\n\t\t<\/section>\n\t\t\t\t<section class=\"elementor-section elementor-top-section elementor-element elementor-element-3d2d2a9 elementor-section-boxed elementor-section-height-default elementor-section-height-default\" data-id=\"3d2d2a9\" data-element_type=\"section\">\n\t\t\t\t\t\t<div class=\"elementor-container elementor-column-gap-default\">\n\t\t\t\t\t<div class=\"elementor-column elementor-col-100 elementor-top-column elementor-element elementor-element-a33d0f3\" data-id=\"a33d0f3\" data-element_type=\"column\">\n\t\t\t<div class=\"elementor-widget-wrap elementor-element-populated\">\n\t\t\t\t\t\t\t\t<div class=\"elementor-element elementor-element-dcedab1 elementor-widget elementor-widget-spacer\" data-id=\"dcedab1\" data-element_type=\"widget\" data-widget_type=\"spacer.default\">\n\t\t\t\t<div class=\"elementor-widget-container\">\n\t\t\t\t\t<div class=\"elementor-spacer\">\n\t\t\t<div class=\"elementor-spacer-inner\"><\/div>\n\t\t<\/div>\n\t\t\t\t<\/div>\n\t\t\t\t<\/div>\n\t\t\t\t\t<\/div>\n\t\t<\/div>\n\t\t\t\t\t\t\t<\/div>\n\t\t<\/section>\n\t\t\t\t\t\t\t<\/div>\n\t\t","protected":false},"excerpt":{"rendered":"<p>Studijuok VTDKO \u010cia hobis virsta profesija! Mokymai vykdomi pagal 2021-02-17 Lietuvos transporto saugos administracijos direktoriaus \u012fsakymu Nr. 2BE-51 \u201eD\u0117l traukinio ma\u0161inist\u0173 neformaliojo mokymo program\u0173 patvirtinimo\u201c patvirtintas neformaliojo profesinio mokymo programas. EilNr. Programos paskirtis Programos pavadinimas Valand\u0173 skai\u010dius Data 1. Asmenims, turintiems bendr\u0105j\u012f vidurin\u012f i\u0161silavinim\u0105, ne jaunesniems kaip 20 met\u0173. Traukinio ma\u0161inist\u0173 neformaliojo profesinio mokymo programa&#8230;<\/p>\n","protected":false},"author":1,"featured_media":0,"parent":990517,"menu_order":0,"comment_status":"closed","ping_status":"closed","template":"","meta":{"inline_featured_image":false,"footnotes":""},"class_list":["post-995156","page","type-page","status-publish","hentry"],"yoast_head":"<!-- This site is optimized with the Yoast SEO plugin v19.12 - https:\/\/yoast.com\/wordpress\/plugins\/seo\/ -->\n<title>Traukinio ma\u0161inist\u0173 mokymai - vtdko<\/title>\n<meta name=\"robots\" content=\"noindex, follow, max-snippet:-1, max-image-preview:large, max-video-preview:-1\" \/>\n<meta property=\"og:locale\" content=\"lt_LT\" \/>\n<meta property=\"og:type\" content=\"article\" \/>\n<meta property=\"og:title\" content=\"Traukinio ma\u0161inist\u0173 mokymai - vtdko\" \/>\n<meta property=\"og:description\" content=\"Studijuok VTDKO \u010cia hobis virsta profesija! Mokymai vykdomi pagal 2021-02-17 Lietuvos transporto saugos administracijos direktoriaus \u012fsakymu Nr. 2BE-51 \u201eD\u0117l traukinio ma\u0161inist\u0173 neformaliojo mokymo program\u0173 patvirtinimo\u201c patvirtintas neformaliojo profesinio mokymo programas. EilNr. Programos paskirtis Programos pavadinimas Valand\u0173 skai\u010dius Data 1. Asmenims, turintiems bendr\u0105j\u012f vidurin\u012f i\u0161silavinim\u0105, ne jaunesniems kaip 20 met\u0173. Traukinio ma\u0161inist\u0173 neformaliojo profesinio mokymo programa...\" \/>\n<meta property=\"og:url\" content=\"https:\/\/wp.adisoft.lt\/vtdko\/visuomenei\/vtdk-kursai\/traukinio-masinistu-mokymai\/\" \/>\n<meta property=\"og:site_name\" content=\"vtdko\" \/>\n<meta property=\"article:modified_time\" content=\"2022-12-19T08:57:46+00:00\" \/>\n<meta name=\"twitter:card\" content=\"summary_large_image\" \/>\n<meta name=\"twitter:label1\" content=\"Est. reading time\" \/>\n\t<meta name=\"twitter:data1\" content=\"2 minut\u0117s\" \/>\n<script type=\"application\/ld+json\" class=\"yoast-schema-graph\">{\"@context\":\"https:\/\/schema.org\",\"@graph\":[{\"@type\":\"WebPage\",\"@id\":\"https:\/\/wp.adisoft.lt\/vtdko\/visuomenei\/vtdk-kursai\/traukinio-masinistu-mokymai\/\",\"url\":\"https:\/\/wp.adisoft.lt\/vtdko\/visuomenei\/vtdk-kursai\/traukinio-masinistu-mokymai\/\",\"name\":\"Traukinio ma\u0161inist\u0173 mokymai - vtdko\",\"isPartOf\":{\"@id\":\"https:\/\/wp.adisoft.lt\/vtdko\/#website\"},\"datePublished\":\"2022-12-19T08:43:10+00:00\",\"dateModified\":\"2022-12-19T08:57:46+00:00\",\"breadcrumb\":{\"@id\":\"https:\/\/wp.adisoft.lt\/vtdko\/visuomenei\/vtdk-kursai\/traukinio-masinistu-mokymai\/#breadcrumb\"},\"inLanguage\":\"lt-LT\",\"potentialAction\":[{\"@type\":\"ReadAction\",\"target\":[\"https:\/\/wp.adisoft.lt\/vtdko\/visuomenei\/vtdk-kursai\/traukinio-masinistu-mokymai\/\"]}]},{\"@type\":\"BreadcrumbList\",\"@id\":\"https:\/\/wp.adisoft.lt\/vtdko\/visuomenei\/vtdk-kursai\/traukinio-masinistu-mokymai\/#breadcrumb\",\"itemListElement\":[{\"@type\":\"ListItem\",\"position\":1,\"name\":\"Pagrindinis\",\"item\":\"https:\/\/wp.adisoft.lt\/vtdko\/\"},{\"@type\":\"ListItem\",\"position\":2,\"name\":\"Visuomenei\",\"item\":\"https:\/\/wp.adisoft.lt\/vtdko\/visuomenei\/\"},{\"@type\":\"ListItem\",\"position\":3,\"name\":\"VTDK kursai\",\"item\":\"https:\/\/wp.adisoft.lt\/vtdko\/visuomenei\/vtdk-kursai\/\"},{\"@type\":\"ListItem\",\"position\":4,\"name\":\"Traukinio ma\u0161inist\u0173 mokymai\"}]},{\"@type\":\"WebSite\",\"@id\":\"https:\/\/wp.adisoft.lt\/vtdko\/#website\",\"url\":\"https:\/\/wp.adisoft.lt\/vtdko\/\",\"name\":\"vtdko\",\"description\":\"Vilniaus technologij\u0173 ir dizaino kolegija\",\"publisher\":{\"@id\":\"https:\/\/wp.adisoft.lt\/vtdko\/#organization\"},\"potentialAction\":[{\"@type\":\"SearchAction\",\"target\":{\"@type\":\"EntryPoint\",\"urlTemplate\":\"https:\/\/wp.adisoft.lt\/vtdko\/?s={search_term_string}\"},\"query-input\":\"required name=search_term_string\"}],\"inLanguage\":\"lt-LT\"},{\"@type\":\"Organization\",\"@id\":\"https:\/\/wp.adisoft.lt\/vtdko\/#organization\",\"name\":\"vtdko\",\"url\":\"https:\/\/wp.adisoft.lt\/vtdko\/\",\"logo\":{\"@type\":\"ImageObject\",\"inLanguage\":\"lt-LT\",\"@id\":\"https:\/\/wp.adisoft.lt\/vtdko\/#\/schema\/logo\/image\/\",\"url\":\"https:\/\/wp.adisoft.lt\/vtdko\/wp-content\/uploads\/2020\/02\/Logo-su-tekstu-01.svg\",\"contentUrl\":\"https:\/\/wp.adisoft.lt\/vtdko\/wp-content\/uploads\/2020\/02\/Logo-su-tekstu-01.svg\",\"width\":151,\"height\":74,\"caption\":\"vtdko\"},\"image\":{\"@id\":\"https:\/\/wp.adisoft.lt\/vtdko\/#\/schema\/logo\/image\/\"}}]}<\/script>\n<!-- \/ Yoast SEO plugin. -->","yoast_head_json":{"title":"Traukinio ma\u0161inist\u0173 mokymai - vtdko","robots":{"index":"noindex","follow":"follow","max-snippet":"max-snippet:-1","max-image-preview":"max-image-preview:large","max-video-preview":"max-video-preview:-1"},"og_locale":"lt_LT","og_type":"article","og_title":"Traukinio ma\u0161inist\u0173 mokymai - vtdko","og_description":"Studijuok VTDKO \u010cia hobis virsta profesija! Mokymai vykdomi pagal 2021-02-17 Lietuvos transporto saugos administracijos direktoriaus \u012fsakymu Nr. 2BE-51 \u201eD\u0117l traukinio ma\u0161inist\u0173 neformaliojo mokymo program\u0173 patvirtinimo\u201c patvirtintas neformaliojo profesinio mokymo programas. EilNr. Programos paskirtis Programos pavadinimas Valand\u0173 skai\u010dius Data 1. Asmenims, turintiems bendr\u0105j\u012f vidurin\u012f i\u0161silavinim\u0105, ne jaunesniems kaip 20 met\u0173. Traukinio ma\u0161inist\u0173 neformaliojo profesinio mokymo programa...","og_url":"https:\/\/wp.adisoft.lt\/vtdko\/visuomenei\/vtdk-kursai\/traukinio-masinistu-mokymai\/","og_site_name":"vtdko","article_modified_time":"2022-12-19T08:57:46+00:00","twitter_card":"summary_large_image","twitter_misc":{"Est. reading time":"2 minut\u0117s"},"schema":{"@context":"https:\/\/schema.org","@graph":[{"@type":"WebPage","@id":"https:\/\/wp.adisoft.lt\/vtdko\/visuomenei\/vtdk-kursai\/traukinio-masinistu-mokymai\/","url":"https:\/\/wp.adisoft.lt\/vtdko\/visuomenei\/vtdk-kursai\/traukinio-masinistu-mokymai\/","name":"Traukinio ma\u0161inist\u0173 mokymai - vtdko","isPartOf":{"@id":"https:\/\/wp.adisoft.lt\/vtdko\/#website"},"datePublished":"2022-12-19T08:43:10+00:00","dateModified":"2022-12-19T08:57:46+00:00","breadcrumb":{"@id":"https:\/\/wp.adisoft.lt\/vtdko\/visuomenei\/vtdk-kursai\/traukinio-masinistu-mokymai\/#breadcrumb"},"inLanguage":"lt-LT","potentialAction":[{"@type":"ReadAction","target":["https:\/\/wp.adisoft.lt\/vtdko\/visuomenei\/vtdk-kursai\/traukinio-masinistu-mokymai\/"]}]},{"@type":"BreadcrumbList","@id":"https:\/\/wp.adisoft.lt\/vtdko\/visuomenei\/vtdk-kursai\/traukinio-masinistu-mokymai\/#breadcrumb","itemListElement":[{"@type":"ListItem","position":1,"name":"Pagrindinis","item":"https:\/\/wp.adisoft.lt\/vtdko\/"},{"@type":"ListItem","position":2,"name":"Visuomenei","item":"https:\/\/wp.adisoft.lt\/vtdko\/visuomenei\/"},{"@type":"ListItem","position":3,"name":"VTDK kursai","item":"https:\/\/wp.adisoft.lt\/vtdko\/visuomenei\/vtdk-kursai\/"},{"@type":"ListItem","position":4,"name":"Traukinio ma\u0161inist\u0173 mokymai"}]},{"@type":"WebSite","@id":"https:\/\/wp.adisoft.lt\/vtdko\/#website","url":"https:\/\/wp.adisoft.lt\/vtdko\/","name":"vtdko","description":"Vilniaus technologij\u0173 ir dizaino kolegija","publisher":{"@id":"https:\/\/wp.adisoft.lt\/vtdko\/#organization"},"potentialAction":[{"@type":"SearchAction","target":{"@type":"EntryPoint","urlTemplate":"https:\/\/wp.adisoft.lt\/vtdko\/?s={search_term_string}"},"query-input":"required name=search_term_string"}],"inLanguage":"lt-LT"},{"@type":"Organization","@id":"https:\/\/wp.adisoft.lt\/vtdko\/#organization","name":"vtdko","url":"https:\/\/wp.adisoft.lt\/vtdko\/","logo":{"@type":"ImageObject","inLanguage":"lt-LT","@id":"https:\/\/wp.adisoft.lt\/vtdko\/#\/schema\/logo\/image\/","url":"https:\/\/wp.adisoft.lt\/vtdko\/wp-content\/uploads\/2020\/02\/Logo-su-tekstu-01.svg","contentUrl":"https:\/\/wp.adisoft.lt\/vtdko\/wp-content\/uploads\/2020\/02\/Logo-su-tekstu-01.svg","width":151,"height":74,"caption":"vtdko"},"image":{"@id":"https:\/\/wp.adisoft.lt\/vtdko\/#\/schema\/logo\/image\/"}}]}},"_links":{"self":[{"href":"https:\/\/wp.adisoft.lt\/vtdko\/wp-json\/wp\/v2\/pages\/995156","targetHints":{"allow":["GET"]}}],"collection":[{"href":"https:\/\/wp.adisoft.lt\/vtdko\/wp-json\/wp\/v2\/pages"}],"about":[{"href":"https:\/\/wp.adisoft.lt\/vtdko\/wp-json\/wp\/v2\/types\/page"}],"author":[{"embeddable":true,"href":"https:\/\/wp.adisoft.lt\/vtdko\/wp-json\/wp\/v2\/users\/1"}],"replies":[{"embeddable":true,"href":"https:\/\/wp.adisoft.lt\/vtdko\/wp-json\/wp\/v2\/comments?post=995156"}],"version-history":[{"count":4,"href":"https:\/\/wp.adisoft.lt\/vtdko\/wp-json\/wp\/v2\/pages\/995156\/revisions"}],"predecessor-version":[{"id":995194,"href":"https:\/\/wp.adisoft.lt\/vtdko\/wp-json\/wp\/v2\/pages\/995156\/revisions\/995194"}],"up":[{"embeddable":true,"href":"https:\/\/wp.adisoft.lt\/vtdko\/wp-json\/wp\/v2\/pages\/990517"}],"wp:attachment":[{"href":"https:\/\/wp.adisoft.lt\/vtdko\/wp-json\/wp\/v2\/media?parent=995156"}],"curies":[{"name":"wp","href":"https:\/\/api.w.org\/{rel}","templated":true}]}}