{"id":995471,"date":"2022-12-19T16:35:57","date_gmt":"2022-12-19T13:35:57","guid":{"rendered":"https:\/\/wp.adisoft.lt\/vtdko\/?page_id=995471"},"modified":"2022-12-19T16:50:50","modified_gmt":"2022-12-19T13:50:50","slug":"kolegijos-taryba","status":"publish","type":"page","link":"https:\/\/wp.adisoft.lt\/vtdko\/savivalda\/kolegijos-taryba\/","title":{"rendered":"Kolegijos taryba"},"content":{"rendered":"\t\t<div data-elementor-type=\"wp-page\" data-elementor-id=\"995471\" class=\"elementor elementor-995471\">\n\t\t\t\t\t\t\t\t\t<section class=\"elementor-section elementor-top-section elementor-element elementor-element-d8095c8 elementor-section-height-min-height elementor-section-boxed elementor-section-height-default elementor-section-items-middle\" data-id=\"d8095c8\" data-element_type=\"section\" data-settings=\"{&quot;background_background&quot;:&quot;classic&quot;,&quot;animation&quot;:&quot;none&quot;}\">\n\t\t\t\t\t\t<div class=\"elementor-container elementor-column-gap-default\">\n\t\t\t\t\t<div class=\"elementor-column elementor-col-100 elementor-top-column elementor-element elementor-element-22c3eed\" data-id=\"22c3eed\" data-element_type=\"column\" data-settings=\"{&quot;background_background&quot;:&quot;classic&quot;}\">\n\t\t\t<div class=\"elementor-widget-wrap\">\n\t\t\t\t\t\t\t\t\t<\/div>\n\t\t<\/div>\n\t\t\t\t\t\t\t<\/div>\n\t\t<\/section>\n\t\t\t\t<section class=\"elementor-section elementor-top-section elementor-element elementor-element-42b07f5 elementor-section-boxed elementor-section-height-default elementor-section-height-default\" data-id=\"42b07f5\" data-element_type=\"section\" data-settings=\"{&quot;animation&quot;:&quot;none&quot;,&quot;animation_tablet&quot;:&quot;none&quot;,&quot;animation_mobile&quot;:&quot;none&quot;}\">\n\t\t\t\t\t\t<div class=\"elementor-container elementor-column-gap-no\">\n\t\t\t\t\t<div class=\"elementor-column elementor-col-50 elementor-top-column elementor-element elementor-element-66bbd3d animated-fast elementor-invisible\" data-id=\"66bbd3d\" data-element_type=\"column\" data-settings=\"{&quot;background_background&quot;:&quot;classic&quot;,&quot;animation&quot;:&quot;fadeIn&quot;,&quot;animation_delay&quot;:100}\">\n\t\t\t<div class=\"elementor-widget-wrap elementor-element-populated\">\n\t\t\t\t\t\t\t\t<div class=\"elementor-element elementor-element-4fc2acd elementor-widget__width-auto elementor-widget-tablet__width-auto elementor-widget-mobile__width-inherit elementor-widget elementor-widget-heading\" data-id=\"4fc2acd\" data-element_type=\"widget\" data-settings=\"{&quot;_animation&quot;:&quot;none&quot;,&quot;_animation_delay&quot;:200}\" data-widget_type=\"heading.heading_charityfy\">\n\t\t\t\t<div class=\"elementor-widget-container\">\n\t\t\t<h1 class=\"elementor-heading-title elementor-size-default\">Kolegijos taryba<\/h1>\t\t<\/div>\n\t\t\t\t<\/div>\n\t\t\t\t<div class=\"elementor-element elementor-element-df1221e elementor-widget elementor-widget-text-editor\" data-id=\"df1221e\" data-element_type=\"widget\" data-settings=\"{&quot;_animation&quot;:&quot;none&quot;,&quot;_animation_delay&quot;:300}\" data-widget_type=\"text-editor.default\">\n\t\t\t\t<div class=\"elementor-widget-container\">\n\t\t\t\t\t\t\t<p>Vilniaus technologij\u0173 ir dizaino kolegija \u2013 \u010dia hobis virsta profesija!<\/p>\t\t\t\t\t\t<\/div>\n\t\t\t\t<\/div>\n\t\t\t\t\t<\/div>\n\t\t<\/div>\n\t\t\t\t<div class=\"elementor-column elementor-col-50 elementor-top-column elementor-element elementor-element-a749c06 elementor-hidden-desktop elementor-hidden-tablet elementor-hidden-phone\" data-id=\"a749c06\" data-element_type=\"column\">\n\t\t\t<div class=\"elementor-widget-wrap\">\n\t\t\t\t\t\t\t\t\t<\/div>\n\t\t<\/div>\n\t\t\t\t\t\t\t<\/div>\n\t\t<\/section>\n\t\t\t\t<section class=\"elementor-section elementor-top-section elementor-element elementor-element-21e81a6 elementor-section-boxed elementor-section-height-default elementor-section-height-default\" data-id=\"21e81a6\" data-element_type=\"section\">\n\t\t\t\t\t\t<div class=\"elementor-container elementor-column-gap-default\">\n\t\t\t\t\t<div class=\"elementor-column elementor-col-100 elementor-top-column elementor-element elementor-element-f0c94de\" data-id=\"f0c94de\" data-element_type=\"column\">\n\t\t\t<div class=\"elementor-widget-wrap elementor-element-populated\">\n\t\t\t\t\t\t\t\t<div class=\"elementor-element elementor-element-97de5a3 elementor-widget elementor-widget-spacer\" data-id=\"97de5a3\" data-element_type=\"widget\" data-widget_type=\"spacer.default\">\n\t\t\t\t<div class=\"elementor-widget-container\">\n\t\t\t\t\t<div class=\"elementor-spacer\">\n\t\t\t<div class=\"elementor-spacer-inner\"><\/div>\n\t\t<\/div>\n\t\t\t\t<\/div>\n\t\t\t\t<\/div>\n\t\t\t\t\t<\/div>\n\t\t<\/div>\n\t\t\t\t\t\t\t<\/div>\n\t\t<\/section>\n\t\t\t\t<section class=\"elementor-section elementor-top-section elementor-element elementor-element-38faf64 elementor-section-boxed elementor-section-height-default elementor-section-height-default\" data-id=\"38faf64\" data-element_type=\"section\">\n\t\t\t\t\t\t<div class=\"elementor-container elementor-column-gap-default\">\n\t\t\t\t\t<div class=\"elementor-column elementor-col-100 elementor-top-column elementor-element elementor-element-3091253\" data-id=\"3091253\" data-element_type=\"column\">\n\t\t\t<div class=\"elementor-widget-wrap elementor-element-populated\">\n\t\t\t\t\t\t\t\t<div class=\"elementor-element elementor-element-274be07 elementor-widget elementor-widget-text-editor\" data-id=\"274be07\" data-element_type=\"widget\" data-widget_type=\"text-editor.default\">\n\t\t\t\t<div class=\"elementor-widget-container\">\n\t\t\t\t\t\t\t<p>Vadovaujantis 2022 m. bir\u017eelio 8 d. Akademin\u0117s tarybos protokolu Nr. 14-12, Akademin\u0117s tarybos pirminink\u0117 skelbia penkeri\u0173 met\u0173 kadencijos (2022 m. rugpj\u016b\u010dio 28 d. \u2013 2027 m. rugpj\u016b\u010dio 27 d.) Kolegijos tarybos sud\u0117t\u012f:<\/p><table class=\"table\"><tbody><tr><td><br \/>Kolegijos tarybos pirmininkas \u00a0 \u00a0 \u00a0 \u00a0 \u00a0 \u00a0 \u00a0 \u00a0 \u00a0 \u00a0 \u00a0 \u00a0 \u00a0 \u00a0 \u00a0 \u00a0 \u00a0 \u00a0<\/td><td>\u00a0Virginijus<b>\u00a0Ramanauskas<\/b>, UAB PERI generalinis direktorius<\/td><\/tr><tr><td>Kolegijos tarybos nariai \u00a0 \u00a0 \u00a0<\/td><td><p>Audrius<b>\u00a0\u010cepulis<\/b>, UAB \u201eVilniaus rentinys\u201c gamybos direktorius; Kolegijos tarybos narys nepriklausantis kolegijos personalui.\u00a0<br \/>Petras<b>\u00a0Kaikaris<\/b>, lektorius; Kolegijos tarybos narys priklausantis kolegijos personalui.\u00a0<br \/>Goda<b>\u00a0Kiaunyt\u0117<\/b>, kolegijos student\u0117, Student\u0173 atstovyb\u0117s prezident\u0117, Kolegijos tarybos nar\u0117 skirta Student\u0173 atstovyb\u0117s.\u00a0<br \/>Donatas<b>\u00a0Kriau\u010di\u016bnas<\/b>, lektorius; Kolegijos tarybos narys priklausantis kolegijos personalui.\u00a0<br \/>Romualdas<b>\u00a0Ku\u010dinskas<\/b>, Vilniaus dail\u0117s akademijos docentas, Kolegijos tarybos narys nepriklausantis kolegijos personalui skirtas Student\u0173 atstovyb\u0117s.\u00a0<br \/>Jurgita<b>\u00a0Kulie\u0161ien\u0117<\/b>, Lietuvos vairuotoj\u0173 mokymo ir kvalifikacijos k\u0117limo mokykl\u0173 asociacijos prezident\u0117; Kolegijos tarybos nar\u0117 nepriklausanti kolegijos personalui.\u00a0<br \/>Dr. Vytenis<b>\u00a0Surblys<\/b>, docentas, Kolegijos tarybos narys, priklausantis kolegijos personalui.\u00a0<br \/>Dr. Marija<b>\u00a0Vai\u010dien\u0117<\/b>, docent\u0117, Kolegijos tarybos nar\u0117 priklausanti kolegijos personalui.<\/p><\/td><\/tr><\/tbody><\/table><p>\u00a0<\/p>\t\t\t\t\t\t<\/div>\n\t\t\t\t<\/div>\n\t\t\t\t\t<\/div>\n\t\t<\/div>\n\t\t\t\t\t\t\t<\/div>\n\t\t<\/section>\n\t\t\t\t<section class=\"elementor-section elementor-top-section elementor-element elementor-element-09bb72d elementor-section-boxed elementor-section-height-default elementor-section-height-default\" data-id=\"09bb72d\" data-element_type=\"section\" data-settings=\"{&quot;background_background&quot;:&quot;classic&quot;}\">\n\t\t\t\t\t\t<div class=\"elementor-container elementor-column-gap-default\">\n\t\t\t\t\t<div class=\"elementor-column elementor-col-100 elementor-top-column elementor-element elementor-element-e08d7f5\" data-id=\"e08d7f5\" data-element_type=\"column\">\n\t\t\t<div class=\"elementor-widget-wrap elementor-element-populated\">\n\t\t\t\t\t\t\t\t<div class=\"elementor-element elementor-element-d8aeef2 elementor-widget elementor-widget-spacer\" data-id=\"d8aeef2\" data-element_type=\"widget\" data-widget_type=\"spacer.default\">\n\t\t\t\t<div class=\"elementor-widget-container\">\n\t\t\t\t\t<div class=\"elementor-spacer\">\n\t\t\t<div class=\"elementor-spacer-inner\"><\/div>\n\t\t<\/div>\n\t\t\t\t<\/div>\n\t\t\t\t<\/div>\n\t\t\t\t<div class=\"elementor-element elementor-element-6e848c4 elementor-widget elementor-widget-heading\" data-id=\"6e848c4\" data-element_type=\"widget\" data-widget_type=\"heading.default\">\n\t\t\t\t<div class=\"elementor-widget-container\">\n\t\t\t<h4 class=\"elementor-heading-title elementor-size-default\">Tarybos funkcijos ir veiklos ataskaitos:<\/h4>\t\t<\/div>\n\t\t\t\t<\/div>\n\t\t\t\t<div class=\"elementor-element elementor-element-8e33f4a elementor-widget elementor-widget-text-editor\" data-id=\"8e33f4a\" data-element_type=\"widget\" data-widget_type=\"text-editor.default\">\n\t\t\t\t<div class=\"elementor-widget-container\">\n\t\t\t\t\t\t\t<p><a href=\"https:\/\/wp.adisoft.lt\/vtdko\/wp-content\/uploads\/2022\/12\/Funkcijos.pdf\" target=\"_blank\" rel=\"noopener\">Tarybos funkcijos<\/a><\/p><p><a href=\"https:\/\/wp.adisoft.lt\/vtdko\/wp-content\/uploads\/2022\/12\/KT_2021_metu_veiklos_ataskaita.pdf\" target=\"_blank\" rel=\"noopener\">Kolegijos Tarybos 2021 met\u0173 veiklos ataskaita<\/a><\/p><p><a href=\"https:\/\/wp.adisoft.lt\/vtdko\/wp-content\/uploads\/2022\/12\/KT_2020_metu_veiklos_ataskaita.pdf\" target=\"_blank\" rel=\"noopener\">Kolegijos Tarybos 2020 met\u0173 veiklos ataskaita<\/a><\/p><p><a href=\"https:\/\/wp.adisoft.lt\/vtdko\/wp-content\/uploads\/2022\/12\/Pasirasyta_ataskaita.pdf\" target=\"_blank\" rel=\"noopener\">Kolegijos Tarybos 2019 met\u0173 veiklos ataskaita<\/a><\/p><p><a href=\"https:\/\/wp.adisoft.lt\/vtdko\/wp-content\/uploads\/2022\/12\/Ataskaita.pdf\" target=\"_blank\" rel=\"noopener\">Kolegijos Tarybos 2018 met\u0173 veiklos ataskaita<\/a><\/p><p><a href=\"https:\/\/wp.adisoft.lt\/vtdko\/wp-content\/uploads\/2022\/12\/KT_2017_m._veiklos_ataskaita.pdf\" target=\"_blank\" rel=\"noopener\">Kolegijos Tarybos 2017 met\u0173 veiklos ataskaita<\/a><\/p><p><a href=\"https:\/\/wp.adisoft.lt\/vtdko\/wp-content\/uploads\/2022\/12\/KT_2016_metu_veiklos_ataskaita.pdf\" target=\"_blank\" rel=\"noopener\">Kolegijos Tarybos 2016 met\u0173 veiklos ataskaita<\/a><\/p><p><a href=\"https:\/\/wp.adisoft.lt\/vtdko\/wp-content\/uploads\/2022\/12\/KT_2015_m._veiklos_ataskaita.pdf\" target=\"_blank\" rel=\"noopener\">Kolegijos Tarybos 2015 met\u0173 veiklos ataskaita<\/a><\/p><p><a href=\"https:\/\/wp.adisoft.lt\/vtdko\/wp-content\/uploads\/2022\/12\/KT_2014_metu_ataskaita.pdf\" target=\"_blank\" rel=\"noopener\">Kolegijos Tarybos 2014 met\u0173 veiklos ataskaita<\/a><\/p><p><a href=\"https:\/\/wp.adisoft.lt\/vtdko\/wp-content\/uploads\/2022\/12\/Kolegijos-tarybos-2013-metu-veiklos-ataskaita.pdf\" target=\"_blank\" rel=\"noopener\">Kolegijos Tarybos 2013 met\u0173 veiklos ataskaita<\/a><\/p><p><a href=\"https:\/\/wp.adisoft.lt\/vtdko\/wp-content\/uploads\/2022\/12\/0219_001.pdf\" target=\"_blank\" rel=\"noopener\">Kolegijos Tarybos 2012 met\u0173 veiklos ataskaita<\/a><\/p><p style=\"margin-bottom: 1em; font-style: normal; font-variant-ligatures: normal; font-variant-caps: normal; font-weight: 400; font-size: 18px; font-family: 'Open Sans', sans-serif;\">\u00a0<\/p><p style=\"margin-bottom: 1em; font-style: normal; font-variant-ligatures: normal; font-variant-caps: normal; font-weight: 400; font-size: 18px; font-family: 'Open Sans', sans-serif;\">\u00a0<\/p>\t\t\t\t\t\t<\/div>\n\t\t\t\t<\/div>\n\t\t\t\t\t<\/div>\n\t\t<\/div>\n\t\t\t\t\t\t\t<\/div>\n\t\t<\/section>\n\t\t\t\t<section class=\"elementor-section elementor-top-section elementor-element elementor-element-3b2d2cc elementor-section-boxed elementor-section-height-default elementor-section-height-default\" data-id=\"3b2d2cc\" data-element_type=\"section\">\n\t\t\t\t\t\t<div class=\"elementor-container elementor-column-gap-default\">\n\t\t\t\t\t<div class=\"elementor-column elementor-col-100 elementor-top-column elementor-element elementor-element-00a4160\" data-id=\"00a4160\" data-element_type=\"column\">\n\t\t\t<div class=\"elementor-widget-wrap elementor-element-populated\">\n\t\t\t\t\t\t\t\t<div class=\"elementor-element elementor-element-fedb8a4 elementor-widget elementor-widget-spacer\" data-id=\"fedb8a4\" data-element_type=\"widget\" data-widget_type=\"spacer.default\">\n\t\t\t\t<div class=\"elementor-widget-container\">\n\t\t\t\t\t<div class=\"elementor-spacer\">\n\t\t\t<div class=\"elementor-spacer-inner\"><\/div>\n\t\t<\/div>\n\t\t\t\t<\/div>\n\t\t\t\t<\/div>\n\t\t\t\t\t<\/div>\n\t\t<\/div>\n\t\t\t\t\t\t\t<\/div>\n\t\t<\/section>\n\t\t\t\t\t\t\t<\/div>\n\t\t","protected":false},"excerpt":{"rendered":"<p>Kolegijos taryba Vilniaus technologij\u0173 ir dizaino kolegija \u2013 \u010dia hobis virsta profesija! Vadovaujantis 2022 m. bir\u017eelio 8 d. Akademin\u0117s tarybos protokolu Nr. 14-12, Akademin\u0117s tarybos pirminink\u0117 skelbia penkeri\u0173 met\u0173 kadencijos (2022 m. rugpj\u016b\u010dio 28 d. \u2013 2027 m. rugpj\u016b\u010dio 27 d.) Kolegijos tarybos sud\u0117t\u012f: Kolegijos tarybos pirmininkas \u00a0 \u00a0 \u00a0 \u00a0 \u00a0 \u00a0 \u00a0 \u00a0&#8230;<\/p>\n","protected":false},"author":1,"featured_media":0,"parent":988937,"menu_order":0,"comment_status":"closed","ping_status":"closed","template":"","meta":{"inline_featured_image":false,"footnotes":""},"class_list":["post-995471","page","type-page","status-publish","hentry"],"yoast_head":"<!-- This site is optimized with the Yoast SEO plugin v19.12 - https:\/\/yoast.com\/wordpress\/plugins\/seo\/ -->\n<title>Kolegijos taryba - vtdko<\/title>\n<meta name=\"robots\" content=\"noindex, follow, max-snippet:-1, max-image-preview:large, max-video-preview:-1\" \/>\n<meta property=\"og:locale\" content=\"lt_LT\" \/>\n<meta property=\"og:type\" content=\"article\" \/>\n<meta property=\"og:title\" content=\"Kolegijos taryba - vtdko\" \/>\n<meta property=\"og:description\" content=\"Kolegijos taryba Vilniaus technologij\u0173 ir dizaino kolegija \u2013 \u010dia hobis virsta profesija! Vadovaujantis 2022 m. bir\u017eelio 8 d. Akademin\u0117s tarybos protokolu Nr. 14-12, Akademin\u0117s tarybos pirminink\u0117 skelbia penkeri\u0173 met\u0173 kadencijos (2022 m. rugpj\u016b\u010dio 28 d. \u2013 2027 m. rugpj\u016b\u010dio 27 d.) Kolegijos tarybos sud\u0117t\u012f: Kolegijos tarybos pirmininkas \u00a0 \u00a0 \u00a0 \u00a0 \u00a0 \u00a0 \u00a0 \u00a0...\" \/>\n<meta property=\"og:url\" content=\"https:\/\/wp.adisoft.lt\/vtdko\/savivalda\/kolegijos-taryba\/\" \/>\n<meta property=\"og:site_name\" content=\"vtdko\" \/>\n<meta property=\"article:modified_time\" content=\"2022-12-19T13:50:50+00:00\" \/>\n<meta name=\"twitter:card\" content=\"summary_large_image\" \/>\n<meta name=\"twitter:label1\" content=\"Est. reading time\" \/>\n\t<meta name=\"twitter:data1\" content=\"2 minut\u0117s\" \/>\n<script type=\"application\/ld+json\" class=\"yoast-schema-graph\">{\"@context\":\"https:\/\/schema.org\",\"@graph\":[{\"@type\":\"WebPage\",\"@id\":\"https:\/\/wp.adisoft.lt\/vtdko\/savivalda\/kolegijos-taryba\/\",\"url\":\"https:\/\/wp.adisoft.lt\/vtdko\/savivalda\/kolegijos-taryba\/\",\"name\":\"Kolegijos taryba - vtdko\",\"isPartOf\":{\"@id\":\"https:\/\/wp.adisoft.lt\/vtdko\/#website\"},\"datePublished\":\"2022-12-19T13:35:57+00:00\",\"dateModified\":\"2022-12-19T13:50:50+00:00\",\"breadcrumb\":{\"@id\":\"https:\/\/wp.adisoft.lt\/vtdko\/savivalda\/kolegijos-taryba\/#breadcrumb\"},\"inLanguage\":\"lt-LT\",\"potentialAction\":[{\"@type\":\"ReadAction\",\"target\":[\"https:\/\/wp.adisoft.lt\/vtdko\/savivalda\/kolegijos-taryba\/\"]}]},{\"@type\":\"BreadcrumbList\",\"@id\":\"https:\/\/wp.adisoft.lt\/vtdko\/savivalda\/kolegijos-taryba\/#breadcrumb\",\"itemListElement\":[{\"@type\":\"ListItem\",\"position\":1,\"name\":\"Pagrindinis\",\"item\":\"https:\/\/wp.adisoft.lt\/vtdko\/\"},{\"@type\":\"ListItem\",\"position\":2,\"name\":\"Savivalda\",\"item\":\"https:\/\/wp.adisoft.lt\/vtdko\/savivalda\/\"},{\"@type\":\"ListItem\",\"position\":3,\"name\":\"Kolegijos taryba\"}]},{\"@type\":\"WebSite\",\"@id\":\"https:\/\/wp.adisoft.lt\/vtdko\/#website\",\"url\":\"https:\/\/wp.adisoft.lt\/vtdko\/\",\"name\":\"vtdko\",\"description\":\"Vilniaus technologij\u0173 ir dizaino kolegija\",\"publisher\":{\"@id\":\"https:\/\/wp.adisoft.lt\/vtdko\/#organization\"},\"potentialAction\":[{\"@type\":\"SearchAction\",\"target\":{\"@type\":\"EntryPoint\",\"urlTemplate\":\"https:\/\/wp.adisoft.lt\/vtdko\/?s={search_term_string}\"},\"query-input\":\"required name=search_term_string\"}],\"inLanguage\":\"lt-LT\"},{\"@type\":\"Organization\",\"@id\":\"https:\/\/wp.adisoft.lt\/vtdko\/#organization\",\"name\":\"vtdko\",\"url\":\"https:\/\/wp.adisoft.lt\/vtdko\/\",\"logo\":{\"@type\":\"ImageObject\",\"inLanguage\":\"lt-LT\",\"@id\":\"https:\/\/wp.adisoft.lt\/vtdko\/#\/schema\/logo\/image\/\",\"url\":\"https:\/\/wp.adisoft.lt\/vtdko\/wp-content\/uploads\/2020\/02\/Logo-su-tekstu-01.svg\",\"contentUrl\":\"https:\/\/wp.adisoft.lt\/vtdko\/wp-content\/uploads\/2020\/02\/Logo-su-tekstu-01.svg\",\"width\":151,\"height\":74,\"caption\":\"vtdko\"},\"image\":{\"@id\":\"https:\/\/wp.adisoft.lt\/vtdko\/#\/schema\/logo\/image\/\"}}]}<\/script>\n<!-- \/ Yoast SEO plugin. -->","yoast_head_json":{"title":"Kolegijos taryba - vtdko","robots":{"index":"noindex","follow":"follow","max-snippet":"max-snippet:-1","max-image-preview":"max-image-preview:large","max-video-preview":"max-video-preview:-1"},"og_locale":"lt_LT","og_type":"article","og_title":"Kolegijos taryba - vtdko","og_description":"Kolegijos taryba Vilniaus technologij\u0173 ir dizaino kolegija \u2013 \u010dia hobis virsta profesija! Vadovaujantis 2022 m. bir\u017eelio 8 d. Akademin\u0117s tarybos protokolu Nr. 14-12, Akademin\u0117s tarybos pirminink\u0117 skelbia penkeri\u0173 met\u0173 kadencijos (2022 m. rugpj\u016b\u010dio 28 d. \u2013 2027 m. rugpj\u016b\u010dio 27 d.) Kolegijos tarybos sud\u0117t\u012f: Kolegijos tarybos pirmininkas \u00a0 \u00a0 \u00a0 \u00a0 \u00a0 \u00a0 \u00a0 \u00a0...","og_url":"https:\/\/wp.adisoft.lt\/vtdko\/savivalda\/kolegijos-taryba\/","og_site_name":"vtdko","article_modified_time":"2022-12-19T13:50:50+00:00","twitter_card":"summary_large_image","twitter_misc":{"Est. reading time":"2 minut\u0117s"},"schema":{"@context":"https:\/\/schema.org","@graph":[{"@type":"WebPage","@id":"https:\/\/wp.adisoft.lt\/vtdko\/savivalda\/kolegijos-taryba\/","url":"https:\/\/wp.adisoft.lt\/vtdko\/savivalda\/kolegijos-taryba\/","name":"Kolegijos taryba - vtdko","isPartOf":{"@id":"https:\/\/wp.adisoft.lt\/vtdko\/#website"},"datePublished":"2022-12-19T13:35:57+00:00","dateModified":"2022-12-19T13:50:50+00:00","breadcrumb":{"@id":"https:\/\/wp.adisoft.lt\/vtdko\/savivalda\/kolegijos-taryba\/#breadcrumb"},"inLanguage":"lt-LT","potentialAction":[{"@type":"ReadAction","target":["https:\/\/wp.adisoft.lt\/vtdko\/savivalda\/kolegijos-taryba\/"]}]},{"@type":"BreadcrumbList","@id":"https:\/\/wp.adisoft.lt\/vtdko\/savivalda\/kolegijos-taryba\/#breadcrumb","itemListElement":[{"@type":"ListItem","position":1,"name":"Pagrindinis","item":"https:\/\/wp.adisoft.lt\/vtdko\/"},{"@type":"ListItem","position":2,"name":"Savivalda","item":"https:\/\/wp.adisoft.lt\/vtdko\/savivalda\/"},{"@type":"ListItem","position":3,"name":"Kolegijos taryba"}]},{"@type":"WebSite","@id":"https:\/\/wp.adisoft.lt\/vtdko\/#website","url":"https:\/\/wp.adisoft.lt\/vtdko\/","name":"vtdko","description":"Vilniaus technologij\u0173 ir dizaino kolegija","publisher":{"@id":"https:\/\/wp.adisoft.lt\/vtdko\/#organization"},"potentialAction":[{"@type":"SearchAction","target":{"@type":"EntryPoint","urlTemplate":"https:\/\/wp.adisoft.lt\/vtdko\/?s={search_term_string}"},"query-input":"required name=search_term_string"}],"inLanguage":"lt-LT"},{"@type":"Organization","@id":"https:\/\/wp.adisoft.lt\/vtdko\/#organization","name":"vtdko","url":"https:\/\/wp.adisoft.lt\/vtdko\/","logo":{"@type":"ImageObject","inLanguage":"lt-LT","@id":"https:\/\/wp.adisoft.lt\/vtdko\/#\/schema\/logo\/image\/","url":"https:\/\/wp.adisoft.lt\/vtdko\/wp-content\/uploads\/2020\/02\/Logo-su-tekstu-01.svg","contentUrl":"https:\/\/wp.adisoft.lt\/vtdko\/wp-content\/uploads\/2020\/02\/Logo-su-tekstu-01.svg","width":151,"height":74,"caption":"vtdko"},"image":{"@id":"https:\/\/wp.adisoft.lt\/vtdko\/#\/schema\/logo\/image\/"}}]}},"_links":{"self":[{"href":"https:\/\/wp.adisoft.lt\/vtdko\/wp-json\/wp\/v2\/pages\/995471","targetHints":{"allow":["GET"]}}],"collection":[{"href":"https:\/\/wp.adisoft.lt\/vtdko\/wp-json\/wp\/v2\/pages"}],"about":[{"href":"https:\/\/wp.adisoft.lt\/vtdko\/wp-json\/wp\/v2\/types\/page"}],"author":[{"embeddable":true,"href":"https:\/\/wp.adisoft.lt\/vtdko\/wp-json\/wp\/v2\/users\/1"}],"replies":[{"embeddable":true,"href":"https:\/\/wp.adisoft.lt\/vtdko\/wp-json\/wp\/v2\/comments?post=995471"}],"version-history":[{"count":4,"href":"https:\/\/wp.adisoft.lt\/vtdko\/wp-json\/wp\/v2\/pages\/995471\/revisions"}],"predecessor-version":[{"id":995541,"href":"https:\/\/wp.adisoft.lt\/vtdko\/wp-json\/wp\/v2\/pages\/995471\/revisions\/995541"}],"up":[{"embeddable":true,"href":"https:\/\/wp.adisoft.lt\/vtdko\/wp-json\/wp\/v2\/pages\/988937"}],"wp:attachment":[{"href":"https:\/\/wp.adisoft.lt\/vtdko\/wp-json\/wp\/v2\/media?parent=995471"}],"curies":[{"name":"wp","href":"https:\/\/api.w.org\/{rel}","templated":true}]}}