{"id":995589,"date":"2022-12-19T17:09:46","date_gmt":"2022-12-19T14:09:46","guid":{"rendered":"https:\/\/wp.adisoft.lt\/vtdko\/?page_id=995589"},"modified":"2023-02-04T12:05:22","modified_gmt":"2023-02-04T09:05:22","slug":"bendrojo-priemimo-datos","status":"publish","type":"page","link":"https:\/\/wp.adisoft.lt\/vtdko\/stojantiesiems-2022-m\/bendrojo-priemimo-datos\/","title":{"rendered":"Bendrojo pri\u0117mimo datos"},"content":{"rendered":"\t\t<div data-elementor-type=\"wp-page\" data-elementor-id=\"995589\" class=\"elementor elementor-995589\">\n\t\t\t\t\t\t\t\t\t<section class=\"elementor-section elementor-top-section elementor-element elementor-element-d8095c8 elementor-section-height-min-height elementor-section-boxed elementor-section-height-default elementor-section-items-middle\" data-id=\"d8095c8\" data-element_type=\"section\" data-settings=\"{&quot;background_background&quot;:&quot;classic&quot;,&quot;animation&quot;:&quot;none&quot;}\">\n\t\t\t\t\t\t<div class=\"elementor-container elementor-column-gap-default\">\n\t\t\t\t\t<div class=\"elementor-column elementor-col-100 elementor-top-column elementor-element elementor-element-22c3eed\" data-id=\"22c3eed\" data-element_type=\"column\" data-settings=\"{&quot;background_background&quot;:&quot;classic&quot;}\">\n\t\t\t<div class=\"elementor-widget-wrap\">\n\t\t\t\t\t\t\t\t\t<\/div>\n\t\t<\/div>\n\t\t\t\t\t\t\t<\/div>\n\t\t<\/section>\n\t\t\t\t<section class=\"elementor-section elementor-top-section elementor-element elementor-element-42b07f5 elementor-section-boxed elementor-section-height-default elementor-section-height-default\" data-id=\"42b07f5\" data-element_type=\"section\" data-settings=\"{&quot;animation&quot;:&quot;none&quot;,&quot;animation_tablet&quot;:&quot;none&quot;,&quot;animation_mobile&quot;:&quot;none&quot;}\">\n\t\t\t\t\t\t<div class=\"elementor-container elementor-column-gap-no\">\n\t\t\t\t\t<div class=\"elementor-column elementor-col-50 elementor-top-column elementor-element elementor-element-66bbd3d animated-fast elementor-invisible\" data-id=\"66bbd3d\" data-element_type=\"column\" data-settings=\"{&quot;background_background&quot;:&quot;classic&quot;,&quot;animation&quot;:&quot;fadeIn&quot;,&quot;animation_delay&quot;:100}\">\n\t\t\t<div class=\"elementor-widget-wrap elementor-element-populated\">\n\t\t\t\t\t\t\t\t<div class=\"elementor-element elementor-element-4fc2acd elementor-widget__width-auto elementor-widget-tablet__width-auto elementor-widget-mobile__width-inherit elementor-widget elementor-widget-heading\" data-id=\"4fc2acd\" data-element_type=\"widget\" data-settings=\"{&quot;_animation&quot;:&quot;none&quot;,&quot;_animation_delay&quot;:200}\" data-widget_type=\"heading.heading_charityfy\">\n\t\t\t\t<div class=\"elementor-widget-container\">\n\t\t\t<h1 class=\"elementor-heading-title elementor-size-default\">Bendrojo pri\u0117mimo datos<\/h1>\t\t<\/div>\n\t\t\t\t<\/div>\n\t\t\t\t<div class=\"elementor-element elementor-element-df1221e elementor-widget elementor-widget-text-editor\" data-id=\"df1221e\" data-element_type=\"widget\" data-settings=\"{&quot;_animation&quot;:&quot;none&quot;,&quot;_animation_delay&quot;:300}\" data-widget_type=\"text-editor.default\">\n\t\t\t\t<div class=\"elementor-widget-container\">\n\t\t\t\t\t\t\t<p>Vilniaus technologij\u0173 ir dizaino kolegija \u2013 \u010dia hobis virsta profesija!<\/p>\t\t\t\t\t\t<\/div>\n\t\t\t\t<\/div>\n\t\t\t\t\t<\/div>\n\t\t<\/div>\n\t\t\t\t<div class=\"elementor-column elementor-col-50 elementor-top-column elementor-element elementor-element-a749c06 elementor-hidden-desktop elementor-hidden-tablet elementor-hidden-phone\" data-id=\"a749c06\" data-element_type=\"column\">\n\t\t\t<div class=\"elementor-widget-wrap\">\n\t\t\t\t\t\t\t\t\t<\/div>\n\t\t<\/div>\n\t\t\t\t\t\t\t<\/div>\n\t\t<\/section>\n\t\t\t\t<section class=\"elementor-section elementor-top-section elementor-element elementor-element-555b2b9 elementor-section-boxed elementor-section-height-default elementor-section-height-default\" data-id=\"555b2b9\" data-element_type=\"section\" data-settings=\"{&quot;background_background&quot;:&quot;classic&quot;}\">\n\t\t\t\t\t\t<div class=\"elementor-container elementor-column-gap-default\">\n\t\t\t\t\t<div class=\"elementor-column elementor-col-100 elementor-top-column elementor-element elementor-element-dd564cf\" data-id=\"dd564cf\" data-element_type=\"column\">\n\t\t\t<div class=\"elementor-widget-wrap elementor-element-populated\">\n\t\t\t\t\t\t\t\t<div class=\"elementor-element elementor-element-f1efa6f elementor-widget elementor-widget-heading\" data-id=\"f1efa6f\" data-element_type=\"widget\" data-widget_type=\"heading.default\">\n\t\t\t\t<div class=\"elementor-widget-container\">\n\t\t\t<h3 class=\"elementor-heading-title elementor-size-default\">Naudingos nuorodos<\/h3>\t\t<\/div>\n\t\t\t\t<\/div>\n\t\t\t\t<section class=\"elementor-section elementor-inner-section elementor-element elementor-element-508e48f elementor-section-boxed elementor-section-height-default elementor-section-height-default\" data-id=\"508e48f\" data-element_type=\"section\">\n\t\t\t\t\t\t<div class=\"elementor-container elementor-column-gap-default\">\n\t\t\t\t\t<div class=\"elementor-column elementor-col-33 elementor-inner-column elementor-element elementor-element-0ef46d5\" data-id=\"0ef46d5\" data-element_type=\"column\">\n\t\t\t<div class=\"elementor-widget-wrap elementor-element-populated\">\n\t\t\t\t\t\t\t\t<div class=\"elementor-element elementor-element-4ed9462 elementor-align-left elementor-tablet-align-center elementor-widget elementor-widget-button\" data-id=\"4ed9462\" data-element_type=\"widget\" data-settings=\"{&quot;_animation&quot;:&quot;none&quot;,&quot;_animation_tablet&quot;:&quot;none&quot;,&quot;_animation_mobile&quot;:&quot;none&quot;,&quot;_animation_delay&quot;:300}\" data-widget_type=\"button.default\">\n\t\t\t\t<div class=\"elementor-widget-container\">\n\t\t\t\t\t<div class=\"elementor-button-wrapper\">\n\t\t\t<a href=\"https:\/\/wp.adisoft.lt\/vtdko\/stojantiesiems-2022-m\/studiju-programos\/\" class=\"elementor-button-link elementor-button elementor-size-sm\" role=\"button\" id=\"page_menu\">\n\t\t\t\t\t\t<span class=\"elementor-button-content-wrapper\">\n\t\t\t\t\t\t\t<span class=\"elementor-button-icon elementor-align-icon-right\">\n\t\t\t\t<i aria-hidden=\"true\" class=\"vamtamtheme- vamtam-theme-arrow-right\"><\/i>\t\t\t<\/span>\n\t\t\t\t\t\t<span class=\"elementor-button-text\">Studij\u0173 programos<\/span>\n\t\t<\/span>\n\t\t\t\t\t<\/a>\n\t\t<\/div>\n\t\t\t\t<\/div>\n\t\t\t\t<\/div>\n\t\t\t\t<div class=\"elementor-element elementor-element-502fe22 elementor-align-left elementor-tablet-align-center elementor-widget elementor-widget-button\" data-id=\"502fe22\" data-element_type=\"widget\" data-settings=\"{&quot;_animation&quot;:&quot;none&quot;,&quot;_animation_tablet&quot;:&quot;none&quot;,&quot;_animation_mobile&quot;:&quot;none&quot;,&quot;_animation_delay&quot;:300}\" data-widget_type=\"button.default\">\n\t\t\t\t<div class=\"elementor-widget-container\">\n\t\t\t\t\t<div class=\"elementor-button-wrapper\">\n\t\t\t<a href=\"https:\/\/wp.adisoft.lt\/vtdko\/studiju-kainos\/\" class=\"elementor-button-link elementor-button elementor-size-sm\" role=\"button\" id=\"page_menu\">\n\t\t\t\t\t\t<span class=\"elementor-button-content-wrapper\">\n\t\t\t\t\t\t\t<span class=\"elementor-button-icon elementor-align-icon-right\">\n\t\t\t\t<i aria-hidden=\"true\" class=\"vamtamtheme- vamtam-theme-arrow-right\"><\/i>\t\t\t<\/span>\n\t\t\t\t\t\t<span class=\"elementor-button-text\">Studij\u0173 kainos<\/span>\n\t\t<\/span>\n\t\t\t\t\t<\/a>\n\t\t<\/div>\n\t\t\t\t<\/div>\n\t\t\t\t<\/div>\n\t\t\t\t\t<\/div>\n\t\t<\/div>\n\t\t\t\t<div class=\"elementor-column elementor-col-33 elementor-inner-column elementor-element elementor-element-64b6b91\" data-id=\"64b6b91\" data-element_type=\"column\">\n\t\t\t<div class=\"elementor-widget-wrap elementor-element-populated\">\n\t\t\t\t\t\t\t\t<div class=\"elementor-element elementor-element-24a15df elementor-align-left elementor-tablet-align-center elementor-widget elementor-widget-button\" data-id=\"24a15df\" data-element_type=\"widget\" data-settings=\"{&quot;_animation&quot;:&quot;none&quot;,&quot;_animation_tablet&quot;:&quot;none&quot;,&quot;_animation_mobile&quot;:&quot;none&quot;,&quot;_animation_delay&quot;:200}\" data-widget_type=\"button.default\">\n\t\t\t\t<div class=\"elementor-widget-container\">\n\t\t\t\t\t<div class=\"elementor-button-wrapper\">\n\t\t\t<a href=\"https:\/\/wp.adisoft.lt\/vtdko\/stojantiesiems-2022-m\/teises-aktai\/\" class=\"elementor-button-link elementor-button elementor-size-sm\" role=\"button\" id=\"page_menu\">\n\t\t\t\t\t\t<span class=\"elementor-button-content-wrapper\">\n\t\t\t\t\t\t\t<span class=\"elementor-button-icon elementor-align-icon-right\">\n\t\t\t\t<i aria-hidden=\"true\" class=\"vamtamtheme- vamtam-theme-arrow-right\"><\/i>\t\t\t<\/span>\n\t\t\t\t\t\t<span class=\"elementor-button-text\">Teis\u0117s aktai<\/span>\n\t\t<\/span>\n\t\t\t\t\t<\/a>\n\t\t<\/div>\n\t\t\t\t<\/div>\n\t\t\t\t<\/div>\n\t\t\t\t<div class=\"elementor-element elementor-element-4468300 elementor-align-left elementor-tablet-align-center elementor-widget elementor-widget-button\" data-id=\"4468300\" data-element_type=\"widget\" data-settings=\"{&quot;_animation&quot;:&quot;none&quot;,&quot;_animation_tablet&quot;:&quot;none&quot;,&quot;_animation_mobile&quot;:&quot;none&quot;,&quot;_animation_delay&quot;:300}\" data-widget_type=\"button.default\">\n\t\t\t\t<div class=\"elementor-widget-container\">\n\t\t\t\t\t<div class=\"elementor-button-wrapper\">\n\t\t\t<a href=\"https:\/\/wp.adisoft.lt\/vtdko\/stojantiesiems-2022-m\/minimalus-rodikliai-stojantiesiems\/\" class=\"elementor-button-link elementor-button elementor-size-sm\" role=\"button\" id=\"page_menu\">\n\t\t\t\t\t\t<span class=\"elementor-button-content-wrapper\">\n\t\t\t\t\t\t\t<span class=\"elementor-button-icon elementor-align-icon-right\">\n\t\t\t\t<i aria-hidden=\"true\" class=\"vamtamtheme- vamtam-theme-arrow-right\"><\/i>\t\t\t<\/span>\n\t\t\t\t\t\t<span class=\"elementor-button-text\">Minimal\u016bs rodikliai stojantiesiems<\/span>\n\t\t<\/span>\n\t\t\t\t\t<\/a>\n\t\t<\/div>\n\t\t\t\t<\/div>\n\t\t\t\t<\/div>\n\t\t\t\t\t<\/div>\n\t\t<\/div>\n\t\t\t\t<div class=\"elementor-column elementor-col-33 elementor-inner-column elementor-element elementor-element-b7f23ef\" data-id=\"b7f23ef\" data-element_type=\"column\">\n\t\t\t<div class=\"elementor-widget-wrap elementor-element-populated\">\n\t\t\t\t\t\t\t\t<div class=\"elementor-element elementor-element-81f8577 elementor-align-left elementor-tablet-align-center elementor-widget elementor-widget-button\" data-id=\"81f8577\" data-element_type=\"widget\" data-settings=\"{&quot;_animation&quot;:&quot;none&quot;,&quot;_animation_tablet&quot;:&quot;none&quot;,&quot;_animation_mobile&quot;:&quot;none&quot;,&quot;_animation_delay&quot;:400}\" data-widget_type=\"button.default\">\n\t\t\t\t<div class=\"elementor-widget-container\">\n\t\t\t\t\t<div class=\"elementor-button-wrapper\">\n\t\t\t<a href=\"http:\/\/Pri\u0117mimo%20taisykl\u0117s\" class=\"elementor-button-link elementor-button elementor-size-sm\" role=\"button\" id=\"page_menu\">\n\t\t\t\t\t\t<span class=\"elementor-button-content-wrapper\">\n\t\t\t\t\t\t\t<span class=\"elementor-button-icon elementor-align-icon-right\">\n\t\t\t\t<i aria-hidden=\"true\" class=\"vamtamtheme- vamtam-theme-arrow-right\"><\/i>\t\t\t<\/span>\n\t\t\t\t\t\t<span class=\"elementor-button-text\">Pri\u0117mimo taisykl\u0117s<\/span>\n\t\t<\/span>\n\t\t\t\t\t<\/a>\n\t\t<\/div>\n\t\t\t\t<\/div>\n\t\t\t\t<\/div>\n\t\t\t\t<div class=\"elementor-element elementor-element-88bd2fd elementor-align-left elementor-tablet-align-center elementor-widget elementor-widget-button\" data-id=\"88bd2fd\" data-element_type=\"widget\" data-settings=\"{&quot;_animation&quot;:&quot;none&quot;,&quot;_animation_tablet&quot;:&quot;none&quot;,&quot;_animation_mobile&quot;:&quot;none&quot;,&quot;_animation_delay&quot;:300}\" data-widget_type=\"button.default\">\n\t\t\t\t<div class=\"elementor-widget-container\">\n\t\t\t\t\t<div class=\"elementor-button-wrapper\">\n\t\t\t<a href=\"https:\/\/wp.adisoft.lt\/vtdko\/stojantiesiems-2022-m\/konkursinio-balo-sandara\/\" class=\"elementor-button-link elementor-button elementor-size-sm\" role=\"button\" id=\"page_menu\">\n\t\t\t\t\t\t<span class=\"elementor-button-content-wrapper\">\n\t\t\t\t\t\t\t<span class=\"elementor-button-icon elementor-align-icon-right\">\n\t\t\t\t<i aria-hidden=\"true\" class=\"vamtamtheme- vamtam-theme-arrow-right\"><\/i>\t\t\t<\/span>\n\t\t\t\t\t\t<span class=\"elementor-button-text\">Konkursinio balo sandara<\/span>\n\t\t<\/span>\n\t\t\t\t\t<\/a>\n\t\t<\/div>\n\t\t\t\t<\/div>\n\t\t\t\t<\/div>\n\t\t\t\t\t<\/div>\n\t\t<\/div>\n\t\t\t\t\t\t\t<\/div>\n\t\t<\/section>\n\t\t\t\t\t<\/div>\n\t\t<\/div>\n\t\t\t\t\t\t\t<\/div>\n\t\t<\/section>\n\t\t\t\t<section class=\"elementor-section elementor-top-section elementor-element elementor-element-38faf64 elementor-section-boxed elementor-section-height-default elementor-section-height-default\" data-id=\"38faf64\" data-element_type=\"section\">\n\t\t\t\t\t\t<div class=\"elementor-container elementor-column-gap-default\">\n\t\t\t\t\t<div class=\"elementor-column elementor-col-100 elementor-top-column elementor-element elementor-element-3091253\" data-id=\"3091253\" data-element_type=\"column\">\n\t\t\t<div class=\"elementor-widget-wrap elementor-element-populated\">\n\t\t\t\t\t\t\t\t<div class=\"elementor-element elementor-element-9db7508 elementor-widget elementor-widget-spacer\" data-id=\"9db7508\" data-element_type=\"widget\" data-widget_type=\"spacer.default\">\n\t\t\t\t<div class=\"elementor-widget-container\">\n\t\t\t\t\t<div class=\"elementor-spacer\">\n\t\t\t<div class=\"elementor-spacer-inner\"><\/div>\n\t\t<\/div>\n\t\t\t\t<\/div>\n\t\t\t\t<\/div>\n\t\t\t\t<div class=\"elementor-element elementor-element-274be07 elementor-widget elementor-widget-text-editor\" data-id=\"274be07\" data-element_type=\"widget\" data-widget_type=\"text-editor.default\">\n\t\t\t\t<div class=\"elementor-widget-container\">\n\t\t\t\t\t\t\t<p><strong>D\u0117l ypating\u0173 aplinkybi\u0173 datos gali keistis, informacija teikiama LAMA BPO tinklalapyje\u00a0<\/strong><strong><a href=\"https:\/\/bakalauras.lamabpo.lt\/bendrojo-priemimo-datos\/\">www.lamabpo.lt<\/a><a href=\"https:\/\/bakalauras.lamabpo.lt\/bendrojo-priemimo-datos-2\/\" target=\"_blank\" rel=\"noopener\">\u00a0<\/a><\/strong><strong>.<\/strong><\/p><p>\u00a0<\/p><table class=\"table\"><tbody><tr><td rowspan=\"4\"><strong>Pagrindinis pri\u0117mimas<\/strong><\/td><td>Pra\u0161ym\u0173 priimti studijuoti \u012f universitetus ir kolegijas registravimas Vidurinio i\u0161silavinimo, tarptautini\u0173 u\u017esienio kalbos egzamin\u0173 sertifikat\u0173, sporto pasiekim\u0173 ir kit\u0173 dokument\u0173 elektroninis pateikimas Bendrojo pri\u0117mimo informacin\u0117je sistemoje<\/td><td>2022-06-01 \u2013 2022-07-25 12 val.<\/td><\/tr><tr><td>Kvietimo studijuoti paskelbimas\u00a0<\/td><td>2022-07-29 iki 12 val.<\/td><\/tr><tr><td>Sutar\u010di\u0173 su pakviestaisiais sudarymas auk\u0161tosiose mokyklose\u00a0<\/td><td>2022-08-01 9 val. \u2013 2022-08-02 17 val.<\/td><\/tr><tr><td>El. sutar\u010di\u0173 su pakviestaisiais sudarymas<\/td><td>2022-07-29 15 val. \u2013 2022-08-02 17 val.<\/td><\/tr><tr><td rowspan=\"4\"><strong>Papildomas pri\u0117mimas<\/strong><\/td><td>Pra\u0161ym\u0173 priimti studijuoti \u012f universitetus ir kolegijas registravimas Vidurinio i\u0161silavinimo, tarptautini\u0173 u\u017esienio kalbos egzamin\u0173 sertifikat\u0173, sporto pasiekim\u0173 ir kit\u0173 dokument\u0173 elektroninis pateikimas Bendrojo pri\u0117mimo informacin\u0117je sistemoje<\/td><td><p>2022-08-03 \u2013 2022-08-05<\/p><p>(\u012f Medij\u0173 meno krypt\u012f pra\u0161ym\u0173 registravimas vyks iki 2022-08-05 7:00 val.)<br \/>(\u012f Dizaino krypt\u012f pra\u0161ym\u0173 registravimas vyks iki 2022-08-04 24:00 val.)<\/p><\/td><\/tr><tr><td>Kvietimo studijuoti paskelbimas\u00a0<\/td><td>2022-08-10 iki 12 val.<\/td><\/tr><tr><td>Sutar\u010di\u0173 su pakviestaisiais sudarymas auk\u0161tosiose mokyklose\u00a0<\/td><td>2022-08-11 8 val. \u2013 2022-08-12 17 val.<\/td><\/tr><tr><td>El. sutar\u010di\u0173 su pakviestaisiais sudarymas<\/td><td>2022-08-10 15 val. \u2013 2022-08-12<\/td><\/tr><tr><td rowspan=\"2\"><strong>Stojam\u0173j\u0173 egzamin\u0173 sesija*<\/strong><\/td><td>Egzaminai tvarkara\u0161tyje nurodytose vietose<\/td><td>2022-06-13 \u2013 2022-07-22<\/td><\/tr><tr><td>Rezultat\u0173 paskelbimas<\/td><td>Iki 2022-07-24<\/td><\/tr><\/tbody><\/table><p><em>* Pra\u0161ymo pageidavim\u0173 s\u0105ra\u0161e galima keisti ir papildyti ar i\u0161braukti studij\u0173 programas, j\u0173 eili\u0161kum\u0105, studij\u0173 form\u0105 ir finansavimo pob\u016bd\u012f, ta\u010diau negalima \u012fra\u0161yti studij\u0173 program\u0173, kuriose numatytas stojamasis egzaminas jau yra \u012fvyk\u0119s arba iki pagrindin\u0117s stojam\u0173j\u0173 egzamin\u0173 sesijos metu tvarkara\u0161tyje numatyto stojamojo egzamino vertinimo liko ma\u017eiau kaip 24 valandos.<\/em><\/p><p><em>** Pra\u0161ymus \u012f valstyb\u0117s finansuojamas ir studij\u0173 stipendij\u0173 vietas gali teikti tik asmenys, neturintys pasira\u0161yt\u0173 studij\u0173 sutar\u010di\u0173 d\u0117l valstyb\u0117s finansuojam\u0173 viet\u0173 ar studij\u0173 stipendij\u0173.<\/em><\/p>\t\t\t\t\t\t<\/div>\n\t\t\t\t<\/div>\n\t\t\t\t\t<\/div>\n\t\t<\/div>\n\t\t\t\t\t\t\t<\/div>\n\t\t<\/section>\n\t\t\t\t<section class=\"elementor-section elementor-top-section elementor-element elementor-element-3b2d2cc elementor-section-boxed elementor-section-height-default elementor-section-height-default\" data-id=\"3b2d2cc\" data-element_type=\"section\">\n\t\t\t\t\t\t<div class=\"elementor-container elementor-column-gap-default\">\n\t\t\t\t\t<div class=\"elementor-column elementor-col-100 elementor-top-column elementor-element elementor-element-00a4160\" data-id=\"00a4160\" data-element_type=\"column\">\n\t\t\t<div class=\"elementor-widget-wrap elementor-element-populated\">\n\t\t\t\t\t\t\t\t<div class=\"elementor-element elementor-element-fedb8a4 elementor-widget elementor-widget-spacer\" data-id=\"fedb8a4\" data-element_type=\"widget\" data-widget_type=\"spacer.default\">\n\t\t\t\t<div class=\"elementor-widget-container\">\n\t\t\t\t\t<div class=\"elementor-spacer\">\n\t\t\t<div class=\"elementor-spacer-inner\"><\/div>\n\t\t<\/div>\n\t\t\t\t<\/div>\n\t\t\t\t<\/div>\n\t\t\t\t\t<\/div>\n\t\t<\/div>\n\t\t\t\t\t\t\t<\/div>\n\t\t<\/section>\n\t\t\t\t\t\t\t<\/div>\n\t\t","protected":false},"excerpt":{"rendered":"<p>Bendrojo pri\u0117mimo datos Vilniaus technologij\u0173 ir dizaino kolegija \u2013 \u010dia hobis virsta profesija! Naudingos nuorodos Studij\u0173 programos Studij\u0173 kainos Teis\u0117s aktai Minimal\u016bs rodikliai stojantiesiems Pri\u0117mimo taisykl\u0117s Konkursinio balo sandara D\u0117l ypating\u0173 aplinkybi\u0173 datos gali keistis, informacija teikiama LAMA BPO tinklalapyje\u00a0www.lamabpo.lt\u00a0. \u00a0 Pagrindinis pri\u0117mimas Pra\u0161ym\u0173 priimti studijuoti \u012f universitetus ir kolegijas registravimas Vidurinio i\u0161silavinimo, tarptautini\u0173 u\u017esienio&#8230;<\/p>\n","protected":false},"author":1,"featured_media":0,"parent":995579,"menu_order":0,"comment_status":"closed","ping_status":"closed","template":"","meta":{"inline_featured_image":false,"footnotes":""},"class_list":["post-995589","page","type-page","status-publish","hentry"],"yoast_head":"<!-- This site is optimized with the Yoast SEO plugin v19.12 - https:\/\/yoast.com\/wordpress\/plugins\/seo\/ -->\n<title>Bendrojo pri\u0117mimo datos - vtdko<\/title>\n<meta name=\"robots\" content=\"noindex, follow, max-snippet:-1, max-image-preview:large, max-video-preview:-1\" \/>\n<meta property=\"og:locale\" content=\"lt_LT\" \/>\n<meta property=\"og:type\" content=\"article\" \/>\n<meta property=\"og:title\" content=\"Bendrojo pri\u0117mimo datos - vtdko\" \/>\n<meta property=\"og:description\" content=\"Bendrojo pri\u0117mimo datos Vilniaus technologij\u0173 ir dizaino kolegija \u2013 \u010dia hobis virsta profesija! Naudingos nuorodos Studij\u0173 programos Studij\u0173 kainos Teis\u0117s aktai Minimal\u016bs rodikliai stojantiesiems Pri\u0117mimo taisykl\u0117s Konkursinio balo sandara D\u0117l ypating\u0173 aplinkybi\u0173 datos gali keistis, informacija teikiama LAMA BPO tinklalapyje\u00a0www.lamabpo.lt\u00a0. \u00a0 Pagrindinis pri\u0117mimas Pra\u0161ym\u0173 priimti studijuoti \u012f universitetus ir kolegijas registravimas Vidurinio i\u0161silavinimo, tarptautini\u0173 u\u017esienio...\" \/>\n<meta property=\"og:url\" content=\"https:\/\/wp.adisoft.lt\/vtdko\/stojantiesiems-2022-m\/bendrojo-priemimo-datos\/\" \/>\n<meta property=\"og:site_name\" content=\"vtdko\" \/>\n<meta property=\"article:modified_time\" content=\"2023-02-04T09:05:22+00:00\" \/>\n<meta name=\"twitter:card\" content=\"summary_large_image\" \/>\n<script type=\"application\/ld+json\" class=\"yoast-schema-graph\">{\"@context\":\"https:\/\/schema.org\",\"@graph\":[{\"@type\":\"WebPage\",\"@id\":\"https:\/\/wp.adisoft.lt\/vtdko\/stojantiesiems-2022-m\/bendrojo-priemimo-datos\/\",\"url\":\"https:\/\/wp.adisoft.lt\/vtdko\/stojantiesiems-2022-m\/bendrojo-priemimo-datos\/\",\"name\":\"Bendrojo pri\u0117mimo datos - vtdko\",\"isPartOf\":{\"@id\":\"https:\/\/wp.adisoft.lt\/vtdko\/#website\"},\"datePublished\":\"2022-12-19T14:09:46+00:00\",\"dateModified\":\"2023-02-04T09:05:22+00:00\",\"breadcrumb\":{\"@id\":\"https:\/\/wp.adisoft.lt\/vtdko\/stojantiesiems-2022-m\/bendrojo-priemimo-datos\/#breadcrumb\"},\"inLanguage\":\"lt-LT\",\"potentialAction\":[{\"@type\":\"ReadAction\",\"target\":[\"https:\/\/wp.adisoft.lt\/vtdko\/stojantiesiems-2022-m\/bendrojo-priemimo-datos\/\"]}]},{\"@type\":\"BreadcrumbList\",\"@id\":\"https:\/\/wp.adisoft.lt\/vtdko\/stojantiesiems-2022-m\/bendrojo-priemimo-datos\/#breadcrumb\",\"itemListElement\":[{\"@type\":\"ListItem\",\"position\":1,\"name\":\"Pagrindinis\",\"item\":\"https:\/\/wp.adisoft.lt\/vtdko\/\"},{\"@type\":\"ListItem\",\"position\":2,\"name\":\"Stojantiesiems 2022 m.\",\"item\":\"https:\/\/wp.adisoft.lt\/vtdko\/stojantiesiems-2022-m\/\"},{\"@type\":\"ListItem\",\"position\":3,\"name\":\"Bendrojo pri\u0117mimo datos\"}]},{\"@type\":\"WebSite\",\"@id\":\"https:\/\/wp.adisoft.lt\/vtdko\/#website\",\"url\":\"https:\/\/wp.adisoft.lt\/vtdko\/\",\"name\":\"vtdko\",\"description\":\"Vilniaus technologij\u0173 ir dizaino kolegija\",\"publisher\":{\"@id\":\"https:\/\/wp.adisoft.lt\/vtdko\/#organization\"},\"potentialAction\":[{\"@type\":\"SearchAction\",\"target\":{\"@type\":\"EntryPoint\",\"urlTemplate\":\"https:\/\/wp.adisoft.lt\/vtdko\/?s={search_term_string}\"},\"query-input\":\"required name=search_term_string\"}],\"inLanguage\":\"lt-LT\"},{\"@type\":\"Organization\",\"@id\":\"https:\/\/wp.adisoft.lt\/vtdko\/#organization\",\"name\":\"vtdko\",\"url\":\"https:\/\/wp.adisoft.lt\/vtdko\/\",\"logo\":{\"@type\":\"ImageObject\",\"inLanguage\":\"lt-LT\",\"@id\":\"https:\/\/wp.adisoft.lt\/vtdko\/#\/schema\/logo\/image\/\",\"url\":\"https:\/\/wp.adisoft.lt\/vtdko\/wp-content\/uploads\/2020\/02\/Logo-su-tekstu-01.svg\",\"contentUrl\":\"https:\/\/wp.adisoft.lt\/vtdko\/wp-content\/uploads\/2020\/02\/Logo-su-tekstu-01.svg\",\"width\":151,\"height\":74,\"caption\":\"vtdko\"},\"image\":{\"@id\":\"https:\/\/wp.adisoft.lt\/vtdko\/#\/schema\/logo\/image\/\"}}]}<\/script>\n<!-- \/ Yoast SEO plugin. -->","yoast_head_json":{"title":"Bendrojo pri\u0117mimo datos - vtdko","robots":{"index":"noindex","follow":"follow","max-snippet":"max-snippet:-1","max-image-preview":"max-image-preview:large","max-video-preview":"max-video-preview:-1"},"og_locale":"lt_LT","og_type":"article","og_title":"Bendrojo pri\u0117mimo datos - vtdko","og_description":"Bendrojo pri\u0117mimo datos Vilniaus technologij\u0173 ir dizaino kolegija \u2013 \u010dia hobis virsta profesija! Naudingos nuorodos Studij\u0173 programos Studij\u0173 kainos Teis\u0117s aktai Minimal\u016bs rodikliai stojantiesiems Pri\u0117mimo taisykl\u0117s Konkursinio balo sandara D\u0117l ypating\u0173 aplinkybi\u0173 datos gali keistis, informacija teikiama LAMA BPO tinklalapyje\u00a0www.lamabpo.lt\u00a0. \u00a0 Pagrindinis pri\u0117mimas Pra\u0161ym\u0173 priimti studijuoti \u012f universitetus ir kolegijas registravimas Vidurinio i\u0161silavinimo, tarptautini\u0173 u\u017esienio...","og_url":"https:\/\/wp.adisoft.lt\/vtdko\/stojantiesiems-2022-m\/bendrojo-priemimo-datos\/","og_site_name":"vtdko","article_modified_time":"2023-02-04T09:05:22+00:00","twitter_card":"summary_large_image","schema":{"@context":"https:\/\/schema.org","@graph":[{"@type":"WebPage","@id":"https:\/\/wp.adisoft.lt\/vtdko\/stojantiesiems-2022-m\/bendrojo-priemimo-datos\/","url":"https:\/\/wp.adisoft.lt\/vtdko\/stojantiesiems-2022-m\/bendrojo-priemimo-datos\/","name":"Bendrojo pri\u0117mimo datos - vtdko","isPartOf":{"@id":"https:\/\/wp.adisoft.lt\/vtdko\/#website"},"datePublished":"2022-12-19T14:09:46+00:00","dateModified":"2023-02-04T09:05:22+00:00","breadcrumb":{"@id":"https:\/\/wp.adisoft.lt\/vtdko\/stojantiesiems-2022-m\/bendrojo-priemimo-datos\/#breadcrumb"},"inLanguage":"lt-LT","potentialAction":[{"@type":"ReadAction","target":["https:\/\/wp.adisoft.lt\/vtdko\/stojantiesiems-2022-m\/bendrojo-priemimo-datos\/"]}]},{"@type":"BreadcrumbList","@id":"https:\/\/wp.adisoft.lt\/vtdko\/stojantiesiems-2022-m\/bendrojo-priemimo-datos\/#breadcrumb","itemListElement":[{"@type":"ListItem","position":1,"name":"Pagrindinis","item":"https:\/\/wp.adisoft.lt\/vtdko\/"},{"@type":"ListItem","position":2,"name":"Stojantiesiems 2022 m.","item":"https:\/\/wp.adisoft.lt\/vtdko\/stojantiesiems-2022-m\/"},{"@type":"ListItem","position":3,"name":"Bendrojo pri\u0117mimo datos"}]},{"@type":"WebSite","@id":"https:\/\/wp.adisoft.lt\/vtdko\/#website","url":"https:\/\/wp.adisoft.lt\/vtdko\/","name":"vtdko","description":"Vilniaus technologij\u0173 ir dizaino kolegija","publisher":{"@id":"https:\/\/wp.adisoft.lt\/vtdko\/#organization"},"potentialAction":[{"@type":"SearchAction","target":{"@type":"EntryPoint","urlTemplate":"https:\/\/wp.adisoft.lt\/vtdko\/?s={search_term_string}"},"query-input":"required name=search_term_string"}],"inLanguage":"lt-LT"},{"@type":"Organization","@id":"https:\/\/wp.adisoft.lt\/vtdko\/#organization","name":"vtdko","url":"https:\/\/wp.adisoft.lt\/vtdko\/","logo":{"@type":"ImageObject","inLanguage":"lt-LT","@id":"https:\/\/wp.adisoft.lt\/vtdko\/#\/schema\/logo\/image\/","url":"https:\/\/wp.adisoft.lt\/vtdko\/wp-content\/uploads\/2020\/02\/Logo-su-tekstu-01.svg","contentUrl":"https:\/\/wp.adisoft.lt\/vtdko\/wp-content\/uploads\/2020\/02\/Logo-su-tekstu-01.svg","width":151,"height":74,"caption":"vtdko"},"image":{"@id":"https:\/\/wp.adisoft.lt\/vtdko\/#\/schema\/logo\/image\/"}}]}},"_links":{"self":[{"href":"https:\/\/wp.adisoft.lt\/vtdko\/wp-json\/wp\/v2\/pages\/995589","targetHints":{"allow":["GET"]}}],"collection":[{"href":"https:\/\/wp.adisoft.lt\/vtdko\/wp-json\/wp\/v2\/pages"}],"about":[{"href":"https:\/\/wp.adisoft.lt\/vtdko\/wp-json\/wp\/v2\/types\/page"}],"author":[{"embeddable":true,"href":"https:\/\/wp.adisoft.lt\/vtdko\/wp-json\/wp\/v2\/users\/1"}],"replies":[{"embeddable":true,"href":"https:\/\/wp.adisoft.lt\/vtdko\/wp-json\/wp\/v2\/comments?post=995589"}],"version-history":[{"count":10,"href":"https:\/\/wp.adisoft.lt\/vtdko\/wp-json\/wp\/v2\/pages\/995589\/revisions"}],"predecessor-version":[{"id":999594,"href":"https:\/\/wp.adisoft.lt\/vtdko\/wp-json\/wp\/v2\/pages\/995589\/revisions\/999594"}],"up":[{"embeddable":true,"href":"https:\/\/wp.adisoft.lt\/vtdko\/wp-json\/wp\/v2\/pages\/995579"}],"wp:attachment":[{"href":"https:\/\/wp.adisoft.lt\/vtdko\/wp-json\/wp\/v2\/media?parent=995589"}],"curies":[{"name":"wp","href":"https:\/\/api.w.org\/{rel}","templated":true}]}}