{"id":995592,"date":"2022-12-19T17:10:26","date_gmt":"2022-12-19T14:10:26","guid":{"rendered":"https:\/\/wp.adisoft.lt\/vtdko\/?page_id=995592"},"modified":"2023-02-04T12:05:33","modified_gmt":"2023-02-04T09:05:33","slug":"teises-aktai","status":"publish","type":"page","link":"https:\/\/wp.adisoft.lt\/vtdko\/stojantiesiems-2022-m\/teises-aktai\/","title":{"rendered":"Teis\u0117s aktai"},"content":{"rendered":"\t\t<div data-elementor-type=\"wp-page\" data-elementor-id=\"995592\" class=\"elementor elementor-995592\">\n\t\t\t\t\t\t\t\t\t<section class=\"elementor-section elementor-top-section elementor-element elementor-element-d8095c8 elementor-section-height-min-height elementor-section-boxed elementor-section-height-default elementor-section-items-middle\" data-id=\"d8095c8\" data-element_type=\"section\" data-settings=\"{&quot;background_background&quot;:&quot;classic&quot;,&quot;animation&quot;:&quot;none&quot;}\">\n\t\t\t\t\t\t<div class=\"elementor-container elementor-column-gap-default\">\n\t\t\t\t\t<div class=\"elementor-column elementor-col-100 elementor-top-column elementor-element elementor-element-22c3eed\" data-id=\"22c3eed\" data-element_type=\"column\" data-settings=\"{&quot;background_background&quot;:&quot;classic&quot;}\">\n\t\t\t<div class=\"elementor-widget-wrap\">\n\t\t\t\t\t\t\t\t\t<\/div>\n\t\t<\/div>\n\t\t\t\t\t\t\t<\/div>\n\t\t<\/section>\n\t\t\t\t<section class=\"elementor-section elementor-top-section elementor-element elementor-element-42b07f5 elementor-section-boxed elementor-section-height-default elementor-section-height-default\" data-id=\"42b07f5\" data-element_type=\"section\" data-settings=\"{&quot;animation&quot;:&quot;none&quot;,&quot;animation_tablet&quot;:&quot;none&quot;,&quot;animation_mobile&quot;:&quot;none&quot;}\">\n\t\t\t\t\t\t<div class=\"elementor-container elementor-column-gap-no\">\n\t\t\t\t\t<div class=\"elementor-column elementor-col-50 elementor-top-column elementor-element elementor-element-66bbd3d animated-fast elementor-invisible\" data-id=\"66bbd3d\" data-element_type=\"column\" data-settings=\"{&quot;background_background&quot;:&quot;classic&quot;,&quot;animation&quot;:&quot;fadeIn&quot;,&quot;animation_delay&quot;:100}\">\n\t\t\t<div class=\"elementor-widget-wrap elementor-element-populated\">\n\t\t\t\t\t\t\t\t<div class=\"elementor-element elementor-element-4fc2acd elementor-widget__width-auto elementor-widget-tablet__width-auto elementor-widget-mobile__width-inherit elementor-widget elementor-widget-heading\" data-id=\"4fc2acd\" data-element_type=\"widget\" data-settings=\"{&quot;_animation&quot;:&quot;none&quot;,&quot;_animation_delay&quot;:200}\" data-widget_type=\"heading.heading_charityfy\">\n\t\t\t\t<div class=\"elementor-widget-container\">\n\t\t\t<h1 class=\"elementor-heading-title elementor-size-default\">Teis\u0117s aktai<\/h1>\t\t<\/div>\n\t\t\t\t<\/div>\n\t\t\t\t<div class=\"elementor-element elementor-element-df1221e elementor-widget elementor-widget-text-editor\" data-id=\"df1221e\" data-element_type=\"widget\" data-settings=\"{&quot;_animation&quot;:&quot;none&quot;,&quot;_animation_delay&quot;:300}\" data-widget_type=\"text-editor.default\">\n\t\t\t\t<div class=\"elementor-widget-container\">\n\t\t\t\t\t\t\t<p>Vilniaus technologij\u0173 ir dizaino kolegija \u2013 \u010dia hobis virsta profesija!<\/p>\t\t\t\t\t\t<\/div>\n\t\t\t\t<\/div>\n\t\t\t\t\t<\/div>\n\t\t<\/div>\n\t\t\t\t<div class=\"elementor-column elementor-col-50 elementor-top-column elementor-element elementor-element-a749c06 elementor-hidden-desktop elementor-hidden-tablet elementor-hidden-phone\" data-id=\"a749c06\" data-element_type=\"column\">\n\t\t\t<div class=\"elementor-widget-wrap\">\n\t\t\t\t\t\t\t\t\t<\/div>\n\t\t<\/div>\n\t\t\t\t\t\t\t<\/div>\n\t\t<\/section>\n\t\t\t\t<section class=\"elementor-section elementor-top-section elementor-element elementor-element-ce174cf elementor-section-boxed elementor-section-height-default elementor-section-height-default\" data-id=\"ce174cf\" data-element_type=\"section\" data-settings=\"{&quot;background_background&quot;:&quot;classic&quot;}\">\n\t\t\t\t\t\t<div class=\"elementor-container elementor-column-gap-default\">\n\t\t\t\t\t<div class=\"elementor-column elementor-col-100 elementor-top-column elementor-element elementor-element-9f5880f\" data-id=\"9f5880f\" data-element_type=\"column\">\n\t\t\t<div class=\"elementor-widget-wrap elementor-element-populated\">\n\t\t\t\t\t\t\t\t<div class=\"elementor-element elementor-element-bffdd5d elementor-widget elementor-widget-heading\" data-id=\"bffdd5d\" data-element_type=\"widget\" data-widget_type=\"heading.default\">\n\t\t\t\t<div class=\"elementor-widget-container\">\n\t\t\t<h3 class=\"elementor-heading-title elementor-size-default\">Naudingos nuorodos<\/h3>\t\t<\/div>\n\t\t\t\t<\/div>\n\t\t\t\t<section class=\"elementor-section elementor-inner-section elementor-element elementor-element-fdf8e1b elementor-section-boxed elementor-section-height-default elementor-section-height-default\" data-id=\"fdf8e1b\" data-element_type=\"section\">\n\t\t\t\t\t\t<div class=\"elementor-container elementor-column-gap-default\">\n\t\t\t\t\t<div class=\"elementor-column elementor-col-33 elementor-inner-column elementor-element elementor-element-6e044a5\" data-id=\"6e044a5\" data-element_type=\"column\">\n\t\t\t<div class=\"elementor-widget-wrap elementor-element-populated\">\n\t\t\t\t\t\t\t\t<div class=\"elementor-element elementor-element-2921917 elementor-align-left elementor-tablet-align-center elementor-widget elementor-widget-button\" data-id=\"2921917\" data-element_type=\"widget\" data-settings=\"{&quot;_animation&quot;:&quot;none&quot;,&quot;_animation_tablet&quot;:&quot;none&quot;,&quot;_animation_mobile&quot;:&quot;none&quot;,&quot;_animation_delay&quot;:300}\" data-widget_type=\"button.default\">\n\t\t\t\t<div class=\"elementor-widget-container\">\n\t\t\t\t\t<div class=\"elementor-button-wrapper\">\n\t\t\t<a href=\"https:\/\/wp.adisoft.lt\/vtdko\/stojantiesiems-2022-m\/studiju-programos\/\" class=\"elementor-button-link elementor-button elementor-size-sm\" role=\"button\" id=\"page_menu\">\n\t\t\t\t\t\t<span class=\"elementor-button-content-wrapper\">\n\t\t\t\t\t\t\t<span class=\"elementor-button-icon elementor-align-icon-right\">\n\t\t\t\t<i aria-hidden=\"true\" class=\"vamtamtheme- vamtam-theme-arrow-right\"><\/i>\t\t\t<\/span>\n\t\t\t\t\t\t<span class=\"elementor-button-text\">Studij\u0173 programos<\/span>\n\t\t<\/span>\n\t\t\t\t\t<\/a>\n\t\t<\/div>\n\t\t\t\t<\/div>\n\t\t\t\t<\/div>\n\t\t\t\t<div class=\"elementor-element elementor-element-93198ba elementor-align-left elementor-tablet-align-center elementor-widget elementor-widget-button\" data-id=\"93198ba\" data-element_type=\"widget\" data-settings=\"{&quot;_animation&quot;:&quot;none&quot;,&quot;_animation_tablet&quot;:&quot;none&quot;,&quot;_animation_mobile&quot;:&quot;none&quot;,&quot;_animation_delay&quot;:300}\" data-widget_type=\"button.default\">\n\t\t\t\t<div class=\"elementor-widget-container\">\n\t\t\t\t\t<div class=\"elementor-button-wrapper\">\n\t\t\t<a href=\"https:\/\/wp.adisoft.lt\/vtdko\/studiju-kainos\/\" class=\"elementor-button-link elementor-button elementor-size-sm\" role=\"button\" id=\"page_menu\">\n\t\t\t\t\t\t<span class=\"elementor-button-content-wrapper\">\n\t\t\t\t\t\t\t<span class=\"elementor-button-icon elementor-align-icon-right\">\n\t\t\t\t<i aria-hidden=\"true\" class=\"vamtamtheme- vamtam-theme-arrow-right\"><\/i>\t\t\t<\/span>\n\t\t\t\t\t\t<span class=\"elementor-button-text\">Studij\u0173 kainos<\/span>\n\t\t<\/span>\n\t\t\t\t\t<\/a>\n\t\t<\/div>\n\t\t\t\t<\/div>\n\t\t\t\t<\/div>\n\t\t\t\t\t<\/div>\n\t\t<\/div>\n\t\t\t\t<div class=\"elementor-column elementor-col-33 elementor-inner-column elementor-element elementor-element-a1197ea\" data-id=\"a1197ea\" data-element_type=\"column\">\n\t\t\t<div class=\"elementor-widget-wrap elementor-element-populated\">\n\t\t\t\t\t\t\t\t<div class=\"elementor-element elementor-element-f688dea elementor-align-left elementor-tablet-align-center elementor-widget elementor-widget-button\" data-id=\"f688dea\" data-element_type=\"widget\" data-settings=\"{&quot;_animation&quot;:&quot;none&quot;,&quot;_animation_tablet&quot;:&quot;none&quot;,&quot;_animation_mobile&quot;:&quot;none&quot;,&quot;_animation_delay&quot;:300}\" data-widget_type=\"button.default\">\n\t\t\t\t<div class=\"elementor-widget-container\">\n\t\t\t\t\t<div class=\"elementor-button-wrapper\">\n\t\t\t<a href=\"https:\/\/wp.adisoft.lt\/vtdko\/stojantiesiems-2022-m\/minimalus-rodikliai-stojantiesiems\/\" class=\"elementor-button-link elementor-button elementor-size-sm\" role=\"button\" id=\"page_menu\">\n\t\t\t\t\t\t<span class=\"elementor-button-content-wrapper\">\n\t\t\t\t\t\t\t<span class=\"elementor-button-icon elementor-align-icon-right\">\n\t\t\t\t<i aria-hidden=\"true\" class=\"vamtamtheme- vamtam-theme-arrow-right\"><\/i>\t\t\t<\/span>\n\t\t\t\t\t\t<span class=\"elementor-button-text\">Minimal\u016bs rodikliai stojantiesiems<\/span>\n\t\t<\/span>\n\t\t\t\t\t<\/a>\n\t\t<\/div>\n\t\t\t\t<\/div>\n\t\t\t\t<\/div>\n\t\t\t\t<div class=\"elementor-element elementor-element-611dcfb elementor-align-left elementor-tablet-align-center elementor-widget elementor-widget-button\" data-id=\"611dcfb\" data-element_type=\"widget\" data-settings=\"{&quot;_animation&quot;:&quot;none&quot;,&quot;_animation_tablet&quot;:&quot;none&quot;,&quot;_animation_mobile&quot;:&quot;none&quot;,&quot;_animation_delay&quot;:200}\" data-widget_type=\"button.default\">\n\t\t\t\t<div class=\"elementor-widget-container\">\n\t\t\t\t\t<div class=\"elementor-button-wrapper\">\n\t\t\t<a href=\"https:\/\/wp.adisoft.lt\/vtdko\/stojantiesiems-2022-m\/bendrojo-priemimo-datos\/\" class=\"elementor-button-link elementor-button elementor-size-sm\" role=\"button\" id=\"page_menu\">\n\t\t\t\t\t\t<span class=\"elementor-button-content-wrapper\">\n\t\t\t\t\t\t\t<span class=\"elementor-button-icon elementor-align-icon-right\">\n\t\t\t\t<i aria-hidden=\"true\" class=\"vamtamtheme- vamtam-theme-arrow-right\"><\/i>\t\t\t<\/span>\n\t\t\t\t\t\t<span class=\"elementor-button-text\">Bendrojo pri\u0117mimo datos<\/span>\n\t\t<\/span>\n\t\t\t\t\t<\/a>\n\t\t<\/div>\n\t\t\t\t<\/div>\n\t\t\t\t<\/div>\n\t\t\t\t\t<\/div>\n\t\t<\/div>\n\t\t\t\t<div class=\"elementor-column elementor-col-33 elementor-inner-column elementor-element elementor-element-113e862\" data-id=\"113e862\" data-element_type=\"column\">\n\t\t\t<div class=\"elementor-widget-wrap elementor-element-populated\">\n\t\t\t\t\t\t\t\t<div class=\"elementor-element elementor-element-7e70bd3 elementor-align-left elementor-tablet-align-center elementor-widget elementor-widget-button\" data-id=\"7e70bd3\" data-element_type=\"widget\" data-settings=\"{&quot;_animation&quot;:&quot;none&quot;,&quot;_animation_tablet&quot;:&quot;none&quot;,&quot;_animation_mobile&quot;:&quot;none&quot;,&quot;_animation_delay&quot;:400}\" data-widget_type=\"button.default\">\n\t\t\t\t<div class=\"elementor-widget-container\">\n\t\t\t\t\t<div class=\"elementor-button-wrapper\">\n\t\t\t<a href=\"http:\/\/Pri\u0117mimo%20taisykl\u0117s\" class=\"elementor-button-link elementor-button elementor-size-sm\" role=\"button\" id=\"page_menu\">\n\t\t\t\t\t\t<span class=\"elementor-button-content-wrapper\">\n\t\t\t\t\t\t\t<span class=\"elementor-button-icon elementor-align-icon-right\">\n\t\t\t\t<i aria-hidden=\"true\" class=\"vamtamtheme- vamtam-theme-arrow-right\"><\/i>\t\t\t<\/span>\n\t\t\t\t\t\t<span class=\"elementor-button-text\">Pri\u0117mimo taisykl\u0117s<\/span>\n\t\t<\/span>\n\t\t\t\t\t<\/a>\n\t\t<\/div>\n\t\t\t\t<\/div>\n\t\t\t\t<\/div>\n\t\t\t\t<div class=\"elementor-element elementor-element-f435f60 elementor-align-left elementor-tablet-align-center elementor-widget elementor-widget-button\" data-id=\"f435f60\" data-element_type=\"widget\" data-settings=\"{&quot;_animation&quot;:&quot;none&quot;,&quot;_animation_tablet&quot;:&quot;none&quot;,&quot;_animation_mobile&quot;:&quot;none&quot;,&quot;_animation_delay&quot;:300}\" data-widget_type=\"button.default\">\n\t\t\t\t<div class=\"elementor-widget-container\">\n\t\t\t\t\t<div class=\"elementor-button-wrapper\">\n\t\t\t<a href=\"https:\/\/wp.adisoft.lt\/vtdko\/stojantiesiems-2022-m\/konkursinio-balo-sandara\/\" class=\"elementor-button-link elementor-button elementor-size-sm\" role=\"button\" id=\"page_menu\">\n\t\t\t\t\t\t<span class=\"elementor-button-content-wrapper\">\n\t\t\t\t\t\t\t<span class=\"elementor-button-icon elementor-align-icon-right\">\n\t\t\t\t<i aria-hidden=\"true\" class=\"vamtamtheme- vamtam-theme-arrow-right\"><\/i>\t\t\t<\/span>\n\t\t\t\t\t\t<span class=\"elementor-button-text\">Konkursinio balo sandara<\/span>\n\t\t<\/span>\n\t\t\t\t\t<\/a>\n\t\t<\/div>\n\t\t\t\t<\/div>\n\t\t\t\t<\/div>\n\t\t\t\t\t<\/div>\n\t\t<\/div>\n\t\t\t\t\t\t\t<\/div>\n\t\t<\/section>\n\t\t\t\t\t<\/div>\n\t\t<\/div>\n\t\t\t\t\t\t\t<\/div>\n\t\t<\/section>\n\t\t\t\t<section class=\"elementor-section elementor-top-section elementor-element elementor-element-38faf64 elementor-section-boxed elementor-section-height-default elementor-section-height-default\" data-id=\"38faf64\" data-element_type=\"section\">\n\t\t\t\t\t\t<div class=\"elementor-container elementor-column-gap-default\">\n\t\t\t\t\t<div class=\"elementor-column elementor-col-100 elementor-top-column elementor-element elementor-element-3091253\" data-id=\"3091253\" data-element_type=\"column\">\n\t\t\t<div class=\"elementor-widget-wrap elementor-element-populated\">\n\t\t\t\t\t\t\t\t<div class=\"elementor-element elementor-element-25a5b16 elementor-widget elementor-widget-spacer\" data-id=\"25a5b16\" data-element_type=\"widget\" data-widget_type=\"spacer.default\">\n\t\t\t\t<div class=\"elementor-widget-container\">\n\t\t\t\t\t<div class=\"elementor-spacer\">\n\t\t\t<div class=\"elementor-spacer-inner\"><\/div>\n\t\t<\/div>\n\t\t\t\t<\/div>\n\t\t\t\t<\/div>\n\t\t\t\t<div class=\"elementor-element elementor-element-274be07 elementor-widget elementor-widget-text-editor\" data-id=\"274be07\" data-element_type=\"widget\" data-widget_type=\"text-editor.default\">\n\t\t\t\t<div class=\"elementor-widget-container\">\n\t\t\t\t\t\t\t<p><a href=\"https:\/\/www.e-tar.lt\/portal\/lt\/legalAct\/aaf74b408e0a11e7a3c4a5eb10f04386\/asr\">D\u0117l asmen\u0173, pretenduojan\u010di\u0173 nuo 2020 met\u0173 \u012f auk\u0161t\u0173j\u0173 mokykl\u0173 pirmosios pakopos ir vientis\u0173j\u0173 studij\u0173 vietas, mokymosi rezultat\u0173 minimali\u0173 rodikli\u0173 patvirtinimo<\/a>.<\/p><p><a href=\"https:\/\/www.e-tar.lt\/portal\/lt\/legalAct\/45ba659051ca11ec862fdcbc8b3e3e05\">D\u0117l stojan\u010di\u0173j\u0173 \u012f pirmosios pakopos ir vientis\u0173j\u0173 studij\u0173 valstyb\u0117s finansuojamas studij\u0173 vietas ir pretenduojan\u010di\u0173j\u0173 \u012f studij\u0173 stipendijas konkursin\u0117s eil\u0117s sudarymo 2022 metais tvarkos apra\u0161o patvirtinimo.<\/a><\/p><p><a href=\"https:\/\/bakalauras.lamabpo.lt\/wp-content\/uploads\/2020\/09\/LKDK_sujungtas.pdf\">2022 met\u0173 stojan\u010di\u0173j\u0173 \u012f kolegines studijas konkursin\u0173 mokom\u0173j\u0173 dalyk\u0173 pagal studij\u0173 kryptis s\u0105ra\u0161as.<\/a><\/p><p><a href=\"https:\/\/www.e-tar.lt\/portal\/lt\/legalAct\/37a29be0b1fc11eab9d9cd0c85e0b745\/asr?fbclid=IwAR3-OCdfd3C1kNGwy-PSxXOMyYt86sWBdjj32EP8d4ZcjoD41xKFynpazcY\">D\u0117l u\u017esienio \u0161ali\u0173 institucijose ar pagal tarptautini\u0173 organizacij\u0173 \u0161vietimo programas i\u0161silavinim\u0105 \u012fgijusi\u0173 asmen\u0173 konkuravimo d\u0117l pri\u0117mimo \u012f valstyb\u0117s finansuojamas studij\u0173 auk\u0161tosiose mokyklose vietas tvarkos apra\u0161o patvirtinimo.<\/a><\/p>\t\t\t\t\t\t<\/div>\n\t\t\t\t<\/div>\n\t\t\t\t\t<\/div>\n\t\t<\/div>\n\t\t\t\t\t\t\t<\/div>\n\t\t<\/section>\n\t\t\t\t<section class=\"elementor-section elementor-top-section elementor-element elementor-element-3b2d2cc elementor-section-boxed elementor-section-height-default elementor-section-height-default\" data-id=\"3b2d2cc\" data-element_type=\"section\">\n\t\t\t\t\t\t<div class=\"elementor-container elementor-column-gap-default\">\n\t\t\t\t\t<div class=\"elementor-column elementor-col-100 elementor-top-column elementor-element elementor-element-00a4160\" data-id=\"00a4160\" data-element_type=\"column\">\n\t\t\t<div class=\"elementor-widget-wrap elementor-element-populated\">\n\t\t\t\t\t\t\t\t<div class=\"elementor-element elementor-element-fedb8a4 elementor-widget elementor-widget-spacer\" data-id=\"fedb8a4\" data-element_type=\"widget\" data-widget_type=\"spacer.default\">\n\t\t\t\t<div class=\"elementor-widget-container\">\n\t\t\t\t\t<div class=\"elementor-spacer\">\n\t\t\t<div class=\"elementor-spacer-inner\"><\/div>\n\t\t<\/div>\n\t\t\t\t<\/div>\n\t\t\t\t<\/div>\n\t\t\t\t\t<\/div>\n\t\t<\/div>\n\t\t\t\t\t\t\t<\/div>\n\t\t<\/section>\n\t\t\t\t\t\t\t<\/div>\n\t\t","protected":false},"excerpt":{"rendered":"<p>Teis\u0117s aktai Vilniaus technologij\u0173 ir dizaino kolegija \u2013 \u010dia hobis virsta profesija! Naudingos nuorodos Studij\u0173 programos Studij\u0173 kainos Minimal\u016bs rodikliai stojantiesiems Bendrojo pri\u0117mimo datos Pri\u0117mimo taisykl\u0117s Konkursinio balo sandara D\u0117l asmen\u0173, pretenduojan\u010di\u0173 nuo 2020 met\u0173 \u012f auk\u0161t\u0173j\u0173 mokykl\u0173 pirmosios pakopos ir vientis\u0173j\u0173 studij\u0173 vietas, mokymosi rezultat\u0173 minimali\u0173 rodikli\u0173 patvirtinimo. D\u0117l stojan\u010di\u0173j\u0173 \u012f pirmosios pakopos ir&#8230;<\/p>\n","protected":false},"author":1,"featured_media":0,"parent":995579,"menu_order":0,"comment_status":"closed","ping_status":"closed","template":"","meta":{"inline_featured_image":false,"footnotes":""},"class_list":["post-995592","page","type-page","status-publish","hentry"],"yoast_head":"<!-- This site is optimized with the Yoast SEO plugin v19.12 - https:\/\/yoast.com\/wordpress\/plugins\/seo\/ -->\n<title>Teis\u0117s aktai - vtdko<\/title>\n<meta name=\"robots\" content=\"noindex, follow, max-snippet:-1, max-image-preview:large, max-video-preview:-1\" \/>\n<meta property=\"og:locale\" content=\"lt_LT\" \/>\n<meta property=\"og:type\" content=\"article\" \/>\n<meta property=\"og:title\" content=\"Teis\u0117s aktai - vtdko\" \/>\n<meta property=\"og:description\" content=\"Teis\u0117s aktai Vilniaus technologij\u0173 ir dizaino kolegija \u2013 \u010dia hobis virsta profesija! Naudingos nuorodos Studij\u0173 programos Studij\u0173 kainos Minimal\u016bs rodikliai stojantiesiems Bendrojo pri\u0117mimo datos Pri\u0117mimo taisykl\u0117s Konkursinio balo sandara D\u0117l asmen\u0173, pretenduojan\u010di\u0173 nuo 2020 met\u0173 \u012f auk\u0161t\u0173j\u0173 mokykl\u0173 pirmosios pakopos ir vientis\u0173j\u0173 studij\u0173 vietas, mokymosi rezultat\u0173 minimali\u0173 rodikli\u0173 patvirtinimo. D\u0117l stojan\u010di\u0173j\u0173 \u012f pirmosios pakopos ir...\" \/>\n<meta property=\"og:url\" content=\"https:\/\/wp.adisoft.lt\/vtdko\/stojantiesiems-2022-m\/teises-aktai\/\" \/>\n<meta property=\"og:site_name\" content=\"vtdko\" \/>\n<meta property=\"article:modified_time\" content=\"2023-02-04T09:05:33+00:00\" \/>\n<meta name=\"twitter:card\" content=\"summary_large_image\" \/>\n<meta name=\"twitter:label1\" content=\"Est. reading time\" \/>\n\t<meta name=\"twitter:data1\" content=\"1 minut\u0117\" \/>\n<script type=\"application\/ld+json\" class=\"yoast-schema-graph\">{\"@context\":\"https:\/\/schema.org\",\"@graph\":[{\"@type\":\"WebPage\",\"@id\":\"https:\/\/wp.adisoft.lt\/vtdko\/stojantiesiems-2022-m\/teises-aktai\/\",\"url\":\"https:\/\/wp.adisoft.lt\/vtdko\/stojantiesiems-2022-m\/teises-aktai\/\",\"name\":\"Teis\u0117s aktai - vtdko\",\"isPartOf\":{\"@id\":\"https:\/\/wp.adisoft.lt\/vtdko\/#website\"},\"datePublished\":\"2022-12-19T14:10:26+00:00\",\"dateModified\":\"2023-02-04T09:05:33+00:00\",\"breadcrumb\":{\"@id\":\"https:\/\/wp.adisoft.lt\/vtdko\/stojantiesiems-2022-m\/teises-aktai\/#breadcrumb\"},\"inLanguage\":\"lt-LT\",\"potentialAction\":[{\"@type\":\"ReadAction\",\"target\":[\"https:\/\/wp.adisoft.lt\/vtdko\/stojantiesiems-2022-m\/teises-aktai\/\"]}]},{\"@type\":\"BreadcrumbList\",\"@id\":\"https:\/\/wp.adisoft.lt\/vtdko\/stojantiesiems-2022-m\/teises-aktai\/#breadcrumb\",\"itemListElement\":[{\"@type\":\"ListItem\",\"position\":1,\"name\":\"Pagrindinis\",\"item\":\"https:\/\/wp.adisoft.lt\/vtdko\/\"},{\"@type\":\"ListItem\",\"position\":2,\"name\":\"Stojantiesiems 2022 m.\",\"item\":\"https:\/\/wp.adisoft.lt\/vtdko\/stojantiesiems-2022-m\/\"},{\"@type\":\"ListItem\",\"position\":3,\"name\":\"Teis\u0117s aktai\"}]},{\"@type\":\"WebSite\",\"@id\":\"https:\/\/wp.adisoft.lt\/vtdko\/#website\",\"url\":\"https:\/\/wp.adisoft.lt\/vtdko\/\",\"name\":\"vtdko\",\"description\":\"Vilniaus technologij\u0173 ir dizaino kolegija\",\"publisher\":{\"@id\":\"https:\/\/wp.adisoft.lt\/vtdko\/#organization\"},\"potentialAction\":[{\"@type\":\"SearchAction\",\"target\":{\"@type\":\"EntryPoint\",\"urlTemplate\":\"https:\/\/wp.adisoft.lt\/vtdko\/?s={search_term_string}\"},\"query-input\":\"required name=search_term_string\"}],\"inLanguage\":\"lt-LT\"},{\"@type\":\"Organization\",\"@id\":\"https:\/\/wp.adisoft.lt\/vtdko\/#organization\",\"name\":\"vtdko\",\"url\":\"https:\/\/wp.adisoft.lt\/vtdko\/\",\"logo\":{\"@type\":\"ImageObject\",\"inLanguage\":\"lt-LT\",\"@id\":\"https:\/\/wp.adisoft.lt\/vtdko\/#\/schema\/logo\/image\/\",\"url\":\"https:\/\/wp.adisoft.lt\/vtdko\/wp-content\/uploads\/2020\/02\/Logo-su-tekstu-01.svg\",\"contentUrl\":\"https:\/\/wp.adisoft.lt\/vtdko\/wp-content\/uploads\/2020\/02\/Logo-su-tekstu-01.svg\",\"width\":151,\"height\":74,\"caption\":\"vtdko\"},\"image\":{\"@id\":\"https:\/\/wp.adisoft.lt\/vtdko\/#\/schema\/logo\/image\/\"}}]}<\/script>\n<!-- \/ Yoast SEO plugin. -->","yoast_head_json":{"title":"Teis\u0117s aktai - vtdko","robots":{"index":"noindex","follow":"follow","max-snippet":"max-snippet:-1","max-image-preview":"max-image-preview:large","max-video-preview":"max-video-preview:-1"},"og_locale":"lt_LT","og_type":"article","og_title":"Teis\u0117s aktai - vtdko","og_description":"Teis\u0117s aktai Vilniaus technologij\u0173 ir dizaino kolegija \u2013 \u010dia hobis virsta profesija! Naudingos nuorodos Studij\u0173 programos Studij\u0173 kainos Minimal\u016bs rodikliai stojantiesiems Bendrojo pri\u0117mimo datos Pri\u0117mimo taisykl\u0117s Konkursinio balo sandara D\u0117l asmen\u0173, pretenduojan\u010di\u0173 nuo 2020 met\u0173 \u012f auk\u0161t\u0173j\u0173 mokykl\u0173 pirmosios pakopos ir vientis\u0173j\u0173 studij\u0173 vietas, mokymosi rezultat\u0173 minimali\u0173 rodikli\u0173 patvirtinimo. D\u0117l stojan\u010di\u0173j\u0173 \u012f pirmosios pakopos ir...","og_url":"https:\/\/wp.adisoft.lt\/vtdko\/stojantiesiems-2022-m\/teises-aktai\/","og_site_name":"vtdko","article_modified_time":"2023-02-04T09:05:33+00:00","twitter_card":"summary_large_image","twitter_misc":{"Est. reading time":"1 minut\u0117"},"schema":{"@context":"https:\/\/schema.org","@graph":[{"@type":"WebPage","@id":"https:\/\/wp.adisoft.lt\/vtdko\/stojantiesiems-2022-m\/teises-aktai\/","url":"https:\/\/wp.adisoft.lt\/vtdko\/stojantiesiems-2022-m\/teises-aktai\/","name":"Teis\u0117s aktai - vtdko","isPartOf":{"@id":"https:\/\/wp.adisoft.lt\/vtdko\/#website"},"datePublished":"2022-12-19T14:10:26+00:00","dateModified":"2023-02-04T09:05:33+00:00","breadcrumb":{"@id":"https:\/\/wp.adisoft.lt\/vtdko\/stojantiesiems-2022-m\/teises-aktai\/#breadcrumb"},"inLanguage":"lt-LT","potentialAction":[{"@type":"ReadAction","target":["https:\/\/wp.adisoft.lt\/vtdko\/stojantiesiems-2022-m\/teises-aktai\/"]}]},{"@type":"BreadcrumbList","@id":"https:\/\/wp.adisoft.lt\/vtdko\/stojantiesiems-2022-m\/teises-aktai\/#breadcrumb","itemListElement":[{"@type":"ListItem","position":1,"name":"Pagrindinis","item":"https:\/\/wp.adisoft.lt\/vtdko\/"},{"@type":"ListItem","position":2,"name":"Stojantiesiems 2022 m.","item":"https:\/\/wp.adisoft.lt\/vtdko\/stojantiesiems-2022-m\/"},{"@type":"ListItem","position":3,"name":"Teis\u0117s aktai"}]},{"@type":"WebSite","@id":"https:\/\/wp.adisoft.lt\/vtdko\/#website","url":"https:\/\/wp.adisoft.lt\/vtdko\/","name":"vtdko","description":"Vilniaus technologij\u0173 ir dizaino kolegija","publisher":{"@id":"https:\/\/wp.adisoft.lt\/vtdko\/#organization"},"potentialAction":[{"@type":"SearchAction","target":{"@type":"EntryPoint","urlTemplate":"https:\/\/wp.adisoft.lt\/vtdko\/?s={search_term_string}"},"query-input":"required name=search_term_string"}],"inLanguage":"lt-LT"},{"@type":"Organization","@id":"https:\/\/wp.adisoft.lt\/vtdko\/#organization","name":"vtdko","url":"https:\/\/wp.adisoft.lt\/vtdko\/","logo":{"@type":"ImageObject","inLanguage":"lt-LT","@id":"https:\/\/wp.adisoft.lt\/vtdko\/#\/schema\/logo\/image\/","url":"https:\/\/wp.adisoft.lt\/vtdko\/wp-content\/uploads\/2020\/02\/Logo-su-tekstu-01.svg","contentUrl":"https:\/\/wp.adisoft.lt\/vtdko\/wp-content\/uploads\/2020\/02\/Logo-su-tekstu-01.svg","width":151,"height":74,"caption":"vtdko"},"image":{"@id":"https:\/\/wp.adisoft.lt\/vtdko\/#\/schema\/logo\/image\/"}}]}},"_links":{"self":[{"href":"https:\/\/wp.adisoft.lt\/vtdko\/wp-json\/wp\/v2\/pages\/995592","targetHints":{"allow":["GET"]}}],"collection":[{"href":"https:\/\/wp.adisoft.lt\/vtdko\/wp-json\/wp\/v2\/pages"}],"about":[{"href":"https:\/\/wp.adisoft.lt\/vtdko\/wp-json\/wp\/v2\/types\/page"}],"author":[{"embeddable":true,"href":"https:\/\/wp.adisoft.lt\/vtdko\/wp-json\/wp\/v2\/users\/1"}],"replies":[{"embeddable":true,"href":"https:\/\/wp.adisoft.lt\/vtdko\/wp-json\/wp\/v2\/comments?post=995592"}],"version-history":[{"count":13,"href":"https:\/\/wp.adisoft.lt\/vtdko\/wp-json\/wp\/v2\/pages\/995592\/revisions"}],"predecessor-version":[{"id":999600,"href":"https:\/\/wp.adisoft.lt\/vtdko\/wp-json\/wp\/v2\/pages\/995592\/revisions\/999600"}],"up":[{"embeddable":true,"href":"https:\/\/wp.adisoft.lt\/vtdko\/wp-json\/wp\/v2\/pages\/995579"}],"wp:attachment":[{"href":"https:\/\/wp.adisoft.lt\/vtdko\/wp-json\/wp\/v2\/media?parent=995592"}],"curies":[{"name":"wp","href":"https:\/\/api.w.org\/{rel}","templated":true}]}}