{"id":995596,"date":"2022-12-19T17:10:41","date_gmt":"2022-12-19T14:10:41","guid":{"rendered":"https:\/\/wp.adisoft.lt\/vtdko\/?page_id=995596"},"modified":"2023-02-04T12:06:48","modified_gmt":"2023-02-04T09:06:48","slug":"konkursinio-balo-sandara","status":"publish","type":"page","link":"https:\/\/wp.adisoft.lt\/vtdko\/stojantiesiems-2022-m\/konkursinio-balo-sandara\/","title":{"rendered":"Konkursinio balo sandara"},"content":{"rendered":"\t\t<div data-elementor-type=\"wp-page\" data-elementor-id=\"995596\" class=\"elementor elementor-995596\">\n\t\t\t\t\t\t\t\t\t<section class=\"elementor-section elementor-top-section elementor-element elementor-element-d8095c8 elementor-section-height-min-height elementor-section-boxed elementor-section-height-default elementor-section-items-middle\" data-id=\"d8095c8\" data-element_type=\"section\" data-settings=\"{&quot;background_background&quot;:&quot;classic&quot;,&quot;animation&quot;:&quot;none&quot;}\">\n\t\t\t\t\t\t<div class=\"elementor-container elementor-column-gap-default\">\n\t\t\t\t\t<div class=\"elementor-column elementor-col-100 elementor-top-column elementor-element elementor-element-22c3eed\" data-id=\"22c3eed\" data-element_type=\"column\" data-settings=\"{&quot;background_background&quot;:&quot;classic&quot;}\">\n\t\t\t<div class=\"elementor-widget-wrap\">\n\t\t\t\t\t\t\t\t\t<\/div>\n\t\t<\/div>\n\t\t\t\t\t\t\t<\/div>\n\t\t<\/section>\n\t\t\t\t<section class=\"elementor-section elementor-top-section elementor-element elementor-element-42b07f5 elementor-section-boxed elementor-section-height-default elementor-section-height-default\" data-id=\"42b07f5\" data-element_type=\"section\" data-settings=\"{&quot;animation&quot;:&quot;none&quot;,&quot;animation_tablet&quot;:&quot;none&quot;,&quot;animation_mobile&quot;:&quot;none&quot;}\">\n\t\t\t\t\t\t<div class=\"elementor-container elementor-column-gap-no\">\n\t\t\t\t\t<div class=\"elementor-column elementor-col-50 elementor-top-column elementor-element elementor-element-66bbd3d animated-fast elementor-invisible\" data-id=\"66bbd3d\" data-element_type=\"column\" data-settings=\"{&quot;background_background&quot;:&quot;classic&quot;,&quot;animation&quot;:&quot;fadeIn&quot;,&quot;animation_delay&quot;:100}\">\n\t\t\t<div class=\"elementor-widget-wrap elementor-element-populated\">\n\t\t\t\t\t\t\t\t<div class=\"elementor-element elementor-element-4fc2acd elementor-widget__width-auto elementor-widget-tablet__width-auto elementor-widget-mobile__width-inherit elementor-widget elementor-widget-heading\" data-id=\"4fc2acd\" data-element_type=\"widget\" data-settings=\"{&quot;_animation&quot;:&quot;none&quot;,&quot;_animation_delay&quot;:200}\" data-widget_type=\"heading.heading_charityfy\">\n\t\t\t\t<div class=\"elementor-widget-container\">\n\t\t\t<h1 class=\"elementor-heading-title elementor-size-default\">Konkursinio balo sandara<\/h1>\t\t<\/div>\n\t\t\t\t<\/div>\n\t\t\t\t<div class=\"elementor-element elementor-element-df1221e elementor-widget elementor-widget-text-editor\" data-id=\"df1221e\" data-element_type=\"widget\" data-settings=\"{&quot;_animation&quot;:&quot;none&quot;,&quot;_animation_delay&quot;:300}\" data-widget_type=\"text-editor.default\">\n\t\t\t\t<div class=\"elementor-widget-container\">\n\t\t\t\t\t\t\t<p>Vilniaus technologij\u0173 ir dizaino kolegija \u2013 \u010dia hobis virsta profesija!<\/p>\t\t\t\t\t\t<\/div>\n\t\t\t\t<\/div>\n\t\t\t\t\t<\/div>\n\t\t<\/div>\n\t\t\t\t<div class=\"elementor-column elementor-col-50 elementor-top-column elementor-element elementor-element-a749c06 elementor-hidden-desktop elementor-hidden-tablet elementor-hidden-phone\" data-id=\"a749c06\" data-element_type=\"column\">\n\t\t\t<div class=\"elementor-widget-wrap\">\n\t\t\t\t\t\t\t\t\t<\/div>\n\t\t<\/div>\n\t\t\t\t\t\t\t<\/div>\n\t\t<\/section>\n\t\t\t\t<section class=\"elementor-section elementor-top-section elementor-element elementor-element-3e7267e elementor-section-boxed elementor-section-height-default elementor-section-height-default\" data-id=\"3e7267e\" data-element_type=\"section\" data-settings=\"{&quot;background_background&quot;:&quot;classic&quot;}\">\n\t\t\t\t\t\t<div class=\"elementor-container elementor-column-gap-default\">\n\t\t\t\t\t<div class=\"elementor-column elementor-col-100 elementor-top-column elementor-element elementor-element-2101205\" data-id=\"2101205\" data-element_type=\"column\">\n\t\t\t<div class=\"elementor-widget-wrap elementor-element-populated\">\n\t\t\t\t\t\t\t\t<div class=\"elementor-element elementor-element-73c4fed elementor-widget elementor-widget-heading\" data-id=\"73c4fed\" data-element_type=\"widget\" data-widget_type=\"heading.default\">\n\t\t\t\t<div class=\"elementor-widget-container\">\n\t\t\t<h3 class=\"elementor-heading-title elementor-size-default\">Naudingos nuorodos<\/h3>\t\t<\/div>\n\t\t\t\t<\/div>\n\t\t\t\t<section class=\"elementor-section elementor-inner-section elementor-element elementor-element-92818b8 elementor-section-boxed elementor-section-height-default elementor-section-height-default\" data-id=\"92818b8\" data-element_type=\"section\">\n\t\t\t\t\t\t<div class=\"elementor-container elementor-column-gap-default\">\n\t\t\t\t\t<div class=\"elementor-column elementor-col-33 elementor-inner-column elementor-element elementor-element-18f789f\" data-id=\"18f789f\" data-element_type=\"column\">\n\t\t\t<div class=\"elementor-widget-wrap elementor-element-populated\">\n\t\t\t\t\t\t\t\t<div class=\"elementor-element elementor-element-4453d59 elementor-align-left elementor-tablet-align-center elementor-widget elementor-widget-button\" data-id=\"4453d59\" data-element_type=\"widget\" data-settings=\"{&quot;_animation&quot;:&quot;none&quot;,&quot;_animation_tablet&quot;:&quot;none&quot;,&quot;_animation_mobile&quot;:&quot;none&quot;,&quot;_animation_delay&quot;:300}\" data-widget_type=\"button.default\">\n\t\t\t\t<div class=\"elementor-widget-container\">\n\t\t\t\t\t<div class=\"elementor-button-wrapper\">\n\t\t\t<a href=\"https:\/\/wp.adisoft.lt\/vtdko\/stojantiesiems-2022-m\/studiju-programos\/\" class=\"elementor-button-link elementor-button elementor-size-sm\" role=\"button\" id=\"page_menu\">\n\t\t\t\t\t\t<span class=\"elementor-button-content-wrapper\">\n\t\t\t\t\t\t\t<span class=\"elementor-button-icon elementor-align-icon-right\">\n\t\t\t\t<i aria-hidden=\"true\" class=\"vamtamtheme- vamtam-theme-arrow-right\"><\/i>\t\t\t<\/span>\n\t\t\t\t\t\t<span class=\"elementor-button-text\">Studij\u0173 programos<\/span>\n\t\t<\/span>\n\t\t\t\t\t<\/a>\n\t\t<\/div>\n\t\t\t\t<\/div>\n\t\t\t\t<\/div>\n\t\t\t\t<div class=\"elementor-element elementor-element-ec169d6 elementor-align-left elementor-tablet-align-center elementor-widget elementor-widget-button\" data-id=\"ec169d6\" data-element_type=\"widget\" data-settings=\"{&quot;_animation&quot;:&quot;none&quot;,&quot;_animation_tablet&quot;:&quot;none&quot;,&quot;_animation_mobile&quot;:&quot;none&quot;,&quot;_animation_delay&quot;:300}\" data-widget_type=\"button.default\">\n\t\t\t\t<div class=\"elementor-widget-container\">\n\t\t\t\t\t<div class=\"elementor-button-wrapper\">\n\t\t\t<a href=\"https:\/\/wp.adisoft.lt\/vtdko\/studiju-kainos\/\" class=\"elementor-button-link elementor-button elementor-size-sm\" role=\"button\" id=\"page_menu\">\n\t\t\t\t\t\t<span class=\"elementor-button-content-wrapper\">\n\t\t\t\t\t\t\t<span class=\"elementor-button-icon elementor-align-icon-right\">\n\t\t\t\t<i aria-hidden=\"true\" class=\"vamtamtheme- vamtam-theme-arrow-right\"><\/i>\t\t\t<\/span>\n\t\t\t\t\t\t<span class=\"elementor-button-text\">Studij\u0173 kainos<\/span>\n\t\t<\/span>\n\t\t\t\t\t<\/a>\n\t\t<\/div>\n\t\t\t\t<\/div>\n\t\t\t\t<\/div>\n\t\t\t\t\t<\/div>\n\t\t<\/div>\n\t\t\t\t<div class=\"elementor-column elementor-col-33 elementor-inner-column elementor-element elementor-element-30a2931\" data-id=\"30a2931\" data-element_type=\"column\">\n\t\t\t<div class=\"elementor-widget-wrap elementor-element-populated\">\n\t\t\t\t\t\t\t\t<div class=\"elementor-element elementor-element-6d6b721 elementor-align-left elementor-tablet-align-center elementor-widget elementor-widget-button\" data-id=\"6d6b721\" data-element_type=\"widget\" data-settings=\"{&quot;_animation&quot;:&quot;none&quot;,&quot;_animation_tablet&quot;:&quot;none&quot;,&quot;_animation_mobile&quot;:&quot;none&quot;,&quot;_animation_delay&quot;:200}\" data-widget_type=\"button.default\">\n\t\t\t\t<div class=\"elementor-widget-container\">\n\t\t\t\t\t<div class=\"elementor-button-wrapper\">\n\t\t\t<a href=\"https:\/\/wp.adisoft.lt\/vtdko\/stojantiesiems-2022-m\/teises-aktai\/\" class=\"elementor-button-link elementor-button elementor-size-sm\" role=\"button\" id=\"page_menu\">\n\t\t\t\t\t\t<span class=\"elementor-button-content-wrapper\">\n\t\t\t\t\t\t\t<span class=\"elementor-button-icon elementor-align-icon-right\">\n\t\t\t\t<i aria-hidden=\"true\" class=\"vamtamtheme- vamtam-theme-arrow-right\"><\/i>\t\t\t<\/span>\n\t\t\t\t\t\t<span class=\"elementor-button-text\">Teis\u0117s aktai<\/span>\n\t\t<\/span>\n\t\t\t\t\t<\/a>\n\t\t<\/div>\n\t\t\t\t<\/div>\n\t\t\t\t<\/div>\n\t\t\t\t<div class=\"elementor-element elementor-element-574b4bf elementor-align-left elementor-tablet-align-center elementor-widget elementor-widget-button\" data-id=\"574b4bf\" data-element_type=\"widget\" data-settings=\"{&quot;_animation&quot;:&quot;none&quot;,&quot;_animation_tablet&quot;:&quot;none&quot;,&quot;_animation_mobile&quot;:&quot;none&quot;,&quot;_animation_delay&quot;:200}\" data-widget_type=\"button.default\">\n\t\t\t\t<div class=\"elementor-widget-container\">\n\t\t\t\t\t<div class=\"elementor-button-wrapper\">\n\t\t\t<a href=\"https:\/\/wp.adisoft.lt\/vtdko\/stojantiesiems-2022-m\/bendrojo-priemimo-datos\/\" class=\"elementor-button-link elementor-button elementor-size-sm\" role=\"button\" id=\"page_menu\">\n\t\t\t\t\t\t<span class=\"elementor-button-content-wrapper\">\n\t\t\t\t\t\t\t<span class=\"elementor-button-icon elementor-align-icon-right\">\n\t\t\t\t<i aria-hidden=\"true\" class=\"vamtamtheme- vamtam-theme-arrow-right\"><\/i>\t\t\t<\/span>\n\t\t\t\t\t\t<span class=\"elementor-button-text\">Bendrojo pri\u0117mimo datos<\/span>\n\t\t<\/span>\n\t\t\t\t\t<\/a>\n\t\t<\/div>\n\t\t\t\t<\/div>\n\t\t\t\t<\/div>\n\t\t\t\t\t<\/div>\n\t\t<\/div>\n\t\t\t\t<div class=\"elementor-column elementor-col-33 elementor-inner-column elementor-element elementor-element-113413d\" data-id=\"113413d\" data-element_type=\"column\">\n\t\t\t<div class=\"elementor-widget-wrap elementor-element-populated\">\n\t\t\t\t\t\t\t\t<div class=\"elementor-element elementor-element-799e804 elementor-align-left elementor-tablet-align-center elementor-widget elementor-widget-button\" data-id=\"799e804\" data-element_type=\"widget\" data-settings=\"{&quot;_animation&quot;:&quot;none&quot;,&quot;_animation_tablet&quot;:&quot;none&quot;,&quot;_animation_mobile&quot;:&quot;none&quot;,&quot;_animation_delay&quot;:400}\" data-widget_type=\"button.default\">\n\t\t\t\t<div class=\"elementor-widget-container\">\n\t\t\t\t\t<div class=\"elementor-button-wrapper\">\n\t\t\t<a href=\"http:\/\/Pri\u0117mimo%20taisykl\u0117s\" class=\"elementor-button-link elementor-button elementor-size-sm\" role=\"button\" id=\"page_menu\">\n\t\t\t\t\t\t<span class=\"elementor-button-content-wrapper\">\n\t\t\t\t\t\t\t<span class=\"elementor-button-icon elementor-align-icon-right\">\n\t\t\t\t<i aria-hidden=\"true\" class=\"vamtamtheme- vamtam-theme-arrow-right\"><\/i>\t\t\t<\/span>\n\t\t\t\t\t\t<span class=\"elementor-button-text\">Pri\u0117mimo taisykl\u0117s<\/span>\n\t\t<\/span>\n\t\t\t\t\t<\/a>\n\t\t<\/div>\n\t\t\t\t<\/div>\n\t\t\t\t<\/div>\n\t\t\t\t<div class=\"elementor-element elementor-element-b12bdfd elementor-align-left elementor-tablet-align-center elementor-widget elementor-widget-button\" data-id=\"b12bdfd\" data-element_type=\"widget\" data-settings=\"{&quot;_animation&quot;:&quot;none&quot;,&quot;_animation_tablet&quot;:&quot;none&quot;,&quot;_animation_mobile&quot;:&quot;none&quot;,&quot;_animation_delay&quot;:300}\" data-widget_type=\"button.default\">\n\t\t\t\t<div class=\"elementor-widget-container\">\n\t\t\t\t\t<div class=\"elementor-button-wrapper\">\n\t\t\t<a href=\"https:\/\/wp.adisoft.lt\/vtdko\/stojantiesiems-2022-m\/minimalus-rodikliai-stojantiesiems\/\" class=\"elementor-button-link elementor-button elementor-size-sm\" role=\"button\" id=\"page_menu\">\n\t\t\t\t\t\t<span class=\"elementor-button-content-wrapper\">\n\t\t\t\t\t\t\t<span class=\"elementor-button-icon elementor-align-icon-right\">\n\t\t\t\t<i aria-hidden=\"true\" class=\"vamtamtheme- vamtam-theme-arrow-right\"><\/i>\t\t\t<\/span>\n\t\t\t\t\t\t<span class=\"elementor-button-text\">Minimal\u016bs rodikliai stojantiesiems<\/span>\n\t\t<\/span>\n\t\t\t\t\t<\/a>\n\t\t<\/div>\n\t\t\t\t<\/div>\n\t\t\t\t<\/div>\n\t\t\t\t\t<\/div>\n\t\t<\/div>\n\t\t\t\t\t\t\t<\/div>\n\t\t<\/section>\n\t\t\t\t\t<\/div>\n\t\t<\/div>\n\t\t\t\t\t\t\t<\/div>\n\t\t<\/section>\n\t\t\t\t<section class=\"elementor-section elementor-top-section elementor-element elementor-element-38faf64 elementor-section-boxed elementor-section-height-default elementor-section-height-default\" data-id=\"38faf64\" data-element_type=\"section\">\n\t\t\t\t\t\t<div class=\"elementor-container elementor-column-gap-default\">\n\t\t\t\t\t<div class=\"elementor-column elementor-col-100 elementor-top-column elementor-element elementor-element-3091253\" data-id=\"3091253\" data-element_type=\"column\">\n\t\t\t<div class=\"elementor-widget-wrap elementor-element-populated\">\n\t\t\t\t\t\t\t\t<div class=\"elementor-element elementor-element-f774346 elementor-widget elementor-widget-spacer\" data-id=\"f774346\" data-element_type=\"widget\" data-widget_type=\"spacer.default\">\n\t\t\t\t<div class=\"elementor-widget-container\">\n\t\t\t\t\t<div class=\"elementor-spacer\">\n\t\t\t<div class=\"elementor-spacer-inner\"><\/div>\n\t\t<\/div>\n\t\t\t\t<\/div>\n\t\t\t\t<\/div>\n\t\t\t\t<div class=\"elementor-element elementor-element-274be07 elementor-widget elementor-widget-text-editor\" data-id=\"274be07\" data-element_type=\"widget\" data-widget_type=\"text-editor.default\">\n\t\t\t\t<div class=\"elementor-widget-container\">\n\t\t\t\t\t\t\t<strong>KONKURSINIO BALO DALYKAI IR J\u0172 SVERTINIAI KOEFICIENTAI 2022 m.<\/strong>\n<div style=\"overflow-x:auto;\">\n<table class=\"table\" style=\"table-layout: auto;\">\n<thead>\n<tr>\n<td rowspan=\"2\">Studij\u0173 kryp\u010di\u0173 grup\u0117\/ Studij\u0173 programa<\/td>\n<td colspan=\"6\">Konkursiniai dalykai ir j\u0173 svertiniai koeficientai<\/td>\n<\/tr>\n<tr>\n<td>pirmasis dalykas<\/td>\n<td>SV*<\/td>\n<td>antrasis dalykas<\/td>\n<td>SV*<\/td>\n<td>tre\u010diojo dalyko, nesutampan\u010dio su kitais dalykais, SV*<\/td>\n<td>lietuvi\u0173 kalbos ir literat\u016bros SV*<\/td>\n<\/tr>\n<tr>\n<td colspan=\"7\"><strong>Informatikos moksl\u0173 studij\u0173 kryp\u010di\u0173 grup\u0117s studij\u0173 programa<\/strong><\/td>\n<\/tr>\n<tr>\n<td>Informacini\u0173 sistem\u0173 in\u017einerija<\/td>\n<td>matematika<\/td>\n<td>0,4<\/td>\n<td>informacin\u0117s technologijos arba fizika, arba biologija, arba chemija, arba geografija<\/td>\n<td>0,2<\/td>\n<td>0,2<\/td>\n<td>0,2<\/td>\n<\/tr>\n<tr>\n<td colspan=\"7\"><strong>In\u017einerijos moksl\u0173 studij\u0173 kryp\u010di\u0173 grup\u0117s studij\u0173 programos<\/strong><\/td>\n<\/tr>\n<tr>\n<td>Atsinaujinan\u010dios energijos in\u017einerija\nAutomobili\u0173 elektronikos sistemos\nAutomobili\u0173 techninis eksploatavimas\nGele\u017einkelio transporto in\u017einerija\nElektros ir automatikos in\u017einerija\nEnergijos in\u017einerija\nMechanini\u0173 technologij\u0173 in\u017einerija\nStatyba\nStatini\u0173 in\u017einerin\u0117s sistemos<\/td>\n<td>matematika<\/td>\n<td>0,4<\/td>\n<td>fizika arba chemija, arba informacin\u0117s technologijos, arba biologija, arba geografija<\/td>\n<td>0,2<\/td>\n<td>0,2<\/td>\n<td>0,2<\/td>\n<\/tr>\n<tr>\n<td colspan=\"7\"><strong>Verslo ir vie\u0161osios vadybos studij\u0173 kryp\u010di\u0173 grup\u0117s studij\u0173 programa<\/strong><\/td>\n<\/tr>\n<tr>\n<td>Transporto logistika<\/td>\n<td>matematika<\/td>\n<td>0,4<\/td>\n<td>istorija arba informacin\u0117s technologijos, arba geografija, arba u\u017esienio kalba<\/td>\n<td>0,2<\/td>\n<td>0,2<\/td>\n<td>0,2<\/td>\n<\/tr>\n<tr>\n<td colspan=\"7\"><strong>Men\u0173 studij\u0173 kryp\u010di\u0173 grup\u0117s studij\u0173 programos<\/strong><\/td>\n<\/tr>\n<tr>\n<td>Fotografijos technologija\nGrafinis dizainas\nInterjero dizainas Multimedijos dizainas<\/td>\n<td colspan=\"5\">stojamasis egzaminas<\/td>\n<td>1,0<\/td>\n<\/tr>\n<\/thead>\n<\/table>\n<\/div>\nSV* \u2013 svertinis koeficientas.\t\t\t\t\t\t<\/div>\n\t\t\t\t<\/div>\n\t\t\t\t\t<\/div>\n\t\t<\/div>\n\t\t\t\t\t\t\t<\/div>\n\t\t<\/section>\n\t\t\t\t<section class=\"elementor-section elementor-top-section elementor-element elementor-element-3b2d2cc elementor-section-boxed elementor-section-height-default elementor-section-height-default\" data-id=\"3b2d2cc\" data-element_type=\"section\">\n\t\t\t\t\t\t<div class=\"elementor-container elementor-column-gap-default\">\n\t\t\t\t\t<div class=\"elementor-column elementor-col-100 elementor-top-column elementor-element elementor-element-00a4160\" data-id=\"00a4160\" data-element_type=\"column\">\n\t\t\t<div class=\"elementor-widget-wrap elementor-element-populated\">\n\t\t\t\t\t\t\t\t<div class=\"elementor-element elementor-element-fedb8a4 elementor-widget elementor-widget-spacer\" data-id=\"fedb8a4\" data-element_type=\"widget\" data-widget_type=\"spacer.default\">\n\t\t\t\t<div class=\"elementor-widget-container\">\n\t\t\t\t\t<div class=\"elementor-spacer\">\n\t\t\t<div class=\"elementor-spacer-inner\"><\/div>\n\t\t<\/div>\n\t\t\t\t<\/div>\n\t\t\t\t<\/div>\n\t\t\t\t\t<\/div>\n\t\t<\/div>\n\t\t\t\t\t\t\t<\/div>\n\t\t<\/section>\n\t\t\t\t\t\t\t<\/div>\n\t\t","protected":false},"excerpt":{"rendered":"<p>Konkursinio balo sandara Vilniaus technologij\u0173 ir dizaino kolegija \u2013 \u010dia hobis virsta profesija! Naudingos nuorodos Studij\u0173 programos Studij\u0173 kainos Teis\u0117s aktai Bendrojo pri\u0117mimo datos Pri\u0117mimo taisykl\u0117s Minimal\u016bs rodikliai stojantiesiems KONKURSINIO BALO DALYKAI IR J\u0172 SVERTINIAI KOEFICIENTAI 2022 m. Studij\u0173 kryp\u010di\u0173 grup\u0117\/ Studij\u0173 programa Konkursiniai dalykai ir j\u0173 svertiniai koeficientai pirmasis dalykas SV* antrasis dalykas SV*&#8230;<\/p>\n","protected":false},"author":1,"featured_media":0,"parent":995579,"menu_order":0,"comment_status":"closed","ping_status":"closed","template":"","meta":{"inline_featured_image":false,"footnotes":""},"class_list":["post-995596","page","type-page","status-publish","hentry"],"yoast_head":"<!-- This site is optimized with the Yoast SEO plugin v19.12 - https:\/\/yoast.com\/wordpress\/plugins\/seo\/ -->\n<title>Konkursinio balo sandara - vtdko<\/title>\n<meta name=\"robots\" content=\"noindex, follow, max-snippet:-1, max-image-preview:large, max-video-preview:-1\" \/>\n<meta property=\"og:locale\" content=\"lt_LT\" \/>\n<meta property=\"og:type\" content=\"article\" \/>\n<meta property=\"og:title\" content=\"Konkursinio balo sandara - vtdko\" \/>\n<meta property=\"og:description\" content=\"Konkursinio balo sandara Vilniaus technologij\u0173 ir dizaino kolegija \u2013 \u010dia hobis virsta profesija! Naudingos nuorodos Studij\u0173 programos Studij\u0173 kainos Teis\u0117s aktai Bendrojo pri\u0117mimo datos Pri\u0117mimo taisykl\u0117s Minimal\u016bs rodikliai stojantiesiems KONKURSINIO BALO DALYKAI IR J\u0172 SVERTINIAI KOEFICIENTAI 2022 m. Studij\u0173 kryp\u010di\u0173 grup\u0117\/ Studij\u0173 programa Konkursiniai dalykai ir j\u0173 svertiniai koeficientai pirmasis dalykas SV* antrasis dalykas SV*...\" \/>\n<meta property=\"og:url\" content=\"https:\/\/wp.adisoft.lt\/vtdko\/stojantiesiems-2022-m\/konkursinio-balo-sandara\/\" \/>\n<meta property=\"og:site_name\" content=\"vtdko\" \/>\n<meta property=\"article:modified_time\" content=\"2023-02-04T09:06:48+00:00\" \/>\n<meta name=\"twitter:card\" content=\"summary_large_image\" \/>\n<meta name=\"twitter:label1\" content=\"Est. reading time\" \/>\n\t<meta name=\"twitter:data1\" content=\"1 minut\u0117\" \/>\n<script type=\"application\/ld+json\" class=\"yoast-schema-graph\">{\"@context\":\"https:\/\/schema.org\",\"@graph\":[{\"@type\":\"WebPage\",\"@id\":\"https:\/\/wp.adisoft.lt\/vtdko\/stojantiesiems-2022-m\/konkursinio-balo-sandara\/\",\"url\":\"https:\/\/wp.adisoft.lt\/vtdko\/stojantiesiems-2022-m\/konkursinio-balo-sandara\/\",\"name\":\"Konkursinio balo sandara - vtdko\",\"isPartOf\":{\"@id\":\"https:\/\/wp.adisoft.lt\/vtdko\/#website\"},\"datePublished\":\"2022-12-19T14:10:41+00:00\",\"dateModified\":\"2023-02-04T09:06:48+00:00\",\"breadcrumb\":{\"@id\":\"https:\/\/wp.adisoft.lt\/vtdko\/stojantiesiems-2022-m\/konkursinio-balo-sandara\/#breadcrumb\"},\"inLanguage\":\"lt-LT\",\"potentialAction\":[{\"@type\":\"ReadAction\",\"target\":[\"https:\/\/wp.adisoft.lt\/vtdko\/stojantiesiems-2022-m\/konkursinio-balo-sandara\/\"]}]},{\"@type\":\"BreadcrumbList\",\"@id\":\"https:\/\/wp.adisoft.lt\/vtdko\/stojantiesiems-2022-m\/konkursinio-balo-sandara\/#breadcrumb\",\"itemListElement\":[{\"@type\":\"ListItem\",\"position\":1,\"name\":\"Pagrindinis\",\"item\":\"https:\/\/wp.adisoft.lt\/vtdko\/\"},{\"@type\":\"ListItem\",\"position\":2,\"name\":\"Stojantiesiems 2022 m.\",\"item\":\"https:\/\/wp.adisoft.lt\/vtdko\/stojantiesiems-2022-m\/\"},{\"@type\":\"ListItem\",\"position\":3,\"name\":\"Konkursinio balo sandara\"}]},{\"@type\":\"WebSite\",\"@id\":\"https:\/\/wp.adisoft.lt\/vtdko\/#website\",\"url\":\"https:\/\/wp.adisoft.lt\/vtdko\/\",\"name\":\"vtdko\",\"description\":\"Vilniaus technologij\u0173 ir dizaino kolegija\",\"publisher\":{\"@id\":\"https:\/\/wp.adisoft.lt\/vtdko\/#organization\"},\"potentialAction\":[{\"@type\":\"SearchAction\",\"target\":{\"@type\":\"EntryPoint\",\"urlTemplate\":\"https:\/\/wp.adisoft.lt\/vtdko\/?s={search_term_string}\"},\"query-input\":\"required name=search_term_string\"}],\"inLanguage\":\"lt-LT\"},{\"@type\":\"Organization\",\"@id\":\"https:\/\/wp.adisoft.lt\/vtdko\/#organization\",\"name\":\"vtdko\",\"url\":\"https:\/\/wp.adisoft.lt\/vtdko\/\",\"logo\":{\"@type\":\"ImageObject\",\"inLanguage\":\"lt-LT\",\"@id\":\"https:\/\/wp.adisoft.lt\/vtdko\/#\/schema\/logo\/image\/\",\"url\":\"https:\/\/wp.adisoft.lt\/vtdko\/wp-content\/uploads\/2020\/02\/Logo-su-tekstu-01.svg\",\"contentUrl\":\"https:\/\/wp.adisoft.lt\/vtdko\/wp-content\/uploads\/2020\/02\/Logo-su-tekstu-01.svg\",\"width\":151,\"height\":74,\"caption\":\"vtdko\"},\"image\":{\"@id\":\"https:\/\/wp.adisoft.lt\/vtdko\/#\/schema\/logo\/image\/\"}}]}<\/script>\n<!-- \/ Yoast SEO plugin. -->","yoast_head_json":{"title":"Konkursinio balo sandara - vtdko","robots":{"index":"noindex","follow":"follow","max-snippet":"max-snippet:-1","max-image-preview":"max-image-preview:large","max-video-preview":"max-video-preview:-1"},"og_locale":"lt_LT","og_type":"article","og_title":"Konkursinio balo sandara - vtdko","og_description":"Konkursinio balo sandara Vilniaus technologij\u0173 ir dizaino kolegija \u2013 \u010dia hobis virsta profesija! Naudingos nuorodos Studij\u0173 programos Studij\u0173 kainos Teis\u0117s aktai Bendrojo pri\u0117mimo datos Pri\u0117mimo taisykl\u0117s Minimal\u016bs rodikliai stojantiesiems KONKURSINIO BALO DALYKAI IR J\u0172 SVERTINIAI KOEFICIENTAI 2022 m. Studij\u0173 kryp\u010di\u0173 grup\u0117\/ Studij\u0173 programa Konkursiniai dalykai ir j\u0173 svertiniai koeficientai pirmasis dalykas SV* antrasis dalykas SV*...","og_url":"https:\/\/wp.adisoft.lt\/vtdko\/stojantiesiems-2022-m\/konkursinio-balo-sandara\/","og_site_name":"vtdko","article_modified_time":"2023-02-04T09:06:48+00:00","twitter_card":"summary_large_image","twitter_misc":{"Est. reading time":"1 minut\u0117"},"schema":{"@context":"https:\/\/schema.org","@graph":[{"@type":"WebPage","@id":"https:\/\/wp.adisoft.lt\/vtdko\/stojantiesiems-2022-m\/konkursinio-balo-sandara\/","url":"https:\/\/wp.adisoft.lt\/vtdko\/stojantiesiems-2022-m\/konkursinio-balo-sandara\/","name":"Konkursinio balo sandara - vtdko","isPartOf":{"@id":"https:\/\/wp.adisoft.lt\/vtdko\/#website"},"datePublished":"2022-12-19T14:10:41+00:00","dateModified":"2023-02-04T09:06:48+00:00","breadcrumb":{"@id":"https:\/\/wp.adisoft.lt\/vtdko\/stojantiesiems-2022-m\/konkursinio-balo-sandara\/#breadcrumb"},"inLanguage":"lt-LT","potentialAction":[{"@type":"ReadAction","target":["https:\/\/wp.adisoft.lt\/vtdko\/stojantiesiems-2022-m\/konkursinio-balo-sandara\/"]}]},{"@type":"BreadcrumbList","@id":"https:\/\/wp.adisoft.lt\/vtdko\/stojantiesiems-2022-m\/konkursinio-balo-sandara\/#breadcrumb","itemListElement":[{"@type":"ListItem","position":1,"name":"Pagrindinis","item":"https:\/\/wp.adisoft.lt\/vtdko\/"},{"@type":"ListItem","position":2,"name":"Stojantiesiems 2022 m.","item":"https:\/\/wp.adisoft.lt\/vtdko\/stojantiesiems-2022-m\/"},{"@type":"ListItem","position":3,"name":"Konkursinio balo sandara"}]},{"@type":"WebSite","@id":"https:\/\/wp.adisoft.lt\/vtdko\/#website","url":"https:\/\/wp.adisoft.lt\/vtdko\/","name":"vtdko","description":"Vilniaus technologij\u0173 ir dizaino kolegija","publisher":{"@id":"https:\/\/wp.adisoft.lt\/vtdko\/#organization"},"potentialAction":[{"@type":"SearchAction","target":{"@type":"EntryPoint","urlTemplate":"https:\/\/wp.adisoft.lt\/vtdko\/?s={search_term_string}"},"query-input":"required name=search_term_string"}],"inLanguage":"lt-LT"},{"@type":"Organization","@id":"https:\/\/wp.adisoft.lt\/vtdko\/#organization","name":"vtdko","url":"https:\/\/wp.adisoft.lt\/vtdko\/","logo":{"@type":"ImageObject","inLanguage":"lt-LT","@id":"https:\/\/wp.adisoft.lt\/vtdko\/#\/schema\/logo\/image\/","url":"https:\/\/wp.adisoft.lt\/vtdko\/wp-content\/uploads\/2020\/02\/Logo-su-tekstu-01.svg","contentUrl":"https:\/\/wp.adisoft.lt\/vtdko\/wp-content\/uploads\/2020\/02\/Logo-su-tekstu-01.svg","width":151,"height":74,"caption":"vtdko"},"image":{"@id":"https:\/\/wp.adisoft.lt\/vtdko\/#\/schema\/logo\/image\/"}}]}},"_links":{"self":[{"href":"https:\/\/wp.adisoft.lt\/vtdko\/wp-json\/wp\/v2\/pages\/995596","targetHints":{"allow":["GET"]}}],"collection":[{"href":"https:\/\/wp.adisoft.lt\/vtdko\/wp-json\/wp\/v2\/pages"}],"about":[{"href":"https:\/\/wp.adisoft.lt\/vtdko\/wp-json\/wp\/v2\/types\/page"}],"author":[{"embeddable":true,"href":"https:\/\/wp.adisoft.lt\/vtdko\/wp-json\/wp\/v2\/users\/1"}],"replies":[{"embeddable":true,"href":"https:\/\/wp.adisoft.lt\/vtdko\/wp-json\/wp\/v2\/comments?post=995596"}],"version-history":[{"count":19,"href":"https:\/\/wp.adisoft.lt\/vtdko\/wp-json\/wp\/v2\/pages\/995596\/revisions"}],"predecessor-version":[{"id":999618,"href":"https:\/\/wp.adisoft.lt\/vtdko\/wp-json\/wp\/v2\/pages\/995596\/revisions\/999618"}],"up":[{"embeddable":true,"href":"https:\/\/wp.adisoft.lt\/vtdko\/wp-json\/wp\/v2\/pages\/995579"}],"wp:attachment":[{"href":"https:\/\/wp.adisoft.lt\/vtdko\/wp-json\/wp\/v2\/media?parent=995596"}],"curies":[{"name":"wp","href":"https:\/\/api.w.org\/{rel}","templated":true}]}}